{"id":19905,"date":"2020-02-29T19:59:09","date_gmt":"2020-02-29T18:59:09","guid":{"rendered":"https:\/\/neocatechumenaleiter.org\/paavstide-sonad\/benedictus-xvi\/"},"modified":"2021-08-10T11:05:19","modified_gmt":"2021-08-10T10:05:19","slug":"benedictus-xvi","status":"publish","type":"page","link":"https:\/\/neocatechumenaleiter.org\/et\/paavstide-sonad\/benedictus-xvi\/","title":{"rendered":"Benedictus XVI"},"content":{"rendered":"\n<h1 class=\"has-text-align-center wp-block-heading\">Benedictus XVI<\/h1>\n\n<div style=\"height:21px\" aria-hidden=\"true\" class=\"wp-block-spacer\"><\/div>\n\n<h4 class=\"has-text-align-center wp-block-heading\">Biograafia<\/h4>\n\n<div style=\"height:20px\" aria-hidden=\"true\" class=\"wp-block-spacer\"><\/div>\n\n<div class=\"wp-block-image is-style-default\"><figure class=\"alignleft size-medium\"><img loading=\"lazy\" decoding=\"async\" width=\"250\" height=\"300\" src=\"https:\/\/neocatechumenaleiter.org\/wp-content\/uploads\/2020\/02\/Camino_Neocatecumenal_Papa_Benedicto_XVI-250x300.jpg\" alt=\"Emeriitpaavst Benedictus XVI\" class=\"wp-image-873\" srcset=\"https:\/\/neocatechumenaleiter.org\/wp-content\/uploads\/2020\/02\/Camino_Neocatecumenal_Papa_Benedicto_XVI-250x300.jpg 250w, https:\/\/neocatechumenaleiter.org\/wp-content\/uploads\/2020\/02\/Camino_Neocatecumenal_Papa_Benedicto_XVI.jpg 500w\" sizes=\"auto, (max-width: 250px) 100vw, 250px\" \/><\/figure><\/div>\n\n<p>Joseph Ratzinger s\u00fcndis 16. aprillil 1927 Marktl am Innis (Saksamaa).<\/p>\n\n<p>29. juunil 1951 p\u00fchitseti ta M\u00fcnchenis preestriks ja sai 1953. aastal teoloogiadoktori kraadi.<\/p>\n\n<p>1977. aastal m\u00e4\u00e4rati Joseph Ratzinger Paul VI poolt M\u00fcnchen und Freisingi peapiiskopiks ja samal aastal ka kardinaliks.<\/p>\n\n<p>1981. aastal nimetas Johannes Paulus Joseph Ratzinger usu\u00f5petuse kongregatsiooni II prefektiks; samuti Paavstliku Piiblikomisjoni ja Paavstliku Rahvusvahelise Teoloogilise Komisjoni presidendiks.&#13;\nTa oli katoliku kiriku katekismust ettevalmistava komisjoni president, esitades tulemuse P\u00fchale Isale.&#13;\n3. juulil 2015 omistati Joseph Ratzingerile doktorikraad &#8220;Honoris causa&#8221; (audoktor).&#13;\n<\/p>\n\n<p>19. aprillil 2005 valiti Joseph Ratzinger katoliku kiriku paavstiks, v\u00f5ttes nimeks Benedictus XVI.<\/p>\n\n<p>11. veebruaril 2013 loobus ta katoliku kiriku pontifikaadist, saades emeriitpaavstiks.<\/p>\n\n<div style=\"height:20px\" aria-hidden=\"true\" class=\"wp-block-spacer\"><\/div>\n\n<hr class=\"wp-block-separator\"\/>\n\n<div style=\"height:20px\" aria-hidden=\"true\" class=\"wp-block-spacer\"><\/div>\n\n<h3 class=\"has-text-align-center wp-block-heading\">Dokumendid<\/h3>\n\n<div style=\"height:20px\" aria-hidden=\"true\" class=\"wp-block-spacer\"><\/div>\n<section id=\"search-2\" class=\"widget widget_search\"><form role=\"search\" method=\"get\" class=\"search-form\" action=\"https:\/\/neocatechumenaleiter.org\/et\">\r\n\t<label for=\"search-form-5e59be1dc1b02\">\r\n\t\t<span class=\"screen-reader-text\">Osti:<\/span>\r\n        <input type=\"search\" id=\"search-form-5e59be1dc1b02\" class=\"search-field\" placeholder=\"Osti \u2026\" value=\"\" name=\"s\"\/><\/label>\r\n\t<button type=\"submit\" class=\"search-submit\">\r\n    \t<span class=\"screen-reader-text\">Osti<\/span>\r\n        <i class=\"icon-magnifier\"><\/i>\r\n    <\/button>\r\n<\/form>\r\n<\/section>\n<div style=\"height:20px\" aria-hidden=\"true\" class=\"wp-block-spacer\"><\/div>\n<div class=\"columna-papas\">\r\n    <h4 class=\"has-text-align-center\">2005. aasta<\/h4>\r\n    <div style=\"height:20px\" aria-hidden=\"true\" class=\"wp-block-spacer\"><\/div>\r\n    <a href=\"https:\/\/neocatechumenaleiter.org\/et\/paavstide-sonad\/benedictus-xvi\/eraaudients-tee-algatajatega-19-xi-2005\/\"><h6 class=\"has-text-align-left\">19.11.2005, eraviisiline audients Neokatehhumeenilise Tee asutajatele<\/h6><\/a>\r\n<\/div>\r\n<div class=\"columna-papas\" style=\"background: #f7f7f7;\">\r\n    <h4 class=\"has-text-align-center\">2006. aasta<\/h4>\r\n    <div style=\"height:20px\" aria-hidden=\"true\" class=\"wp-block-spacer\"><\/div>\r\n    <a href=\"https:\/\/neocatechumenaleiter.org\/et\/paavstide-sonad\/benedictus-xvi\/paavsti-benedictus-xvi-kone-neokatehhumeenilisele-teele-12-i-2006\/\"><h6 class=\"has-text-align-left\">12.01.2006, k\u00f5ne Neokatehhumeenilise Tee liikmetele<\/h6><\/a>\r\n    <hr class=\"wp-block-separator\"\/><a href=\"https:\/\/neocatechumenaleiter.org\/et\/paavstide-sonad\/benedictus-xvi\/benedictus-xvi-angelusel-usu-taasavastamise-tee-29-x-2006\/\"><h6 class=\"has-text-align-left\">29.10.2006, \u00e1ngelus P\u00fcha Peetruse v\u00e4ljakul<\/h6><\/a>\r\n    <hr class=\"wp-block-separator\"\/><a href=\"https:\/\/neocatechumenaleiter.org\/et\/paavstide-sonad\/benedictus-xvi\/aasia-ja-austraalia-piiskopite-konvivents-domus-galilaeae-18-xi-2006\/\"><h6 class=\"has-text-align-left\">18.11.2006, Aasia ja Austraalia piiskoppide konvivents Domus Galilea keskuses<\/h6><\/a>\r\n<\/div>\n<div style=\"height:20px\" aria-hidden=\"true\" class=\"wp-block-spacer\"><\/div>\n<div class=\"columna-papas\">\r\n    <h4 class=\"has-text-align-center\">2007. aasta<\/h4>\r\n    <div style=\"height:20px\" aria-hidden=\"true\" class=\"wp-block-spacer\"><\/div>\r\n    <a href=\"https:\/\/neocatechumenaleiter.org\/et\/paavstide-sonad\/benedictus-xvi\/benedictus-xvi-kohtumine-rooma-piiskopkonna-koguduste-preestite-ja-vaimulikega-22-ii-2007\/\"><h6 class=\"has-text-align-left\">22,02.2007, preestrite ja vaimulike kohtumine Roomas<\/h6><\/a>\r\n    <hr class=\"wp-block-separator\"\/><a href=\"https:\/\/neocatechumenaleiter.org\/et\/paavstide-sonad\/benedictus-xvi\/benedictus-xvi-eraaudients-neokatehhumeenilise-tee-algatajatega-26-v-2007\/\"><h6 class=\"has-text-align-left\">26.05.2007. eraviisiline audients Neokathhumeenilise Tee asutajatele<\/h6><\/a>\r\n<\/div>\r\n<div class=\"columna-papas\" style=\"background: #f7f7f7;\">\r\n    <h4 class=\"has-text-align-center\">2008. aasta<\/h4>\r\n    <div style=\"height:20px\" aria-hidden=\"true\" class=\"wp-block-spacer\"><\/div>\r\n    <a href=\"https:\/\/neocatechumenaleiter.org\/et\/paavstide-sonad\/benedictus-xvi\/konvivents-ule-200-piiskopiga-ja-9-kardinaliga-euroopast-domus-galilaeae-24-iii-2008\/\"><h6 class=\"has-text-align-left\">24-III-2008 Euroopa piiskoppide konvivents Domus Galilea keskuses<\/h6><\/a>\r\n<\/div>\n<div style=\"height:20px\" aria-hidden=\"true\" class=\"wp-block-spacer\"><\/div>\n<div class=\"columna-papas\">\r\n    <h4 class=\"has-text-align-center\">2009. aasta<\/h4>\r\n    <div style=\"height:20px\" aria-hidden=\"true\" class=\"wp-block-spacer\"><\/div>\r\n    <a href=\"https:\/\/neocatechumenaleiter.org\/et\/paavstide-sonad\/benedictus-xvi\/puha-isa-benedictus-xvi-kone-neokatehhumeenilise-tee-40-algusaasta-kohta-10-i-2009\/\"><h6 class=\"has-text-align-left\">10.01.2009, k\u00f5ne \u201c40 aastat Neokatehhumeenilise Tee algusest\u201d<\/h6><\/a>\r\n<\/div>\r\n<div class=\"columna-papas\" style=\"background: #f7f7f7;\">\r\n    <h4 class=\"has-text-align-center\">2010. aasta<\/h4>\r\n    <div style=\"height:20px\" aria-hidden=\"true\" class=\"wp-block-spacer\"><\/div>\r\n    <a href=\"https:\/\/neocatechumenaleiter.org\/et\/paavstide-sonad\/benedictus-xvi\/benedictus-xvi-eraaudients-neokatehhumeenilise-tee-algatajatega-13-xi-2010\/\"><h6 class=\"has-text-align-left\">13.11.2010, audients Neokatehhumeenilise Tee asutajatele<\/h6><\/a>\r\n<\/div>\n<div style=\"height:20px\" aria-hidden=\"true\" class=\"wp-block-spacer\"><\/div>\n<div class=\"columna-papas\">\r\n    <h4 class=\"has-text-align-center\">2011. aasta<\/h4>\r\n    <div style=\"height:20px\" aria-hidden=\"true\" class=\"wp-block-spacer\"><\/div>\r\n    <a href=\"https:\/\/neocatechumenaleiter.org\/et\/paavstide-sonad\/benedictus-xvi\/audients-neokatehhumeenilise-teega-ja-ule-200-perekonna-ja-13-missio-ad-gentes-saatmine-missiooni-17-i-2011\/\"><h6 class=\"has-text-align-left\">17.01.2011, audients peredele\u201cMissio Ad Gentes\u2019ile\u201d l\u00e4kitamise puhul<\/h6><\/a>\r\n    <hr class=\"wp-block-separator\"\/><a href=\"https:\/\/neocatechumenaleiter.org\/et\/paavstide-sonad\/benedictus-xvi\/regina-coeli-veneetsia-ja-aquileia-pastoraalide-kulastuse-toimumisel-8-v-2011\/\"><h6 class=\"has-text-align-left\">8.05.2011, paavsti palve \u201cRegina Caeli\u201d k\u00fclastades Aquila\u2019d ja Veneetsiat<\/h6><\/a>\r\n<\/div>\r\n<div class=\"columna-papas\" style=\"background: #f7f7f7;\">\r\n    <h4 class=\"has-text-align-center\">2012. aasta<\/h4>\r\n    <div style=\"height:20px\" aria-hidden=\"true\" class=\"wp-block-spacer\"><\/div>\r\n    <a href=\"https:\/\/neocatechumenaleiter.org\/et\/paavstide-sonad\/benedictus-xvi\/15-missio-ad-gentes-audients-ja-saatmine-20-i-2012\/\"><h6 class=\"has-text-align-left\">20.01.2012, audients \u201cMissio Ad Gentes\u2019i\u201d l\u00e4kitamise puhul<\/h6><\/a>\r\n<\/div>","protected":false},"excerpt":{"rendered":"<p>Benedictus XVI Biograafia Joseph Ratzinger s\u00fcndis 16. aprillil 1927 Marktl am Innis (Saksamaa). 29. juunil 1951 p\u00fchitseti ta M\u00fcnchenis preestriks ja sai 1953. aastal teoloogiadoktori kraadi. 1977. aastal m\u00e4\u00e4rati Joseph Ratzinger Paul VI poolt M\u00fcnchen und Freisingi peapiiskopiks ja samal aastal ka kardinaliks. 1981. aastal nimetas Johannes Paulus Joseph Ratzinger usu\u00f5petuse kongregatsiooni II prefektiks; samuti Paavstliku Piiblikomisjoni ja Paavstliku Rahvusvahelise Teoloogilise Komisjoni presidendiks.&#13; Ta oli katoliku kiriku katekismust ettevalmistava komisjoni<\/p>\n<div class=\"read-more\"><a class=\"btn read-more-btn\" href=\"https:\/\/neocatechumenaleiter.org\/et\/paavstide-sonad\/benedictus-xvi\/\">Loe edasi<\/a><\/div>\n","protected":false},"author":2,"featured_media":0,"parent":19703,"menu_order":2,"comment_status":"closed","ping_status":"closed","template":"","meta":{"footnotes":""},"class_list":["post-19905","page","type-page","status-publish","hentry"],"_links":{"self":[{"href":"https:\/\/neocatechumenaleiter.org\/et\/wp-json\/wp\/v2\/pages\/19905","targetHints":{"allow":["GET"]}}],"collection":[{"href":"https:\/\/neocatechumenaleiter.org\/et\/wp-json\/wp\/v2\/pages"}],"about":[{"href":"https:\/\/neocatechumenaleiter.org\/et\/wp-json\/wp\/v2\/types\/page"}],"author":[{"embeddable":true,"href":"https:\/\/neocatechumenaleiter.org\/et\/wp-json\/wp\/v2\/users\/2"}],"replies":[{"embeddable":true,"href":"https:\/\/neocatechumenaleiter.org\/et\/wp-json\/wp\/v2\/comments?post=19905"}],"version-history":[{"count":5,"href":"https:\/\/neocatechumenaleiter.org\/et\/wp-json\/wp\/v2\/pages\/19905\/revisions"}],"predecessor-version":[{"id":20544,"href":"https:\/\/neocatechumenaleiter.org\/et\/wp-json\/wp\/v2\/pages\/19905\/revisions\/20544"}],"up":[{"embeddable":true,"href":"https:\/\/neocatechumenaleiter.org\/et\/wp-json\/wp\/v2\/pages\/19703"}],"wp:attachment":[{"href":"https:\/\/neocatechumenaleiter.org\/et\/wp-json\/wp\/v2\/media?parent=19905"}],"curies":[{"name":"wp","href":"https:\/\/api.w.org\/{rel}","templated":true}]}}