{"id":20480,"date":"2020-02-28T05:58:40","date_gmt":"2020-02-28T04:58:40","guid":{"rendered":"https:\/\/neocatechumenaleiter.org\/paavstide-sonad\/p-paulus-vi\/"},"modified":"2021-08-10T10:58:51","modified_gmt":"2021-08-10T09:58:51","slug":"p-paulus-vi","status":"publish","type":"page","link":"https:\/\/neocatechumenaleiter.org\/et\/paavstide-sonad\/p-paulus-vi\/","title":{"rendered":"P. Paulus VI"},"content":{"rendered":"\n<h1 class=\"has-text-align-center wp-block-heading\">P. Paulus VI<\/h1>\n\n<div style=\"height:20px\" aria-hidden=\"true\" class=\"wp-block-spacer\"><\/div>\n\n<h4 class=\"has-text-align-center wp-block-heading\">Biograafia<\/h4>\n\n<div style=\"height:20px\" aria-hidden=\"true\" class=\"wp-block-spacer\"><\/div>\n\n<div class=\"wp-block-image is-style-default\"><figure class=\"alignleft size-medium is-resized\"><img loading=\"lazy\" decoding=\"async\" src=\"https:\/\/neocatechumenaleiter.org\/wp-content\/uploads\/2020\/02\/Camino_Neocatecumenal_S_Pablo_VI-250x300.jpg\" alt=\"\" class=\"wp-image-891\" width=\"250\" height=\"300\" srcset=\"https:\/\/neocatechumenaleiter.org\/wp-content\/uploads\/2020\/02\/Camino_Neocatecumenal_S_Pablo_VI-250x300.jpg 250w, https:\/\/neocatechumenaleiter.org\/wp-content\/uploads\/2020\/02\/Camino_Neocatecumenal_S_Pablo_VI.jpg 500w\" sizes=\"auto, (max-width: 250px) 100vw, 250px\" \/><\/figure><\/div>\n\n<p>Giovanni Battista Enrico Antonio Maria Montini, s\u00fcndis Lombardias (Itaalia) 26. septembril 1897.<\/p>\n\n<p>29. mail 1920 p\u00fchitseti ta preestriks.<\/p>\n\n<p>1954. aastal nimetati ta piiskopiks ja 1958. aastal P\u00fcha Johannes XXIII poolt kardinaliks.<\/p>\n\n<p>21. juunil 1963 valiti ta Paulus VI nime kandva katoliku kiriku paavstiks.<\/p>\n\n<p>1965. aastal asutas ta piiskoppide ja n\u00f5ukoguisade sinodi.<\/p>\n\n<p>Elu ja perekonna kaitsja oma ents\u00fcklikaga <em>Humanae Vitae,<\/em> mille ta kirjutas 1968. aastal. Temaga on s\u00f5lmitud Vatikani II kirikukogu.<\/p>\n\n<p>Paul VI suri Castel Gandolfos 6. augustil 1978 p\u00e4rast 15 aastat kestnud pontifikaati.<\/p>\n\n<p>Paavst Franciscus ta kuulutas \u00f5ndsaks 19. oktoobril 2014 ja p\u00fchitseti p\u00fchakuks 14. oktoobril 2018.<\/p>\n\n<div style=\"height:20px\" aria-hidden=\"true\" class=\"wp-block-spacer\"><\/div>\n\n<hr class=\"wp-block-separator\"\/>\n\n<div style=\"height:20px\" aria-hidden=\"true\" class=\"wp-block-spacer\"><\/div>\n\n<h3 class=\"has-text-align-center wp-block-heading\">Dokumendid<\/h3>\n\n<div style=\"height:20px\" aria-hidden=\"true\" class=\"wp-block-spacer\"><\/div>\n<div class=\"columna-papas\">\r\n    <h4 class=\"has-text-align-center\">1974. aasta<\/h4>\r\n    <div style=\"height:20px\" aria-hidden=\"true\" class=\"wp-block-spacer\"><\/div>\r\n    <a href=\"https:\/\/neocatechumenaleiter.org\/et\/paavstide-sonad\/p-paulus-vi\/uldaudients-8-v-1974\/\"><h6 class=\"has-text-align-center\">8.05.1974, avalik audients<\/h6><\/a>\r\n<\/div>\r\n<div class=\"columna-papas\" style=\"background: #f7f7f7;\">\r\n    <h4 class=\"has-text-align-center\">1977. aasta<\/h4>\r\n    <div style=\"height:20px\" aria-hidden=\"true\" class=\"wp-block-spacer\"><\/div>\r\n    <a href=\"https:\/\/neocatechumenaleiter.org\/et\/paavstide-sonad\/p-paulus-vi\/uldaudients-12-i-1977\/\"><h6 class=\"has-text-align-center\">12.01.1977, avalik audients<\/h6><\/a>\r\n<\/div>","protected":false},"excerpt":{"rendered":"<p>P. Paulus VI Biograafia Giovanni Battista Enrico Antonio Maria Montini, s\u00fcndis Lombardias (Itaalia) 26. septembril 1897. 29. mail 1920 p\u00fchitseti ta preestriks. 1954. aastal nimetati ta piiskopiks ja 1958. aastal P\u00fcha Johannes XXIII poolt kardinaliks. 21. juunil 1963 valiti ta Paulus VI nime kandva katoliku kiriku paavstiks. 1965. aastal asutas ta piiskoppide ja n\u00f5ukoguisade sinodi. Elu ja perekonna kaitsja oma ents\u00fcklikaga Humanae Vitae, mille ta kirjutas 1968. aastal. Temaga on<\/p>\n<div class=\"read-more\"><a class=\"btn read-more-btn\" href=\"https:\/\/neocatechumenaleiter.org\/et\/paavstide-sonad\/p-paulus-vi\/\">Loe edasi<\/a><\/div>\n","protected":false},"author":2,"featured_media":0,"parent":19703,"menu_order":0,"comment_status":"closed","ping_status":"closed","template":"","meta":{"footnotes":""},"class_list":["post-20480","page","type-page","status-publish","hentry"],"_links":{"self":[{"href":"https:\/\/neocatechumenaleiter.org\/et\/wp-json\/wp\/v2\/pages\/20480","targetHints":{"allow":["GET"]}}],"collection":[{"href":"https:\/\/neocatechumenaleiter.org\/et\/wp-json\/wp\/v2\/pages"}],"about":[{"href":"https:\/\/neocatechumenaleiter.org\/et\/wp-json\/wp\/v2\/types\/page"}],"author":[{"embeddable":true,"href":"https:\/\/neocatechumenaleiter.org\/et\/wp-json\/wp\/v2\/users\/2"}],"replies":[{"embeddable":true,"href":"https:\/\/neocatechumenaleiter.org\/et\/wp-json\/wp\/v2\/comments?post=20480"}],"version-history":[{"count":7,"href":"https:\/\/neocatechumenaleiter.org\/et\/wp-json\/wp\/v2\/pages\/20480\/revisions"}],"predecessor-version":[{"id":20542,"href":"https:\/\/neocatechumenaleiter.org\/et\/wp-json\/wp\/v2\/pages\/20480\/revisions\/20542"}],"up":[{"embeddable":true,"href":"https:\/\/neocatechumenaleiter.org\/et\/wp-json\/wp\/v2\/pages\/19703"}],"wp:attachment":[{"href":"https:\/\/neocatechumenaleiter.org\/et\/wp-json\/wp\/v2\/media?parent=20480"}],"curies":[{"name":"wp","href":"https:\/\/api.w.org\/{rel}","templated":true}]}}