{"id":35735,"date":"2020-02-28T15:35:08","date_gmt":"2020-02-28T14:35:08","guid":{"rendered":"https:\/\/neocatechumenaleiter.org\/paavstide-sonad\/p-paulus-vi\/uldaudients-8-v-1974\/"},"modified":"2026-02-27T15:05:37","modified_gmt":"2026-02-27T14:05:37","slug":"uldaudients-8-v-1974","status":"publish","type":"page","link":"https:\/\/neocatechumenaleiter.org\/et\/paavstide-sonad\/p-paulus-vi\/uldaudients-8-v-1974\/","title":{"rendered":"\u00dcldaudients 8-V-1974"},"content":{"rendered":"\n<h1 class=\"has-text-align-center wp-block-heading\">\u00dcldaudients 8-V-1974<\/h1>\n\n<div style=\"height:20px\" aria-hidden=\"true\" class=\"wp-block-spacer\"><\/div>\n\n<h4 class=\"has-text-align-center wp-block-heading\">P\u00fcha Paulus VI<\/h4>\n\n<div style=\"height:20px\" aria-hidden=\"true\" class=\"wp-block-spacer\"><\/div>\n\n<p><em>8. m\u00e4rtsil 1974. aastal, rahvusvahelise kohtumise l\u00f5petamisel &#8220;Domus Mariae&#8221; Roomas, umbes 500 osalejat, erinevatest Euroopa riikidest p\u00e4rit<\/em><em> preestrid ja ilmikud, osalesid Paavstlikul Audientsil. Paulus VI p\u00f6\u00f6rdus nende poole nende s\u00f5nadega:<\/em><\/p>\n\n<p>Tervitame preestrite ja ilmikute gruppi, kes esindavad &#8211; vot <em>post<\/em>-konsiiliumi asjad &#8211; <em>Neokatehhumeeniliste Koguduste\u00a0<\/em>liikumist, kutsutud Roomasse mitmetest Itaalia ja muude riikide piiskopkondadest konverentsi jaoks, mille teemaks on evangeliseerimine kaasaegses maailmas, seesama, mida uuritakse j\u00e4rgmisel Piiskopite Sinodi Assambleel.<br \/><br \/>Kui palju r\u00f5\u00f5mu ja lootust te meile annate oma kohalolekuga ja oma tegevusega!<\/p>\n\n<p>Me teame, et teie kogudustes te tegutsete koos, et m\u00f5ista ja arendada teie Ristimise rikkuseid ja teie Kristusele kuulumise tagaj\u00e4rgi. Selline p\u00fchendumus viib teid m\u00f5istmiseni, et kristlik elu pole muud kui j\u00e4rjepidevus, p\u00fcsiv d\u00fcnaamilisus, mis tulenevad Kristusega olemise aktsepteerimisest ja pikendada Tema kohalolekut ja Tema missiooni maailmas.<\/p>\n\n<p>See eesm\u00e4rk, kuigi teie jaoks on see teadlik ja autentne viis kristliku kutsumuse elamiseks, t\u00f5lgendub see ka teistele efektiivseks tunnistuseks &#8211; teete apostolaati ainult sellep\u00e4rast, et olete see, mis olete &#8211; ergutuses t\u00f5eliste, autentsete, efektiivsete kristlike v\u00e4\u00e4rtuste taasavastusse ja taastamisse, mis v\u00f5iksid muidu j\u00e4\u00e4da peaaegu peidetuna, uinununa ja igap\u00e4evasest elust peaaegu kaotatuna.<\/p>\n\n<p>Ei! Te t\u00f5state need esile, h\u00e4daolukorda ja annate neile t\u00f5esti eksemplaarse moraalse hiilguse just selleks, et, selle kristliku vaimuga, te elate seda Neokatehhumeenilist Kogudust.<\/p>\n\n<p>Elada ja edutada seda \u00e4rkamist on see, mida teie kutsute \u00abpeale Ristimise\u00bb vormiks, mis v\u00f5ib t\u00e4nap\u00e4eva kristlikes kogudustes uuendada neid k\u00fcpsuse ja s\u00fcgavdamise efekte, mis algses Kirikus viidi t\u00e4ide Ristimisele valmistamise perioodil.<\/p>\n\n<p>Te toote seda p\u00e4rast: enne v\u00f5i p\u00e4rast, ma \u00fctleks, on sekundaarne. Fakt on, et te sihite autentsusele, terviklikkusele, j\u00e4rjepidevusele, kristliku elu siirusele. Ja see on v\u00e4ga suur saavutus, ma kordan, see lohutab meid suuresti ja soovitab ja inspireerib tervitusi,  t\u00f5otusi ja rohkeid \u00f5nnistusi teile, nendele, kes teid aitavad ja keda v\u00f5ite oma tervituse ning s\u00f5numiga tervitada meie poolt.<\/p>\n\n<p>Oleme \u00f5nnelikud teades, et olete nende teadvusele tulekute tekitajad paljudes kogudustes. Oleme eriliselt r\u00f5\u00f5msad teada saades, et igas algatuses olete \u00fclit\u00e4helepanelikud teie s\u00f5ltuvusest pastoritele ja \u00fchtsusele k\u00f5ikide vendadega. Selle kirikliku tunnetuse eest &#8211; mis on alati Vaimu ehitava kohaloleku garantii &#8211; me julgustame teid.&#013;\n&#013;\n&#013;\n&#013;\n<em>(*) Tekst ja sissejuhatus on v\u00f5etud &#8220;Notitiae&#8221; ajakirjast (Jumaliku Kultuse Koguduse ametlik Organ, N. 95-96, juuli-august 1974, lk 230) m\u00f5nede h\u00e4\u00e4lesalvestuse lisadega.<\/em><\/p>\n","protected":false},"excerpt":{"rendered":"<p>\u00dcldaudients 8-V-1974 P\u00fcha Paulus VI 8. m\u00e4rtsil 1974. aastal, rahvusvahelise kohtumise l\u00f5petamisel &#8220;Domus Mariae&#8221; Roomas, umbes 500 osalejat, erinevatest Euroopa riikidest p\u00e4rit preestrid ja ilmikud, osalesid Paavstlikul Audientsil. Paulus VI p\u00f6\u00f6rdus nende poole nende s\u00f5nadega: Tervitame preestrite ja ilmikute gruppi, kes esindavad &#8211; vot post-konsiiliumi asjad &#8211; Neokatehhumeeniliste Koguduste\u00a0liikumist, kutsutud Roomasse mitmetest Itaalia ja muude riikide piiskopkondadest konverentsi jaoks, mille teemaks on evangeliseerimine kaasaegses maailmas, seesama, mida uuritakse j\u00e4rgmisel Piiskopite<\/p>\n<div class=\"read-more\"><a class=\"btn read-more-btn\" href=\"https:\/\/neocatechumenaleiter.org\/et\/paavstide-sonad\/p-paulus-vi\/uldaudients-8-v-1974\/\">Loe edasi<\/a><\/div>\n","protected":false},"author":2,"featured_media":0,"parent":20480,"menu_order":0,"comment_status":"closed","ping_status":"closed","template":"","meta":{"footnotes":""},"class_list":["post-35735","page","type-page","status-publish","hentry"],"_links":{"self":[{"href":"https:\/\/neocatechumenaleiter.org\/et\/wp-json\/wp\/v2\/pages\/35735","targetHints":{"allow":["GET"]}}],"collection":[{"href":"https:\/\/neocatechumenaleiter.org\/et\/wp-json\/wp\/v2\/pages"}],"about":[{"href":"https:\/\/neocatechumenaleiter.org\/et\/wp-json\/wp\/v2\/types\/page"}],"author":[{"embeddable":true,"href":"https:\/\/neocatechumenaleiter.org\/et\/wp-json\/wp\/v2\/users\/2"}],"replies":[{"embeddable":true,"href":"https:\/\/neocatechumenaleiter.org\/et\/wp-json\/wp\/v2\/comments?post=35735"}],"version-history":[{"count":17,"href":"https:\/\/neocatechumenaleiter.org\/et\/wp-json\/wp\/v2\/pages\/35735\/revisions"}],"predecessor-version":[{"id":47566,"href":"https:\/\/neocatechumenaleiter.org\/et\/wp-json\/wp\/v2\/pages\/35735\/revisions\/47566"}],"up":[{"embeddable":true,"href":"https:\/\/neocatechumenaleiter.org\/et\/wp-json\/wp\/v2\/pages\/20480"}],"wp:attachment":[{"href":"https:\/\/neocatechumenaleiter.org\/et\/wp-json\/wp\/v2\/media?parent=35735"}],"curies":[{"name":"wp","href":"https:\/\/api.w.org\/{rel}","templated":true}]}}