{"id":36071,"date":"2020-02-29T04:17:59","date_gmt":"2020-02-29T03:17:59","guid":{"rendered":"https:\/\/neocatechumenaleiter.org\/paavstide-sonad\/franciscus\/angelus-tervitus-rooma-neokatehhumeenilistele-kogudustele-kes-on-valjakutel-missioonis-7-iv-2013\/"},"modified":"2026-03-02T12:50:42","modified_gmt":"2026-03-02T11:50:42","slug":"angelus-tervitus-rooma-neokatehhumeenilistele-kogudustele-kes-on-valjakutel-missioonis-7-iv-2013","status":"publish","type":"page","link":"https:\/\/neocatechumenaleiter.org\/et\/paavstide-sonad\/franciscus\/angelus-tervitus-rooma-neokatehhumeenilistele-kogudustele-kes-on-valjakutel-missioonis-7-iv-2013\/","title":{"rendered":"Angelus: tervitus Rooma Neokatehhumeenilistele Kogudustele, kes on v\u00e4ljakutel missioonis 7-IV-2013"},"content":{"rendered":"\n<h1 class=\"has-text-align-center wp-block-heading\">Angelus: tervitus Rooma Neokatehhumeenilistele Kogudustele, kes on v\u00e4ljakutel missioonis 7-IV-2013<\/h1>\n\n<div style=\"height:20px\" aria-hidden=\"true\" class=\"wp-block-spacer\"><\/div>\n\n<h4 class=\"has-text-align-center wp-block-heading\">Franciscus<\/h4>\n\n<div style=\"height:20px\" aria-hidden=\"true\" class=\"wp-block-spacer\"><\/div>\n\n<p><strong>Tervitus <em>Angelus<\/em>e ajal Neokatehhumeenilistele Kogudustele Missioonis V\u00e4ljakutel, <em>Piazza San Pietro <\/em>(P\u00fcha Peetruse v\u00e4ljak), 7. aprill 2013<\/strong><\/p>\n\n<p><em>P\u00fcha Isa Franciscus, olles tervitanud Angeluse jaoks Piazza San Pietros (P\u00fcha Peetruse v\u00e4ljakule) kogunenud usklikke, p\u00f6\u00f6rdus nii Neokatehhumeeniliste Koguduste poole, kes alustavad missiooni 100 Rooma v\u00e4ljakul:<\/em><br \/><br \/>&#8230;Olen \u00f5nnelik tervitada selles palvehetkes kohalolevaid Liikumiste ja \u00dchingute liikmeid, eriti Rooma Neokatehhumeenilisi Kogudusi, kes alustavad t\u00e4na erilist missiooni Linna v\u00e4ljakutel. Kutsun k\u00f5iki tooma Head Uudist, igas elukeskkonnas, \u00abtasadusega ja aupaklikkusega\u00bb (1Pt 3,16)! Minge v\u00e4ljakutesse ja kuulutage Jeesust Kristust, Meie P\u00e4\u00e4stjat&#8230;<br \/><br \/><em>(*) Vrd. \u00abL\u2019Osservatore Romano\u00bb (Rooma Vaatleja), 8. aprill 2013.<\/em><\/p>\n\n<div class=\"wp-block-image is-style-default\"><figure class=\"aligncenter size-large\"><img loading=\"lazy\" decoding=\"async\" width=\"400\" height=\"274\" src=\"https:\/\/neocatechumenaleiter.org\/wp-content\/uploads\/2020\/02\/Camino_Neocatecumenal_Papa_Francisco_Kiko_Arguello_Carmen_Hernandez_Mario_Pezzi_audiencia.jpg\" alt=\"\" class=\"wp-image-995\" srcset=\"https:\/\/neocatechumenaleiter.org\/wp-content\/uploads\/2020\/02\/Camino_Neocatecumenal_Papa_Francisco_Kiko_Arguello_Carmen_Hernandez_Mario_Pezzi_audiencia.jpg 400w, https:\/\/neocatechumenaleiter.org\/wp-content\/uploads\/2020\/02\/Camino_Neocatecumenal_Papa_Francisco_Kiko_Arguello_Carmen_Hernandez_Mario_Pezzi_audiencia-300x206.jpg 300w\" sizes=\"auto, (max-width: 400px) 100vw, 400px\" \/><\/figure><\/div>\n","protected":false},"excerpt":{"rendered":"<p>Angelus: tervitus Rooma Neokatehhumeenilistele Kogudustele, kes on v\u00e4ljakutel missioonis 7-IV-2013 Franciscus Tervitus Angeluse ajal Neokatehhumeenilistele Kogudustele Missioonis V\u00e4ljakutel, Piazza San Pietro (P\u00fcha Peetruse v\u00e4ljak), 7. aprill 2013 P\u00fcha Isa Franciscus, olles tervitanud Angeluse jaoks Piazza San Pietros (P\u00fcha Peetruse v\u00e4ljakule) kogunenud usklikke, p\u00f6\u00f6rdus nii Neokatehhumeeniliste Koguduste poole, kes alustavad missiooni 100 Rooma v\u00e4ljakul: &#8230;Olen \u00f5nnelik tervitada selles palvehetkes kohalolevaid Liikumiste ja \u00dchingute liikmeid, eriti Rooma Neokatehhumeenilisi Kogudusi, kes alustavad t\u00e4na<\/p>\n<div class=\"read-more\"><a class=\"btn read-more-btn\" href=\"https:\/\/neocatechumenaleiter.org\/et\/paavstide-sonad\/franciscus\/angelus-tervitus-rooma-neokatehhumeenilistele-kogudustele-kes-on-valjakutel-missioonis-7-iv-2013\/\">Loe edasi<\/a><\/div>\n","protected":false},"author":2,"featured_media":0,"parent":19907,"menu_order":0,"comment_status":"closed","ping_status":"closed","template":"","meta":{"footnotes":""},"class_list":["post-36071","page","type-page","status-publish","hentry"],"_links":{"self":[{"href":"https:\/\/neocatechumenaleiter.org\/et\/wp-json\/wp\/v2\/pages\/36071","targetHints":{"allow":["GET"]}}],"collection":[{"href":"https:\/\/neocatechumenaleiter.org\/et\/wp-json\/wp\/v2\/pages"}],"about":[{"href":"https:\/\/neocatechumenaleiter.org\/et\/wp-json\/wp\/v2\/types\/page"}],"author":[{"embeddable":true,"href":"https:\/\/neocatechumenaleiter.org\/et\/wp-json\/wp\/v2\/users\/2"}],"replies":[{"embeddable":true,"href":"https:\/\/neocatechumenaleiter.org\/et\/wp-json\/wp\/v2\/comments?post=36071"}],"version-history":[{"count":5,"href":"https:\/\/neocatechumenaleiter.org\/et\/wp-json\/wp\/v2\/pages\/36071\/revisions"}],"predecessor-version":[{"id":47829,"href":"https:\/\/neocatechumenaleiter.org\/et\/wp-json\/wp\/v2\/pages\/36071\/revisions\/47829"}],"up":[{"embeddable":true,"href":"https:\/\/neocatechumenaleiter.org\/et\/wp-json\/wp\/v2\/pages\/19907"}],"wp:attachment":[{"href":"https:\/\/neocatechumenaleiter.org\/et\/wp-json\/wp\/v2\/media?parent=36071"}],"curies":[{"name":"wp","href":"https:\/\/api.w.org\/{rel}","templated":true}]}}