{"id":36076,"date":"2020-03-22T19:59:41","date_gmt":"2020-03-22T18:59:41","guid":{"rendered":"https:\/\/neocatechumenaleiter.org\/paavstide-sonad\/benedictus-xvi\/benedictus-xvi-angelusel-usu-taasavastamise-tee-29-x-2006\/"},"modified":"2026-03-02T12:43:36","modified_gmt":"2026-03-02T11:43:36","slug":"benedictus-xvi-angelusel-usu-taasavastamise-tee-29-x-2006","status":"publish","type":"page","link":"https:\/\/neocatechumenaleiter.org\/et\/paavstide-sonad\/benedictus-xvi\/benedictus-xvi-angelusel-usu-taasavastamise-tee-29-x-2006\/","title":{"rendered":"Benedictus XVI &#8220;Angelusel&#8221;: Usu taasavastamise Tee 29-X-2006"},"content":{"rendered":"\n<h1 class=\"has-text-align-center wp-block-heading\">Benedictus XVI &#8220;Angelusel&#8221;: Usu taasavastamise Tee 29-X-2006<\/h1>\n\n<div style=\"height:20px\" aria-hidden=\"true\" class=\"wp-block-spacer\"><\/div>\n\n<h4 class=\"has-text-align-center wp-block-heading\">Benedictus XVI <\/h4>\n\n<div style=\"height:20px\" aria-hidden=\"true\" class=\"wp-block-spacer\"><\/div>\n\n<p><strong>P\u00fcha Peetruse v\u00e4ljak, 29. oktoober 2006<\/strong><\/p>\n\n<p><em>Igap\u00e4evasel Angelusel Paavst Benedictus XVI, Neokatehhumeenilist Teed nimetamata, r\u00e4\u00e4gib &#8220;katehheeside kogemustest&#8221;, mida pakutakse noortele ja &#8220;t\u00e4iskasvanutele, kes lubavad k\u00e4ia usu taasavastamise teed k\u00fcpsel ja teadlikul viisil, et saada siis tunnistamise j\u00e4rjekindlat p\u00fchendumust&#8221;, ja kinnitab, et see t\u00f6\u00f6 on v\u00e4ga t\u00e4htis t\u00e4nap\u00e4eval.<\/em><br \/><br \/>Benedictus XVI s\u00f5nad:<\/p>\n\n<p><em>Kallid vennad ja \u00f5ed,<\/em><br \/><br \/>selle p\u00fchap\u00e4eva Evangeeliumis (Mk 10,46-52) loeme, et k\u00e4ies Jeeriko t\u00e4navatel, p\u00f6\u00f6rdub pime nimega Bartimeus Issanda poole karjudes: &#8220;Jeesus, Taaveti Poeg, halasta minu peale!&#8221;. See palve puudutab Kristuse s\u00fcdant, kes peatub, laseb ta kutsuda ja ravib teda. Otsustav hetk oli isiklik, otsene kohtumine Issanda ja selle kannatava mehe vahel. Nad on \u00fcksteise vastas: Jumal oma ravimise tahega ja mees sooviga olla ravitud. Kaks vabadust, kaks koonduvat tahet: &#8220;Mida sa tahad, et ma sulle teeksin?&#8221; k\u00fcsib talt Issand. &#8220;Et ma j\u00e4lle n\u00e4eksin!&#8221; vastab pime. &#8220;Mine, sinu usk on su p\u00e4\u00e4stnud&#8221;. Nende s\u00f5nadega toimub imetegu. Jumala r\u00f5\u00f5m, inimese r\u00f5\u00f5m. Ja Bartimeus, j\u00f5udnud valgusesse &#8211; jutustab Evangeelium &#8211; &#8220;l\u00e4ks Jeesusega teele kaasa&#8221;: ehk muutub tema j\u00fcngriks ja l\u00e4heb \u00d5petajaga Jeruusalemma, et osaleda Temaga suures p\u00e4\u00e4stmise m\u00fcsteeriumis. See jutustus, oma sammude olemuslikkuses, kutsub esile katehhumeeni teekonda Ristimise sakramendile, mida iidses Kirikus nimetati ka &#8220;Valgustuseks&#8221;.<br \/><br \/>Usk on valgustamise teekond: see algab alandlikkusest n\u00e4ha ennast p\u00e4\u00e4ste vajajana ja j\u00f5uab isiklikule kohtumisele Kristusega, kes kutsub teda j\u00e4rgima armastuse teel. Sellele eeskujule on Kirikus s\u00e4testatud krisliku algatuse teekonnad, mis valmistavad Ristimise, Kinnitamise ja Euharistia sakramente. Iidse evangeliseerimise kohtades, kus on levinud laste Ristimine, pakutakse noortele ja t\u00e4iskasvanutele katehheeside ja vaimulikkuse kogemusi, mis lubavad teha usu taasavastamise teekonda k\u00fcpsel ja teadlikul viisil, et saada tunnistamise j\u00e4rjekindlat p\u00fchendumust.<\/p>\n\n<p>Kui t\u00e4htis on t\u00f6\u00f6, mida Karjased ja katehheedid teevad sellel alal! Ristimise v\u00e4\u00e4rtuse taasavastamine on iga kristlase p\u00fchendumise p\u00f5hjaks, sest n\u00e4eme Evangeeliumis, et kes laseb ennast v\u00f5rgutada Kristuselt, ei saa teha muud, kui tunnistada tema j\u00e4lgedes k\u00e4imise r\u00f5\u00f5mu. Selles oktoobrikuus, eriliselt p\u00fchendatud missioonile, m\u00f5istame veel rohkem, et just Ristimise j\u00f5ul on meil loomup\u00e4rane missioneeriv kutsumus.<br \/><br \/>Palume Neitsi Maarja eestkostet, et Evangeeliumi misjon\u00e4rid mitmekordistuksid. Et intiimses \u00fchenduses Issandaga, saaks iga ristitu tunda kutsumust kuulutada k\u00f5ikidele Jumala armastust oma elu tunnistusega.<br \/><br \/><em>(*) Vrd. \u00abL\u2019Osservatore Romano\u00bb (Rooma Vaatleja), 30.-31. oktoober 2006.<\/em><\/p>\n","protected":false},"excerpt":{"rendered":"<p>Benedictus XVI &#8220;Angelusel&#8221;: Usu taasavastamise Tee 29-X-2006 Benedictus XVI P\u00fcha Peetruse v\u00e4ljak, 29. oktoober 2006 Igap\u00e4evasel Angelusel Paavst Benedictus XVI, Neokatehhumeenilist Teed nimetamata, r\u00e4\u00e4gib &#8220;katehheeside kogemustest&#8221;, mida pakutakse noortele ja &#8220;t\u00e4iskasvanutele, kes lubavad k\u00e4ia usu taasavastamise teed k\u00fcpsel ja teadlikul viisil, et saada siis tunnistamise j\u00e4rjekindlat p\u00fchendumust&#8221;, ja kinnitab, et see t\u00f6\u00f6 on v\u00e4ga t\u00e4htis t\u00e4nap\u00e4eval. Benedictus XVI s\u00f5nad: Kallid vennad ja \u00f5ed, selle p\u00fchap\u00e4eva Evangeeliumis (Mk 10,46-52) loeme, et<\/p>\n<div class=\"read-more\"><a class=\"btn read-more-btn\" href=\"https:\/\/neocatechumenaleiter.org\/et\/paavstide-sonad\/benedictus-xvi\/benedictus-xvi-angelusel-usu-taasavastamise-tee-29-x-2006\/\">Loe edasi<\/a><\/div>\n","protected":false},"author":2,"featured_media":0,"parent":19905,"menu_order":2,"comment_status":"closed","ping_status":"closed","template":"","meta":{"footnotes":""},"class_list":["post-36076","page","type-page","status-publish","hentry"],"_links":{"self":[{"href":"https:\/\/neocatechumenaleiter.org\/et\/wp-json\/wp\/v2\/pages\/36076","targetHints":{"allow":["GET"]}}],"collection":[{"href":"https:\/\/neocatechumenaleiter.org\/et\/wp-json\/wp\/v2\/pages"}],"about":[{"href":"https:\/\/neocatechumenaleiter.org\/et\/wp-json\/wp\/v2\/types\/page"}],"author":[{"embeddable":true,"href":"https:\/\/neocatechumenaleiter.org\/et\/wp-json\/wp\/v2\/users\/2"}],"replies":[{"embeddable":true,"href":"https:\/\/neocatechumenaleiter.org\/et\/wp-json\/wp\/v2\/comments?post=36076"}],"version-history":[{"count":3,"href":"https:\/\/neocatechumenaleiter.org\/et\/wp-json\/wp\/v2\/pages\/36076\/revisions"}],"predecessor-version":[{"id":47809,"href":"https:\/\/neocatechumenaleiter.org\/et\/wp-json\/wp\/v2\/pages\/36076\/revisions\/47809"}],"up":[{"embeddable":true,"href":"https:\/\/neocatechumenaleiter.org\/et\/wp-json\/wp\/v2\/pages\/19905"}],"wp:attachment":[{"href":"https:\/\/neocatechumenaleiter.org\/et\/wp-json\/wp\/v2\/media?parent=36076"}],"curies":[{"name":"wp","href":"https:\/\/api.w.org\/{rel}","templated":true}]}}