{"id":36080,"date":"2020-03-22T21:00:49","date_gmt":"2020-03-22T20:00:49","guid":{"rendered":"https:\/\/neocatechumenaleiter.org\/paavstide-sonad\/benedictus-xvi\/benedictus-xvi-eraaudients-neokatehhumeenilise-tee-algatajatega-13-xi-2010\/"},"modified":"2026-03-02T12:40:06","modified_gmt":"2026-03-02T11:40:06","slug":"benedictus-xvi-eraaudients-neokatehhumeenilise-tee-algatajatega-13-xi-2010","status":"publish","type":"page","link":"https:\/\/neocatechumenaleiter.org\/et\/paavstide-sonad\/benedictus-xvi\/benedictus-xvi-eraaudients-neokatehhumeenilise-tee-algatajatega-13-xi-2010\/","title":{"rendered":"Benedictus XVI eraaudients Neokatehhumeenilise Tee algatajatega 13-XI-2010"},"content":{"rendered":"\n<h1 class=\"has-text-align-center wp-block-heading\">Benedictus XVI eraaudients Neokatehhumeenilise Tee algatajatega 13-XI-2010<\/h1>\n\n<div style=\"height:20px\" aria-hidden=\"true\" class=\"wp-block-spacer\"><\/div>\n\n<h4 class=\"has-text-align-center wp-block-heading\">Benedictus XVI<\/h4>\n\n<div style=\"height:20px\" aria-hidden=\"true\" class=\"wp-block-spacer\"><\/div>\n\n<p><strong>Vatikan, 13. november 2010<\/strong><\/p>\n\n<p><em>Kiko kirjeldas audientsi nii:\u00a0<\/em>&#8220;13. novembril Carmen, isa Mario ja mina kohtusime eraaudientsis P\u00fcha Isaga, kes oli meiega t\u00f5esti v\u00e4ga hea&#8221;.<\/p>\n\n<figure class=\"wp-block-gallery aligncenter columns-2 is-cropped wp-block-gallery-1 is-layout-flex wp-block-gallery-is-layout-flex\"><ul class=\"blocks-gallery-grid\"><li class=\"blocks-gallery-item\"><figure><img loading=\"lazy\" decoding=\"async\" width=\"400\" height=\"268\" src=\"https:\/\/neocatechumenaleiter.org\/wp-content\/uploads\/2020\/02\/Camino_Neocatecumenal_Benedicto_XVI_Kiko_Carmen_Mario_audiencia_20102.jpg\" alt=\"\" data-id=\"1217\" data-full-url=\"https:\/\/neocatechumenaleiter.org\/wp-content\/uploads\/2020\/02\/Camino_Neocatecumenal_Benedicto_XVI_Kiko_Carmen_Mario_audiencia_20102.jpg\" data-link=\"https:\/\/neocatechumenaleiter.org\/?attachment_id=1217\" class=\"wp-image-1217\" srcset=\"https:\/\/neocatechumenaleiter.org\/wp-content\/uploads\/2020\/02\/Camino_Neocatecumenal_Benedicto_XVI_Kiko_Carmen_Mario_audiencia_20102.jpg 400w, https:\/\/neocatechumenaleiter.org\/wp-content\/uploads\/2020\/02\/Camino_Neocatecumenal_Benedicto_XVI_Kiko_Carmen_Mario_audiencia_20102-300x201.jpg 300w\" sizes=\"auto, (max-width: 400px) 100vw, 400px\" \/><\/figure><\/li><li class=\"blocks-gallery-item\"><figure><img loading=\"lazy\" decoding=\"async\" width=\"400\" height=\"269\" src=\"https:\/\/neocatechumenaleiter.org\/wp-content\/uploads\/2020\/02\/Camino_Neocatecumenal_Benedicto_XVI_Kiko_Carmen_Mario_audiencia_2010.jpg\" alt=\"\" data-id=\"1224\" data-full-url=\"https:\/\/neocatechumenaleiter.org\/wp-content\/uploads\/2020\/02\/Camino_Neocatecumenal_Benedicto_XVI_Kiko_Carmen_Mario_audiencia_2010.jpg\" data-link=\"https:\/\/neocatechumenaleiter.org\/?attachment_id=1224\" class=\"wp-image-1224\" srcset=\"https:\/\/neocatechumenaleiter.org\/wp-content\/uploads\/2020\/02\/Camino_Neocatecumenal_Benedicto_XVI_Kiko_Carmen_Mario_audiencia_2010.jpg 400w, https:\/\/neocatechumenaleiter.org\/wp-content\/uploads\/2020\/02\/Camino_Neocatecumenal_Benedicto_XVI_Kiko_Carmen_Mario_audiencia_2010-300x202.jpg 300w\" sizes=\"auto, (max-width: 400px) 100vw, 400px\" \/><\/figure><\/li><\/ul><\/figure>","protected":false},"excerpt":{"rendered":"<p>Benedictus XVI eraaudients Neokatehhumeenilise Tee algatajatega 13-XI-2010 Benedictus XVI Vatikan, 13. november 2010 Kiko kirjeldas audientsi nii:\u00a0&#8220;13. novembril Carmen, isa Mario ja mina kohtusime eraaudientsis P\u00fcha Isaga, kes oli meiega t\u00f5esti v\u00e4ga hea&#8221;.<\/p>\n","protected":false},"author":2,"featured_media":0,"parent":19905,"menu_order":8,"comment_status":"closed","ping_status":"closed","template":"","meta":{"footnotes":""},"class_list":["post-36080","page","type-page","status-publish","hentry"],"_links":{"self":[{"href":"https:\/\/neocatechumenaleiter.org\/et\/wp-json\/wp\/v2\/pages\/36080","targetHints":{"allow":["GET"]}}],"collection":[{"href":"https:\/\/neocatechumenaleiter.org\/et\/wp-json\/wp\/v2\/pages"}],"about":[{"href":"https:\/\/neocatechumenaleiter.org\/et\/wp-json\/wp\/v2\/types\/page"}],"author":[{"embeddable":true,"href":"https:\/\/neocatechumenaleiter.org\/et\/wp-json\/wp\/v2\/users\/2"}],"replies":[{"embeddable":true,"href":"https:\/\/neocatechumenaleiter.org\/et\/wp-json\/wp\/v2\/comments?post=36080"}],"version-history":[{"count":3,"href":"https:\/\/neocatechumenaleiter.org\/et\/wp-json\/wp\/v2\/pages\/36080\/revisions"}],"predecessor-version":[{"id":47797,"href":"https:\/\/neocatechumenaleiter.org\/et\/wp-json\/wp\/v2\/pages\/36080\/revisions\/47797"}],"up":[{"embeddable":true,"href":"https:\/\/neocatechumenaleiter.org\/et\/wp-json\/wp\/v2\/pages\/19905"}],"wp:attachment":[{"href":"https:\/\/neocatechumenaleiter.org\/et\/wp-json\/wp\/v2\/media?parent=36080"}],"curies":[{"name":"wp","href":"https:\/\/api.w.org\/{rel}","templated":true}]}}