{"id":36568,"date":"2020-02-29T04:22:16","date_gmt":"2020-02-29T03:22:16","guid":{"rendered":"https:\/\/neocatechumenaleiter.org\/paavstide-sonad\/franciscus\/kone-neokatehhumeenilise-tee-kogudustele-1-ii-2014\/"},"modified":"2026-03-02T12:51:14","modified_gmt":"2026-03-02T11:51:14","slug":"kone-neokatehhumeenilise-tee-kogudustele-1-ii-2014","status":"publish","type":"page","link":"https:\/\/neocatechumenaleiter.org\/et\/paavstide-sonad\/franciscus\/kone-neokatehhumeenilise-tee-kogudustele-1-ii-2014\/","title":{"rendered":"K\u00f5ne Neokatehhumeenilise Tee Kogudustele 1-II-2014"},"content":{"rendered":"\n<h1 class=\"has-text-align-center wp-block-heading\">K\u00f5ne Neokatehhumeenilise Tee Kogudustele 1-II-2014<\/h1>\n\n<div style=\"height:20px\" aria-hidden=\"true\" class=\"wp-block-spacer\"><\/div>\n\n<h4 class=\"has-text-align-center wp-block-heading\">Franciscus<\/h4>\n\n<div style=\"height:20px\" aria-hidden=\"true\" class=\"wp-block-spacer\"><\/div>\n\n<p><em>Kallid vennad ja \u00f5ed,<\/em><\/p>\n\n<p>t\u00e4nan Issandat teie usur\u00f5\u00f5mu ja kristliku tunnistuse hingelisuse eest, t\u00e4nu Jumalale! Ma tervitan teid k\u00f5iki, alustades Neokatehhumeenilise Tee rahvusvaheliste esindajatega, koos preestrite, seminaristide ja ketehhistidega. Lapsi, keda on siin palju, tervitan s\u00fcdamlikult. Minu m\u00f5tted l\u00e4hevad eriti perekondadele, kes l\u00e4hevad erinevatesse kohtadesse maailmas Evangeeliumit kuulutama ja tunnistama. Kirik on t\u00e4nulik teie lahkuse eest! Ma t\u00e4nan teid k\u00f5ige selle eest, mida te teete Kirikus ja maailmas.<\/p>\n\n<p>Just Kiriku, meie Ema, nimel &#8211; meie P\u00fcha Ema Kirik, hierarhiline, nagu P\u00fcha Ignatius Loyolale meeldis \u00f6elda &#8211; Kiriku nimel tahaksin ma anda teile m\u00f5ned soovitused. Esimene on, et teil oleks palju hoolt ehitades ja s\u00e4ilitades osadust Kirikutes, kuhu l\u00e4hete tegutsema.\u00a0<strong>Teel on oma karisma, oma d\u00fcnaamika, and, millel nagu k\u00f5ikidel Vaimu andidel, on s\u00fcgav kiriklik m\u00f5\u00f5de;\u00a0<\/strong>see t\u00e4hendab, et te peate kuulama Kirikutes, kuhu teie vastutajad teid saadavad, rikkuseid v\u00e4\u00e4rtustama, kannatama n\u00f5rkuste t\u00f5ttu vajadusel, ja k\u00f5ndima koos, nagu kari, kohalike Kirikute Karjaste j\u00e4rgi. Osadus on h\u00e4davajalik: m\u00f5nikord v\u00f5ib olla parem loobuda elamast detailselt seda, mida teie teekond n\u00f5uab, et tagada \u00fchtsust vendade vahel, kes moodustavad \u00fcht kiriklikku kogudust, mille osaks te ennast peate alati tundma.<\/p>\n\n<p>Veel \u00fcks soovitus: kuhu iganes te l\u00e4hete, teile teeb head m\u00f5elda, et Jumala Vaim j\u00f5uab alati enne meid. See on t\u00e4htis: <strong>Issand eelneb alati meile!\u00a0<\/strong>M\u00f5elge Filippusele, kui Issand saadab teda teele, kus ta kohtas v\u00f5imukandjat, kes istus t\u00f5llas (Ap 8,27-28).<br \/><br \/>Vaim j\u00f5udis enne teda: ta luges prohvet Jesajat ja ei m\u00f5istnud, kuid s\u00fcda p\u00f5les. Nii, kui Filippus l\u00e4heneb, on ta valmis katehheesiks ja Ristimiseks. Vaim alati eelneb meile; Jumal j\u00f5uab alati enne meid! Ka k\u00f5ige kaugemates kohtades, ka k\u00f5ige erinevamates kultuurides, Jumal puistab k\u00f5ikjale oma S\u00f5na seemneid. Siit tuleneb eriline vajadus <em>p\u00f6\u00f6rata t\u00e4helepanu kuluurile,\u00a0<\/em>kuhu teie perekonnad l\u00e4hete, mis on erinev sellest kultuurist, kust te tulete. Paljudele on kohaliku keele \u00f5ppimine raskus, m\u00f5nikord v\u00e4ga raske, ja see pingutus on m\u00e4rgatav. Palju t\u00e4htsam on teie pingutus &#8220;\u00f5ppida&#8221; kultuure, mida kohtate, tundes \u00e4ra tegutsemisvajadust: tihti on tegu keskkonnaga, mis on v\u00e4ga erinev, Evangeelium, mis on olemas k\u00f5ikjal, aga ka see tegu, mida P\u00fcha Vaim on t\u00e4itnud elus ja iga rahvuse ajaloos.<\/p>\n\n<p>Ja l\u00f5puks, ma julgustan teid hoolima \u00fcksteisest armastusega, eelk\u00f5ige n\u00f5rgemate eest.<br \/><br \/>Neokatehhumeeniline Tee, kuiv\u00f5rd oma Ristimise taasavastamise teekonnana, on n\u00f5udlik tee, mille jooksul vend v\u00f5i \u00f5de v\u00f5ivad kohata ootamatuid raskuseid. Nendel juhtudel kannatuse ja halastuse harjutamine koguduse poolt on usuk\u00fcpsuse m\u00e4rk. Iga\u00fche vabadust ei saa sundida, ja peab austama ka selle valikuid, kes otsustab otsida, v\u00e4ljaspool Teed, teisi kristliku elu vorme, mis aitaksid tal kasvada Issanda kutsumuse vastuses.<\/p>\n\n<p>Kallid perekonnad, kallid vennad ja \u00f5ed, ma julgustan teid viima k\u00f5ikjale, ka k\u00f5ige v\u00e4hem kristlikesse keskkondadesse, eriti eksistensiaalsetesse \u00e4\u00e4remaadesse, Jeesus Kristuse Evangeeliumit. Evangeliseerige armastusega, viige k\u00f5ikidele Jumala armastust. \u00d6elge neile, keda kohtate oma missiooni teedel, et Jumal armastab inimest nii, nagu ta on, ka oma piiridega, oma eksimustega, ka oma pattudega. Sellep\u00e4rast on ta saatnud oma Poega, et Tema v\u00f5taks meie patud enda peale. Olge Isa l\u00f5pmatu headuse ja ammendamatu halastuse s\u00f5numitoojad ja tunnistajad.<\/p>\n\n<p>Ma usaldan teid meie Emale, Maarjale, et ta inspireeriks ja toetaks alati teie apostolaati. Selle helli ema \u00f5petuses olge innukad ja r\u00f5\u00f5msad misjon\u00e4rid.&#013;\n\u00c4rge kaotage r\u00f5\u00f5mu, julgust!<\/p>\n","protected":false},"excerpt":{"rendered":"<p>K\u00f5ne Neokatehhumeenilise Tee Kogudustele 1-II-2014 Franciscus Kallid vennad ja \u00f5ed, t\u00e4nan Issandat teie usur\u00f5\u00f5mu ja kristliku tunnistuse hingelisuse eest, t\u00e4nu Jumalale! Ma tervitan teid k\u00f5iki, alustades Neokatehhumeenilise Tee rahvusvaheliste esindajatega, koos preestrite, seminaristide ja ketehhistidega. Lapsi, keda on siin palju, tervitan s\u00fcdamlikult. Minu m\u00f5tted l\u00e4hevad eriti perekondadele, kes l\u00e4hevad erinevatesse kohtadesse maailmas Evangeeliumit kuulutama ja tunnistama. Kirik on t\u00e4nulik teie lahkuse eest! Ma t\u00e4nan teid k\u00f5ige selle eest, mida te<\/p>\n<div class=\"read-more\"><a class=\"btn read-more-btn\" href=\"https:\/\/neocatechumenaleiter.org\/et\/paavstide-sonad\/franciscus\/kone-neokatehhumeenilise-tee-kogudustele-1-ii-2014\/\">Loe edasi<\/a><\/div>\n","protected":false},"author":2,"featured_media":0,"parent":19907,"menu_order":1,"comment_status":"closed","ping_status":"closed","template":"","meta":{"footnotes":""},"class_list":["post-36568","page","type-page","status-publish","hentry"],"_links":{"self":[{"href":"https:\/\/neocatechumenaleiter.org\/et\/wp-json\/wp\/v2\/pages\/36568","targetHints":{"allow":["GET"]}}],"collection":[{"href":"https:\/\/neocatechumenaleiter.org\/et\/wp-json\/wp\/v2\/pages"}],"about":[{"href":"https:\/\/neocatechumenaleiter.org\/et\/wp-json\/wp\/v2\/types\/page"}],"author":[{"embeddable":true,"href":"https:\/\/neocatechumenaleiter.org\/et\/wp-json\/wp\/v2\/users\/2"}],"replies":[{"embeddable":true,"href":"https:\/\/neocatechumenaleiter.org\/et\/wp-json\/wp\/v2\/comments?post=36568"}],"version-history":[{"count":11,"href":"https:\/\/neocatechumenaleiter.org\/et\/wp-json\/wp\/v2\/pages\/36568\/revisions"}],"predecessor-version":[{"id":47831,"href":"https:\/\/neocatechumenaleiter.org\/et\/wp-json\/wp\/v2\/pages\/36568\/revisions\/47831"}],"up":[{"embeddable":true,"href":"https:\/\/neocatechumenaleiter.org\/et\/wp-json\/wp\/v2\/pages\/19907"}],"wp:attachment":[{"href":"https:\/\/neocatechumenaleiter.org\/et\/wp-json\/wp\/v2\/media?parent=36568"}],"curies":[{"name":"wp","href":"https:\/\/api.w.org\/{rel}","templated":true}]}}