{"id":36578,"date":"2020-03-22T03:04:31","date_gmt":"2020-03-22T02:04:31","guid":{"rendered":"https:\/\/neocatechumenaleiter.org\/paavstide-sonad\/franciscus\/audients-neokatehhumeenilisele-teele-6-iii-2015\/"},"modified":"2026-03-02T12:49:01","modified_gmt":"2026-03-02T11:49:01","slug":"audients-neokatehhumeenilisele-teele-6-iii-2015","status":"publish","type":"page","link":"https:\/\/neocatechumenaleiter.org\/et\/paavstide-sonad\/franciscus\/audients-neokatehhumeenilisele-teele-6-iii-2015\/","title":{"rendered":"Audients Neokatehhumeenilisele Teele 6-III-2015"},"content":{"rendered":"\n<h1 class=\"has-text-align-center wp-block-heading\">Audients Neokatehhumeenilisele Teele 6-III-2015<\/h1>\n\n<div style=\"height:20px\" aria-hidden=\"true\" class=\"wp-block-spacer\"><\/div>\n\n<h4 class=\"has-text-align-center wp-block-heading\">Franciscus<\/h4>\n\n<div style=\"height:20px\" aria-hidden=\"true\" class=\"wp-block-spacer\"><\/div>\n\n<div class=\"wp-block-image is-style-default\"><figure class=\"alignleft size-large\"><img loading=\"lazy\" decoding=\"async\" width=\"400\" height=\"276\" src=\"https:\/\/neocatechumenaleiter.org\/wp-content\/uploads\/2020\/02\/Camino_Neocatecumenal_Papa_Francisco_Kiko_Arguello_audiencia1.jpg\" alt=\"\" class=\"wp-image-1011\" srcset=\"https:\/\/neocatechumenaleiter.org\/wp-content\/uploads\/2020\/02\/Camino_Neocatecumenal_Papa_Francisco_Kiko_Arguello_audiencia1.jpg 400w, https:\/\/neocatechumenaleiter.org\/wp-content\/uploads\/2020\/02\/Camino_Neocatecumenal_Papa_Francisco_Kiko_Arguello_audiencia1-300x207.jpg 300w\" sizes=\"auto, (max-width: 400px) 100vw, 400px\" \/><\/figure><\/div>\n\n<p><strong>Vatikan &#8211; Paulus VI Saal, 6. m\u00e4rts 2015<\/strong><\/p>\n\n<p>Kallid vennad ja \u00f5ed, tere hommikust k\u00f5ikidele! Ja suur, suur t\u00e4nu, et olete tulnud sellele kohtumisele. Paavsti \u00fclesanne, Peetruse \u00fclesanne, on kinnitada vendi usus. Nii ka teie olete tahtnud selle teoga paluda Peetruse J\u00e4reltulijalt kinnitada teie kutsumus, toetada teie missiooni, \u00f5nnistada teie karismat.<\/p>\n\n<p>Ja t\u00e4na kinnitan ma teie kutsumust, toetan teie missiooni ja \u00f5nnistan teie karismat. Ma teen seda, mitte selle t\u00f5ttu, et tema\u00a0[n\u00e4itab Kikot] on mulle maksnud, ei! Ma teen seda, sest ma tahan seda teha. Te l\u00e4hete Kristuse nimel kogu maailmasse, viima tema Evangeeliumit: Kristus eelnegu teile, Kristus olgu teiega kaasas, Kristus viigu t\u00e4ide seda p\u00e4\u00e4stmist, mille toojad te olete!<\/p>\n\n<p>Teiega koos tervitan k\u00f5iki Kardinale ja Piiskopeid, kes on teiega kaasas t\u00e4na ja kes oma piiskopkondades toetavad teie missiooni. Eriline tervitus Neokatehhumeenilise Tee algatajatele, Kiko Arg\u00fcello ja Carmen Hern\u00e1ndezile, koos Isa Mario Pezziga: ka nendele v\u00e4ljendan oma tunnustust ja julgustust selle eest, mida nad Tee kaudu Kiriku heaks teevad. Ma alati \u00fctlen, et Neokatehhumeeniline Tee teeb palju head Kirikule.<\/p>\n\n<div class=\"wp-block-image is-style-circle-mask\"><figure class=\"alignleft size-large\"><img loading=\"lazy\" decoding=\"async\" width=\"400\" height=\"272\" src=\"https:\/\/neocatechumenaleiter.org\/wp-content\/uploads\/2020\/02\/Camino_Neocatecumenal_Papa_Francisco_Carmen_Hernandez_audiencia1.jpg\" alt=\"\" class=\"wp-image-1017\" srcset=\"https:\/\/neocatechumenaleiter.org\/wp-content\/uploads\/2020\/02\/Camino_Neocatecumenal_Papa_Francisco_Carmen_Hernandez_audiencia1.jpg 400w, https:\/\/neocatechumenaleiter.org\/wp-content\/uploads\/2020\/02\/Camino_Neocatecumenal_Papa_Francisco_Carmen_Hernandez_audiencia1-300x204.jpg 300w\" sizes=\"auto, (max-width: 400px) 100vw, 400px\" \/><\/figure><\/div>\n\n<p>Nagu \u00fctles Kiko, meie igap\u00e4evane kohtumine on\u00a0<em>misjonile saatmine<\/em>, s\u00f5nakuulelikkus sellele, mida Kristus on palunud meilt ja mida oleme kuulnud Evangeeliumis.\u00a0<strong>Ning olen eriti \u00f5nnelik, et teie missioon tegutseb l\u00e4bi kirstlike perekondade, kellel, kogudustesse kogunenud, on \u00fclesanne anda usu m\u00e4rke, mis meelitavad inimesi Evangeeliumi ilu juurde<\/strong>, Kristuse s\u00f5nade j\u00e4rgi: &#8220;Armastage \u00fcksteist, nagu mina olen teid armastanud; sellest tunnevad k\u00f5ik, et te olete minu j\u00fcngrid&#8221; (Jh 13,34), ja &#8220;olge \u00fcks, et maailm usuks&#8221; (Jh 17,21).<\/p>\n\n<div class=\"wp-block-image is-style-default\"><figure class=\"alignright size-large\"><img loading=\"lazy\" decoding=\"async\" width=\"400\" height=\"271\" src=\"https:\/\/neocatechumenaleiter.org\/wp-content\/uploads\/2020\/02\/Camino_Neocatecumenal_Audiencia_Papa_Francisco_envio_misionero.jpg\" alt=\"\" class=\"wp-image-1023\" srcset=\"https:\/\/neocatechumenaleiter.org\/wp-content\/uploads\/2020\/02\/Camino_Neocatecumenal_Audiencia_Papa_Francisco_envio_misionero.jpg 400w, https:\/\/neocatechumenaleiter.org\/wp-content\/uploads\/2020\/02\/Camino_Neocatecumenal_Audiencia_Papa_Francisco_envio_misionero-300x203.jpg 300w\" sizes=\"auto, (max-width: 400px) 100vw, 400px\" \/><\/figure><\/div>\n\n<p>Need kogudused, kutsutud Piiskoppide poolt, on moodustatud preestrist ja neljast v\u00f5i viiest perekonnast, ka suurte lastega, ja nad moodustavad &#8220;missio ad gentes&#8221;-e, lubaga evangeliseerida mitte kristlastele. Mitte kristlased, kes pole kunagi kuulnud Jeesus Kristusest ja paljud mitte kristlased, kes on unustanud, kes oli Jeesus Kristus, kes on Jeesus Kristus: mitte ristitud kristlastele, vaid nendele, kes ilmalikustumise, ilmalikkuse ja paljude muude asjade t\u00f5ttu on unustanud usku. \u00c4ratage see usk!<\/p>\n\n<p>Niisiis, enne kui s\u00f5na, oma elu tunnistusega te v\u00e4ljendate Kristuse ilmutuse keskpunkti: et Jumal armastab inimest surmani ja et ta on \u00fcles \u00e4ratatud Isa poolt, et anda meile armu, et saaksime anda oma elu teistele. Maailmal on v\u00e4ga suur vajadus seda suurt s\u00f5numit kuulata. Kui palju \u00fcksindust, kannatust, kaugust Jumalast on paljudest Euroopa ja Ameerika \u00e4\u00e4remaades ning ka paljudes Aasia linnades! Kui suur vajadus on t\u00e4nap\u00e4eva inimesel, igal laiuskraadil, tunda, et Jumal armastab teda ja et armastus on v\u00f5imalik! Nendel kristlikel kogudustel, t\u00e4nu teile, misjon\u00e4ride perekonnad, on oluline \u00fclesanne teha n\u00e4htavaks see s\u00f5num. Ja mis on see s\u00f5num? &#8220;Kristus on \u00fcles t\u00f5usnud, Kristus elab! Kristus elab meie keskel!&#8221;.<\/p>\n\n<div class=\"wp-block-image is-style-default\"><figure class=\"alignleft size-large\"><img loading=\"lazy\" decoding=\"async\" width=\"400\" height=\"277\" src=\"https:\/\/neocatechumenaleiter.org\/wp-content\/uploads\/2020\/02\/Camino_Neocatecumenal_Papa_Francisco_envio_familias.jpg\" alt=\"\" class=\"wp-image-1029\" srcset=\"https:\/\/neocatechumenaleiter.org\/wp-content\/uploads\/2020\/02\/Camino_Neocatecumenal_Papa_Francisco_envio_familias.jpg 400w, https:\/\/neocatechumenaleiter.org\/wp-content\/uploads\/2020\/02\/Camino_Neocatecumenal_Papa_Francisco_envio_familias-300x208.jpg 300w\" sizes=\"auto, (max-width: 400px) 100vw, 400px\" \/><\/figure><\/div>\n\n<p>Te olete saanud j\u00f5udu j\u00e4tta k\u00f5ik maha ja asuda teele kaugetesse maadesse t\u00e4nu kristliku algatuse teekonnale, elatud v\u00e4ikestes kogudustes, kus te olete taasavastanud oma Ristimise suuri rikkuseid. See on\u00a0<em>Neokatehhumeeniline Tee,\u00a0<\/em>t\u00f5eline Etten\u00e4gelikkuse and meie ajastu Kirikule, nagu on juba v\u00e4itnud minu Eeltulijad; eelk\u00f5ige Johannes Paulus II, kui ta \u00fcltes teile:<br \/><br \/>\u00abTunnistan Neokatehhumeenilist Teed katoliikliku vormindamise teekonnana, kehtiv t\u00e4nap\u00e4eva \u00fchiskonnale ja ajastule\u00bb (Epist<em>. <\/em><em>Ogniqualvolta<\/em>, 30. august 1990: AAS 82 [1990], 1515).<\/p>\n\n<p>Tee rajaneb nendel kolmel Kiriku m\u00f5\u00f5detele, milleks on S\u00f5na, Liturgia ja Kogudus.<br \/><br \/>Niisiis s\u00f5nakuulelik ja pidev Jumala S\u00f5na kuulamine; euharistiline t\u00e4histamine v\u00e4ikestes kogudustes peale p\u00fchap\u00e4eva esimesi vespereid, hommikupalvete t\u00e4histamine perekonnas p\u00fchap\u00e4eval k\u00f5ikide lastega ja oma usu jagamine teiste vendadega on l\u00e4htekohaks paljudele andidele, mida Issand on kinkinud teile, nagu ka arvukad kutsumused presb\u00fcteraadile ja p\u00fchitsetud elule.\u00a0<strong>N\u00e4ha k\u00f5ike seda on lohutus, sest see kinnitab, et Jumala Vaim elab ja tegutseb oma Kirikus, ka t\u00e4na, ja et ta vastab modernse inimese vajadustele.<\/strong><br \/><br \/>Mitmel korral olen ma r\u00f5hutanud vajadusele, mis on Kirikul, muutuda lihtsast konservatiivsest pastoraalist otsustavalt misjoneerivaks pastoraaliks (Ap. manitsus <em>Evangelii gaudium<\/em>, 15). Palju kordi, Kirikus, on Jeesus meie sees ja me ei luba tal v\u00e4ljuda&#8230; Palju kordi! See on k\u00f5ige t\u00e4htsam asi, mida teha, kui me ei taha, et veed uuesti seisataksid Kirikut.<\/p>\n\n<div class=\"wp-block-image is-style-default\"><figure class=\"alignright size-large\"><img loading=\"lazy\" decoding=\"async\" width=\"400\" height=\"289\" src=\"https:\/\/neocatechumenaleiter.org\/wp-content\/uploads\/2020\/02\/Camino_Neocatecumenal_Papa_Francisco_Kiko_Carmen_Mario_audiencia_envio_misioneros.jpg\" alt=\"\" class=\"wp-image-1035\" srcset=\"https:\/\/neocatechumenaleiter.org\/wp-content\/uploads\/2020\/02\/Camino_Neocatecumenal_Papa_Francisco_Kiko_Carmen_Mario_audiencia_envio_misioneros.jpg 400w, https:\/\/neocatechumenaleiter.org\/wp-content\/uploads\/2020\/02\/Camino_Neocatecumenal_Papa_Francisco_Kiko_Carmen_Mario_audiencia_envio_misioneros-300x217.jpg 300w\" sizes=\"auto, (max-width: 400px) 100vw, 400px\" \/><\/figure><\/div>\n\n<p><strong>Tee juba aastaid viib t\u00e4ide neid &#8220;missio ad gentes&#8221;-eid mitte kristlaste vahel<\/strong>,\u00a0<em>implantatio Ecclesiae<\/em> jaoks, uue Kiriku kohaloleku jaoks, seal, kus Kirikut pole olemas v\u00f5i pole enam v\u00f5imeline ulatuma inimestele. \u00abKui palju r\u00f5\u00f5mu te annate meile oma kohalolekuga ja oma tegevusega!\u00bb &#8211; seda \u00fctles teile \u00f5nnistatud Paavst Paulus VI esimesel audientsil teiega (8. m\u00e4rts 1974: Paulus VI \u00f5petused, XII [1974], 407). Ka mina v\u00f5tan omaks need s\u00f5nad ja julgustan teil edasi minna, usaldades teid P\u00fcha Neitsi Maarjale, kes on inspireerinud Neokatehhumeenilist Teed. Tema palvetab teie eest oma jumaliku Poja ees.<\/p>\n\n<p>Kallid, olgu Jumal teie k\u00f5rval. Minge, minu \u00d5nnistusega! (*) Vrd. \u00abRooma Vaatleja\u00bb, 7. m\u00e4rts 2015.<\/p>\n","protected":false},"excerpt":{"rendered":"<p>Audients Neokatehhumeenilisele Teele 6-III-2015 Franciscus Vatikan &#8211; Paulus VI Saal, 6. m\u00e4rts 2015 Kallid vennad ja \u00f5ed, tere hommikust k\u00f5ikidele! Ja suur, suur t\u00e4nu, et olete tulnud sellele kohtumisele. Paavsti \u00fclesanne, Peetruse \u00fclesanne, on kinnitada vendi usus. Nii ka teie olete tahtnud selle teoga paluda Peetruse J\u00e4reltulijalt kinnitada teie kutsumus, toetada teie missiooni, \u00f5nnistada teie karismat. Ja t\u00e4na kinnitan ma teie kutsumust, toetan teie missiooni ja \u00f5nnistan teie karismat. Ma<\/p>\n<div class=\"read-more\"><a class=\"btn read-more-btn\" href=\"https:\/\/neocatechumenaleiter.org\/et\/paavstide-sonad\/franciscus\/audients-neokatehhumeenilisele-teele-6-iii-2015\/\">Loe edasi<\/a><\/div>\n","protected":false},"author":2,"featured_media":0,"parent":19907,"menu_order":3,"comment_status":"closed","ping_status":"closed","template":"","meta":{"footnotes":""},"class_list":["post-36578","page","type-page","status-publish","hentry"],"_links":{"self":[{"href":"https:\/\/neocatechumenaleiter.org\/et\/wp-json\/wp\/v2\/pages\/36578","targetHints":{"allow":["GET"]}}],"collection":[{"href":"https:\/\/neocatechumenaleiter.org\/et\/wp-json\/wp\/v2\/pages"}],"about":[{"href":"https:\/\/neocatechumenaleiter.org\/et\/wp-json\/wp\/v2\/types\/page"}],"author":[{"embeddable":true,"href":"https:\/\/neocatechumenaleiter.org\/et\/wp-json\/wp\/v2\/users\/2"}],"replies":[{"embeddable":true,"href":"https:\/\/neocatechumenaleiter.org\/et\/wp-json\/wp\/v2\/comments?post=36578"}],"version-history":[{"count":7,"href":"https:\/\/neocatechumenaleiter.org\/et\/wp-json\/wp\/v2\/pages\/36578\/revisions"}],"predecessor-version":[{"id":47823,"href":"https:\/\/neocatechumenaleiter.org\/et\/wp-json\/wp\/v2\/pages\/36578\/revisions\/47823"}],"up":[{"embeddable":true,"href":"https:\/\/neocatechumenaleiter.org\/et\/wp-json\/wp\/v2\/pages\/19907"}],"wp:attachment":[{"href":"https:\/\/neocatechumenaleiter.org\/et\/wp-json\/wp\/v2\/media?parent=36578"}],"curies":[{"name":"wp","href":"https:\/\/api.w.org\/{rel}","templated":true}]}}