{"id":36746,"date":"2020-03-22T03:35:16","date_gmt":"2020-03-22T02:35:16","guid":{"rendered":"https:\/\/neocatechumenaleiter.org\/paavstide-sonad\/franciscus\/audients-neokatehhumeenilisele-teele-18-iii-2016\/"},"modified":"2026-03-02T12:48:29","modified_gmt":"2026-03-02T11:48:29","slug":"audients-neokatehhumeenilisele-teele-18-iii-2016","status":"publish","type":"page","link":"https:\/\/neocatechumenaleiter.org\/et\/paavstide-sonad\/franciscus\/audients-neokatehhumeenilisele-teele-18-iii-2016\/","title":{"rendered":"Audients Neokatehhumeenilisele Teele 18-III-2016"},"content":{"rendered":"\n<h1 class=\"has-text-align-center wp-block-heading\">Audients Neokatehhumeenilisele Teele 18-III-2016<\/h1>\n\n<div style=\"height:20px\" aria-hidden=\"true\" class=\"wp-block-spacer\"><\/div>\n\n<h4 class=\"has-text-align-center wp-block-heading\">Franciscus<\/h4>\n\n<div style=\"height:20px\" aria-hidden=\"true\" class=\"wp-block-spacer\"><\/div>\n\n<p>Kallid vennad ja \u00f5ed, tere hommikust!<\/p>\n\n<p>Mul on suur r\u00f5\u00f5m teiega kohtuda ning ma t\u00e4nan teid, sest teid on palju. Eriline tervitus nendele, kes kohe teele asuvad! Te olete vastu v\u00f5tnud evangeliseerimise kutset: ma kiidan Issandat selle eest, Tee anni eest ja teie iga\u00fche eest. Ma tahaksin r\u00f5hutada kolm s\u00f5na, mida Evangeelium teile just andis, missiooni saadetisena: <em>\u00fchtsus, kirkus <\/em>ja\u00a0<em>maailm.<\/em><\/p>\n\n<p><em>\u00dchtsus.<\/em> Jeesus palvetab Isa, et tema omaksed oleksid &#8220;t\u00e4ielikult \u00fcks&#8221; (Jh 17,23): ta tahab, et nad oleksid &#8220;\u00fcks&#8221; (s. 22), nagu Tema ja Isa. See on tema viimane palve enne Kannatust, k\u00f5ige anutum: et oleks osadus Kirikus. <strong>Osadus on h\u00e4davajalik.<\/strong> Jumala ja inimese vaenlane, kurivaim, ei saa midagi teha Evangeeliumi vastu, palve ja Sakramentide alandliku j\u00f5u vastu, aga see v\u00f5ib Kirikule v\u00e4ga haiget teha meie inimlikkust kiusates. See tekitab edevust, teiste \u00fcle kohut m\u00f5istmist, sulgemisi, lahutusi. Tema ise on &#8220;lahutaja&#8221; ja alustab tihti nii, et paneb meid uskuma, et me oleme head, v\u00f5ib olla paremad kui teised: nii on maapind valmis, et raiheina k\u00fclvata. See on k\u00f5ikide koguduste kiusatus ja see v\u00f5ib sisse pugeda ka Kiriku ilusaimatesse karismadesse.<\/p>\n\n<p><strong>Te olete saanud suurt karismat elu ristimise uuendamiseks;\u00a0<\/strong>Kirikusse sisenetakse Ristimisega. Iga karisma on Jumala arm, et suurendada osadust. Aga karisma v\u00f5ib halvaks muutuda, kui ennast suletakse v\u00f5i eputatakse, kui tahetakse ennast teistest eristada. Seep\u00e4rast peab seda kaitsma.\u00a0<strong>Kaitske oma karismat!<\/strong> Kuidas? J\u00e4rgides peateed:\u00a0<em>alandlikku\u00a0<\/em>ja<em> s\u00f5nakuulelikku \u00fchtsust<\/em>. Kui seda on, P\u00fcha Vaim j\u00e4tkab tegutsemist, nagu see tegi Maarjas, avatud, alandlik ja s\u00f5nakuulelik. Alati on t\u00e4htis valvata karismat, puhastades v\u00f5imalikke inimlikke liialdusi otsides \u00fchtsust k\u00f5ikidega ja s\u00f5nakuulelikkust Kirikule. Niimoodi\u00a0<em>hingatakse Kirikus ja Kirikuga<\/em>; nii j\u00e4\u00e4dakse &#8220;Hierarhilise P\u00fcha Ema Kiriku&#8221; kuulekateks lasteks, missiooniks &#8220;seatud ja valmis hingega&#8221; (vrd P\u00fcha Ignatius Loyola,\u00a0<em>Vaimsed harjutused<\/em>, 353).<\/p>\n\n<p>Ma r\u00f5hutan seda punkti: Kirik on meie Ema. Nagu lapsed kannavad oma n\u00e4os sarnasust emaga, nii me k\u00f5ik sarnaneme oma Emale, Kirikule.\u00a0<strong>Peale Ristimist\u00a0<\/strong>me ei ela enam isoleeritud indiviididena,\u00a0<strong>aga oleme muutunud meesteks ja naisteks osaduses, kutsutud olema osaduse t\u00f6\u00f6lised maailmas.\u00a0<\/strong>Sest Jeesus pole ainult\u00a0<em>rajanud Kirikut meie jaoks,<\/em> aga\u00a0<em>on rajanud meid Kirikuna.<\/em> Kirik pole vahend meie jaoks: me oleme Kirik. Temast me oleme taass\u00fcndinud, temalt me toitume Eluleivaga, temalt me saame elu s\u00f5nu, oleme andestatud ja saadetud koju. See on Kiriku viljakus, kes on Ema: see pole organisatsioon, mis otsib j\u00e4rgijaid, v\u00f5i grupp, kes l\u00e4heb edasi j\u00e4rgides oma ideede loogikat, aga Ema, kes edastab Jeesuselt saadud elu.<\/p>\n\n<p>See viljakus v\u00e4ljendub l\u00e4bi ministeeriumi ja Karjaste juhi all. Ka institutsioon on karisma, sest tema juured on samas allikas, milleks on P\u00fcha Vaim. Tema on elav vesi, aga vesi saab j\u00e4tkata elu andmist ainult siis, kui taime eest hoolitsetakse ja teda p\u00fcgatakse. Kustutage oma janu armastuse, Vaimu allikas ja hoolitsege, delikaatselt ja austusega, kogu kirikliku organismi eest, eriti hapramate osade eest, et see kasvaks k\u00f5ik koos, harmooniliselt ja viljakalt.<\/p>\n\n<p><em>Kirkus.<\/em> Enne oma Kannatust, Jeesus kuulutab et\u00a0<strong>teda &#8220;kirgastatakse&#8221; ristil: seal ilmub tema kirkus <\/strong>(vrd Jh 17,5). Aga see on uus kirkus: ilmalik kirkus n\u00e4itab ennast kui ollakse t\u00e4htsad, imetletud, kui on vara ja edu. Aga Jumala kirkus paljastub ristil: see on armastus, mis s\u00e4rab ja levib. See on paradoksaalne kirkus: m\u00fcrata, tuluta ja aplausita. Aga ainult see kirkus muudab Evangeeliumit viljakaks. Nii ka Ema Kirik on viljakas, kui ta j\u00e4ljendab Jumala armulist armastust, mis pakub ennast, kuid ei suru ennast peale. See on alandlik, tegutseb nagu vihm maas, nagu \u00f5hk, mida hingatakse, nagu v\u00e4ike seeme, mis kannab vilja vaikuses. Kes kuulutab armastust ei saa seda teha, kui mitte samas armastuse stiilis.<\/p>\n\n<p><em>Maailm.<\/em> &#8220;N\u00f5nda on Jumal maailma armastanud&#8221;, et ta on saatnud Jeesust (vrd Jh 3,16). Kes armastab pole kaugel, aga l\u00e4heb vastu. Te l\u00e4hete paljude linnade, Riikide poole.\u00a0<strong>Jumal\u00a0<\/strong>pole ilmalikkusest meelitatud, vaid vihkab seda; aga\u00a0<strong>armastab maailma,<\/strong> mida ta on loonud, ja\u00a0<strong>armastab oma lapsi maailmas<\/strong> nii, nagu nad on, kus nad elavad, isegi kui nad on &#8220;kaugel&#8221;. Teie jaoks ei saa olema lihtne elu kaugetes Riikides, erinevates kultuurides, see ei saa olema lihtne teile. Aga see on teie missioon. Ja seda te teete armastusest, armastusest Ema Kirikule, selle viljaka ema \u00fchtsusele; te teete seda, et Kirik oleks ema ja viljakas. N\u00e4idake lastele Isa \u00f5rna pilku ja pidage annina reaalsusi, mida te kohtate; saage tuttavaks kultuuridega, keeltega ja kohalike tavadega, austades neid ja tundes \u00e4ra armu seemneid, mida Vaim on juba k\u00fclvanud. Alistumata kiusatusele siirdada omandatud mudeleid, k\u00fclvake <em>esimest kuulutust<\/em>: &#8220;mis on ilusam, suurem, atraktiivsem ja samal ajal vajalik&#8221; (Ap. \u00fcleskutse\u00a0<em>Evangelii gaudium<\/em>, 35).\u00a0<strong>Hea uudis peab alati tagasi tulema<\/strong>, muidu usk v\u00f5ib muutuda k\u00fclmaks ja eluta doktriiniks. Evangeliseerida peredena, siis, elades \u00fchtsust ja lihtsust, on juba elu kuulutus, ilus tunnistus, mille eest ma t\u00e4nan teid v\u00e4ga. Ja ma t\u00e4nan teid, enda nimel, aga ka kogu Kiriku nimel selle minemise \u017eesti eest, minna tundmatu poole ja ka kannatada. Sest seal on kannatus, aga seal on ka Jumala kirkuse r\u00f5\u00f5m, kirkus, mis on Ristil. Ma saadan teid ja julgustan teid ning palun, et te ei unustaks minu eest palvetada. Ma j\u00e4\u00e4n siia, aga s\u00fcdamega tulen teiega kaasa.<br \/><br \/><em>(*) Vrd. \u201cRooma Vaatleja\u201d,19. m\u00e4rts 2016<\/em><\/p>\n","protected":false},"excerpt":{"rendered":"<p>Audients Neokatehhumeenilisele Teele 18-III-2016 Franciscus Kallid vennad ja \u00f5ed, tere hommikust! Mul on suur r\u00f5\u00f5m teiega kohtuda ning ma t\u00e4nan teid, sest teid on palju. Eriline tervitus nendele, kes kohe teele asuvad! Te olete vastu v\u00f5tnud evangeliseerimise kutset: ma kiidan Issandat selle eest, Tee anni eest ja teie iga\u00fche eest. Ma tahaksin r\u00f5hutada kolm s\u00f5na, mida Evangeelium teile just andis, missiooni saadetisena: \u00fchtsus, kirkus ja\u00a0maailm. \u00dchtsus. Jeesus palvetab Isa, et<\/p>\n<div class=\"read-more\"><a class=\"btn read-more-btn\" href=\"https:\/\/neocatechumenaleiter.org\/et\/paavstide-sonad\/franciscus\/audients-neokatehhumeenilisele-teele-18-iii-2016\/\">Loe edasi<\/a><\/div>\n","protected":false},"author":2,"featured_media":0,"parent":19907,"menu_order":4,"comment_status":"closed","ping_status":"closed","template":"","meta":{"footnotes":""},"class_list":["post-36746","page","type-page","status-publish","hentry"],"_links":{"self":[{"href":"https:\/\/neocatechumenaleiter.org\/et\/wp-json\/wp\/v2\/pages\/36746","targetHints":{"allow":["GET"]}}],"collection":[{"href":"https:\/\/neocatechumenaleiter.org\/et\/wp-json\/wp\/v2\/pages"}],"about":[{"href":"https:\/\/neocatechumenaleiter.org\/et\/wp-json\/wp\/v2\/types\/page"}],"author":[{"embeddable":true,"href":"https:\/\/neocatechumenaleiter.org\/et\/wp-json\/wp\/v2\/users\/2"}],"replies":[{"embeddable":true,"href":"https:\/\/neocatechumenaleiter.org\/et\/wp-json\/wp\/v2\/comments?post=36746"}],"version-history":[{"count":3,"href":"https:\/\/neocatechumenaleiter.org\/et\/wp-json\/wp\/v2\/pages\/36746\/revisions"}],"predecessor-version":[{"id":47821,"href":"https:\/\/neocatechumenaleiter.org\/et\/wp-json\/wp\/v2\/pages\/36746\/revisions\/47821"}],"up":[{"embeddable":true,"href":"https:\/\/neocatechumenaleiter.org\/et\/wp-json\/wp\/v2\/pages\/19907"}],"wp:attachment":[{"href":"https:\/\/neocatechumenaleiter.org\/et\/wp-json\/wp\/v2\/media?parent=36746"}],"curies":[{"name":"wp","href":"https:\/\/api.w.org\/{rel}","templated":true}]}}