{"id":36748,"date":"2020-03-22T16:17:04","date_gmt":"2020-03-22T15:17:04","guid":{"rendered":"https:\/\/neocatechumenaleiter.org\/paavstide-sonad\/franciscus\/puha-isa-kone-neokatehhumeenilise-tee-50-aastapaeval-5-v-2018\/"},"modified":"2026-03-02T12:50:17","modified_gmt":"2026-03-02T11:50:17","slug":"puha-isa-kone-neokatehhumeenilise-tee-50-aastapaeval-5-v-2018","status":"publish","type":"page","link":"https:\/\/neocatechumenaleiter.org\/et\/paavstide-sonad\/franciscus\/puha-isa-kone-neokatehhumeenilise-tee-50-aastapaeval-5-v-2018\/","title":{"rendered":"P\u00fcha Isa k\u00f5ne Neokatehhumeenilise Tee 50. aastap\u00e4eval 5-V-2018"},"content":{"rendered":"\n<h1 class=\"has-text-align-center wp-block-heading\">P\u00fcha Isa k\u00f5ne Neokatehhumeenilise Tee 50. aastap\u00e4eval 5-V-2018<\/h1>\n\n<div style=\"height:20px\" aria-hidden=\"true\" class=\"wp-block-spacer\"><\/div>\n\n<h4 class=\"has-text-align-center wp-block-heading\">Franciscus<\/h4>\n\n<div style=\"height:20px\" aria-hidden=\"true\" class=\"wp-block-spacer\"><\/div>\n\n<p><em>Tor Vergata lagendik &#8211; Rooma, 5. mai 2018<\/em><\/p>\n\n<p>Kallid vennad ja \u00f5ed, tere hommikust!<\/p>\n\n<p>Ma olen \u00f5nnelik teiega kohtumise \u00fcle ja \u00f6elda teiega: ait\u00e4h! Ait\u00e4h Jumalale, ja ka teile, eelk\u00f5ige nendele, kes on k\u00e4inud pika tee, et siin olla. Ait\u00e4h &#8220;jah&#8221; eest, mida te olete \u00f6elnud, et olete vastu v\u00f5tnud Issanda kutsumust elada Evangeeliumit ja evangeliseerida. Ja suur ait\u00e4h ka neile, kes alustasid Neokatehhumeenilist Teed viisk\u00fcmmend aastat tagasi.<\/p>\n\n<p>Viisk\u00fcmmend on t\u00e4htis number P\u00fchakirjas: viiek\u00fcmnendal p\u00e4eval \u00dclest\u00f5usnu Vaim laskus Apostlite peale ja avaldas maailmale Kirikut. Veel varem, Jumal oli \u00f5nnistanud viiek\u00fcmnendat aastat: &#8220;Viiek\u00fcmnes aasta olgu teile juubeliaastaks&#8221; (3Ms 25,11). P\u00fcha aasta, milles v\u00e4ljavalitud rahvas oleks puudutanud k\u00e4ega uusi reaalsusi, nagu vabastamist ja r\u00f5hutute koju tulekut: &#8220;Kuulutage vabakslaskmist k\u00f5igile elanikele maal &#8211; oli Issand \u00f6elnud -. [ &#8230; ] Iga\u00fcks teist saab tagasi oma p\u00e4risosale ja iga\u00fcks p\u00f6\u00f6rdub oma suguv\u00f5sa juurde&#8221; (s. 10). N\u00e4e, peale viisk\u00fcmmend aastat Teed oleks tore, et iga\u00fcks teist \u00fctleks: &#8220;<strong>Ait\u00e4h, Issand, sest sa oled mind t\u00f5esti vabastanud; sest Kirikus olen ma leidnud oma perekonna; sest sinu Ristimises vanad asjad on m\u00f6\u00f6dunud ja ma maitsen uut elu (vrd 2Kr 5,17); sest l\u00e4bi Tee oled sa mulle n\u00e4idanud teekonna, et avastada sinu \u00f5rna Isa armastust<\/strong>&#8220;.<\/p>\n\n<p>Kallid vennad ja \u00f5ed, l\u00f5pus te laulate Jumala armastuse ja ustavuse t\u00e4namise &#8220;<em>Te Deum<\/em>&#8221; laulu. See on v\u00e4ga ilus: t\u00e4nada Jumalat tema armastuse ja ustavuse eest. Tihti me t\u00e4name teda andide eest, selle eest, mida ta meile annab, ja hea on seda teha. Aga veel parem on t\u00e4nada teda selle eest, mis ta on, sest ta on armastuses ustav Jumal. Tema headus ei olene meist.\u00a0<strong>Mida iganes me teeme, Jumal armastab meid ustavalt j\u00e4tkuvalt. See on meie usalduse allikas, elu suur lohutus.\u00a0<\/strong>Nii et julgust, \u00e4rge kurvastage kunagi! Ja kui probleemide pilved tunduvad tihenevat raskelt teie p\u00e4evade peale, pidage meeles, et\u00a0<strong>Jumala ustav armastus s\u00e4rab alati, nagu p\u00e4ike, mis ei looju. M\u00e4letage tema headust, tugevam kui iga kurjus, ja Jumala armastuse magus m\u00e4lestus aitab teid igas ahastuses.<\/strong><\/p>\n\n<p>Puudub veel \u00fcks t\u00e4htis ait\u00e4h: nendele, kes kohe l\u00e4hevad missioonile. Tunnen, et soovin \u00f6elda teile midagi s\u00fcdamest just missiooni kohta, evangeliseerimise kohta, mis on Kiriku prioriteet t\u00e4nap\u00e4eval. Sest\u00a0<strong>missioon on teha kuuldavaks Jumala ustavat armastust, see on kuulutada, et Issand armastab meid ja ei v\u00e4si kunagi minust, sinust, meist ja meie maailmast<\/strong>, millest meie v\u00f5ib olla v\u00e4sime. Missioon on anda, mida oleme saanud. Missioon on t\u00e4ita Jeesuse \u00fclesannet, mida oleme kuulanud ja millele ma tahaksin teiega peatuda: &#8220;Minge siis, tehke j\u00fcngriteks k\u00f5ik rahvad&#8221; (Mt 28,19).<\/p>\n\n<p>Minge. Missioon palub lahkumist. Aga elus on tugev kiusatus paigal j\u00e4\u00e4da, mitte riskida, leppida sellega, et olukord on kontrolli all. Lihtsam on j\u00e4\u00e4da koju, \u00fcmbritsetud inimestega, kes meid armastavad, aga see pole Jeesuse tee. Tema saadab: &#8220;Minge&#8221;. Ta ei kasuta keskmiseid m\u00f5\u00f5te. Ta ei luba v\u00e4hendatud reise v\u00f5i h\u00fcvitatud reise, aga \u00fctleb oma j\u00fcngritele, k\u00f5ikidele oma j\u00fcngirtele \u00fcht ainsat s\u00f5na: &#8220;Minge!&#8221;. Minge: tugev kutse, mis resoneerib igas kristliku elu kuristikus; selge kutse olla alati lahkumisel, palver\u00e4ndurid maailmas otsides venda, kes veel ei tunne Jumala armastuse r\u00f5\u00f5mu.<\/p>\n\n<p>Aga kuidas saab minna? Peame olema vilgad, me ei saa kaasa v\u00f5tta kogu maja sisustust. Piibel \u00f5petab seda: kui Jumal vabastas v\u00e4ljavalitud rahvast, viis ta nad k\u00f5rbesse, ainsaks pagasiks oli usk Temasse. Ja muutunud inimeseks, Ta ise k\u00f5ndis vaesuses, teadmata, kuhu ta oma pea v\u00f5iks panna (vrd Lk 9,58). Samat stiili ta palub omakstelt. <strong>Et minna, me peame olema kerged. <\/strong>Et kuulutada, me peame loobuma. Ainult Kirik, mis loobub maailmast, kuulutab h\u00e4sti Issandat. Ainult v\u00f5imust ja rahast vabastatud, triumfaalidest ja klerikalismidest vaba Kirik tunnistab usutaval viisil, et\u00a0<strong>Kristus vabastab inimest.<\/strong> Ja kes, tema armastusest, \u00f5pib loobuma asjadest, mis m\u00f6\u00f6duvad, kallistab seda suurt aaret: vabadust. Ta ei j\u00e4\u00e4 petetuna oma sidemetest, mis alati n\u00f5uavad midagi rohkemat, aga ei anna kunagi rahu, ja tunneb, et s\u00fcda laieneb, muredeta, saadaval Jumala ja vendade jaoks.<\/p>\n\n<p>&#8220;Minge&#8221; on missiooni tegus\u00f5na ja see \u00fctleb meile veel \u00fcht asja: et seda p\u00f6\u00f6ratakse mitmuses. Issand ei \u00fctle: &#8220;mine sina, siis sina, siis sina &#8230; &#8220;, vaid &#8220;minge&#8221;, koos! Tervenisti misjon\u00e4r pole see, kes l\u00e4heb \u00fcksi, vaid need, kes k\u00f5nnivad koos. Koos k\u00f5ndida on kunst, mida peab alati \u00f5ppima, iga p\u00e4ev. Peame olema ettevaatlikud, n\u00e4iteks, mitte dikteerida teistele sammu. Pigem on vaja kaasas k\u00e4ia ja oodata, m\u00e4letades, et teise teekond pole minu omaga identne. Nagu elus pole kellelgi sama samm teisega, nii ka usus ja missioonis: mindakse edasi koos, ennast isoleerimata ja oma s\u00f5idusuunda peale surumata; mindakse edasi \u00fchtselt, nagu Kirik, Karjastega, k\u00f5ikide vendadega, edasi jooksmata ja aegalsema sammuga vendade \u00fcle nurisemata. Oleme palver\u00e4ndurid, kes, saadetud vendadest, saadavad teisi vendi, ja hea on seda teha isiklikult, hoolega ja austusega iga\u00fche teekonna vastu ja kellegi kasvu sundimata, sest vastus Jumalale k\u00fcpseb ainult autentses ja ausas vabaduses.<\/p>\n\n<p>\u00dclest\u00f5usnud Jeesus \u00fctleb: &#8220;Tehke j\u00fcngiteks&#8221;. See on missioon. Ta ei \u00fctle: vallutage, h\u00f5ivake, vaid &#8220;tehke j\u00fcngriteks&#8221;, ehk jagage teistega andi, mida te olete saanud, armastuse kohtumist, mis muutis teie elu. See on missiooni s\u00fcda: tunnistada, et Jumal armastab meid ja Temaga on v\u00f5imalik t\u00f5eline armastus, see, mis viib elu andmiseni kus iganes: perekonnas, t\u00f6\u00f6l, p\u00fchitsetuna ja abielus. Missioon on naasta j\u00fcngritena Jeesuse uute j\u00fcngritega. See on taasavastada ennast osana Kirikust, mis on j\u00fcnger. Jah, Kirik on \u00f5petaja, aga ta ei saa olla \u00f5petaja, kui ta pole enne j\u00fcnger, nii, nagu ta ei saa olla ema, kui ta enne pole t\u00fctar. See on meie Ema: alandlik Kirik, Isa t\u00fctar ja \u00d5petaja j\u00fcnger, \u00f5nnelik inimkonna \u00f5e olemise \u00fcle. Ja see j\u00fcngrite d\u00fcnaamika &#8211; j\u00fcnger, kes teeb j\u00fcngreid &#8211; on t\u00e4iesti erinev propageerimise d\u00fcnaamikast.<\/p>\n\n<p>Siin on kuulutuse j\u00f5ud, et maailm usuks. Ei loe argumendid, mis veenavad, aga elu, mis meelitab; mitte oskus ennast peale suruda, aga julgus teenida. Ja teil on oma &#8220;DNA&#8221;-s see kutsumus kuulutada elades perekonnas, p\u00fcha Perekonna eeskujul: alandlikkuses, lihtsuses ja kiituses. Viige see perekondlik atmosf\u00e4\u00e4r paljudesse mahaj\u00e4etud ja armastuseta kohtadesse. Laske ennast \u00e4ra tunda Jeesuse s\u00f5pradena. K\u00f5iki kutsuge s\u00f5pradeks ja olge k\u00f5ikide s\u00f5brad.<\/p>\n\n<p><div class=\"gmail_default\">&#013;\n&#013;\n<strong>&#8220;<\/strong><strong>Minge siis, tehke j\u00fcngriteks k\u00f5ik rahvad&#8221;.\u00a0<\/strong>Ja, kui Jeesus \u00fctleb k\u00f5ik, tundub, et ta tahab r\u00f5hutada, et tema s\u00fcdames on ruumi k\u00f5ikide rahvaste jaoks. Keegi pole v\u00e4lja arvatud.&#013;\n&#013;\nNagu lapsed isale ja emale: isegi kui nad on palju, suured ja v\u00e4iksed, iga\u00fcht armastatakse kogu s\u00fcdamest. Sest armastus, ennast andes, ei v\u00e4hene, suureneb. Ja see on alati lootusrikkas. Nagu vanemad, kes ei n\u00e4e ennek\u00f5ike laste defekte ja puuduseid, vaid lapsi ise, ja selles valguses v\u00f5tavad vastu nende probleeme ja raskusi, nii teevad misjon\u00e4rid Jumala poolt armastatud rahvastega.&#013;\n&#013;\nNad ei t\u00f5sta esile negatiivseid aspekte ja asju, mida peab muutma, aga &#8220;n\u00e4evad s\u00fcdamega&#8221;, pilguga, mis hindab, l\u00e4henemisviisiga, mis austab, usaldusega, mis annab kannatlikkust. Minge nii missioonile, m\u00f5eldes, et &#8220;m\u00e4ngitakse kodus&#8221;. Sest <strong>Issand on kodus igas rahvas ja tema Vaim on juba k\u00fclvanud enne teie tulekut.<\/strong> Ja m\u00f5eldes oma Isale, kes on n\u00f5nda armastanud maailma (vrd Jh 3,16), olge kirglikud inimkonna vastu, kaasosalised k\u00f5ikide r\u00f5\u00f5mus (vrd 2Kr 1,24), autoriteetsed, sest olete ligimehed, kuulatavad, sest olete l\u00e4hedal. Armastage rahvaste kultuure ja traditsioone, rakendamata eelnevalt v\u00e4ljat\u00f6\u00f6tatud mudeleid. \u00c4rge l\u00e4htuge teooriatest ja skeemidest, aga konkreetsetest olukordadest: niimoodi vormib Vaim kuulutust vastavalt oma aegadele ja viisidele. Ja Kirik kasvab tema n\u00e4o j\u00e4rgi: \u00fchtsus rahvaste, andide ja karismade erinevuses.&#013;\n&#013;\n<\/div><\/p>\n\n<p>Kallid vennad ja \u00f5ed, teie karisma on suur Jumala and t\u00e4nap\u00e4eva Kirikule. T\u00e4name Issandat nende viiek\u00fcmne aasta eest: aplaus viiek\u00fcmnele aastale! Ja vaadates tema isalikku, vennalikku ja armastusrikkast ustavust \u00e4rge kaotage kunagi usaldust: Tema kaitseb teid, samal ajal julgustades teil minna, armastatud j\u00fcngritena, k\u00f5ikide rahvaste poole, alandliku lihtsusega. Ma saadan teid ja julgustan teid: minge edasi! Ja, palun, \u00e4rge unustage palvetada minu eest, kes j\u00e4\u00e4n siia! (*) Vrd &#8220;Rooma Vaatleja&#8221;, 6. mai 2018.<\/p>\n","protected":false},"excerpt":{"rendered":"<p>P\u00fcha Isa k\u00f5ne Neokatehhumeenilise Tee 50. aastap\u00e4eval 5-V-2018 Franciscus Tor Vergata lagendik &#8211; Rooma, 5. mai 2018 Kallid vennad ja \u00f5ed, tere hommikust! Ma olen \u00f5nnelik teiega kohtumise \u00fcle ja \u00f6elda teiega: ait\u00e4h! Ait\u00e4h Jumalale, ja ka teile, eelk\u00f5ige nendele, kes on k\u00e4inud pika tee, et siin olla. Ait\u00e4h &#8220;jah&#8221; eest, mida te olete \u00f6elnud, et olete vastu v\u00f5tnud Issanda kutsumust elada Evangeeliumit ja evangeliseerida. Ja suur ait\u00e4h ka neile,<\/p>\n<div class=\"read-more\"><a class=\"btn read-more-btn\" href=\"https:\/\/neocatechumenaleiter.org\/et\/paavstide-sonad\/franciscus\/puha-isa-kone-neokatehhumeenilise-tee-50-aastapaeval-5-v-2018\/\">Loe edasi<\/a><\/div>\n","protected":false},"author":2,"featured_media":0,"parent":19907,"menu_order":6,"comment_status":"closed","ping_status":"closed","template":"","meta":{"footnotes":""},"class_list":["post-36748","page","type-page","status-publish","hentry"],"_links":{"self":[{"href":"https:\/\/neocatechumenaleiter.org\/et\/wp-json\/wp\/v2\/pages\/36748","targetHints":{"allow":["GET"]}}],"collection":[{"href":"https:\/\/neocatechumenaleiter.org\/et\/wp-json\/wp\/v2\/pages"}],"about":[{"href":"https:\/\/neocatechumenaleiter.org\/et\/wp-json\/wp\/v2\/types\/page"}],"author":[{"embeddable":true,"href":"https:\/\/neocatechumenaleiter.org\/et\/wp-json\/wp\/v2\/users\/2"}],"replies":[{"embeddable":true,"href":"https:\/\/neocatechumenaleiter.org\/et\/wp-json\/wp\/v2\/comments?post=36748"}],"version-history":[{"count":29,"href":"https:\/\/neocatechumenaleiter.org\/et\/wp-json\/wp\/v2\/pages\/36748\/revisions"}],"predecessor-version":[{"id":47827,"href":"https:\/\/neocatechumenaleiter.org\/et\/wp-json\/wp\/v2\/pages\/36748\/revisions\/47827"}],"up":[{"embeddable":true,"href":"https:\/\/neocatechumenaleiter.org\/et\/wp-json\/wp\/v2\/pages\/19907"}],"wp:attachment":[{"href":"https:\/\/neocatechumenaleiter.org\/et\/wp-json\/wp\/v2\/media?parent=36748"}],"curies":[{"name":"wp","href":"https:\/\/api.w.org\/{rel}","templated":true}]}}