{"id":36774,"date":"2020-03-22T16:28:54","date_gmt":"2020-03-22T15:28:54","guid":{"rendered":"https:\/\/neocatechumenaleiter.org\/paavstide-sonad\/franciscus\/regina-coeli-puha-peetruse-valjakul-tanud-teie-evangeliseerimise-too-eest-6-v-2018\/"},"modified":"2026-03-02T12:47:21","modified_gmt":"2026-03-02T11:47:21","slug":"regina-coeli-puha-peetruse-valjakul-tanud-teie-evangeliseerimise-too-eest-6-v-2018","status":"publish","type":"page","link":"https:\/\/neocatechumenaleiter.org\/et\/paavstide-sonad\/franciscus\/regina-coeli-puha-peetruse-valjakul-tanud-teie-evangeliseerimise-too-eest-6-v-2018\/","title":{"rendered":"\u00abRegina Coeli\u00bb P\u00fcha Peetruse v\u00e4ljakul: &#8220;Ait\u00e4h Teie Evangeliseerimist\u00f6\u00f6 Eest&#8221; 6-V-2018"},"content":{"rendered":"\n<h1 class=\"has-text-align-center wp-block-heading\">\u00abRegina Coeli\u00bb P\u00fcha Peetruse v\u00e4ljakul: &#8220;Ait\u00e4h Teie Evangeliseerimist\u00f6\u00f6 Eest&#8221; 6-V-2018<\/h1>\n\n<div style=\"height:20px\" aria-hidden=\"true\" class=\"wp-block-spacer\"><\/div>\n\n<h4 class=\"has-text-align-center wp-block-heading\">Franciscus<\/h4>\n\n<div style=\"height:20px\" aria-hidden=\"true\" class=\"wp-block-spacer\"><\/div>\n\n<p><em><strong>P\u00fcha Peetruse v\u00e4ljak &#8211; Rooma, 6. mai 2018<\/strong><\/em><\/p>\n\n<p>Kallid vennad ja \u00f5ed, tere hommikust!<\/p>\n\n<p>Sellel paasap\u00fcha ajal Jumala S\u00f5na n\u00e4itab meile pidevalt\u00a0<em>elustiile, <\/em>et\u00a0olla\u00a0<em>\u00dclest\u00f5usnu kogudus<\/em>. Nende seas t\u00e4nane Evangeelium esitleb Jeesuse andi: &#8220;<em>J\u00e4\u00e4ge minu<\/em> <em>armastusse<\/em>&#8221; (Jh 15,9): j\u00e4\u00e4da Jeesuse armastusse. Elada Jumala armastuse voolus, elada seal pidevalt, see on eeldus, selleks et meie armastus ei kaotaks tee k\u00e4igus oma tulihingelisust ja oma jultumust. Ka meie, nagu Jeesuski ja Temas, peame t\u00e4nulikkusega vastu v\u00f5tma armastust, mis tuleb Isalt, ja j\u00e4\u00e4ma sellesse armastusse, \u00fcritades sellest mitte eralduda isekusega ja patuga. See on n\u00f5udlik programm, kuid mitte v\u00f5imatu.<\/p>\n\n<p>Ennek\u00f5ike on t\u00e4htis teadvustada, et Kristuse armastus pole pinnapealne tunne, ei, see on s\u00fcdame h\u00e4davajalik suhtumine, mis avaldub elades nagu Tema tahab. Jeesus kinnitab &#8220;Kui teie peate minu k\u00e4ske, siis te j\u00e4\u00e4te minu armastusse, n\u00f5nda nagu mina olen pidanud oma Isa k\u00e4ske ja j\u00e4\u00e4n tema armastusse&#8221; (s. 10). Armastus realiseerub igap\u00e4evases elus, suhtumistes, tegudes; muidu see on lihtsalt midagi illusoorset. Need on s\u00f5nad, s\u00f5nad, s\u00f5nad: see pole armastus. Armastus on konkreetne, iga p\u00e4ev. Jeesus palub meil j\u00e4rgida tema k\u00e4ske, mis kokku v\u00f5ttes on see: &#8220;armastage \u00fcksteist, nagu mina olen armastanud teid&#8221; (s. 12).<\/p>\n\n<p>Mida teha, et see armastus, mida \u00fclest\u00f5usnud Issand meile annab, saaks olla jagatud teistega? Jeesus on mitu korda n\u00e4idanud, kes on ligimees, keda peab armastama, mitte s\u00f5nadega, vaid tegudega. See on see, keda ma kohtan oma teekonnal ja kes oma n\u00e4oga ja elulooga k\u00fcsitleb mind; see, kes oma kohalolekuga sunnib mind v\u00e4ljuma oma huvidest ja oma kindlustest; see, kes ootab minu valmisolekut kuulama ja k\u00e4ia osa teekonnast koos. Saadavus iga venna ja \u00f5e suhtes, kes iganes nad on ja mis iganes olukorras nad on, alustades l\u00e4hemal olevaga perekonnas, koguduses, t\u00f6\u00f6l, koolis&#8230; Sel viisil, kui ma j\u00e4\u00e4n Jeesusega seotuks, tema armastus v\u00f5ib j\u00f5uda ligimehele ja meelitada teda enda juurde, oma s\u00f5prusele.&#013;\n&#013;\nJa see armastus ligimehele ei saa olla reserveeritud erakordsetele olukordadele, vaid see peab muutuma meie eksistentsi konstandiks. Seep\u00e4rast me olemegi kutsutud, n\u00e4iteks hoolitsema vanurite eest armastusega ja nagu v\u00e4\u00e4rtuslikku aaret, isegi kui nad tekitavad majanduslikke probleeme ja ebamugavusi, kuid me peame nende eest hoolitsema. Seep\u00e4rast haigetele, isegi kui viimases staadiumis, peame andma k\u00f5ikv\u00f5imalikku abi. Seep\u00e4rast s\u00fcndivaid lapsi peab alati vastu v\u00f5tma; seep\u00e4rast, kindlasti, peab alati elu kaitsma ja armastama viljastumisest tema loomuliku loojanguni. Ja see on armastus.&#013;\n&#013;\nMe oleme armastatud Jumala poolt Jeesus Kristuses, kes palub meil armastada \u00fcksteist, nagu Tema meid armastab. Aga seda me ei saa teha, kui meil pole temaga sama S\u00fcda.<\/p>\n\n<p>Euharistia, millele oleme kutsutud osa v\u00f5tma iga p\u00fchap\u00e4ev, \u00fclesandeks on vormida meis Kristuse S\u00fcda, nii et kogu meie elu oleks juhitud tema lahketest suhtumistest. Neitsi Maarja aidaku meil j\u00e4\u00e4da Jeesuse armastuses ja kasvada armastuses k\u00f5ikide vastu, eriti n\u00f5rgemate vastu, et t\u00e4ielikult vastata oma kristlikule kutsumusele.<\/p>\n\n<hr class=\"wp-block-separator\" \/>\n\n<p><strong>Peale\u00a0<em>Regina Coelit\u00a0<\/em>(Taevaste Kuningannat):<\/strong><\/p>\n\n<p>Kallid vennad ja \u00f5ed,<\/p>\n\n<p>eile, Aachenis (Saksamaal), kuulutati \u00d5nnis Clara Fey, Vaese Jeesuslapse Nunnade rajaja, kes elas \u00fcheksateistk\u00fcmnenda sajandi teisel poolel. T\u00e4nagem Jumalat selle innuka Evangeeliumi tunnistaja ja ebasoodsates olukordades olevate noorte hooliva kasvataja eest.<\/p>\n\n<p>Ma kutsun palvetama Kesk-Aafrika Vabariigi elanikkonna eest, Riik, mida mul oli r\u00f5\u00f5m k\u00fclastada ja mida kannan oma s\u00fcdames ja kus viimastel p\u00e4evadel on aset leidnud rasked v\u00e4gavallateod mitmete surnute ja haavatutega, kelle seas ka \u00fcks preester. Issand, Neitsi Maarja eestkoste l\u00e4bi, aidaku k\u00f5ikidel \u00f6elda ei v\u00e4givallale ja k\u00e4ttemaksule, et ehitada koos rahu.<\/p>\n\n<p>Tervitan k\u00f5iki teid, roomlased ja palver\u00e4ndurid, eriti neid, kes tulevad Oviedost (Hispaaniast), Vrbov\u00e9 (Slovakkia) tudengid ja Berni altaripoisse. Eriline tervitus uutele \u0160veitsi kaardiv\u00e4elastele, nende perekondadele ja s\u00f5pradele, sellel ajaloolise ja heategeva Keha pidup\u00e4eval. Aplaus neile!<\/p>\n\n<p>Tervitan\u00a0<em>Meter\u00a0<\/em>\u00dchingu esindajaid, keda julgustan j\u00e4tkama p\u00fchendumist v\u00e4givalla ohvriteks olnud laste abistamiseks; nagu ka Piacenza ja Borgoricco usklikke ja Castelfranco Emilia iluv\u00f5imlejaid.<br \/><br \/>Kuulsin ka m\u00f5ned Neokatehhumeenilise Tee laule&#8230; Seal nad on! Ait\u00e4h! Ait\u00e4h teie evangeliseerimist\u00f6\u00f6 eest. Te olete k\u00f5ikjal, ait\u00e4h!<\/p>\n\n<p>Tervitan ka k\u00f5iki Latina vangla vangide eest, kes on hetkel meiega vaimselt \u00fchendatud.<\/p>\n\n<p>K\u00f5ikidele soovin head p\u00fchap\u00e4eva. Ja palun \u00e4rge unustage minu eest palvetada. Head l\u00f5unat ja n\u00e4gemiseni!<\/p>\n","protected":false},"excerpt":{"rendered":"<p>\u00abRegina Coeli\u00bb P\u00fcha Peetruse v\u00e4ljakul: &#8220;Ait\u00e4h Teie Evangeliseerimist\u00f6\u00f6 Eest&#8221; 6-V-2018 Franciscus P\u00fcha Peetruse v\u00e4ljak &#8211; Rooma, 6. mai 2018 Kallid vennad ja \u00f5ed, tere hommikust! Sellel paasap\u00fcha ajal Jumala S\u00f5na n\u00e4itab meile pidevalt\u00a0elustiile, et\u00a0olla\u00a0\u00dclest\u00f5usnu kogudus. Nende seas t\u00e4nane Evangeelium esitleb Jeesuse andi: &#8220;J\u00e4\u00e4ge minu armastusse&#8221; (Jh 15,9): j\u00e4\u00e4da Jeesuse armastusse. Elada Jumala armastuse voolus, elada seal pidevalt, see on eeldus, selleks et meie armastus ei kaotaks tee k\u00e4igus oma tulihingelisust<\/p>\n<div class=\"read-more\"><a class=\"btn read-more-btn\" href=\"https:\/\/neocatechumenaleiter.org\/et\/paavstide-sonad\/franciscus\/regina-coeli-puha-peetruse-valjakul-tanud-teie-evangeliseerimise-too-eest-6-v-2018\/\">Loe edasi<\/a><\/div>\n","protected":false},"author":2,"featured_media":0,"parent":19907,"menu_order":7,"comment_status":"closed","ping_status":"closed","template":"","meta":{"footnotes":""},"class_list":["post-36774","page","type-page","status-publish","hentry"],"_links":{"self":[{"href":"https:\/\/neocatechumenaleiter.org\/et\/wp-json\/wp\/v2\/pages\/36774","targetHints":{"allow":["GET"]}}],"collection":[{"href":"https:\/\/neocatechumenaleiter.org\/et\/wp-json\/wp\/v2\/pages"}],"about":[{"href":"https:\/\/neocatechumenaleiter.org\/et\/wp-json\/wp\/v2\/types\/page"}],"author":[{"embeddable":true,"href":"https:\/\/neocatechumenaleiter.org\/et\/wp-json\/wp\/v2\/users\/2"}],"replies":[{"embeddable":true,"href":"https:\/\/neocatechumenaleiter.org\/et\/wp-json\/wp\/v2\/comments?post=36774"}],"version-history":[{"count":23,"href":"https:\/\/neocatechumenaleiter.org\/et\/wp-json\/wp\/v2\/pages\/36774\/revisions"}],"predecessor-version":[{"id":47817,"href":"https:\/\/neocatechumenaleiter.org\/et\/wp-json\/wp\/v2\/pages\/36774\/revisions\/47817"}],"up":[{"embeddable":true,"href":"https:\/\/neocatechumenaleiter.org\/et\/wp-json\/wp\/v2\/pages\/19907"}],"wp:attachment":[{"href":"https:\/\/neocatechumenaleiter.org\/et\/wp-json\/wp\/v2\/media?parent=36774"}],"curies":[{"name":"wp","href":"https:\/\/api.w.org\/{rel}","templated":true}]}}