{"id":36796,"date":"2020-02-29T04:25:36","date_gmt":"2020-02-29T03:25:36","guid":{"rendered":"https:\/\/neocatechumenaleiter.org\/paavstide-sonad\/franciscus\/regina-coeli-paavst-franciscus-11-v-2014\/"},"modified":"2026-03-02T12:46:44","modified_gmt":"2026-03-02T11:46:44","slug":"regina-coeli-paavst-franciscus-11-v-2014","status":"publish","type":"page","link":"https:\/\/neocatechumenaleiter.org\/et\/paavstide-sonad\/franciscus\/regina-coeli-paavst-franciscus-11-v-2014\/","title":{"rendered":"\u00abRegina Coeli\u00bb Paavst Franciscus 11-V-2014"},"content":{"rendered":"\n<h1 class=\"has-text-align-center wp-block-heading\">\u00abRegina Coeli\u00bb Paavst Franciscus 11-V-2014<\/h1>\n\n<div style=\"height:20px\" aria-hidden=\"true\" class=\"wp-block-spacer\"><\/div>\n\n<h4 class=\"has-text-align-center wp-block-heading\">Franciscus<\/h4>\n\n<div style=\"height:20px\" aria-hidden=\"true\" class=\"wp-block-spacer\"><\/div>\n\n<p>Kallid vennad ja \u00f5ed, tere hommikust!<\/p>\n\n<p>Evangelist Johannes esitleb meile, sellel paasap\u00fcha aja IV p\u00fchap\u00e4eval, Jeesuse Hea\u00a0 Karjase kuju. M\u00f5tiskledes selle Evangeeliumi lehek\u00fclje \u00fcle v\u00f5ime me m\u00f5ista Jeesuse ja j\u00fcngrite vahelist suhet: suhe, mis p\u00f5hines hellusel, armastusel, vastastikusel tundmisel ja m\u00f5\u00f5tmatu kingituse lubadusel: &#8220;Mina olen tulnud, &#8211; \u00fctleb Jeesus &#8211; et neil oleks elu, ja oleks seda \u00fclirohkesti&#8221; (Jh 10,10). Selline suhe on kristlaste vaheliste ja inimlike suhete eeskujuks.<\/p>\n\n<p>Paljud ka t\u00e4na, nagu Jeesuse ajal, pakuvad ennast meie eksistentsi &#8220;karjastena&#8221;; aga ainult \u00dclest\u00f5usnu on t\u00f5eline Karjane, kes annab meile elu k\u00fclluses. Kutsun k\u00f5iki usaldama Issandat, kes juhib meid. Aga mitte ainult ei juhi: ta k\u00e4ib meiega kaasas, k\u00f5nnib meiega. Kuulakem m\u00f5istuse ja avatud s\u00fcdamega tema S\u00f5na, et toita oma usku, valgustada oma teadvust ja j\u00e4rgida Evangeeliumi \u00f5petusi.<\/p>\n\n<p>Sellel p\u00fchap\u00e4eval palvetame Kiriku Karjaste eest, k\u00f5ikide Piiskopite eest, kaasa arvatud Rooma Piiskopi eest, k\u00f5ikide preestrite eest, k\u00f5ikide eest! Eriti palvetame Rooma Piiskopkonna uute preestrite eest, keda ma ordineerisin just P\u00fcha Peetruse basiilikas. Tervitus nendele 13 preestrile! Issand aidaku meil olla alati \u00d5petajale ustavad karjased ning meile usaldatud Jumala rahva targad ja valgustatud juhid. Ka teilt palun, et aitaksite meid: aidake olla head karjased. Ma lugesin \u00fckskord v\u00e4ga ilusat asja sellest, kuidas Jumala rahvas aitab piiskoppidel ja preestritel olla head karjased. See on Arlesi P\u00fcha Cesario kirjutis, \u00fcks Kiriku esimeste sajandite isa. Ta selgitas, kuidas Jumala rahvas peab aitama karjast ja t\u00f5i sellist n\u00e4idet: kui vasikas tahab s\u00fc\u00fca ta l\u00e4heb lehma juurde, ema juurde, piima v\u00f5tma. Lehm aga, ei anna seda kohe: tundub, et ta hoiab seda endale. Ja mida teeb vasikas? Koputab ninaga lehma udarale, et piim tuleks. See on ilus n\u00e4ide! &#8220;Nii teie &#8211; \u00fctleb see p\u00fchak &#8211; peate olema karjastega: koputama alati nende uksele, nende s\u00fcdamele, et nad annaksid teile doktriinipiima, armupiima ja juhipiima&#8221;. Ja ma palun, et te h\u00e4iriksite karjaseid, segaksite karjaseid, k\u00f5iki meid karjaseid, et me saaksime anda teile armu-, doktriini- ja juhipiima. H\u00e4irima! M\u00f5elge selle vasika kujutluspildile, kuidas ta h\u00e4irib ema, et ema annaks talle toitu.<\/p>\n\n<p>Jeesust imiteerides, iga Karjane &#8220;m\u00f5nikord l\u00e4heb ette, et n\u00e4idata teed ja toetada rahva lootust &#8211; karjane peab olema ees m\u00f5nikord &#8211; teinekord on ta lihtsalt k\u00f5ikide keskel oma lihtsa ja halastava l\u00e4hedalolekuga, ja m\u00f5nikord peab ta k\u00f5ndima rahva taga, et aidata neid, kes on maha j\u00e4\u00e4nud&#8221; (Ap. \u00fcleskutse<em>\u00a0<a href=\"http:\/\/w2.vatican.va\/content\/francesco\/it\/apost_exhortations\/documents\/papa-francesco_esortazione-ap_20131124_evangelii-gaudium.html#II._Pastorale_in_conversione\"><i>Evangelii gaudium<\/i>, 31<\/a><\/em>). Et k\u00f5ik Karjased oleksid sellised! Aga teie segage karjaseid, et nad annaks oma juhti, doktriini ja armu.<\/p>\n\n<p>Sellel p\u00fchap\u00e4eval leiab aset\u00a0<em>\u00dclemaailmne kutsumuste palvep\u00e4ev. <\/em><a href=\"http:\/\/w2.vatican.va\/content\/francesco\/it\/messages\/vocations\/documents\/papa-francesco_20140115_51-messaggio-giornata-mondiale-vocazioni.html\">Selle aasta\u00a0<em>S\u00f5numis\u00a0<\/em><\/a>olen meelde tuletanud, et &#8220;iga kutsumus n\u00f5uab igal juhul v\u00e4ljar\u00e4nnet iseendast, et keskendada oma eksistents Kristusele ja tema Evangeeliumile&#8221; (nr 2). Seep\u00e4rast kutse j\u00e4rgima Jeesust on samal ajal p\u00f5nev ja n\u00f5udlik. Et see t\u00e4ituks, on alati vaja siseneda s\u00fcgavasse s\u00f5prusesse Issandaga, et elada Temast ja Tema jaoks.<\/p>\n\n<p>Palvetame, et ka sel ajal paljud noored kuuleksid Issanda h\u00e4\u00e4lt, millel on alati oht olla l\u00e4mmatatud paljudest teistest h\u00e4\u00e4ltest. Palvetame noorte eest: v\u00f5ib olla siin V\u00e4ljakul keegi, kes kuuleb seda Issanda h\u00e4\u00e4lt, mis kutsub teda preesterkonnale; palvetame tema eest, kui ta siin on, ja k\u00f5ikide noorte eest, kes on kutsutud.<\/p>\n\n<hr class=\"wp-block-separator\" \/>\n\n<p><strong>Peale\u00a0<em>Regina Coeli<\/em>&#8216;t:<\/strong><\/p>\n\n<p><em>Kallid vennad ja \u00f5ed, <\/em><\/p>\n\n<p>tervitan teid k\u00f5iki, perekondasid, kogudusi, \u00fchinguid ja \u00fcksikuid usklikke Itaaliast ja paljudest Riikidest, eelk\u00f5ige Campo Grande ja Douradose (Brasiilia), New Yorgi, Las Palmase (Kanaari saared) piiskopkondadest ja Portugali Miranda Do Corvo \u00f5pilased ning Alta Cordoba, Argentiina &#8220;Maarja S\u00fcdame&#8221; kooli noored.<\/p>\n\n<p>Tervitan Neokatehhumeenilisi Kogudusi, kes neil Paasap\u00fcha aja p\u00fchap\u00e4evadel toovad \u00fclest\u00f5usnud Jeesuse kuulutust 100 Rooma v\u00e4ljakus ja mitmetes maailma linnades. Issand andku teile Evangeeliumi r\u00f5\u00f5mu! Ja minge edasi, teie, kes olete tublid!<\/p>\n\n<p>Eriline \u00f5nnistus lastele ja noortele, kes on saanud v\u00f5i kohe saavad Esimest Armulauda ja Kinnitamise Sakramenti. Ja ka minu poolt t\u00e4na hommikul ordineeritud uute Rooma piiskopkonna preestrite sugulaste ja s\u00f5prade eest.<\/p>\n\n<p>Tervitan Riigimetsa \u00dchingut, kes organiseerib riiklikku Looduskaitsealade p\u00fcha; ja &#8220;Noore M\u00e4e&#8221; liikmeid, j\u00f5udnud Rooma Francigena tee kaudu; Itaalia Onkoloogia Toetusravide V\u00f5rku, julgustades nende p\u00fchendumust haigetega ja sugulastega; Viggi\u00f9-Clivio Kodanikukaitset; San Marino ja Abruzzo mootorrattureid.&#013;\n&#013;\nJa t\u00e4na ma kutsun teid p\u00fchendama ilusat m\u00e4lestust ja palvet k\u00f5ikidele emadele. Tervitame k\u00f5iki emasid! Usaldades nad Jeesuse emale, palvetame Neitsit oma emade eest ja k\u00f5ikide emade eest: &#8220;Ole tervitatud, Maarja&#8230;&#8221;.<\/p>\n\n<p>S\u00fcdamlik tervitus emadele: s\u00fcdamlik tervitus!<\/p>\n\n<p>Ilusat p\u00fchap\u00e4eva k\u00f5ikidele! Head l\u00f5unat ja n\u00e4gemiseni!<\/p>\n","protected":false},"excerpt":{"rendered":"<p>\u00abRegina Coeli\u00bb Paavst Franciscus 11-V-2014 Franciscus Kallid vennad ja \u00f5ed, tere hommikust! Evangelist Johannes esitleb meile, sellel paasap\u00fcha aja IV p\u00fchap\u00e4eval, Jeesuse Hea\u00a0 Karjase kuju. M\u00f5tiskledes selle Evangeeliumi lehek\u00fclje \u00fcle v\u00f5ime me m\u00f5ista Jeesuse ja j\u00fcngrite vahelist suhet: suhe, mis p\u00f5hines hellusel, armastusel, vastastikusel tundmisel ja m\u00f5\u00f5tmatu kingituse lubadusel: &#8220;Mina olen tulnud, &#8211; \u00fctleb Jeesus &#8211; et neil oleks elu, ja oleks seda \u00fclirohkesti&#8221; (Jh 10,10). Selline suhe on kristlaste<\/p>\n<div class=\"read-more\"><a class=\"btn read-more-btn\" href=\"https:\/\/neocatechumenaleiter.org\/et\/paavstide-sonad\/franciscus\/regina-coeli-paavst-franciscus-11-v-2014\/\">Loe edasi<\/a><\/div>\n","protected":false},"author":2,"featured_media":0,"parent":19907,"menu_order":2,"comment_status":"closed","ping_status":"closed","template":"","meta":{"footnotes":""},"class_list":["post-36796","page","type-page","status-publish","hentry"],"_links":{"self":[{"href":"https:\/\/neocatechumenaleiter.org\/et\/wp-json\/wp\/v2\/pages\/36796","targetHints":{"allow":["GET"]}}],"collection":[{"href":"https:\/\/neocatechumenaleiter.org\/et\/wp-json\/wp\/v2\/pages"}],"about":[{"href":"https:\/\/neocatechumenaleiter.org\/et\/wp-json\/wp\/v2\/types\/page"}],"author":[{"embeddable":true,"href":"https:\/\/neocatechumenaleiter.org\/et\/wp-json\/wp\/v2\/users\/2"}],"replies":[{"embeddable":true,"href":"https:\/\/neocatechumenaleiter.org\/et\/wp-json\/wp\/v2\/comments?post=36796"}],"version-history":[{"count":19,"href":"https:\/\/neocatechumenaleiter.org\/et\/wp-json\/wp\/v2\/pages\/36796\/revisions"}],"predecessor-version":[{"id":47815,"href":"https:\/\/neocatechumenaleiter.org\/et\/wp-json\/wp\/v2\/pages\/36796\/revisions\/47815"}],"up":[{"embeddable":true,"href":"https:\/\/neocatechumenaleiter.org\/et\/wp-json\/wp\/v2\/pages\/19907"}],"wp:attachment":[{"href":"https:\/\/neocatechumenaleiter.org\/et\/wp-json\/wp\/v2\/media?parent=36796"}],"curies":[{"name":"wp","href":"https:\/\/api.w.org\/{rel}","templated":true}]}}