{"id":36818,"date":"2020-03-22T19:52:18","date_gmt":"2020-03-22T18:52:18","guid":{"rendered":"https:\/\/neocatechumenaleiter.org\/paavstide-sonad\/benedictus-xvi\/paavsti-benedictus-xvi-kone-neokatehhumeenilisele-teele-12-i-2006\/"},"modified":"2026-03-02T12:44:04","modified_gmt":"2026-03-02T11:44:04","slug":"paavsti-benedictus-xvi-kone-neokatehhumeenilisele-teele-12-i-2006","status":"publish","type":"page","link":"https:\/\/neocatechumenaleiter.org\/et\/paavstide-sonad\/benedictus-xvi\/paavsti-benedictus-xvi-kone-neokatehhumeenilisele-teele-12-i-2006\/","title":{"rendered":"Paavsti Benedictus XVI k\u00f5ne Neokatehhumeenilisele Teele 12-I-2006"},"content":{"rendered":"\n<h1 class=\"has-text-align-center wp-block-heading\">Paavsti Benedictus XVI k\u00f5ne Neokatehhumeenilisele Teele 12-I-2006<\/h1>\n\n<div style=\"height:20px\" aria-hidden=\"true\" class=\"wp-block-spacer\"><\/div>\n\n<h4 class=\"has-text-align-center wp-block-heading\">Benedictus XVI<\/h4>\n\n<div style=\"height:20px\" aria-hidden=\"true\" class=\"wp-block-spacer\"><\/div>\n\n<p><strong>Vatikan &#8211; Paulus VI Saal, 12. jaanuar 2006 *<\/strong><\/p>\n\n<p><strong>&#8220;T\u00e4nu oma ustavale toetusele igale Kiriku direktiivile, muudate te oma apostolaati veel<\/strong> <strong>t\u00f5husamaks<\/strong>&#8220;<em>: see oli Benedictus XVI \u00fcleskutse Neokatehhumeenilisele Teele audientsil, mis toimus neljap\u00e4eva hommikul, 12. jaanuaril, Paulus VI Saalis.<\/em><br \/><br \/><em>See on P\u00fcha Isa tehtud k\u00f5ne tekst:<\/em><\/p>\n\n<p><em>Kallid vennad ja \u00f5ed!<\/em><br \/><br \/>T\u00e4nan teid s\u00fcdamest selle k\u00fclastuse eest, mis annab mulle v\u00f5imaluse saata erilist tervitust ka teistele Neokatehhumeenilise Tee liikmetele, kes on hajutatud paljudesse maailma riikidesse. M\u00f5tlen igale kohalolijale, alustades austatud Kardinalidest, Piiskopitest ja preestritest. Tervitan Neokatehhumeenilise Tee vastutajaid: H\u00e4rra Kiko Arg\u00fcellot, keda t\u00e4nan s\u00f5nade eest, mida ta minule teie nimel \u00fctles, Preili Carmen Hern\u00e1ndezit ja Isa Mario Pezzit. Tervitan semminariste, noori ja eriti perekondasid, kes valmistuvad saama erilist missioneerivat &#8220;saatmist&#8221;, et minna erinevatesse riikidesse, eelk\u00f5ige Ladina-Ameerikasse.<\/p>\n\n<div class=\"wp-block-image is-style-default\"><figure class=\"alignleft size-large\"><img loading=\"lazy\" decoding=\"async\" width=\"400\" height=\"266\" src=\"https:\/\/neocatechumenaleiter.org\/wp-content\/uploads\/2020\/02\/Camino_Neocatecumenal_Audiencia_Papa_Benedicto_XVI_2006.jpg\" alt=\"\" class=\"wp-image-1107\" srcset=\"https:\/\/neocatechumenaleiter.org\/wp-content\/uploads\/2020\/02\/Camino_Neocatecumenal_Audiencia_Papa_Benedicto_XVI_2006.jpg 400w, https:\/\/neocatechumenaleiter.org\/wp-content\/uploads\/2020\/02\/Camino_Neocatecumenal_Audiencia_Papa_Benedicto_XVI_2006-300x200.jpg 300w\" sizes=\"auto, (max-width: 400px) 100vw, 400px\" \/><\/figure><\/div>\n\n<p>See on \u00fclesanne, mis seondub uue evangeliseerimise kontekstiga, milles on v\u00e4ga t\u00e4htis roll just perekonnal. Te palusite, et m\u00e4\u00e4rajaks oleks Peetruse J\u00e4rglane, nagu oli juba minu austatud Eelk\u00e4ijaga Johannes Paulus II 12. detsembril 1994. aastal, sest teie apostellik tegevus soovib olla Kiriku s\u00fcdames, t\u00e4ielikus koosk\u00f5las tema direktiividega ja osaduses Kirikutega, kuhu l\u00e4hete tegutsema, v\u00e4\u00e4rtustades tervenisti karismade rikkusi, mida Issand on \u00e4ratanud l\u00e4bi Tee asutajate. Kallid perekonnad, rist, mida te saate, saab olema teie lahutamatuks teekonna kaaslaseks, kui te kuulutate oma missioneeriva tegevusega, et ainult Jeesus Kristuses, surnud ja \u00fclest\u00f5usnud, on p\u00e4\u00e4ste. Te olete tema tasased ja r\u00f5\u00f5msad tunnistajad, k\u00e4ies lihtsuses ja vaesuses iga kontinendi t\u00e4navatel, toetatud lakkamatu palvega ja Jumala s\u00f5na kuulamisega ning toidetud teid saadetud Kirikute liturgilises elus osav\u00f5tuga.<\/p>\n\n<p>Liturgia ja eriti P\u00fcha Missa t\u00e4htsus evangeliseerimisel on olnud mitu korda r\u00f5hutatud minu Eelk\u00e4ijate poolt, ja teie pikk kogemus v\u00f5ib h\u00e4sti kinnitada, kuidas liturgilistes riitustes t\u00e4histatud Kristuse m\u00fcsteeriumi kesksus moodustab priviligeeritud ja asendamatut teekonda, et ehitada elavaid ja j\u00e4rjepidevaid kristilikke kogudusi. Just selleks, et aidata Neokatehhumeenilisel Teel muuta teravamaks oma evangeliseerivat tegevust osaduses kogu Jumala Rahvaga, on Jumaliku Kultuse Kogudus ja Sakramentide Distsipliin hiljuti v\u00e4ljastanud minu nimel m\u00f5ned normid, mis puudutavad Euharistilist p\u00fchitsemist peale kogemuste perioodi, mida Jumala Teenija Johannes Paulus II oli lubanud. Ma olen kindel, et te hakate j\u00e4rgima hoolikalt norme, mis j\u00e4tkavad seda, mis on ette n\u00e4htud liturgilistes raamatutes, mida Kirik on heaks kiitnud. T\u00e4nu oma ustavale toetusele igale Kiriku direktiivile, muudate te oma apostolaati veel t\u00f5husamaks t\u00e4ielikus koosk\u00f5las ja osaduses Paavstiga ja iga Piiskopkonna Karjasega. Nii tehes Issand j\u00e4tkab teie \u00f5nnistamist rohkete pastoraalsete viljadega.<\/p>\n\n<div class=\"wp-block-image is-style-default\"><figure class=\"alignright size-large\"><img loading=\"lazy\" decoding=\"async\" width=\"400\" height=\"256\" src=\"https:\/\/neocatechumenaleiter.org\/wp-content\/uploads\/2020\/02\/Camino_Neocatecumenal_Audiencia_Papa_Benedicto_XVI_2006_familias-en-mision.jpg\" alt=\"\" class=\"wp-image-1114\" srcset=\"https:\/\/neocatechumenaleiter.org\/wp-content\/uploads\/2020\/02\/Camino_Neocatecumenal_Audiencia_Papa_Benedicto_XVI_2006_familias-en-mision.jpg 400w, https:\/\/neocatechumenaleiter.org\/wp-content\/uploads\/2020\/02\/Camino_Neocatecumenal_Audiencia_Papa_Benedicto_XVI_2006_familias-en-mision-300x192.jpg 300w\" sizes=\"auto, (max-width: 400px) 100vw, 400px\" \/><\/figure><\/div>\n\n<p>Nimelt, te olete saanud realiseerida mitmeid asju nende aastate jooksul, ja teie kogudustes on s\u00fcndinud mitmeid kutsumusi preesterkonnale ja p\u00fchitsetud elule. T\u00e4na veel meie t\u00e4helepanu l\u00e4heb erilisel viisil perekondadele. \u00dcle 200 neist kohe saadetakse missiooni; need on perekonnad, kes lahkuvad suure inimliku toetuseta, aga lootes ennek\u00f5ike jumaliku Ettehoolduse toetusele.<\/p>\n\n<p>Kallid perekonnad, te v\u00f5ite oma looga tunnistada, et Issand ei h\u00fclga neid, kes tema peale loodavad. J\u00e4tkake eluevangeeliumi levitamist. Kuhu iganes teie missioon teid viib, laske ennast Jeesuse lohutava s\u00f5na poolt valgustada: &#8220;Otsige esmalt Jumala riiki ja tema \u00f5igust, siis seda k\u00f5ike antakse teile pealegi&#8221;, ja veel: &#8220;\u00c4rge siis hakake muretsema homse p\u00e4rast, sest k\u00fcll homne p\u00e4ev muretseb ise enese eest&#8221; (Mt 6,33-34). Maailmas, mis otsib inimlikke ja ilmalikke kindluseid, n\u00e4idake, et Kristus on kindel kivi, mille peale ehitada oma eksistentsi hoone, ja et usk temasse pole kunagi asjatu. Naatsareti p\u00fcha Perekond kaitsku teid ja olgu teile eeskujuks. Ma kinnitan oma palvet teie ja k\u00f5ikide Neokatehhumeenilise Tee liikmete eest, andes iga\u00fchele armastusega edasi Apostellikku \u00d5nnistust.<br \/><br \/><em>(*) Vrd \u00abRooma Vaatleja\u00bb, 13. jaanuar 2006.<\/em><\/p>\n","protected":false},"excerpt":{"rendered":"<p>Paavsti Benedictus XVI k\u00f5ne Neokatehhumeenilisele Teele 12-I-2006 Benedictus XVI Vatikan &#8211; Paulus VI Saal, 12. jaanuar 2006 * &#8220;T\u00e4nu oma ustavale toetusele igale Kiriku direktiivile, muudate te oma apostolaati veel t\u00f5husamaks&#8220;: see oli Benedictus XVI \u00fcleskutse Neokatehhumeenilisele Teele audientsil, mis toimus neljap\u00e4eva hommikul, 12. jaanuaril, Paulus VI Saalis. See on P\u00fcha Isa tehtud k\u00f5ne tekst: Kallid vennad ja \u00f5ed! T\u00e4nan teid s\u00fcdamest selle k\u00fclastuse eest, mis annab mulle v\u00f5imaluse saata<\/p>\n<div class=\"read-more\"><a class=\"btn read-more-btn\" href=\"https:\/\/neocatechumenaleiter.org\/et\/paavstide-sonad\/benedictus-xvi\/paavsti-benedictus-xvi-kone-neokatehhumeenilisele-teele-12-i-2006\/\">Loe edasi<\/a><\/div>\n","protected":false},"author":2,"featured_media":0,"parent":19905,"menu_order":1,"comment_status":"closed","ping_status":"closed","template":"","meta":{"footnotes":""},"class_list":["post-36818","page","type-page","status-publish","hentry"],"_links":{"self":[{"href":"https:\/\/neocatechumenaleiter.org\/et\/wp-json\/wp\/v2\/pages\/36818","targetHints":{"allow":["GET"]}}],"collection":[{"href":"https:\/\/neocatechumenaleiter.org\/et\/wp-json\/wp\/v2\/pages"}],"about":[{"href":"https:\/\/neocatechumenaleiter.org\/et\/wp-json\/wp\/v2\/types\/page"}],"author":[{"embeddable":true,"href":"https:\/\/neocatechumenaleiter.org\/et\/wp-json\/wp\/v2\/users\/2"}],"replies":[{"embeddable":true,"href":"https:\/\/neocatechumenaleiter.org\/et\/wp-json\/wp\/v2\/comments?post=36818"}],"version-history":[{"count":17,"href":"https:\/\/neocatechumenaleiter.org\/et\/wp-json\/wp\/v2\/pages\/36818\/revisions"}],"predecessor-version":[{"id":47811,"href":"https:\/\/neocatechumenaleiter.org\/et\/wp-json\/wp\/v2\/pages\/36818\/revisions\/47811"}],"up":[{"embeddable":true,"href":"https:\/\/neocatechumenaleiter.org\/et\/wp-json\/wp\/v2\/pages\/19905"}],"wp:attachment":[{"href":"https:\/\/neocatechumenaleiter.org\/et\/wp-json\/wp\/v2\/media?parent=36818"}],"curies":[{"name":"wp","href":"https:\/\/api.w.org\/{rel}","templated":true}]}}