{"id":36836,"date":"2020-03-22T20:10:15","date_gmt":"2020-03-22T19:10:15","guid":{"rendered":"https:\/\/neocatechumenaleiter.org\/paavstide-sonad\/benedictus-xvi\/aasia-ja-austraalia-piiskopite-konvivents-domus-galilaeae-18-xi-2006\/"},"modified":"2026-03-02T12:43:05","modified_gmt":"2026-03-02T11:43:05","slug":"aasia-ja-austraalia-piiskopite-konvivents-domus-galilaeae-18-xi-2006","status":"publish","type":"page","link":"https:\/\/neocatechumenaleiter.org\/et\/paavstide-sonad\/benedictus-xvi\/aasia-ja-austraalia-piiskopite-konvivents-domus-galilaeae-18-xi-2006\/","title":{"rendered":"Aasia ja Austraalia piiskoppife konvivents Domus Galilaeae 18-XI-2006"},"content":{"rendered":"\n<h1 class=\"has-text-align-center wp-block-heading\">Aasia ja Austraalia piiskoppide konvivents &#8211; Domus Galilaeae 18-XI-2006<\/h1>\n\n<div style=\"height:20px\" aria-hidden=\"true\" class=\"wp-block-spacer\"><\/div>\n\n<h4 class=\"has-text-align-center wp-block-heading\">Benedictus XVI<\/h4>\n\n<div style=\"height:20px\" aria-hidden=\"true\" class=\"wp-block-spacer\"><\/div>\n\n<p><strong>Domus Galilaeae, 18.-24. november 2006<\/strong><\/p>\n\n<p><em>18.-26. novembril 2006 toimus\u00a0<\/em><em>konvivents <\/em><em>126 Aasia (ja m\u00f5ne Austraalia) Piiskopiga, kellest 65 olid Indiast koos Kard. Telesphore Toppoga, Ranchi peapiiskop ja India Piiskoppide Konverentsi esimees. Oma tervituses konviventsi l\u00f5pus, Kardinalil olid eriti m\u00e4rkimisv\u00e4\u00e4rsed s\u00f5nad Neokatehhumeenilise Tee tegevuse \u00fcle. Toome v\u00e4lja kaks l\u00fchikest valjav\u00f5tet:<\/em><\/p>\n\n<p>&#8220;&#8230; Neokatehhumeenilise Tee juhul p\u00f5hilised asjad on need, mida oleme elanud viimastel p\u00e4evadel ja p\u00fchade paikade k\u00fclastamise kogemused. Ma ei teadnud, et kolm Rooma Piiskopit &#8211; Paulus VI, Johannes Paulus II ja praegune Paavst &#8211; on nii kaasatud Neokatehhumeenilise Teega&#8230;<br \/><br \/>Mul oleks palju asju, mida \u00f6elda: see pole Kiko t\u00f6\u00f6, pole Carmeni t\u00f6\u00f6 ega meie t\u00f6\u00f6, kes oleme olnud valitud ja siia toodud &#8211; nad on kindlasti v\u00e4ljavalitud vaasid, te usute seda, jah? &#8211; vaid see on Jumala enda t\u00f6\u00f6 Kirikule, sest Tema armastab Kirikut. L\u00e4bi aegade ta \u00e4ratab inimesi, nagu ta minevikus on teinud, nii teeb ka t\u00e4na. See on t\u00f5esti Jumala t\u00f6\u00f6&#8230;<\/p>\n\n<p>Isegi kui see on esimene kord, kui ma puutun kokku Neokatehhumeenilise Teega, ma \u00fctlen, et see Tee on antud hetke vajadus ja kui me ei v\u00f5ta seda t\u00f5siselt, siis me ei oska evangeliseerida rahvastele ja kaotame ka neid, keda kutsume ristitud kristlasteks. Seep\u00e4rast, kui me t\u00f5esti oleme kristlased, meil on vaja olla evangeliseeritud, kui me tahame teisi evangeliseerida.<br \/><br \/>Pean veel midagi \u00fctlema. See ei saa olla nende ilmikute v\u00f5i nende r\u00e4ndvastutajate v\u00f5i kellegi muu t\u00f6\u00f6: see on Kiriku t\u00f6\u00f6. Need r\u00e4ndvastutajad, need misjon\u00e4rid vajavad Kiriku ministeeriumit: see on Kristuse Ihu t\u00f6\u00f6. Ja me peame olema koos ja t\u00f6\u00f6tama koos. Me ei saa lasta ilmikutel \u00fcksi evangeliseerida: kui Issand inspireerib innukust t\u00e4is ilmikuid, peavad piiskopid ja preestrid olema t\u00e4ielikult nendega, kogu Kirik. Kirik on oma loomuselt misjoneeriv: Kirik peab evangeliseerima, Kirik peab Jeesust kuulutama, muidu me pole Kirik. Sellep\u00e4rast ma olen t\u00f5esti \u00f5nnelik&#8221;.<\/p>\n\n<p>Toome v\u00e4lja telegrammi, mida P\u00fcha Isa saatis Kardinalidele, Piiskoppidele ja k\u00f5ikidele konviventsis osalejatele:<\/p>\n\n<p>Aasia ja Austraalia Piiskoppide, preestrite ja ilmikute kohtumine, et m\u00f5tiskleda missiooni v\u00e4ljakutsete ja h\u00e4dade \u00fcle. Paavst tervitab osalejaid ja loodab, et see algatus oleks \u00fchise m\u00f5tisklemise ja usu jagamise v\u00f5imalus, luues uuendatud p\u00fchendumust, et kuulutada Kristust oma tunnistusega. Ning kutsub taevalike teenete levikut ja saadab palutud apostellikku \u00f5nnistust.<\/p>\n\n<p><em>Kardinal Tarcisio Bertone<\/em><br \/><br \/><em>Tema P\u00fchaduse Benedictus XVI Riigisekret\u00e4r<\/em><\/p>\n","protected":false},"excerpt":{"rendered":"<p>Aasia ja Austraalia piiskoppide konvivents &#8211; Domus Galilaeae 18-XI-2006 Benedictus XVI Domus Galilaeae, 18.-24. november 2006 18.-26. novembril 2006 toimus\u00a0konvivents 126 Aasia (ja m\u00f5ne Austraalia) Piiskopiga, kellest 65 olid Indiast koos Kard. Telesphore Toppoga, Ranchi peapiiskop ja India Piiskoppide Konverentsi esimees. Oma tervituses konviventsi l\u00f5pus, Kardinalil olid eriti m\u00e4rkimisv\u00e4\u00e4rsed s\u00f5nad Neokatehhumeenilise Tee tegevuse \u00fcle. Toome v\u00e4lja kaks l\u00fchikest valjav\u00f5tet: &#8220;&#8230; Neokatehhumeenilise Tee juhul p\u00f5hilised asjad on need, mida oleme elanud<\/p>\n<div class=\"read-more\"><a class=\"btn read-more-btn\" href=\"https:\/\/neocatechumenaleiter.org\/et\/paavstide-sonad\/benedictus-xvi\/aasia-ja-austraalia-piiskopite-konvivents-domus-galilaeae-18-xi-2006\/\">Loe edasi<\/a><\/div>\n","protected":false},"author":2,"featured_media":0,"parent":19905,"menu_order":3,"comment_status":"closed","ping_status":"closed","template":"","meta":{"footnotes":""},"class_list":["post-36836","page","type-page","status-publish","hentry"],"_links":{"self":[{"href":"https:\/\/neocatechumenaleiter.org\/et\/wp-json\/wp\/v2\/pages\/36836","targetHints":{"allow":["GET"]}}],"collection":[{"href":"https:\/\/neocatechumenaleiter.org\/et\/wp-json\/wp\/v2\/pages"}],"about":[{"href":"https:\/\/neocatechumenaleiter.org\/et\/wp-json\/wp\/v2\/types\/page"}],"author":[{"embeddable":true,"href":"https:\/\/neocatechumenaleiter.org\/et\/wp-json\/wp\/v2\/users\/2"}],"replies":[{"embeddable":true,"href":"https:\/\/neocatechumenaleiter.org\/et\/wp-json\/wp\/v2\/comments?post=36836"}],"version-history":[{"count":17,"href":"https:\/\/neocatechumenaleiter.org\/et\/wp-json\/wp\/v2\/pages\/36836\/revisions"}],"predecessor-version":[{"id":47807,"href":"https:\/\/neocatechumenaleiter.org\/et\/wp-json\/wp\/v2\/pages\/36836\/revisions\/47807"}],"up":[{"embeddable":true,"href":"https:\/\/neocatechumenaleiter.org\/et\/wp-json\/wp\/v2\/pages\/19905"}],"wp:attachment":[{"href":"https:\/\/neocatechumenaleiter.org\/et\/wp-json\/wp\/v2\/media?parent=36836"}],"curies":[{"name":"wp","href":"https:\/\/api.w.org\/{rel}","templated":true}]}}