{"id":36872,"date":"2020-03-22T20:45:11","date_gmt":"2020-03-22T19:45:11","guid":{"rendered":"https:\/\/neocatechumenaleiter.org\/paavstide-sonad\/benedictus-xvi\/konvivents-ule-200-piiskopiga-ja-9-kardinaliga-euroopast-domus-galilaeae-24-iii-2008\/"},"modified":"2026-03-02T12:41:24","modified_gmt":"2026-03-02T11:41:24","slug":"konvivents-ule-200-piiskopiga-ja-9-kardinaliga-euroopast-domus-galilaeae-24-iii-2008","status":"publish","type":"page","link":"https:\/\/neocatechumenaleiter.org\/et\/paavstide-sonad\/benedictus-xvi\/konvivents-ule-200-piiskopiga-ja-9-kardinaliga-euroopast-domus-galilaeae-24-iii-2008\/","title":{"rendered":"Konvivents \u00fcle 200 piiskoppiga ja 9 kardinaliga Euroopast \u201cDomus Galilaeae\u201d 24-III-2008"},"content":{"rendered":"\n<h1 class=\"has-text-align-center wp-block-heading\">Konvivents \u00fcle 200 piiskoppiga ja 9 kardinaliga Euroopast \u201cDomus Galilaeae\u201d 24-III-2008<\/h1>\n\n<div style=\"height:20px\" aria-hidden=\"true\" class=\"wp-block-spacer\"><\/div>\n\n<h4 class=\"has-text-align-center wp-block-heading\">Benedictus XVI<\/h4>\n\n<div style=\"height:20px\" aria-hidden=\"true\" class=\"wp-block-spacer\"><\/div>\n\n<div class=\"wp-block-image is-style-default\"><figure class=\"alignleft size-large\"><img loading=\"lazy\" decoding=\"async\" width=\"400\" height=\"269\" src=\"https:\/\/neocatechumenaleiter.org\/wp-content\/uploads\/2020\/02\/Camino_Neocatecumenal_Eucaristia_Obispos_Europa_Domus_Galilaeae.jpg\" alt=\"\" class=\"wp-image-1168\" srcset=\"https:\/\/neocatechumenaleiter.org\/wp-content\/uploads\/2020\/02\/Camino_Neocatecumenal_Eucaristia_Obispos_Europa_Domus_Galilaeae.jpg 400w, https:\/\/neocatechumenaleiter.org\/wp-content\/uploads\/2020\/02\/Camino_Neocatecumenal_Eucaristia_Obispos_Europa_Domus_Galilaeae-300x202.jpg 300w\" sizes=\"auto, (max-width: 400px) 100vw, 400px\" \/><\/figure><\/div>\n\n<p><strong>Korazim, 24.-29. m\u00e4rts 2008<\/strong><\/p>\n\n<p><em>24.-29. m\u00e4rtsil toimus Domus Galilaeae&#8217;s Konvivents 200 piiskoppiga ja 9 karidnaliga Euroopast.<\/em><br \/><br \/><em>Riigisekret\u00e4r saatis osalejatele\u00a0<\/em><em>telegrammi <\/em><em>Paavsti nimel, mis on all v\u00e4lja toodud:<\/em><\/p>\n\n<p>&#8220;Koosolek Domus Galilaeae&#8217;s, mis on edendatud Neokatehhumeenilise Tee poolt Euroopa kontinendi uue evangeliseerimisega seoses. Paavst saadab s\u00fcdamlikke tervitusi ja loodab, et see kohtumine pooldaks Kristuse Issanda s\u00f5na ikooni elavat imetlemist, et see tekitaks kasvavat ja teravat evangeelset tunnistust, kindlustaks m\u00e4lestust palvetes ning saadab s\u00fcdamest karidnalidele, piiskoppidele, preestritele ja k\u00f5ikidele osalejatele apostellikku \u00f5nnistust&#8221;.<\/p>\n\n<p><em>Tema P\u00fchaduse Benedictus XVI Riigisekret\u00e4r Kardinal Tarcisio Bertone.<\/em><\/p>\n\n<p><em>Konviventsi l\u00f5ppemisel kardinalid, osalejad, saatsid P\u00fcha Isale t\u00e4nukirja, mille v\u00e4ljav\u00f5te lisame:<\/em><\/p>\n\n<p>&#8230; T\u00e4is r\u00f5\u00f5mu kohtades, kust \u00fclest\u00f5usnud Issand saatis oma j\u00fcngrid Kiriku universaalseks missiooniks, oleme m\u00f5tisklenud oma Kontinendi uuele evangeliseerimisele l\u00e4bi uute kiriklike reaalsuste, eriti Neokatehhumeeniline Tee. &#8230;<br \/><br \/>Oleme ka t\u00e4nulikud Teie t\u00e4helepanu eest Tee liturgilisele praktikale: Euroopa perekonna, noorte ja kutsumuste kriisi ees oleme saanud n\u00e4ha selle kristliku algatuse vilju, mis p\u00f5hineb Jumala S\u00f5na kuulamisel, Euharistia p\u00fchitsemisel v\u00e4ikeses koguduses ja vennalikkul osadusel: taasehitatud perekonnad, mitme lapsega, kust s\u00fcnnivad mitmed kutsumused&#8230;, t\u00f5esti uus lootus Euroopale! Nagu alati, iga Kiriku uuendus on P\u00fcha Vaimu anni vili, vastu v\u00f5etud ja kaitstud Peetruse poolt.<\/p>\n\n<div class=\"wp-block-image is-style-default\"><figure class=\"alignright size-large\"><img loading=\"lazy\" decoding=\"async\" width=\"400\" height=\"263\" src=\"https:\/\/neocatechumenaleiter.org\/wp-content\/uploads\/2020\/02\/Camino_Neocatecumenal_Eucaristia_Obispos_Europa_Domus_Galilaeae2.jpg\" alt=\"\" class=\"wp-image-1175\" srcset=\"https:\/\/neocatechumenaleiter.org\/wp-content\/uploads\/2020\/02\/Camino_Neocatecumenal_Eucaristia_Obispos_Europa_Domus_Galilaeae2.jpg 400w, https:\/\/neocatechumenaleiter.org\/wp-content\/uploads\/2020\/02\/Camino_Neocatecumenal_Eucaristia_Obispos_Europa_Domus_Galilaeae2-300x197.jpg 300w\" sizes=\"auto, (max-width: 400px) 100vw, 400px\" \/><\/figure><\/div>\n\n<p>Johannes Paulus II prohvetlikud s\u00f5nad Euroopa Piiskoppide Konverentsi V S\u00fcmpoosionil (1985), et Kirik, selleks et evangeliseerida Euroopat, peab &#8220;naasma esimesele apostellikule mudelile&#8221;, on Teie poolt t\u00e4ide viidud esimese 7 preestri saatmisega, &#8220;<em>missio ad gentes&#8221; <\/em>jaoks, iga\u00fchel kaasas 3 mitmelapselist perekonda. Preestrite, perekondade ja nende laste kogemus on v\u00e4ga positiivne: nad on \u00f5nnelikud, t\u00e4is innukust ja teevad suurt tegu mitteristitute seas. Paljud meist soovivad alustada seda &#8220;<em>missio ad gentes&#8221;\u00a0<\/em>oma Piiskopkondades. &#8230;<\/p>\n\n<p><em>Kard. J. Meisner<\/em><br \/><em>Kard. S. Dziwisz<\/em><br \/><em>Kard. V. Puljic<\/em><br \/><em>Kard. A. M. Rouco<\/em><br \/><em>Kard. F. Barbarin<\/em><br \/><em>Kard. S. Rylko<\/em><br \/><em>Kard. C. Sch\u00f6nborn<\/em><br \/><em>Kard. J. Glemp<\/em><br \/><em>Kard. P. Cordes<\/em><\/p>\n","protected":false},"excerpt":{"rendered":"<p>Konvivents \u00fcle 200 piiskoppiga ja 9 kardinaliga Euroopast \u201cDomus Galilaeae\u201d 24-III-2008 Benedictus XVI Korazim, 24.-29. m\u00e4rts 2008 24.-29. m\u00e4rtsil toimus Domus Galilaeae&#8217;s Konvivents 200 piiskoppiga ja 9 karidnaliga Euroopast. Riigisekret\u00e4r saatis osalejatele\u00a0telegrammi Paavsti nimel, mis on all v\u00e4lja toodud: &#8220;Koosolek Domus Galilaeae&#8217;s, mis on edendatud Neokatehhumeenilise Tee poolt Euroopa kontinendi uue evangeliseerimisega seoses. Paavst saadab s\u00fcdamlikke tervitusi ja loodab, et see kohtumine pooldaks Kristuse Issanda s\u00f5na ikooni elavat imetlemist, et<\/p>\n<div class=\"read-more\"><a class=\"btn read-more-btn\" href=\"https:\/\/neocatechumenaleiter.org\/et\/paavstide-sonad\/benedictus-xvi\/konvivents-ule-200-piiskopiga-ja-9-kardinaliga-euroopast-domus-galilaeae-24-iii-2008\/\">Loe edasi<\/a><\/div>\n","protected":false},"author":2,"featured_media":0,"parent":19905,"menu_order":6,"comment_status":"closed","ping_status":"closed","template":"","meta":{"footnotes":""},"class_list":["post-36872","page","type-page","status-publish","hentry"],"_links":{"self":[{"href":"https:\/\/neocatechumenaleiter.org\/et\/wp-json\/wp\/v2\/pages\/36872","targetHints":{"allow":["GET"]}}],"collection":[{"href":"https:\/\/neocatechumenaleiter.org\/et\/wp-json\/wp\/v2\/pages"}],"about":[{"href":"https:\/\/neocatechumenaleiter.org\/et\/wp-json\/wp\/v2\/types\/page"}],"author":[{"embeddable":true,"href":"https:\/\/neocatechumenaleiter.org\/et\/wp-json\/wp\/v2\/users\/2"}],"replies":[{"embeddable":true,"href":"https:\/\/neocatechumenaleiter.org\/et\/wp-json\/wp\/v2\/comments?post=36872"}],"version-history":[{"count":25,"href":"https:\/\/neocatechumenaleiter.org\/et\/wp-json\/wp\/v2\/pages\/36872\/revisions"}],"predecessor-version":[{"id":47801,"href":"https:\/\/neocatechumenaleiter.org\/et\/wp-json\/wp\/v2\/pages\/36872\/revisions\/47801"}],"up":[{"embeddable":true,"href":"https:\/\/neocatechumenaleiter.org\/et\/wp-json\/wp\/v2\/pages\/19905"}],"wp:attachment":[{"href":"https:\/\/neocatechumenaleiter.org\/et\/wp-json\/wp\/v2\/media?parent=36872"}],"curies":[{"name":"wp","href":"https:\/\/api.w.org\/{rel}","templated":true}]}}