{"id":36898,"date":"2020-03-22T20:55:34","date_gmt":"2020-03-22T19:55:34","guid":{"rendered":"https:\/\/neocatechumenaleiter.org\/paavstide-sonad\/benedictus-xvi\/puha-isa-benedictus-xvi-kone-neokatehhumeenilise-tee-40-algusaasta-kohta-10-i-2009\/"},"modified":"2026-03-02T12:40:52","modified_gmt":"2026-03-02T11:40:52","slug":"puha-isa-benedictus-xvi-kone-neokatehhumeenilise-tee-40-algusaasta-kohta-10-i-2009","status":"publish","type":"page","link":"https:\/\/neocatechumenaleiter.org\/et\/paavstide-sonad\/benedictus-xvi\/puha-isa-benedictus-xvi-kone-neokatehhumeenilise-tee-40-algusaasta-kohta-10-i-2009\/","title":{"rendered":"P\u00fcha Isa Benedictus XVI k\u00f5ne Neokatehhumeenilise Tee 40. algusaasta kohta 10-I-2009"},"content":{"rendered":"\n<h1 class=\"has-text-align-center wp-block-heading\">P\u00fcha Isa Benedictus XVI k\u00f5ne Neokatehhumeenilise Tee 40. algusaasta kohta 10-I-2009<\/h1>\n\n<div style=\"height:20px\" aria-hidden=\"true\" class=\"wp-block-spacer\"><\/div>\n\n<h4 class=\"has-text-align-center wp-block-heading\">Benedictus XVI<\/h4>\n\n<div style=\"height:20px\" aria-hidden=\"true\" class=\"wp-block-spacer\"><\/div>\n\n<div class=\"wp-block-image is-style-circle-mask\"><figure class=\"alignleft size-large\"><img loading=\"lazy\" decoding=\"async\" width=\"400\" height=\"281\" src=\"https:\/\/neocatechumenaleiter.org\/wp-content\/uploads\/2020\/02\/Camino_Neocatecumenal_Benedicto_XVI_Celebracion_40_aniversario_Roma.jpg\" alt=\"\" class=\"wp-image-1185\" srcset=\"https:\/\/neocatechumenaleiter.org\/wp-content\/uploads\/2020\/02\/Camino_Neocatecumenal_Benedicto_XVI_Celebracion_40_aniversario_Roma.jpg 400w, https:\/\/neocatechumenaleiter.org\/wp-content\/uploads\/2020\/02\/Camino_Neocatecumenal_Benedicto_XVI_Celebracion_40_aniversario_Roma-300x211.jpg 300w\" sizes=\"auto, (max-width: 400px) 100vw, 400px\" \/><\/figure><\/div>\n\n<p><strong>Vatikani basiilika, 10. jaanuar 2009<\/strong><\/p>\n\n<p><em>2009. aasta 10. jaanuaril, P\u00fcha Peetruse basiilikas, t\u00e4is Koguduste vendi, l\u00fchikese, kuid\u00a0 piduliku, teoga t\u00e4histati Rooma Piiskopkonna Neokatehhumeenilise Tee 40. aastat. P\u00fcha Isaga oli Kardinal Vikaar Agostino Vallini ja Kardinal Stanis\u0142aw Ry\u0142ko, Ilmikute Paavstliku N\u00f5ukogu esimees. Basiilikas, teiste seas, oli uus Kultuse Prefekt, Kardinal Antonio Ca\u00f1izares.<\/em><br \/><br \/><em>P\u00fcha Isa Benedictus XVI poolt juhitud teo alguses tutvustas Kiko k\u00f5iki kohalolijaid &#8211; Meie P\u00fchima Sakramendi ja P\u00fchimate Kanada M\u00e4rtrite Leedi kihelkonna esimene kogudus, mis t\u00e4histab 40. Tee aastat, &#8211; Pariisi Bonne Nouvelle&#8217;i esimene kogudus &#8211; Rooma 14 \u201ccommunitates in missionem\u201d (kogudused missioonis), kes l\u00e4hevad piiskopkonna raskeimatesse \u00e4\u00e4remaadesse &#8211; 14 \u201cMissio ad gentes\u201d 5 kontinendil, need 200 uut perekonda, kes l\u00e4hevad missiooni erinevatesse maailma osadesse &#8211; 700 Neokatehhumeenilise Tee vastutajad r\u00e4ndkatehheedid Riikides &#8211; 103 Rooma piiskopkonna kihelkonnas olevaid 500 kogudust.<\/em><br \/><br \/><em>Toimus ka Mt 10,5-42 Evangeeliumi pidulik v\u00e4ljakuulutamine, mida tegi isa Mario ning millele j\u00e4rgnes Paavsti k\u00f5ne.\u00a0<\/em><\/p>\n\n<p><em>Paavst p\u00f6\u00f6rdus kohalolijatele j\u00e4rgmiste s\u00f5nadega:<\/em><\/p>\n\n<div class=\"wp-block-image is-style-default\"><figure class=\"alignright size-large\"><img loading=\"lazy\" decoding=\"async\" width=\"400\" height=\"267\" src=\"https:\/\/neocatechumenaleiter.org\/wp-content\/uploads\/2020\/02\/Camino_Neocatecumenal_Benedicto_XVI_Kiko_Arguello_envio_misiones_ad_gentes_vaticano.jpg\" alt=\"Missio Ad Genteste saatmine P&#xFC;ha Peetrusest\" class=\"wp-image-202\" srcset=\"https:\/\/neocatechumenaleiter.org\/wp-content\/uploads\/2020\/02\/Camino_Neocatecumenal_Benedicto_XVI_Kiko_Arguello_envio_misiones_ad_gentes_vaticano.jpg 400w, https:\/\/neocatechumenaleiter.org\/wp-content\/uploads\/2020\/02\/Camino_Neocatecumenal_Benedicto_XVI_Kiko_Arguello_envio_misiones_ad_gentes_vaticano-300x200.jpg 300w\" sizes=\"auto, (max-width: 400px) 100vw, 400px\" \/><\/figure><\/div>\n\n<p><em>Kallid vennad ja \u00f5ed!<\/em><br \/><br \/>Suure r\u00f5\u00f5muga v\u00f5tan teid vastu t\u00e4na, Neokatehhumeenilise Tee 40. aastap\u00e4eva puhul Roomas, kus on hetkel 500 kogudust. K\u00f5igile teile minu s\u00fcdamlik tervitus. Eriline tervitus Kardinal Vikaarile, Agostino Vallini, ja ka Kardinal Stanis\u0142aw Ry\u0142kole, <a href=\"http:\/\/www.vatican.va\/roman_curia\/pontifical_councils\/laity\/laity_it\/index_it.htm\">Ilmikute Paavstliku N\u00f5ukogu<\/a> esimees, kes p\u00fchendumusega j\u00e4rgis teid Statuutide heakskiitmise protsessis. Tervitan Neokatehhumeenilise Tee vastutajaid: h\u00e4rra Kiko Arg\u00fcellot, keda t\u00e4nan s\u00fcdamlikult entusiastlike ja entusiasmi andvate s\u00f5nade eest, millega ta ennast teie k\u00f5ikide tunnete t\u00f5lgiks tegi. Tervitan Preili Carmen Hern\u00e1ndezit ja Isa Mario Pezzit. Tervitan kogudusi, mis l\u00e4hevad missiooni Rooma k\u00f5ige rohkem abivajavatesse \u00e4\u00e4remaadesse, neid, kes l\u00e4hevad 5 kontinendil &#8220;<i>missio ad gentes&#8217;tesse<\/i>&#8220;, 200 uusi r\u00e4ndperekondasid ja 700 Neokatehhumeenilise Tee vastutaja r\u00e4ndkatehheete erinevates Riikides. Ait\u00e4h teile k\u00f5igile. Issand olgu teiega kaasas.<\/p>\n\n<p>See meie kohtumine toimub t\u00e4henduslikult Apostli Peetruse haua peale ehitatud Vatikani Basiilikas. Just tema, Apostlite Prints, oli see, kes vastates k\u00fcsimusele, millega Jeesus k\u00fcsitles Kaheteistk\u00fcmmet oma identiteedi kohta, tunnistas entusiastlikult: &#8220;Sina oled Messias, elava Jumala Poeg&#8221; (Mt 16,16). Te olete t\u00e4na siia kogunenud, et uuendada sedasama usutunnistust. Teie kohalolek, nii arvukas ja elav, tunnistab Issanda 4 aastak\u00fcmne k\u00e4igus tehtud imesid; see n\u00e4itab ka p\u00fchendumist, millega teil on plaanis j\u00e4tkata alustatud teekonda, Kristuse ustava j\u00e4rgimise ja Evangeeliumi julge tunnistamise teekonda, mitte ainult siin Roomas, vaid kuhu iganes Ettehooldus teid juhib; Karjaste juhistele kuuleka j\u00e4rgimise ja k\u00f5ikide teiste Jumala Rahva komponentidega osaduse teekond. Seda te plaanite teha, teadlikud, et aidata meie aja inimesel kohtuda Jeesuse Kristusega, inimese Lunastajaga, on Kiriku ja iga ristitu missioon. &#8220;Neokatehhumeeniline Tee&#8221; siseneb sellesse kiriklikku missiooni \u00fcks mitmetest P\u00fcha Vaimu poolt Vatikani II kirikukoguga inspireeritud teekonnana uueks evangeliseerimiseks.<\/p>\n\n<div class=\"wp-block-image is-style-default\"><figure class=\"alignleft size-large\"><img loading=\"lazy\" decoding=\"async\" width=\"400\" height=\"265\" src=\"https:\/\/neocatechumenaleiter.org\/wp-content\/uploads\/2020\/02\/Camino_Neocatecumenal_responsables_comunidades_roma.jpg\" alt=\"\" class=\"wp-image-1192\" srcset=\"https:\/\/neocatechumenaleiter.org\/wp-content\/uploads\/2020\/02\/Camino_Neocatecumenal_responsables_comunidades_roma.jpg 400w, https:\/\/neocatechumenaleiter.org\/wp-content\/uploads\/2020\/02\/Camino_Neocatecumenal_responsables_comunidades_roma-300x199.jpg 300w\" sizes=\"auto, (max-width: 400px) 100vw, 400px\" \/><\/figure><\/div>\n\n<p>K\u00f5ik algas siin Roomas, n\u00fc\u00fcd juba nelik\u00fcmmend aastat tagasi, kui P\u00fcha Kanada M\u00e4rtrite Kihelkonnas moodustati Neokatehhumeenilise Tee esimesi kogudusi. Kuidas mitte \u00f5nnistada Issandat k\u00f5ikide vaimsete viljade eest, mis teie poolt l\u00e4bi viidud evangeliseerimismeetodi tulemusena oleme saanud need aastad koguda? Kui palju v\u00e4rskeid apostellikke energiaid on olnud inspireeritud nii preestrite kui ka ilmikute seas! Palju mehi ja naisi ning palju perekondi, kes olid kiriklikust kogudusest kaugenenud v\u00f5i h\u00fcljanud kristliku elu elamist, l\u00e4bi ker\u00fcgma kuulutuse ja Ristimise taasavastamise teekonna, on olnud aidatud taas leidma usur\u00f5\u00f5mu ja evangeelse tunnistuse entusiasmi! &#8220;Tee&#8221; Statuutide hiljutine heakskiit Ilmikute Paavstliku N\u00f5ukogu poolt paneb pitseri lugupidamisele ja heatahtlikkusele, millega P\u00fcha Tool j\u00e4rgib tegu, mida Issand on inspireerinud l\u00e4bi teie Algatajate. Paavst, Rooma Piiskopid, t\u00e4navad teid oma helde teenistuse eest, mida te teete seda Linna evangeliseerides, ja p\u00fchendumuse eest, millega teete endale uhkust, et tuua kristlik kuulutus tema igasse keskkonda. Ait\u00e4h teile k\u00f5igile.<\/p>\n\n<div class=\"wp-block-image is-style-default\"><figure class=\"alignright size-large\"><img loading=\"lazy\" decoding=\"async\" width=\"400\" height=\"267\" src=\"https:\/\/neocatechumenaleiter.org\/wp-content\/uploads\/2020\/02\/Camino_Neocatecumenal_Benedicto_XVI_Kiko_Arguello_presenta_comunidades.jpg\" alt=\"\" class=\"wp-image-1199\" srcset=\"https:\/\/neocatechumenaleiter.org\/wp-content\/uploads\/2020\/02\/Camino_Neocatecumenal_Benedicto_XVI_Kiko_Arguello_presenta_comunidades.jpg 400w, https:\/\/neocatechumenaleiter.org\/wp-content\/uploads\/2020\/02\/Camino_Neocatecumenal_Benedicto_XVI_Kiko_Arguello_presenta_comunidades-300x200.jpg 300w\" sizes=\"auto, (max-width: 400px) 100vw, 400px\" \/><\/figure><\/div>\n\n<p>Teie v\u00e4ga v\u00e4\u00e4rt apostellik tegu saab olema veel t\u00f5husam sel m\u00e4\u00e4ral, mil pingutate kasvatada pidevalt seda igatsust \u00fchtsusele, mida Jeesus on teada andnud Kaheteistk\u00fcmnele Viimsel s\u00f6\u00f6maajal. Oleme kuulnud laulu: enne Kannatust meie Lunastaja palvetas intesiivselt, et tema j\u00fcngrid oleksid \u00fcks, selleks et maailm usuks (vrd Jh 17,21), sest selline \u00fchtsus v\u00f5ib tulla ainult Jumala v\u00f5imult. See \u00fchtsus, P\u00fcha Vaimu and ja usklike pidev otsing, teeb igast kogudusest elavat ja Kristuse m\u00fcstilisse Kehasse h\u00e4sti sisestatud liigest. Issanda j\u00fcngrite \u00fchtsus kuulub Kiriku olemusele ja on h\u00e4davajalik tingimus, et tema evangeliseeriv tegu oleks viljakas ja usutav. Tean, kui suure innukusega Neokatehhumeenilise Tee kogudused tegutsevad 103 Rooma kihelkonnas. Julgustan teid j\u00e4tkama seda p\u00fchendumust ja kutsun teid intensiivistama oma kuulekust k\u00f5ikidele Kardinal Vikaari, minu otsese Piiskopkonna pastoraalse valitsuse kaaslase, direktiividele. Ait\u00e4h teie &#8220;jaa-le&#8221;, mis tuleb muidugi s\u00fcdamest. &#8220;Tee&#8221; orgaaniline sisestamine piiskopkondlikku pastoraali ja tema \u00fchtsus teiste kiriklike reaalsustega toovad kogu kristlikule rahvale kasu ja muudavad meie Piiskopkonna selle Linna uuendatud Evangeeliumi kuulutuse pingutust kasumlikumaks. T\u00e4na ongi vaja suuremahulist misjoneerivat tegu, mis kaasaks erinevaid kiriklikke reaalsusi, mis, s\u00e4ilitades iga\u00fcks oma karisma originaalsust, tegutseksid \u00fcksmeelselt \u00fcritades realiseerida seda &#8220;integreeritud pastoraali&#8221;, mis on juba lubanud saada t\u00e4henduslikke tulemusi. Ja teie, asetades end t\u00e4ielikult Piiskopi saadavusse, nagu tuletavad meelde teie Statuudid, saate olla eeskujuks paljudele kohalikele Kirikutele, mis vaatavad \u00f5igustatult Roomale j\u00e4rgimismudelina.<\/p>\n\n<div class=\"wp-block-image is-style-circle-mask\"><figure class=\"alignleft size-large\"><img loading=\"lazy\" decoding=\"async\" width=\"400\" height=\"262\" src=\"https:\/\/neocatechumenaleiter.org\/wp-content\/uploads\/2020\/02\/Camino_Neocatecumenal_Benedicto_XVI_Carmen_Hernandez.jpg\" alt=\"\" class=\"wp-image-1206\" srcset=\"https:\/\/neocatechumenaleiter.org\/wp-content\/uploads\/2020\/02\/Camino_Neocatecumenal_Benedicto_XVI_Carmen_Hernandez.jpg 400w, https:\/\/neocatechumenaleiter.org\/wp-content\/uploads\/2020\/02\/Camino_Neocatecumenal_Benedicto_XVI_Carmen_Hernandez-300x197.jpg 300w\" sizes=\"auto, (max-width: 400px) 100vw, 400px\" \/><\/figure><\/div>\n\n<p>On ka teine vaimne vili, mis on k\u00fcpsenud neil neljak\u00fcmnel aastal, mille eest tahaksin t\u00e4nada teiega jumalikku Ettehooldust: see on preestrite ja p\u00fchitsetud inimeste arvukus, mida Issand &#8211; Kiko r\u00e4\u00e4kis meile sellest &#8211; on s\u00fcnnitanud teie kogudustes. Paljud preestrid on h\u00f5ivatud kihelkondades ja muudes piiskopkondliku apostolaadi alades, paljud on r\u00e4ndmisjon\u00e4rid erinevates Riikides: nad teenivad heldelt Rooma Kirikut ja Rooma Kirik pakub v\u00e4\u00e4rtuslikku teenistust maailma evangeliseerimisele. See on t\u00f5eline &#8220;lootuse kevad&#8221; Rooma piiskopkondlikule kogudusele ja universaalsele Kirikule! T\u00e4nan Rektorit ja tema kaast\u00f6\u00f6tajaid Rooma Redemptoris Materi Seminaris hariva teo eest, mida nad teevad. Me k\u00f5ik teame, et nende t\u00f6\u00f6 pole lihtne, aga v\u00e4ga t\u00e4htis tuleviku Kiriku jaoks. Ma eelk\u00f5ige jugustan j\u00e4tkama seda missiooni, kasutusele v\u00f5ttes formatiivseid juhiseid, mida pakuvad P\u00fcha Tool ja Piiskopkond. Valmistada preestreid, kes on h\u00e4sti sisestatud piiskopkondlikku preesterkonda ja kihelkondlikkusse kui ka piiskopkondlikku pastoraali on eesm\u00e4rk, millele tasub p\u00fc\u00fcelda k\u00f5ikidel seminaride juhtidel.<\/p>\n\n<p>Kallid vennad ja \u00f5ed, evangeelne lehek\u00fclg, mida kuulutati, on meile meelde tuletanud apostelliku missiooni n\u00f5udeid ja tingimusi. Jeesuse s\u00f5nad, evangelisti Matteuse poolt kirjutatud, k\u00f5lavad kutsena mitte julgust kaotada raskuste ees, mitte otsida inimlikku edu, mitte karta arusaamatusi ja isegi tagakiusamisi. Need julgustavad pigem panema oma usaldus Kristuse v\u00f5imu, v\u00f5tma &#8220;oma risti&#8221; ja j\u00e4rgima meie Lunastaja j\u00e4lgi, kes sel l\u00f5pul oleval j\u00f5uluajal, on ilmunud meile alandlikkuses ja vaesuses Petlemmas. P\u00fcha Neitsi, iga Kristuse j\u00fcngi eeskuju ja &#8220;\u00f5nnistuse kodu&#8221; nagu te laulsite, aidaku teil t\u00e4ide viia r\u00f5\u00f5mu ja ustavusega \u00fclesannet, mida Kirik teile usaldab. Ma t\u00e4nan teid teenistuse eest, mida teete Rooma Kirikule, ma kinnitan teile oma palve ja \u00f5nnistan s\u00fcdamest kohalolevaid ja k\u00f5iki Neokatehhumeenilise Tee kogudusi \u00fcle terve maailma.<\/p>\n","protected":false},"excerpt":{"rendered":"<p>P\u00fcha Isa Benedictus XVI k\u00f5ne Neokatehhumeenilise Tee 40. algusaasta kohta 10-I-2009 Benedictus XVI Vatikani basiilika, 10. jaanuar 2009 2009. aasta 10. jaanuaril, P\u00fcha Peetruse basiilikas, t\u00e4is Koguduste vendi, l\u00fchikese, kuid\u00a0 piduliku, teoga t\u00e4histati Rooma Piiskopkonna Neokatehhumeenilise Tee 40. aastat. P\u00fcha Isaga oli Kardinal Vikaar Agostino Vallini ja Kardinal Stanis\u0142aw Ry\u0142ko, Ilmikute Paavstliku N\u00f5ukogu esimees. Basiilikas, teiste seas, oli uus Kultuse Prefekt, Kardinal Antonio Ca\u00f1izares. P\u00fcha Isa Benedictus XVI poolt juhitud<\/p>\n<div class=\"read-more\"><a class=\"btn read-more-btn\" href=\"https:\/\/neocatechumenaleiter.org\/et\/paavstide-sonad\/benedictus-xvi\/puha-isa-benedictus-xvi-kone-neokatehhumeenilise-tee-40-algusaasta-kohta-10-i-2009\/\">Loe edasi<\/a><\/div>\n","protected":false},"author":2,"featured_media":0,"parent":19905,"menu_order":7,"comment_status":"closed","ping_status":"closed","template":"","meta":{"footnotes":""},"class_list":["post-36898","page","type-page","status-publish","hentry"],"_links":{"self":[{"href":"https:\/\/neocatechumenaleiter.org\/et\/wp-json\/wp\/v2\/pages\/36898","targetHints":{"allow":["GET"]}}],"collection":[{"href":"https:\/\/neocatechumenaleiter.org\/et\/wp-json\/wp\/v2\/pages"}],"about":[{"href":"https:\/\/neocatechumenaleiter.org\/et\/wp-json\/wp\/v2\/types\/page"}],"author":[{"embeddable":true,"href":"https:\/\/neocatechumenaleiter.org\/et\/wp-json\/wp\/v2\/users\/2"}],"replies":[{"embeddable":true,"href":"https:\/\/neocatechumenaleiter.org\/et\/wp-json\/wp\/v2\/comments?post=36898"}],"version-history":[{"count":29,"href":"https:\/\/neocatechumenaleiter.org\/et\/wp-json\/wp\/v2\/pages\/36898\/revisions"}],"predecessor-version":[{"id":47799,"href":"https:\/\/neocatechumenaleiter.org\/et\/wp-json\/wp\/v2\/pages\/36898\/revisions\/47799"}],"up":[{"embeddable":true,"href":"https:\/\/neocatechumenaleiter.org\/et\/wp-json\/wp\/v2\/pages\/19905"}],"wp:attachment":[{"href":"https:\/\/neocatechumenaleiter.org\/et\/wp-json\/wp\/v2\/media?parent=36898"}],"curies":[{"name":"wp","href":"https:\/\/api.w.org\/{rel}","templated":true}]}}