{"id":36930,"date":"2020-03-22T21:22:46","date_gmt":"2020-03-22T20:22:46","guid":{"rendered":"https:\/\/neocatechumenaleiter.org\/paavstide-sonad\/benedictus-xvi\/audients-neokatehhumeenilise-teega-ja-ule-200-perekonna-ja-13-missio-ad-gentes-saatmine-missiooni-17-i-2011\/"},"modified":"2026-03-02T12:39:32","modified_gmt":"2026-03-02T11:39:32","slug":"audients-neokatehhumeenilise-teega-ja-ule-200-perekonna-ja-13-missio-ad-gentes-saatmine-missiooni-17-i-2011","status":"publish","type":"page","link":"https:\/\/neocatechumenaleiter.org\/et\/paavstide-sonad\/benedictus-xvi\/audients-neokatehhumeenilise-teega-ja-ule-200-perekonna-ja-13-missio-ad-gentes-saatmine-missiooni-17-i-2011\/","title":{"rendered":"Audients Neokatehhumeenilise Teega ja \u00fcle 200 Perekonna ja 13 \u00abMissio Ad Gentes\u00bb saatmine missiooni 17-I-2011"},"content":{"rendered":"\n<h1 class=\"has-text-align-center wp-block-heading\">Audients Neokatehhumeenilise Teega ja \u00fcle 200 Perekonna ja 13 \u00abMissio Ad Gentes\u00bb saatmine missiooni 17-I-2011<\/h1>\n\n<div style=\"height:20px\" aria-hidden=\"true\" class=\"wp-block-spacer\"><\/div>\n\n<h4 class=\"has-text-align-center wp-block-heading\">Benedictus XVI<\/h4>\n\n<div style=\"height:20px\" aria-hidden=\"true\" class=\"wp-block-spacer\"><\/div>\n\n<div class=\"wp-block-image is-style-default\"><figure class=\"alignleft size-large\"><img loading=\"lazy\" decoding=\"async\" width=\"400\" height=\"267\" src=\"https:\/\/neocatechumenaleiter.org\/wp-content\/uploads\/2020\/02\/Camino_Neocatecumenal_Benedicto_XVI_audiencia_familias_mision_ad_gentes_2011.jpg\" alt=\"\" class=\"wp-image-1234\" srcset=\"https:\/\/neocatechumenaleiter.org\/wp-content\/uploads\/2020\/02\/Camino_Neocatecumenal_Benedicto_XVI_audiencia_familias_mision_ad_gentes_2011.jpg 400w, https:\/\/neocatechumenaleiter.org\/wp-content\/uploads\/2020\/02\/Camino_Neocatecumenal_Benedicto_XVI_audiencia_familias_mision_ad_gentes_2011-300x200.jpg 300w\" sizes=\"auto, (max-width: 400px) 100vw, 400px\" \/><\/figure><\/div>\n\n<p><strong>Vatikan &#8211; Paulus VI Saal, 17. jaanuar 2011<\/strong><\/p>\n\n<p><em>Evangeeliumi kuulutamine on &#8220;k\u00f5ikide kristlaste Ristimise j\u00e4rgne kohustus&#8221;: seda tuletas Paavst meelde Neokatehhumeenilise Tee liikmetele, kellega ta kohtus esmasp\u00e4eva hommikul, 17. jaanuaril, Paulus VI Saalis.<\/em><\/p>\n\n<p><em>Toome v\u00e4lja Benedictus XVI k\u00f5ne j\u00e4rgnevalt:<\/em><\/p>\n\n<p>Kallid s\u00f5brad!<br \/><br \/>Mul on hea meel teid vastu v\u00f5tta ja tervitada teid s\u00fcdamlikult. Eriline tervitus Kiko Arg\u00fcellole ja Carmen Hern\u00e1ndezile, Neokatehhumeenilise Tee algatajatele, ja Isa Mario Pezzile, t\u00e4nades neid tervituss\u00f5nade ja tutvustuse eest, mida nad minule tegid. Elava armastusega tervitan k\u00f5iki teid kohalolijaid: preestreid, seminariste, perekondasid ja Tee liikmeid. T\u00e4nan Issandat, sest ta pakub meile v\u00f5imalust kohtuda, et te uuendaks oma \u00fchendust Peetruse J\u00e4rglasega, taas vastu v\u00f5ttes \u00fclesannet, mida Kristus andis j\u00fcngritele: &#8220;Minge k\u00f5ike maailma, kuulutage evangeeliumi kogu loodule&#8221; (Mk 16,15).<\/p>\n\n<p><strong>\u00dcle neljak\u00fcmne aasta on Neokatehhumeeniline Tee panustanud kristliku Algatuse elavdamisele ja tugevdamisele piiskopkondades ja kihelkondades, eelistades j\u00e4rkj\u00e4rgulist ja radikaalset Ristimise rikkuste taasavastamist<\/strong>, aidates maitsta jumalikku elu, taevast elu, mida Issand on avanud oma kehastumisega, tulles meie keskele, s\u00fcndides nagu meie. See Jumala and oma Kirikule &#8220;teenib Piiskopit kristliku algatuse ja usus j\u00e4\u00e4va harimise piiskopkondliku tegutsemisviisina&#8221; (Statuut, art 1 \u00a7 2). See teenistus, nagu m\u00e4letas teile minu eelk\u00e4ija, Jumala Teenija Paulus VI, esimesel kohtumisel teiega 1974. aastal, &#8220;v\u00f5ib uuendada t\u00e4nap\u00e4evastes kristlikes kogudustes k\u00fcpsuse ja s\u00fcgavdamise efekte, mis \u00fcrgses Kirikus olid realiseeritud ristimisele valmistamise perioodil&#8221; (<em>Paulus VI \u00d5petused<\/em>, XII [1974], 406).<\/p>\n\n<div class=\"wp-block-image is-style-default\"><figure class=\"alignright size-large\"><img loading=\"lazy\" decoding=\"async\" width=\"400\" height=\"270\" src=\"https:\/\/neocatechumenaleiter.org\/wp-content\/uploads\/2020\/02\/Camino_Neocatecumenal_Benedicto_XVI_audiencia_familias_mision_ad_gentes_2011_orquesta.jpg\" alt=\"\" class=\"wp-image-1241\" srcset=\"https:\/\/neocatechumenaleiter.org\/wp-content\/uploads\/2020\/02\/Camino_Neocatecumenal_Benedicto_XVI_audiencia_familias_mision_ad_gentes_2011_orquesta.jpg 400w, https:\/\/neocatechumenaleiter.org\/wp-content\/uploads\/2020\/02\/Camino_Neocatecumenal_Benedicto_XVI_audiencia_familias_mision_ad_gentes_2011_orquesta-300x203.jpg 300w\" sizes=\"auto, (max-width: 400px) 100vw, 400px\" \/><\/figure><\/div>\n\n<p>Viimastel aastatel tehti kasumlikult Neokatehhumeenilise Tee Statuudi toimetamise protsess, mis asjakohase &#8220;ad experimentum&#8221; kehtivuse perioodi j\u00e4rgselt kiideti l\u00f5plikult heaks 2008. aasta juunis. Veel \u00fcks teine t\u00e4htis samm t\u00e4itus viimastel p\u00e4evadel, &#8220;Neokatehhumeenilise Tee Kahheetliku Juhtkonna&#8221; heakskiit P\u00fcha Tooli Osakondade liikmete poolt. Nende kiriklike pitseritega, Issand kinnitab t\u00e4na ja usaldab teile taas seda v\u00e4\u00e4rtuslikku t\u00f6\u00f6vahendit, milleks on Tee, et te saaksite, P\u00fcha Toolile ja Kiriku Karjastele kuuletudes, panustada, uue entusiasmiga ja tulihingelisusega, Ristimise anni radikaalsele ja r\u00f5\u00f5mustavale taasavastamisele ning pakkuda oma originaalset panust uuele evangeliseerimisele. Kirik on tunnistanud Neokatehhumeenilises Tees P\u00fcha Vaimu poolt inspireeritud andi: sellisena, see kipub iseloomulikult sisestama ennast kirikliku Ihu suurde harmooniasse. Selles valguses, ma julgustan teid otsima alati s\u00fcgavat osadust Karjastega ja k\u00f5ikide kohalike Kirikute osadega ning kiriklike kontekstidega, mis on v\u00e4ga erinevad ning millesse olete kutsutud tegutsema. Vennalik osadus Jeesuse j\u00fcngrite vahel on just esimene ja k\u00f5ige suurem tunnistus Jeesus Kristuse nimele.<\/p>\n\n<p>Olen eriti \u00f5nnelik, et saan saata t\u00e4na, erinevatesse maailma osadesse, \u00fcle 200 uue perekonna, kes on end saadavaks teinud suure lahkusega ja l\u00e4hevad missiooni, liitudes ideaalselt umbes 600 viies Kontinendis juba tegutsevatele. Kallid perekonnad, usk, mida te olete saanud annina, olgu kandelaabril olev valgus, mis oskab inimestele n\u00e4idata Taevateed. Sama tundega, saadan 13 uut \u201cmissiones ad gentes\u201d, kes on kutsutud realiseerima uut kiriklikku kohalolekut erinevates Riikides v\u00e4ga ilmalikustunud keskkondades v\u00f5i kohtades, kuhu Kristuse s\u00f5num pole veel j\u00f5udnud. Palun, et te saaksite alati tunda enda k\u00f5rval \u00dclest\u00f5usnud Issanda elavat kohalolekut ja paljude vendade kaasask\u00e4imist, nii nagu Paavsti palve, mis on teiega!<\/p>\n\n<p>Tervitan armastusega Preestreid, kes tulevad piiskopkondlikest Euroopa \u201c<em>Redemptoris Mater<\/em>\u201c Seminaridest, ja \u00fcle kahe tuhande siin kohal olevat seminaristi. Kallimad, <strong>te olete eriline ja k\u00f5nekas s\u00fcmbol headuse viljadest, mis v\u00f5ivad s\u00fcndida oma Ristimise taasavastamisest. <\/strong>Teile vaatame erilise lootusega: olge Kristusesse ja tema Kirikusse armunud preestrid, kes oskavad maailmale edasi anda Issanda kohtumise ja tema teenimise r\u00f5\u00f5mu. Tervitan ka r\u00e4ndkatehheete ning Rooma ja Lazio neokatehhumeenilisi kogudusi, erilise armastusega tervitan \u201c<em>communitates<\/em><em>\u00a0in missionem<\/em>\u201c. Olete nii-\u00f6elda h\u00fcljanud oma p\u00e4ritolu koguduste kindluseid, et minna kaugetesse ja ebamugavatesse kohtadesse, aktsepteerides, et olete saadetud selleks, et aidata raskustes olevaid kihelkondasid ja otsida kadunud lammast ning juhtida ta tagasi Kristuse lambalauta. Kannatustes v\u00f5i kuivuses, mida v\u00f5ite kogeda, tundke end \u00fchendatud Kristuse ristikannatusega ja tema soovile j\u00f5uda mitmete vendadeni, kes on usust ja t\u00f5est kaugel, et tuua nad tagasi Isa kotta.<\/p>\n\n<div class=\"wp-block-image is-style-circle-mask\"><figure class=\"alignright size-large\"><img loading=\"lazy\" decoding=\"async\" width=\"400\" height=\"268\" src=\"https:\/\/neocatechumenaleiter.org\/wp-content\/uploads\/2020\/02\/Camino_Neocatecumenal_Benedicto_XVI_audiencia_familias_mision_ad_gentes_20112.jpg\" alt=\"\" class=\"wp-image-1248\" srcset=\"https:\/\/neocatechumenaleiter.org\/wp-content\/uploads\/2020\/02\/Camino_Neocatecumenal_Benedicto_XVI_audiencia_familias_mision_ad_gentes_20112.jpg 400w, https:\/\/neocatechumenaleiter.org\/wp-content\/uploads\/2020\/02\/Camino_Neocatecumenal_Benedicto_XVI_audiencia_familias_mision_ad_gentes_20112-300x201.jpg 300w\" sizes=\"auto, (max-width: 400px) 100vw, 400px\" \/><\/figure><\/div>\n\n<p>Nagu ma kirjutasin apostellikus \u00dcleskutses <em>Verbum Domini<\/em>: \u201cKiriku missiooni ei saa pidada valikuliseks v\u00f5i kirikliku elu lisa reaalsuseks. Tegu on sellega, et me laseks P\u00fchal Vaimul end Kristuse endaga \u00fcheks sulanduda [\u2026], et kuulutada S\u00f5na kogu eluga&#8221; (nr 93).\u00a0<strong>Kogu Jumala Rahvas on &#8220;saadetud&#8221; rahvas ja Evangeeliumi kuulutamine on k\u00f5ikide kristlaste kohustus Ristimise tagaj\u00e4rjena\u00a0<\/strong>(vrd <em>ibid.<\/em>, 94). Ma kutsun teid m\u00f5tisklema <em>Verbum Domini\u00a0<\/em>\u00dcleskutse \u00fcle, m\u00f5eldes, eriliselt, Dokumendi kolmanda osa \u00fcle &#8220;Kiriku missioon: kuulutada Jumala S\u00f5na maailmale&#8221; (nr 90-98). Kallid s\u00f5brad, <strong>tundkem end osana Issanda Jeesuse p\u00e4\u00e4ste \u00e4ngistusest, missioonist, mida Tema usaldab kogu Kirikule.<\/strong> \u00d5nnis Neitsi Maarja, kes inspireeris teie Teed ja kes andis teile Naatsareti perekonna teie koguduste eeskujuna, lubagu teil elada oma usku alandlikkuses, lihtsuses ja kiituses, kostaks teie k\u00f5igi eest ja saatku teid oma missioonis. Toetagu teid ka minu \u00d5nnistus, mida ma s\u00fcdamest annan teile ja k\u00f5ikidele Neokatehhumeenilise Tee liikmetele \u00fcle maailma.<br \/><br \/><em>(*) Vrd \u00abRooma Vaatleja\u00bb, 17.-18. jaanuar 2011.<\/em><\/p>\n","protected":false},"excerpt":{"rendered":"<p>Audients Neokatehhumeenilise Teega ja \u00fcle 200 Perekonna ja 13 \u00abMissio Ad Gentes\u00bb saatmine missiooni 17-I-2011 Benedictus XVI Vatikan &#8211; Paulus VI Saal, 17. jaanuar 2011 Evangeeliumi kuulutamine on &#8220;k\u00f5ikide kristlaste Ristimise j\u00e4rgne kohustus&#8221;: seda tuletas Paavst meelde Neokatehhumeenilise Tee liikmetele, kellega ta kohtus esmasp\u00e4eva hommikul, 17. jaanuaril, Paulus VI Saalis. Toome v\u00e4lja Benedictus XVI k\u00f5ne j\u00e4rgnevalt: Kallid s\u00f5brad! Mul on hea meel teid vastu v\u00f5tta ja tervitada teid s\u00fcdamlikult. Eriline<\/p>\n<div class=\"read-more\"><a class=\"btn read-more-btn\" href=\"https:\/\/neocatechumenaleiter.org\/et\/paavstide-sonad\/benedictus-xvi\/audients-neokatehhumeenilise-teega-ja-ule-200-perekonna-ja-13-missio-ad-gentes-saatmine-missiooni-17-i-2011\/\">Loe edasi<\/a><\/div>\n","protected":false},"author":2,"featured_media":0,"parent":19905,"menu_order":9,"comment_status":"closed","ping_status":"closed","template":"","meta":{"footnotes":""},"class_list":["post-36930","page","type-page","status-publish","hentry"],"_links":{"self":[{"href":"https:\/\/neocatechumenaleiter.org\/et\/wp-json\/wp\/v2\/pages\/36930","targetHints":{"allow":["GET"]}}],"collection":[{"href":"https:\/\/neocatechumenaleiter.org\/et\/wp-json\/wp\/v2\/pages"}],"about":[{"href":"https:\/\/neocatechumenaleiter.org\/et\/wp-json\/wp\/v2\/types\/page"}],"author":[{"embeddable":true,"href":"https:\/\/neocatechumenaleiter.org\/et\/wp-json\/wp\/v2\/users\/2"}],"replies":[{"embeddable":true,"href":"https:\/\/neocatechumenaleiter.org\/et\/wp-json\/wp\/v2\/comments?post=36930"}],"version-history":[{"count":45,"href":"https:\/\/neocatechumenaleiter.org\/et\/wp-json\/wp\/v2\/pages\/36930\/revisions"}],"predecessor-version":[{"id":47795,"href":"https:\/\/neocatechumenaleiter.org\/et\/wp-json\/wp\/v2\/pages\/36930\/revisions\/47795"}],"up":[{"embeddable":true,"href":"https:\/\/neocatechumenaleiter.org\/et\/wp-json\/wp\/v2\/pages\/19905"}],"wp:attachment":[{"href":"https:\/\/neocatechumenaleiter.org\/et\/wp-json\/wp\/v2\/media?parent=36930"}],"curies":[{"name":"wp","href":"https:\/\/api.w.org\/{rel}","templated":true}]}}