{"id":36977,"date":"2020-03-22T21:26:08","date_gmt":"2020-03-22T20:26:08","guid":{"rendered":"https:\/\/neocatechumenaleiter.org\/paavstide-sonad\/benedictus-xvi\/regina-coeli-veneetsia-ja-aquileia-pastoraalide-kulastuse-toimumisel-8-v-2011\/"},"modified":"2026-03-02T12:39:01","modified_gmt":"2026-03-02T11:39:01","slug":"regina-coeli-veneetsia-ja-aquileia-pastoraalide-kulastuse-toimumisel-8-v-2011","status":"publish","type":"page","link":"https:\/\/neocatechumenaleiter.org\/et\/paavstide-sonad\/benedictus-xvi\/regina-coeli-veneetsia-ja-aquileia-pastoraalide-kulastuse-toimumisel-8-v-2011\/","title":{"rendered":"\u00abRegina Coeli\u00bb Veneetsia ja Aquileia pastoraalide k\u00fclastuse toimumisel 8-V-2011"},"content":{"rendered":"\n<h1 class=\"has-text-align-center wp-block-heading\">\u00abRegina Coeli\u00bb Veneetsia ja Aquileia pastoraalide k\u00fclastuse toimumisel 8-V-2011<\/h1>\n\n<div style=\"height:20px\" aria-hidden=\"true\" class=\"wp-block-spacer\"><\/div>\n\n<h4 class=\"has-text-align-center wp-block-heading\">Benedictus XVI<\/h4>\n\n<div style=\"height:20px\" aria-hidden=\"true\" class=\"wp-block-spacer\"><\/div>\n\n<p><strong>P\u00fcha Julianuse park &#8211; Mestre, 8. mai 2011<\/strong><\/p>\n\n<p><em>Aquileia ja Veneetsia pastoraalse k\u00fclastuse k\u00e4igus, enne \u201cRegina Coeli\u201d lausumist, Benedictus XVI palus Neitsit, et ta toetaks ja &#8220;tugevdaks uue evangeliseerimisega koost\u00f6\u00f6d tegevate arvukate ilmikute <\/em><em>tegevust&#8221; ning nende seas nimetas ta Neokatehhumeenilist Teed.<\/em><\/p>\n\n<p><em>Kallid vennad ja \u00f5ed!<\/em><br \/><br \/>Selle <a href=\"http:\/\/w2.vatican.va\/content\/benedict-xvi\/it\/homilies\/2011\/documents\/hf_ben-xvi_hom_20110508_mestre.html\">piduliku Euharistilise p\u00fchitsemise<\/a> l\u00f5pus, p\u00f6\u00f6rame pilgu Maarja poole, <i>Regina Caeli.\u00a0<\/i>Paasap\u00fcha p\u00e4ikeset\u00f5usul, Temast sai \u00dclest\u00f5usnu Ema ja tema \u00fchtsus Temaga on nii s\u00fcgav, et seal, kus on Poeg, ei saa puududa Ema. Nendes imeilusates kohtades, Jumala ilu and ja m\u00e4rk, paljud P\u00fchakojad, kirikud ja kabelid on p\u00fchendatud Maarjale! Temas peegeldub Kristuse s\u00e4rav pale. Kui me j\u00e4rgime teda kuulekalt, juhib Neitsi meid Temani. Neil Paasap\u00fcha aja p\u00e4evadel, laskem end \u00fclest\u00f5usnud Kristuse poolt vallutada. Temas algab uus armastuse ja rahu maailm, mis on iga inims\u00fcdame s\u00fcgav p\u00fc\u00fcdlus. Issand lubagu teil, nende pika kristliku ajaloo rikaste Maade elanikele, elada Evangeeliumit s\u00fcndiva Kiriku eeskujul, milles &#8220;usklike kogul oli \u00fcks s\u00fcda ja \u00fcks hing&#8221; (Ap 4,32). Palume P\u00fchimat Maarjat, kes toetas oma Poja esimesi tunnistajaid Hea Uudise kuulutamisel, et ta toetaks ka t\u00e4na Preestrite apostellikke raskusid; muudaks viljakaks Religioossete tunnistusi; julgustaks vanemate igap\u00e4evast tegu usu edasi andmisel oma lastele; valgustaks noorte teekonda, et nad k\u00f5ndiksid usaldusega vanemate usu poolt taotud teel; t\u00e4idaks vanurite s\u00fcdameid kindla lootusega; lohutaks oma l\u00e4hedusega haigeid ja k\u00f5iki kannatajaid; tugevdaks uue evangeliseerimisega Kihelkondades ja \u00dchingutes koost\u00f6\u00f6d tegevate arvukate ilmikute tegevust, nagu skaudid ja Katoliiklik Tegevus, nii juurdunud ja kohalolev neis Maades, Liikumistes, mis oma karismade ja oma tegevuse mitmekesisusega on kirikliku materjali rikkuse s\u00fcmbol &#8211; ma m\u00f5tlen Focolare Liikumisele, Osadus ja Vabastamisele v\u00f5i Neokatehhumeenilisele Teele, et m\u00f5ndasid v\u00e4lja tuua. Julgustan k\u00f5iki t\u00f6\u00f6tama t\u00f5elise osaduse vaimuga selles suures istanduses, kuhu Issand on kutsunud meid tegutsema. Maarja, \u00dclest\u00f5usnu ja Kiriku Ema, palveta meie eest!<br \/><br \/><em>(*) Vrd \u00abRooma Vaatleja\u00bb, 9.-10. mai 2011.<\/em><\/p>\n","protected":false},"excerpt":{"rendered":"<p>\u00abRegina Coeli\u00bb Veneetsia ja Aquileia pastoraalide k\u00fclastuse toimumisel 8-V-2011 Benedictus XVI P\u00fcha Julianuse park &#8211; Mestre, 8. mai 2011 Aquileia ja Veneetsia pastoraalse k\u00fclastuse k\u00e4igus, enne \u201cRegina Coeli\u201d lausumist, Benedictus XVI palus Neitsit, et ta toetaks ja &#8220;tugevdaks uue evangeliseerimisega koost\u00f6\u00f6d tegevate arvukate ilmikute tegevust&#8221; ning nende seas nimetas ta Neokatehhumeenilist Teed. Kallid vennad ja \u00f5ed! Selle piduliku Euharistilise p\u00fchitsemise l\u00f5pus, p\u00f6\u00f6rame pilgu Maarja poole, Regina Caeli.\u00a0Paasap\u00fcha p\u00e4ikeset\u00f5usul, Temast sai<\/p>\n<div class=\"read-more\"><a class=\"btn read-more-btn\" href=\"https:\/\/neocatechumenaleiter.org\/et\/paavstide-sonad\/benedictus-xvi\/regina-coeli-veneetsia-ja-aquileia-pastoraalide-kulastuse-toimumisel-8-v-2011\/\">Loe edasi<\/a><\/div>\n","protected":false},"author":2,"featured_media":0,"parent":19905,"menu_order":10,"comment_status":"closed","ping_status":"closed","template":"","meta":{"footnotes":""},"class_list":["post-36977","page","type-page","status-publish","hentry"],"_links":{"self":[{"href":"https:\/\/neocatechumenaleiter.org\/et\/wp-json\/wp\/v2\/pages\/36977","targetHints":{"allow":["GET"]}}],"collection":[{"href":"https:\/\/neocatechumenaleiter.org\/et\/wp-json\/wp\/v2\/pages"}],"about":[{"href":"https:\/\/neocatechumenaleiter.org\/et\/wp-json\/wp\/v2\/types\/page"}],"author":[{"embeddable":true,"href":"https:\/\/neocatechumenaleiter.org\/et\/wp-json\/wp\/v2\/users\/2"}],"replies":[{"embeddable":true,"href":"https:\/\/neocatechumenaleiter.org\/et\/wp-json\/wp\/v2\/comments?post=36977"}],"version-history":[{"count":13,"href":"https:\/\/neocatechumenaleiter.org\/et\/wp-json\/wp\/v2\/pages\/36977\/revisions"}],"predecessor-version":[{"id":47793,"href":"https:\/\/neocatechumenaleiter.org\/et\/wp-json\/wp\/v2\/pages\/36977\/revisions\/47793"}],"up":[{"embeddable":true,"href":"https:\/\/neocatechumenaleiter.org\/et\/wp-json\/wp\/v2\/pages\/19905"}],"wp:attachment":[{"href":"https:\/\/neocatechumenaleiter.org\/et\/wp-json\/wp\/v2\/media?parent=36977"}],"curies":[{"name":"wp","href":"https:\/\/api.w.org\/{rel}","templated":true}]}}