{"id":36989,"date":"2020-03-22T21:39:14","date_gmt":"2020-03-22T20:39:14","guid":{"rendered":"https:\/\/neocatechumenaleiter.org\/paavstide-sonad\/benedictus-xvi\/15-missio-ad-gentes-audients-ja-saatmine-20-i-2012\/"},"modified":"2026-03-02T12:38:26","modified_gmt":"2026-03-02T11:38:26","slug":"15-missio-ad-gentes-audients-ja-saatmine-20-i-2012","status":"publish","type":"page","link":"https:\/\/neocatechumenaleiter.org\/et\/paavstide-sonad\/benedictus-xvi\/15-missio-ad-gentes-audients-ja-saatmine-20-i-2012\/","title":{"rendered":"15 \u00abMissio Ad Gentes\u00bb audients ja saatmine 20-I-2012"},"content":{"rendered":"\n<h1 class=\"has-text-align-center wp-block-heading\">15 \u00abMissio Ad Gentes\u00bb audients ja saatmine 20-I-2012<\/h1>\n\n<div style=\"height:20px\" aria-hidden=\"true\" class=\"wp-block-spacer\"><\/div>\n\n<h4 class=\"has-text-align-center wp-block-heading\">Benedictus XVI<\/h4>\n\n<div style=\"height:20px\" aria-hidden=\"true\" class=\"wp-block-spacer\"><\/div>\n\n<p><strong>Vatikan &#8211; Paulus VI Saal, 20. jaanuar 2012 *<\/strong><\/p>\n\n<p><em>20. jaanuaril 2012, &#8220;Dekreedi&#8221; avaldamise puhul, millega kiidetakse heaks p\u00fchitsemisi Neokatehhumeenilise Tee Katehheetilises Juhtkonnas, P\u00fcha Isa Benedictus XVI p\u00f6\u00f6rdus kohalolijate poole nende s\u00f5nadega, mis allpool toodud.<\/em><br \/><br \/><em>T\u00e4htsal teol, millega l\u00f5peb Neokatehhumeenilise Tee heakskiitmise protsess (2008: Statuut; 2010: Neokatehhumeenilise Tee Katehheetilise Juhtkonna heakskiitmise dekreet; 2012: Kristliku Algatuse erinevate faasidega kaasas k\u00e4ivate p\u00fchitsemiste heakskiitmise dekreet.), olid kohal Algatajad: Kiko, Carmen ja Isa Mario, k\u00f5ik maailma R\u00e4ndkatehheedid, Perekonnad Missioonis, juba saadetud \u201cMissio ad gentes\u201d ja 15 uut \u201cMissio ad gentes\u201d, keda Paavst saatis sel korral. Olid kohal ka neokatehhumeenilist teekonda l\u00f5petanud Koguduste Vastutajad, Euroopa &#8220;Redemptoris Mater\u201d Preestrid, Seminaristid, Katehheedid ja Rooma \u201cCommunitates in missionem\u201d.<\/em><\/p>\n\n<p><em>Kallid vennad ja \u00f5ed,<\/em><br \/><br \/>ka sel aastal on mul r\u00f5\u00f5m kohtuda teiega ja jagada teiega seda missioonile saatmise hetke. Eriline tervitus Kiko Arg\u00fcellole, Carmen Hern\u00e1ndezile ja Isa Mario Pezzile ning s\u00fcdamlik tervitus teile k\u00f5igile: preestrid, seminaristid, perekonnad, Neokatehhumeenilise Tee juhid ja liikmed. Teie kohalolek t\u00e4na on n\u00e4htav tunnistus teie r\u00f5\u00f5msast p\u00fchendumusest elada usku, osaduses kogu Kirikuga ja Peetruse J\u00e4rglasega, ning olla julged Evangeeliumi tunnistajad.<\/p>\n\n<div class=\"wp-block-image is-style-default\"><figure class=\"alignright size-large\"><img loading=\"lazy\" decoding=\"async\" width=\"400\" height=\"267\" src=\"https:\/\/neocatechumenaleiter.org\/wp-content\/uploads\/2020\/02\/Camino_Neocatecumenal_Benedicto_XVI_envio_misiones_ad_gentes_2012.jpg\" alt=\"\" class=\"wp-image-1262\" srcset=\"https:\/\/neocatechumenaleiter.org\/wp-content\/uploads\/2020\/02\/Camino_Neocatecumenal_Benedicto_XVI_envio_misiones_ad_gentes_2012.jpg 400w, https:\/\/neocatechumenaleiter.org\/wp-content\/uploads\/2020\/02\/Camino_Neocatecumenal_Benedicto_XVI_envio_misiones_ad_gentes_2012-300x200.jpg 300w\" sizes=\"auto, (max-width: 400px) 100vw, 400px\" \/><\/figure><\/div>\n\n<p>P\u00fcha Matteuse lugemises, mida oleme kuulnud, Apostlid saavad Jeesuselt sellist \u00fclesannet: &#8220;Minge siis, tehke j\u00fcngriteks k\u00f5ik rahvad&#8221; (Mt 28,19). Alguses nad kahtlesid, nende s\u00fcdames oli veel ebakindlus, h\u00e4mmastus \u00fclest\u00f5usmise ees. Ja Jeesus ise, \u00dclest\u00f5usnu &#8211; r\u00f5hutab Evangelist &#8211; kes l\u00e4heneb neile, annab tunda oma olekut, saadab nad \u00f5petama k\u00f5ike seda, mida on neile r\u00e4\u00e4kinud, andes kindlust, mis saadab igat Kristuse kuulutajat: &#8220;Ja vaata, mina olen iga p\u00e4ev teie juures ajastu l\u00f5puni&#8221; (Mt 28,20). Need on s\u00f5nad, mis resoneerivad tugevalt teie s\u00fcdames. Olete laulnud <i>Resurrexit<\/i>, mis v\u00e4ljendab usku Elavasse, Temasse, kes, \u00fclimas armastuse teos, v\u00f5itis patu ja surma ning annab inimesele, meile, Jumala armastuse soojust, lootust olla p\u00e4\u00e4stetud, igaviku tuleviku.<br \/><br \/>Neil Tee elu k\u00fcmnendikel teie kindlaks p\u00fchendumuseks oli kuulutada \u00dclest\u00f5usnud Kristust, vastata tema s\u00f5nadele lahkusega, h\u00fcljates tihti isiklikke ja materiaalseid kindluseid, j\u00e4ttes ka oma Riike, elades uusi olukordi ja mitte alati lihtsaid. Viia Kristust inimestele ja tuua inimesed Kristusele: see on iga evangeliseerimisteo t\u00f5ukej\u00f5uks. Te viite seda t\u00e4ide tees, mis aitab taasavastada, juba Ristitutele, usuelu ilu, r\u00f5\u00f5mu olla kristlased. &#8220;Kristuse j\u00e4rgimine&#8221; n\u00f5uab isiklikku seiklust Teda otsida, minna Temaga, aga toob alati kaasa ka endast v\u00e4ljumise, individualismi murdmise, mis tihti iseloomustab meie aja \u00fchiskonda, et asendada isekust uue inimese kogudusega Jeesus Kristuses. Ja see l\u00e4heb t\u00e4ide s\u00fcgavas isiklikus suhtes Temaga, tema s\u00f5na kuulmisega, tema n\u00e4idatud teekonna k\u00e4imisega, aga ka lahutamatult uskudes tema Kirikuga, P\u00fchakutega, milles laseb ennast alati ja uuesti \u00e4ra tunda Kristuse Pruudi t\u00f5eline pale.<\/p>\n\n<p>See on p\u00fchendumus &#8211; me teame &#8211; mitte alati lihtne. M\u00f5nikord olete olemas kohtades, kus on vaja esimene Evangeeliumi kuulutus, missio ad gentes; tihti aga kohtades, kus olles tundnud Kristust, on muutunud usule \u00fcksk\u00f5iksed: ilamlikkus on peitnud Jumala m\u00f5tet ja varjanud kristlikke v\u00e4\u00e4rtuseid. Siin teie p\u00fchendumus ja teie tunnistus olgu nagu p\u00e4rm, mis, kannatlikkusega, austades aegu, paneb kasvama massi. Kirik on tundnud Tees erilist andi, mida P\u00fcha Vaim on andnud meie ajastule ning Statuutide ja &#8220;Katehheetilise Dekreedi&#8221; heakskiitmine on m\u00e4rk sellest. Ma julgustan teid andma oma originaalset panust Evangeeliumile. Teie v\u00e4\u00e4rtuslikus tegevuses otsige alati s\u00fcgavat osadust Apostelliku Tooliga ja teid saadetud Kirikute Karjastega: kirikliku Ihu \u00fchtsus ja harmoonia on t\u00e4htis tunnistus Kristusele ja tema Evangeeliumile maailmas, kus elame. Kallid perekonnad, Kirik t\u00e4nab teid; ta vajab teid uueks evangeliseerimiseks. Perekond on kirikliku koguduse jaoks t\u00e4htis rakk, kus vormitakse end inimliku ja kristliku elu jaoks. Suure r\u00f5\u00f5muga n\u00e4en teie lapsi, palju lapsi, kes teid vaatavad, kallid vanemad, teie eeskuju. Umbes sada perekonda on teel 12 Missio ad gentes&#8217;tesse. Ma kutsun teid mitte kartma: kes toob Evangeeliumit pole kunagi \u00fcksi. Tervitan s\u00fcdamlikult preestreid ja seminariste: armastage Kristust ja Kirikut, r\u00e4\u00e4kige temaga kohtumise r\u00f5\u00f5must ja ilust anda Temale k\u00f5ik. Tervitan ka r\u00e4ndkatehheete, vastutajaid ja k\u00f5iki Tee kogudusi. Olge Issandaga lahked ka edaspidi: ta ei lase teil puudust tunda oma lohutusest!<\/p>\n\n<p>Natuke aega tagasi loeti Dekreet, millega kiidetakse heaks p\u00fchitsemisi &#8220;Neokatehhumeenilise Tee Katehheetilises Juhtkonnas&#8221;, mis on rangelt liturgilised, aga on osa usu kasvamise teekonnast. See on veel \u00fcks element, mis n\u00e4itab teile, kuidas Kirik saadab teid t\u00e4helepanuga kannatlikus eristamisv\u00f5imes, mis m\u00f5istab teie rikkust, aga peab lugu ka kogu Corpus Ecclesiae osadusest ja harmooniast.<\/p>\n\n<p>See asjaolu lubab mul l\u00fchidalt v\u00e4ljendada m\u00f5tet Liturgia v\u00e4\u00e4rtuse kohta. Vatikani II kirikukogu defineerib seda Kristuse preestri ja tema ihu, milleks on Kirik, tegevusena (vrd <i><a href=\"http:\/\/www.vatican.va\/archive\/hist_councils\/ii_vatican_council\/documents\/vat-ii_const_19631204_sacrosanctum-concilium_it.html\">Sacrosanctum Concilium<\/a><\/i>, 7). Esmapilkselt see v\u00f5ib tunduda imelik, sest tundub, et Kristuse tegevus m\u00e4\u00e4rab Jeesuse, tema Kannatuse, Surma ja \u00dclest\u00f5usmise <em>ajaloolisi <\/em>lunastustegusid. Mis m\u00f5ttes siis Liturgia on Kristuse tegevus? Kristuse Kannatus, Surm ja \u00dclest\u00f5usmine pole ainult ajaloolised s\u00fcndmused; nad ulatuvad ja l\u00e4bivad ajalugu, aga nad \u00fcletavad seda ja j\u00e4\u00e4vad Kristuse s\u00fcdamesse alati. Kiriku liturgilises tegevuses on \u00dclest\u00f5usnud Kristuse aktiivne kohalolek, mis muudab kohalolevaks ja t\u00f5husaks meile t\u00e4na samat paasap\u00fcha M\u00fcsteeriumit, meie p\u00e4\u00e4steks; ta meelitab meid selles Enda andmise teos, mis on tema s\u00fcdames alati ja laseb meil osa v\u00f5tta sellest paasap\u00fcha M\u00fcsteeriumi kohalolekust. See Issanda Jeesuse tegevus, mis on Liturgia t\u00f5eline sisu, siseneda paasap\u00fcha M\u00fcsteeriumi kohalolekusse, on ka Kiriku tegevus, mis, olles tema keha, on \u00fcksainus subjekt Kristusega &#8211;\u00a0<i>Christus totus caput et corpus<\/i> &#8211; \u00fctleb p\u00fcha Augustinus. Sakramentide p\u00fchitsemises Kristus sukeldab meid paasap\u00fcha M\u00fcsteeriumisse, et lasta\u00a0 meil surmast eluni minna, patust uute eksistentsi Kristuses.<br \/><br \/>See k\u00e4ib eriti erilisel viisil Euharistia kohta, mis, olles kristliku elu kulminatsioon, on ka tema taasavastamise alus, millele neokatehhumenaat kaldub. Nagu \u00fctlevad teie Statuudid, &#8220;Euharistia on h\u00e4davajalik Neokatehhumenaadile, olles ristimisj\u00e4rgne katehhumenaat, elatud v\u00e4ikeses koguduses&#8221; (art 13 \u00a71). Just selleks, et l\u00e4hemale tuua sakramentaalse elu rikkus inimestele, kes on kaugenenud Kirikust v\u00f5i pole saanud asjakohast \u00f5pet, neokatehhumeenid v\u00f5ivad p\u00fchitseda p\u00fchap\u00e4eva Euharistiat v\u00e4ikeses koguduses, peale p\u00fchap\u00e4eva esimesi Vespereid, kohaliku Piiskopi s\u00e4tete kohaselt (vrd <em>Statuudid,\u00a0<\/em>art 13 \u00a72). Aga iga euharistiline p\u00fchitsemine on ainsa Kristuse tegu koos oma ainsa Kirikuga ning seet\u00f5ttu sisuliselt avatud k\u00f5ikidele neile, kes kuuluvad sellele tema Kirikule. See P\u00fcha Euharistia avalik iseloom v\u00e4ljendub asjaolus, et iga P\u00fcha Missa p\u00fchitsemine on hiljuti juhitud Piiskopi poolt, Piiskopkondliku Kolleegiumi liikmena, kes vastutab teatud kohaliku Kiriku eest (vrd Ekum. Vat. II kk, Cost. dogm. <i><a href=\"http:\/\/www.vatican.va\/archive\/hist_councils\/ii_vatican_council\/documents\/vat-ii_const_19641121_lumen-gentium_it.html\">Lumen gentium<\/a><\/i>, 26). P\u00fchitsemisel v\u00e4ikestes kogudustes, reguleeritud liturgiliste Raamatutega, mida peab j\u00e4rgima ustavalt ja Tee Statuutides heaks kiidetud erisustega, on \u00fclesanne aidata neil, kes teevad neokatehhumeenilist teekonda, tunda armu olla sisestatud Kristuse p\u00e4\u00e4stmism\u00fcsteeriumisse, mis muudab v\u00f5imalikuks radikaalsusele iseloomulikku kristlikku tunnistust. Samal ajal, isiku ja v\u00e4ikese koguduse progressiivne k\u00fcpsemine usus peab pooldama nende sisestamist suure kirikliku koguduse ellu, mis peitub kihelkonna liturgilises p\u00fchitsemises, kus ja mille t\u00f5ttu rakendub Neokatehhumenaat (vrd <em>Statuudid<\/em>, art 6), tema tavaline vorm. Aga ka tee k\u00e4igus on t\u00e4htis mitte lahku minna kihelkonna kogudusest, just Euharistia p\u00fchitsemises, mis on k\u00f5ikide t\u00f5elise \u00fchtsuse koht, kus Issand kallistab meid meie vaimse k\u00fcpsuse erinevates astmetes ja \u00fchendab meid ainsasse leiba, mis muudab meid \u00fcheks ihuks (vrd <em>Kor\u00a0<\/em>10, 16j).<br \/><br \/>Julgust! Issand on alati teiega kaasas ja ka mina kinnitan enda palvet teile ja t\u00e4nan teid paljude l\u00e4hedusm\u00e4rkide eest. Pidage mind meeles oma palvetes. P\u00fcha Neitsi Maarja aidaku teid oma emaliku pilguga ja toetagu teid minu Apostellik \u00d5nnistus, mida edastan k\u00f5ikidele Tee liikmetele. Ait\u00e4h!<\/p>\n\n<p><em>(*) Vrd. \u00abL\u2019Osservatore Romano\u00bb (Rooma Vaatleja), 21. jaanuar 2012.<\/em><\/p>\n","protected":false},"excerpt":{"rendered":"<p>15 \u00abMissio Ad Gentes\u00bb audients ja saatmine 20-I-2012 Benedictus XVI Vatikan &#8211; Paulus VI Saal, 20. jaanuar 2012 * 20. jaanuaril 2012, &#8220;Dekreedi&#8221; avaldamise puhul, millega kiidetakse heaks p\u00fchitsemisi Neokatehhumeenilise Tee Katehheetilises Juhtkonnas, P\u00fcha Isa Benedictus XVI p\u00f6\u00f6rdus kohalolijate poole nende s\u00f5nadega, mis allpool toodud. T\u00e4htsal teol, millega l\u00f5peb Neokatehhumeenilise Tee heakskiitmise protsess (2008: Statuut; 2010: Neokatehhumeenilise Tee Katehheetilise Juhtkonna heakskiitmise dekreet; 2012: Kristliku Algatuse erinevate faasidega kaasas k\u00e4ivate p\u00fchitsemiste<\/p>\n<div class=\"read-more\"><a class=\"btn read-more-btn\" href=\"https:\/\/neocatechumenaleiter.org\/et\/paavstide-sonad\/benedictus-xvi\/15-missio-ad-gentes-audients-ja-saatmine-20-i-2012\/\">Loe edasi<\/a><\/div>\n","protected":false},"author":2,"featured_media":0,"parent":19905,"menu_order":11,"comment_status":"closed","ping_status":"closed","template":"","meta":{"footnotes":""},"class_list":["post-36989","page","type-page","status-publish","hentry"],"_links":{"self":[{"href":"https:\/\/neocatechumenaleiter.org\/et\/wp-json\/wp\/v2\/pages\/36989","targetHints":{"allow":["GET"]}}],"collection":[{"href":"https:\/\/neocatechumenaleiter.org\/et\/wp-json\/wp\/v2\/pages"}],"about":[{"href":"https:\/\/neocatechumenaleiter.org\/et\/wp-json\/wp\/v2\/types\/page"}],"author":[{"embeddable":true,"href":"https:\/\/neocatechumenaleiter.org\/et\/wp-json\/wp\/v2\/users\/2"}],"replies":[{"embeddable":true,"href":"https:\/\/neocatechumenaleiter.org\/et\/wp-json\/wp\/v2\/comments?post=36989"}],"version-history":[{"count":13,"href":"https:\/\/neocatechumenaleiter.org\/et\/wp-json\/wp\/v2\/pages\/36989\/revisions"}],"predecessor-version":[{"id":47791,"href":"https:\/\/neocatechumenaleiter.org\/et\/wp-json\/wp\/v2\/pages\/36989\/revisions\/47791"}],"up":[{"embeddable":true,"href":"https:\/\/neocatechumenaleiter.org\/et\/wp-json\/wp\/v2\/pages\/19905"}],"wp:attachment":[{"href":"https:\/\/neocatechumenaleiter.org\/et\/wp-json\/wp\/v2\/media?parent=36989"}],"curies":[{"name":"wp","href":"https:\/\/api.w.org\/{rel}","templated":true}]}}