{"id":37006,"date":"2020-03-24T00:49:38","date_gmt":"2020-03-23T23:49:38","guid":{"rendered":"https:\/\/neocatechumenaleiter.org\/paavstide-sonad\/puha-johannes-paulus-ii\/johannes-paulus-ii-kiri-piiskopile-paul-josef-cordes-30-viii-1990\/"},"modified":"2026-03-02T12:05:25","modified_gmt":"2026-03-02T11:05:25","slug":"johannes-paulus-ii-kiri-piiskopile-paul-josef-cordes-30-viii-1990","status":"publish","type":"page","link":"https:\/\/neocatechumenaleiter.org\/et\/paavstide-sonad\/puha-johannes-paulus-ii\/johannes-paulus-ii-kiri-piiskopile-paul-josef-cordes-30-viii-1990\/","title":{"rendered":"Johannes Paulus II kiri piiskopile Paul Josef Cordes 30-VIII-1990"},"content":{"rendered":"\n<h1 class=\"has-text-align-center wp-block-heading\">Johannes Paulus II kiri piiskopile Paul Josef Cordes 30-VIII-1990<\/h1>\n\n<div style=\"height:20px\" aria-hidden=\"true\" class=\"wp-block-spacer\"><\/div>\n\n<h4 class=\"has-text-align-center wp-block-heading\">P\u00fcha Johannes Paulus II<\/h4>\n\n<div style=\"height:20px\" aria-hidden=\"true\" class=\"wp-block-spacer\"><\/div>\n\n<p><strong>\u00abMILLAL IGANES\u00bb<\/strong><\/p>\n\n<p><em>Austatud vennale monsignor Paul Josef Cordesele\u00a0<\/em><em>\u00abAd personam\u00bb <\/em><em>Vastutav Neokatehhumeeniliste Koguduste Apostolaadi eest, Ilmikute N\u00f5ukogu Pontifikaadi Asepresident<\/em><\/p>\n\n<p>Millal iganes P\u00fcha Vaim paneb idanema Kirikus Evangeeliumile suurema ustavuse impulsse, \u00f5itsevad uued karismad, mis v\u00e4ljendavad neid reaalsusi, ja uued institutsioonid, mis viivad neid t\u00e4ide. See oli nii peale Trento kirikukogu ning peale Vatikani II kirikukogu.<\/p>\n\n<p>Reaalsuste hulgas, mida Vaim on t\u00e4nap\u00e4eval loonud, on Neokatehhumeenilised Kogudused, algatatud H\u00e4rra K. Arg\u00fcello ja Preili C. Hernandez (Madrid, Hispaania) poolt, mille t\u00f5husus kristliku elu uuendamiseks tervitati minu eelk\u00e4ija Paulus VI poolt kirikukogu viljana: &#8220;Palju r\u00f5\u00f5mu ja palju lootust annate meile oma kohalolekuga ja oma tegevusega . . . Elada ja edutada seda \u00e4rkamist on see, mida teie nimetate &#8220;peale Ristimise&#8221; vormiks, mis v\u00f5ib uuendada t\u00e4nap\u00e4evastes kristlikes kogudustes neid k\u00fcpsuse ja s\u00fcgavdamise efekte, mis \u00fcrgses Kirikus viidi t\u00e4ide Ristimisele valmistamise perioodil&#8221; (Paulus VI Neokatehhumeenilistele Kogudustele, \u00dcldaudients, 8. mai 1974, <i>Notitiae<\/i>\u00a096-96, 1974, 230).<br \/><br \/>Ka mina, paljudes kohtumistes Rooma Piiskopina, Rooma kihelkondades, Neokatehhumeeniliste Kogudustega ja nende Karjastega ning oma apostellikes reisides mitmetes riikides, olen saanud m\u00e4rgata rohkeid isikliku p\u00f6\u00f6rdumise ja viljaka misjoneeriva impulssi vilju.<\/p>\n\n<p>Need Kogudused teevad n\u00e4htavaks, kihelkondades, misjoneeriva Kiriku m\u00e4rki ja &#8220;pingutavad, et avada tee nende evangeliseerimisele, kes on peaaegu h\u00fcljanud kristlikku elu, pakkudes neile katehhumeenilist t\u00fc\u00fcpi teekonda, mis l\u00e4bib k\u00f5iki neid faase, mis \u00fcrgses Kirikus l\u00e4biti katehhumeenide poolt enne Ristimise sakramendi saamist ; see toob neid l\u00e4hemale Kirikule ja Kristusele&#8221; (vrd Ristimisj\u00e4rgne Katehhumenaat <i>Notitiae<\/i> 96-96, 1974, 229). Nad on Evangeeliumi kuulutus, tunnistus v\u00e4ikestes kogudustes ja euharistiline p\u00fchitsemine gruppides (vrd Teadaanne gruppides p\u00fchitsemise kohta &#8220;Neokatehhumeenilises Tees&#8221; <i>L&#8217;Osservatore Romano <\/i>ajalehes, 24. detsember 1988), kes lubavad liikmetel teenida Kiriku uuendamist.<\/p>\n\n<p>Mitmed vennad piiskopkonnas on tundnud \u00e4ra selle Tee vilju. Ma piirdun m\u00e4letades tol aja Madridi Piiskopit, Mons. Casimiro Morcillo, kelle piiskopkonnas ja kelle valitsemise all s\u00fcndisid 1964. aastal Neokatehhumeenilised Kogudused, mida tema v\u00f5ttis vastu suure armastusega.&#013;\n&#013;\n\u00dcle kahek\u00fcmne aasta hiljem Koguduste s\u00fcnnist, levinud Viiel kontinendil, <\/p>\n\n<p>\u2014 arvestades uut eluj\u00f5udu, mis elavdab kihelkondasid, misjoneerivat impulssi ja p\u00f6\u00f6rdumise vilju, mis \u00f5itsevad r\u00e4ndkatehheetide ja, viimasel ajal, perekondade pingutusel, kes evangeliseerivad Euroopa ja kogu maailma dekristianiseeritud kohtades ;<\/p>\n\n<p>\u2014 arvestades kutsumusi, mis on s\u00fcndinud sellest Teest, religioossele elule ja presb\u00fcteraadile, ning piiskopkondlike Kolled\u017eite s\u00fcndi, kus valmistatakse uue evangeliseerimise jaoks presb\u00fcteraadile, milleks on Rooma Redemptoris Mater ;<\/p>\n\n<p>\u2014 olles n\u00e4inud Teie poolt esitatud dokumentatsiooni :<\/p>\n\n<p>vastu v\u00f5ttes minule tehtud palve, tunnistan Neokatehhumeenilist Teed kristliku vormimise teekonnana, mis on kehtiv \u00fchiskonnale ja t\u00e4nap\u00e4evale.<\/p>\n\n<p>Ma loodan, seet\u00f5ttu, et Vennad piiskopkonnas v\u00e4\u00e4rtustaksid ja aitaksid \u2014 koos preestritega \u2014 seda tegevust uueks evangeliseerimiseks, et see t\u00e4ituks algatajate poolt pakutud juhiste j\u00e4rgi, teenimisvaimus kohalikus Igap\u00e4evaelus ja osaduses temaga ning kohaliku Kiriku \u00fchtsus universaalse Kirikuga kontekstis.<\/p>\n\n<p>Tagatiseks sellele lubadusele, anna Teile ja k\u00f5ikidele Neokatehhumeeniliste Koguduste liikmetele oma Apostellikku \u00d5nnistust.<\/p>\n\n<p>Vatikanist, 30. august 1990, XII Pontifikaat.<\/p>\n\n<p><b>IOANNES PAULUS PP. II<\/b><br \/><br \/><span style=\"font-family: Times New Roman;font-size: medium\">*A.A.S., vol. LXXXII (1990), nr 13, lk 1513-1515<\/span><\/p>\n","protected":false},"excerpt":{"rendered":"<p>Johannes Paulus II kiri piiskopile Paul Josef Cordes 30-VIII-1990 P\u00fcha Johannes Paulus II \u00abMILLAL IGANES\u00bb Austatud vennale monsignor Paul Josef Cordesele\u00a0\u00abAd personam\u00bb Vastutav Neokatehhumeeniliste Koguduste Apostolaadi eest, Ilmikute N\u00f5ukogu Pontifikaadi Asepresident Millal iganes P\u00fcha Vaim paneb idanema Kirikus Evangeeliumile suurema ustavuse impulsse, \u00f5itsevad uued karismad, mis v\u00e4ljendavad neid reaalsusi, ja uued institutsioonid, mis viivad neid t\u00e4ide. See oli nii peale Trento kirikukogu ning peale Vatikani II kirikukogu. Reaalsuste hulgas, mida<\/p>\n<div class=\"read-more\"><a class=\"btn read-more-btn\" href=\"https:\/\/neocatechumenaleiter.org\/et\/paavstide-sonad\/puha-johannes-paulus-ii\/johannes-paulus-ii-kiri-piiskopile-paul-josef-cordes-30-viii-1990\/\">Loe edasi<\/a><\/div>\n","protected":false},"author":2,"featured_media":0,"parent":19903,"menu_order":0,"comment_status":"closed","ping_status":"closed","template":"","meta":{"footnotes":""},"class_list":["post-37006","page","type-page","status-publish","hentry"],"_links":{"self":[{"href":"https:\/\/neocatechumenaleiter.org\/et\/wp-json\/wp\/v2\/pages\/37006","targetHints":{"allow":["GET"]}}],"collection":[{"href":"https:\/\/neocatechumenaleiter.org\/et\/wp-json\/wp\/v2\/pages"}],"about":[{"href":"https:\/\/neocatechumenaleiter.org\/et\/wp-json\/wp\/v2\/types\/page"}],"author":[{"embeddable":true,"href":"https:\/\/neocatechumenaleiter.org\/et\/wp-json\/wp\/v2\/users\/2"}],"replies":[{"embeddable":true,"href":"https:\/\/neocatechumenaleiter.org\/et\/wp-json\/wp\/v2\/comments?post=37006"}],"version-history":[{"count":19,"href":"https:\/\/neocatechumenaleiter.org\/et\/wp-json\/wp\/v2\/pages\/37006\/revisions"}],"predecessor-version":[{"id":47789,"href":"https:\/\/neocatechumenaleiter.org\/et\/wp-json\/wp\/v2\/pages\/37006\/revisions\/47789"}],"up":[{"embeddable":true,"href":"https:\/\/neocatechumenaleiter.org\/et\/wp-json\/wp\/v2\/pages\/19903"}],"wp:attachment":[{"href":"https:\/\/neocatechumenaleiter.org\/et\/wp-json\/wp\/v2\/media?parent=37006"}],"curies":[{"name":"wp","href":"https:\/\/api.w.org\/{rel}","templated":true}]}}