{"id":37024,"date":"2020-03-30T18:13:37","date_gmt":"2020-03-30T17:13:37","guid":{"rendered":"https:\/\/neocatechumenaleiter.org\/paavstide-sonad\/puha-johannes-paulus-ii\/domus-galilaeae-raamatukogu-avamine-31-3-2005\/"},"modified":"2026-03-02T12:03:39","modified_gmt":"2026-03-02T11:03:39","slug":"domus-galilaeae-raamatukogu-avamine-31-3-2005","status":"publish","type":"page","link":"https:\/\/neocatechumenaleiter.org\/et\/paavstide-sonad\/puha-johannes-paulus-ii\/domus-galilaeae-raamatukogu-avamine-31-3-2005\/","title":{"rendered":"Domus Galilaeae Raamatukogu avamine 31-3-2005"},"content":{"rendered":"\n<h1 class=\"has-text-align-center wp-block-heading\">Domus Galilaeae Raamatukogu avamine 31-III-2005<\/h1>\n\n<div style=\"height:20px\" aria-hidden=\"true\" class=\"wp-block-spacer\"><\/div>\n\n<h4 class=\"has-text-align-center wp-block-heading\">P\u00fcha Johannes Paulus II<\/h4>\n\n<div style=\"height:20px\" aria-hidden=\"true\" class=\"wp-block-spacer\"><\/div>\n\n<p><strong>Korazim, 31. m\u00e4rts 2005<\/strong><\/p>\n\n<p><em>Raamatukogu avati 31. m\u00e4rtsil 2005 ning kohal oli \u00fcle 50 piiskopi, kes olid p\u00e4rit erinevatest maailma osadest. Nende hulgas: 11 Kardinali, Patriarh Tema \u00d5ndsus Michel Sabbah, 3 Idamaise Kiriku patriarhi, Apostellik Nuntsius monsignor Pietro Sambi, P\u00fcha Maa Hoidja, paljud rabid, Koguduste ja \u00dclikoolide esindajad, 56 &#8220;Redemptoris Mater&#8221; seminari rektorid ja Neokatehhumeenilise Tee r\u00e4ndkatehheedid. K\u00f5ik olid kohal, et v\u00e4lja tuua Domus Galilaeae t\u00e4htis roll, &#8220;sillana&#8221; Judaismi ja Kristluse vahel, mida P\u00fcha Isa omistas sellele &#8220;domus&#8221;-ele kirjaga, mida saatis just selleks puhuks. Raamatukogu sissep\u00e4\u00e4su juures on suur kristallist poolkera, mille v\u00f5lvil on t\u00e4histaevas. Selle sees on terve Toora rull, mis kirjutati 300 aastat tagasi.<\/em><\/p>\n\n<p><em>Toora on raamatukogu keskel, mis on osa Domus Galilaeae kompleksist. Kiko Arg\u00fcello, kes on Domus Galilaeae ja Raamatukogu projekti autor, \u00fctles paar s\u00f5na, et selgitada relatiivset arhitektuurilist struktuuri. Sf\u00e4\u00e4r on Universumi s\u00fcmbol ning v\u00e4ljendab juudi ja kristliku traditsiooni keskset m\u00f5tet, mis leidub \u00d5petuss\u00f5nade raamatus 8,27: &#8220;Kui tema (Jumal) valmistas taevad, olin mina (Tarkus) seal&#8221;.<\/em><br \/><br \/><em>Raamatukogu spetsialiseerub M\u00e4ejutlusele, et pakkuda Piiskoppidele, preestritele ja seminaristidele v\u00f5imalus s\u00fcvendada selle teksti uurimist ja mediteerimist.<\/em><br \/><br \/><em>J\u00e4rgmisel lehel toome v\u00e4lja kirja, mida Johannes Paulus II saatis selle \u00fcrituse puhul. See on tema pontifikaadi <\/em><em>\u00fcks<\/em><em>\u00a0viimastest ametlikest dokumentidest.<\/em><\/p>\n\n<p>Kallimad Vennad ja \u00d5ed<br \/><br \/>1. R\u00f5\u00f5muga sain teada, et 31. m\u00e4rts avatakse \u201cDomus Galilaeae\u201d raamatukogu, mis asub \u00d5ndsuste M\u00e4e l\u00e4hedal.<br \/><br \/>Konviventsi l\u00f5pus, millest v\u00f5tavad osa mitmed Kardinalid, Piiskoppid ja preestrid erinevatest maailma osadest, koos Neokatehhumeenilise Tee seminaride rektoritega, toimub see m\u00e4rkimisv\u00e4\u00e4rne s\u00fcndmus. Sellega liitun ideaalselt ka mina heameelega, tervitades organiseerijaid ja k\u00f5iki kohalolijaid. Eriline tervitus P\u00fcha Maa Katoliiklastele, kelle juhiks on Ladina Patriarh, religioossetele ja poliitilistele juudi maailma Autoriteetidele, kes \u00fcritusel osalevad, usukoguduste ja kohalike koguduste esindajatele.<\/p>\n\n<p>\u201cDomus Galilaeae\u201d saab juurde uut t\u00e4htsat struktuuri, Raamatukogu, t\u00e4psemalt, mille keskel on Toora Raamat, et s\u00fcmboliseerida ka arhitektuuriliselt Jumala S\u00f5na kesksust.<br \/><br \/>Saagu see maja, mida valmistasid Neokatehhumeenilise Tee vastutajad, julgustada asjakohaste algatustega s\u00fcvendatud usu\u00f5petust ning viljakat dialoogi Judaismi ja Katoliku Kiriku vahel.<\/p>\n\n<div class=\"wp-block-image\"><figure class=\"alignright size-medium\"><img loading=\"lazy\" decoding=\"async\" width=\"184\" height=\"300\" src=\"https:\/\/neocatechumenaleiter.org\/wp-content\/uploads\/2020\/03\/Camino_Neocatecumenal_Juan_Pablo_II_inauguracion_biblioteca_domus_galilaeae_2005_2-184x300.jpg\" alt=\"\" class=\"wp-image-2881\" srcset=\"https:\/\/neocatechumenaleiter.org\/wp-content\/uploads\/2020\/03\/Camino_Neocatecumenal_Juan_Pablo_II_inauguracion_biblioteca_domus_galilaeae_2005_2-184x300.jpg 184w, https:\/\/neocatechumenaleiter.org\/wp-content\/uploads\/2020\/03\/Camino_Neocatecumenal_Juan_Pablo_II_inauguracion_biblioteca_domus_galilaeae_2005_2.jpg 396w\" sizes=\"auto, (max-width: 184px) 100vw, 184px\" \/><\/figure><\/div>\n\n<p>2. &#8220;<span class=\"q qb\">Sinu s\u00f5na on mu jalale lambiks <\/span><span class=\"q\">ja valguseks mu teerajal&#8221; (Ps 119,105). Nii laulab Psalmist ning nii kutsutakse palvetama k\u00f5iki neid, kes kasutavad n\u00fc\u00fcd avatud Raamatukogu poolt pakutavaid teenuseid. Universum ehitati Jumala tarkuse poolt inspireeritud imelise plaani j\u00e4rgi. Johannese Evangeelium algab kinnitades, et &#8220;alguses oli S\u00f5na ja S\u00f5na oli Jumala juures ja S\u00f5na oli Jumal&#8221; (Jh 1,1). S\u00f5na, Jumala igavene Tarkus, tegi ennast lihaks, pani oma telgi meie vahele ning oma surma ja \u00fclest\u00f5usmisega lunastas meid. M\u00f5tiskleme r\u00f5\u00f5muga, neil p\u00fcha Paasap\u00fcha p\u00e4evil, meie usu olulise m\u00fcsteeriumi \u00fcle. Kristus, kogu loodu Esmas\u00fcndinu, Toora kulminatsioon, on \u00fclest\u00f5usnud ning n\u00fc\u00fcd elab ja k\u00f5nnib meiega, valgustades meid j\u00e4tkuvalt oma p\u00e4\u00e4stmiss\u00f5naga.<\/span><\/p>\n\n<p>Kui s\u00fcgavad on tema \u00f5petused! Kui aktuaalne on alati universumisse sisse kirjutatud M\u00e4ejutlus! Kristuse ilu, kes leiab oma kroonimist \u00d5ndsustel, Kristuse ilu, mis s\u00e4rab Kirikus, tema m\u00fcstilises kehas, avaldavad ennast silmapaistvalt armastuses, mis \u00fchendab omavahel usklikke: see on s\u00f5num, mida \u201cDomus Galilaeae\u201d arhitektuuriline struktuur tahab oma k\u00fclalistele ja palver\u00e4nduritele edasi anda. Soovin s\u00fcdamest, et need, kes saavad seal elada v\u00f5i seda k\u00fclastada, saaksid kasvada Kristuse tundmisel ja armastuses, Tarkus, kuhu on pandud k\u00f5ige Algus.<\/p>\n\n<p>3. Kallimad Vennad ja \u00d5ed! Oma m\u00f5ttega \u00fchinen teiega, elan hinges unustamatuid hetki, mida Issand on lubanud mul P\u00fchal Maal elada, 2000. aasta Suurel Juubelil: just nendel p\u00e4evadel ongi selle aastap\u00e4ev. Korazimis, \u00d5ndsuste M\u00e4el, \u201cDomus Galilaeae\u201d l\u00e4hedal, oli mul v\u00f5imalus kohtuda noortega ja p\u00fchitseda nende jaoks P\u00fcha Missat. Nendele andsin elureeglina K\u00fcmme K\u00e4sku ja \u00d5ndsused, ning kutsusin nad t\u00e4ielikku ustavusse Kristusesse. Sedasama kutset teen k\u00f5ikidele teile siin, kus k\u00f5lavad ikka veel Lunastaja surematud s\u00f5nad. Oma igap\u00e4evases eksistentsis t\u00f5lkige need konkreetsetesse tegevustesse ning olge igal juhul alandlikud ja julged Evangeeliumi tunnistajad.<\/p>\n\n<p>Neitsi Maarja, evangeliseerimise T\u00e4ht, olgu teie eeskuju ja juht.<br \/><br \/>Ma kinnitan teile erilist m\u00e4lestust oma palves ning armastusega \u00f5nnistan teid ja k\u00f5iki inimesi, kes on teile kallid.<\/p>\n\n<p>Vatikanist. 24. m\u00e4rts 2005, P\u00fcha neljap\u00e4ev<\/p>\n\n<p><strong><em>Joannes Paulus PP II<\/em><\/strong><\/p>\n\n<figure class=\"wp-block-gallery columns-2 is-cropped wp-block-gallery-1 is-layout-flex wp-block-gallery-is-layout-flex\"><ul class=\"blocks-gallery-grid\"><li class=\"blocks-gallery-item\"><figure><img loading=\"lazy\" decoding=\"async\" width=\"768\" height=\"512\" src=\"https:\/\/neocatechumenaleiter.org\/wp-content\/uploads\/2020\/03\/Camino_Neocatecumenal_Juan_Pablo_II_inauguracion_biblioteca_domus_galilaeae_2005.jpg\" alt=\"\" data-id=\"2895\" data-full-url=\"https:\/\/neocatechumenaleiter.org\/wp-content\/uploads\/2020\/03\/Camino_Neocatecumenal_Juan_Pablo_II_inauguracion_biblioteca_domus_galilaeae_2005.jpg\" data-link=\"https:\/\/neocatechumenaleiter.org\/?attachment_id=2895\" class=\"wp-image-2895\" srcset=\"https:\/\/neocatechumenaleiter.org\/wp-content\/uploads\/2020\/03\/Camino_Neocatecumenal_Juan_Pablo_II_inauguracion_biblioteca_domus_galilaeae_2005.jpg 768w, https:\/\/neocatechumenaleiter.org\/wp-content\/uploads\/2020\/03\/Camino_Neocatecumenal_Juan_Pablo_II_inauguracion_biblioteca_domus_galilaeae_2005-300x200.jpg 300w\" sizes=\"auto, (max-width: 768px) 100vw, 768px\" \/><\/figure><\/li><li class=\"blocks-gallery-item\"><figure><img loading=\"lazy\" decoding=\"async\" width=\"768\" height=\"512\" src=\"https:\/\/neocatechumenaleiter.org\/wp-content\/uploads\/2020\/03\/Camino_Neocatecumenal_Juan_Pablo_II_inauguracion_biblioteca_domus_galilaeae_2005_3.jpg\" alt=\"\" data-id=\"2888\" data-full-url=\"https:\/\/neocatechumenaleiter.org\/wp-content\/uploads\/2020\/03\/Camino_Neocatecumenal_Juan_Pablo_II_inauguracion_biblioteca_domus_galilaeae_2005_3.jpg\" data-link=\"https:\/\/neocatechumenaleiter.org\/?attachment_id=2888\" class=\"wp-image-2888\" srcset=\"https:\/\/neocatechumenaleiter.org\/wp-content\/uploads\/2020\/03\/Camino_Neocatecumenal_Juan_Pablo_II_inauguracion_biblioteca_domus_galilaeae_2005_3.jpg 768w, https:\/\/neocatechumenaleiter.org\/wp-content\/uploads\/2020\/03\/Camino_Neocatecumenal_Juan_Pablo_II_inauguracion_biblioteca_domus_galilaeae_2005_3-300x200.jpg 300w\" sizes=\"auto, (max-width: 768px) 100vw, 768px\" \/><\/figure><\/li><\/ul><\/figure>","protected":false},"excerpt":{"rendered":"<p>Domus Galilaeae Raamatukogu avamine 31-III-2005 P\u00fcha Johannes Paulus II Korazim, 31. m\u00e4rts 2005 Raamatukogu avati 31. m\u00e4rtsil 2005 ning kohal oli \u00fcle 50 piiskopi, kes olid p\u00e4rit erinevatest maailma osadest. Nende hulgas: 11 Kardinali, Patriarh Tema \u00d5ndsus Michel Sabbah, 3 Idamaise Kiriku patriarhi, Apostellik Nuntsius monsignor Pietro Sambi, P\u00fcha Maa Hoidja, paljud rabid, Koguduste ja \u00dclikoolide esindajad, 56 &#8220;Redemptoris Mater&#8221; seminari rektorid ja Neokatehhumeenilise Tee r\u00e4ndkatehheedid. K\u00f5ik olid kohal, et<\/p>\n<div class=\"read-more\"><a class=\"btn read-more-btn\" href=\"https:\/\/neocatechumenaleiter.org\/et\/paavstide-sonad\/puha-johannes-paulus-ii\/domus-galilaeae-raamatukogu-avamine-31-3-2005\/\">Loe edasi<\/a><\/div>\n","protected":false},"author":2,"featured_media":0,"parent":19903,"menu_order":101,"comment_status":"closed","ping_status":"closed","template":"","meta":{"footnotes":""},"class_list":["post-37024","page","type-page","status-publish","hentry"],"_links":{"self":[{"href":"https:\/\/neocatechumenaleiter.org\/et\/wp-json\/wp\/v2\/pages\/37024","targetHints":{"allow":["GET"]}}],"collection":[{"href":"https:\/\/neocatechumenaleiter.org\/et\/wp-json\/wp\/v2\/pages"}],"about":[{"href":"https:\/\/neocatechumenaleiter.org\/et\/wp-json\/wp\/v2\/types\/page"}],"author":[{"embeddable":true,"href":"https:\/\/neocatechumenaleiter.org\/et\/wp-json\/wp\/v2\/users\/2"}],"replies":[{"embeddable":true,"href":"https:\/\/neocatechumenaleiter.org\/et\/wp-json\/wp\/v2\/comments?post=37024"}],"version-history":[{"count":17,"href":"https:\/\/neocatechumenaleiter.org\/et\/wp-json\/wp\/v2\/pages\/37024\/revisions"}],"predecessor-version":[{"id":47785,"href":"https:\/\/neocatechumenaleiter.org\/et\/wp-json\/wp\/v2\/pages\/37024\/revisions\/47785"}],"up":[{"embeddable":true,"href":"https:\/\/neocatechumenaleiter.org\/et\/wp-json\/wp\/v2\/pages\/19903"}],"wp:attachment":[{"href":"https:\/\/neocatechumenaleiter.org\/et\/wp-json\/wp\/v2\/media?parent=37024"}],"curies":[{"name":"wp","href":"https:\/\/api.w.org\/{rel}","templated":true}]}}