{"id":37043,"date":"2020-03-30T18:03:22","date_gmt":"2020-03-30T17:03:22","guid":{"rendered":"https:\/\/neocatechumenaleiter.org\/paavstide-sonad\/puha-johannes-paulus-ii\/kone-rooma-piiskopkonna-redemptoris-mater-seminari-ulemustele-ja-tudengitele-18-iii-2004\/"},"modified":"2026-03-02T12:04:29","modified_gmt":"2026-03-02T11:04:29","slug":"kone-rooma-piiskopkonna-redemptoris-mater-seminari-ulemustele-ja-tudengitele-18-iii-2004","status":"publish","type":"page","link":"https:\/\/neocatechumenaleiter.org\/et\/paavstide-sonad\/puha-johannes-paulus-ii\/kone-rooma-piiskopkonna-redemptoris-mater-seminari-ulemustele-ja-tudengitele-18-iii-2004\/","title":{"rendered":"K\u00f5ne Rooma piiskopkonna \u201cRedemptoris Mater\u201d seminari \u00fclemustele ja tudengitele 18-III-2004"},"content":{"rendered":"\n<h1 class=\"has-text-align-center wp-block-heading\">K\u00f5ne Rooma piiskopkonna \u201cRedemptoris Mater\u201d seminari \u00fclemustele ja tudengitele 18-III-2004<\/h1>\n\n<div style=\"height:20px\" aria-hidden=\"true\" class=\"wp-block-spacer\"><\/div>\n\n<h4 class=\"has-text-align-center wp-block-heading\">P\u00fcha Johannes Paulus II<\/h4>\n\n<div style=\"height:20px\" aria-hidden=\"true\" class=\"wp-block-spacer\"><\/div>\n\n<p><strong>Vatikan, 18. m\u00e4rts 2004<\/strong><\/p>\n\n<p><em>P\u00fcha Isa Johannes Paulus II v\u00f5ttis eraaudientsil vastu, Vatikani Apostliku Palee Klementiini Saalis, Rooma Piiskopkondliku \u201cRedemptoris Mater\u201d\u00a0 Seminari Koguduse liikmeid.<\/em><br \/><br \/><em>Audientsi alguses, Kardinal Camillo Ruini, Tema P\u00fchaduse Peavikaar Rooma Piiskopkonna jaoks, p\u00f6\u00f6rdus Johannes Paulus II poole j\u00e4rgneva austusega:<\/em><\/p>\n\n<p>P\u00fcha Isa,<br \/><br \/>Rooma <em>Redemptoris Mater <\/em>Seminari \u00dclemused ja tudengid v\u00e4ljendavad Teile, l\u00e4bi minu, nende s\u00fcdamete r\u00f5\u00f5mu ja t\u00e4nulikkust selle audientsi p\u00e4rast, mis m\u00e4rgistab v\u00e4ga t\u00e4henduslikku verstaposti selle Seminari 16 eluaasta jooksul p\u00e4rast Euharistiat, mida p\u00fchitseti Tema P\u00fchadusega 31. oktoobril 1993.<br \/><br \/>P\u00fcha Isa, see piiskopkondlik ja misjoneeriv Seminar, mille k\u00f5ik \u00dclemused ja tudengid jagavad Neokatehhumeenilise Tee kogemust, on n\u00fc\u00fcdseni andnud 196 juba ordineeritud preestrit, kellest 170 on Rooma Piiskopkonnas. Neist 74 pakuvad oma pastoraalset teenistust meie kihelkonna Piiskopkondades v\u00f5i Vikaariaadis, samas kui teised tegutsevad <em>fidei<\/em> <em>donum&#8217;<\/em>itena \u00fcle kogu maailma. Lisaks, \u00fcksteist diakonit; ootavad oma ordineerimist preestriteks Tema P\u00fchaduse poolt p\u00fchap\u00e4eval, 2. mail, koos teiste Rooma Piiskopkonna diakonitega.<\/p>\n\n<p>Kogemus, mida olen saanud teha nende aastate v\u00e4ltel, Seminari isiklikult k\u00fclastades kui ka kokkupuutes preestritega, kes on sealt tulnud, kinnitab mulle, P\u00fcha Isa, et &#8220;Redemptoris Mater&#8221; esindab suurt andi Rooma Piiskopkonna jaoks ning maailmas levinud Kiriku jaoks. Need seminaristid ja preestrid armastavad palvet ja Jumala S\u00f5na, nad harjutavad ustavalt distsipliini ja kogukondlikku elu, peavad t\u00e4ielikult kinni Kiriku doktriinist ning on liigutatud suurest misjoneerivast j\u00f5ust. V\u00f5in r\u00f5\u00f5muga tunnistada, P\u00fcha Isa, et neil on suur armastus Tema P\u00fchaduse Isikule ja Tema Ministeeriumi Peetruse J\u00e4rglase vastu. P\u00fcha Isa, need seminaristid ja nende \u00dclemused soovivad olla Teie s\u00f5nalt ja Teie isalikust heatahtlikkusest valgustatud oma vormivas teekonnas ja julgustatud oma kutsumuses teenida Kirikut, Hea Karjase, Jeesus Kristuse, j\u00e4lgedes. Veel kord ait\u00e4h, P\u00fcha Isa, \u00f5nnistage meid palun.<\/p>\n\n<div class=\"wp-block-image\"><figure class=\"alignleft size-large\"><img loading=\"lazy\" decoding=\"async\" width=\"768\" height=\"524\" src=\"https:\/\/neocatechumenaleiter.org\/wp-content\/uploads\/2020\/03\/Camino_Neocatecumenal_Juan_Pablo_II_exhortacion_seminaristas_redemptoris_mater_roma_2004.jpg\" alt=\"\" class=\"wp-image-2864\" srcset=\"https:\/\/neocatechumenaleiter.org\/wp-content\/uploads\/2020\/03\/Camino_Neocatecumenal_Juan_Pablo_II_exhortacion_seminaristas_redemptoris_mater_roma_2004.jpg 768w, https:\/\/neocatechumenaleiter.org\/wp-content\/uploads\/2020\/03\/Camino_Neocatecumenal_Juan_Pablo_II_exhortacion_seminaristas_redemptoris_mater_roma_2004-300x205.jpg 300w\" sizes=\"auto, (max-width: 768px) 100vw, 768px\" \/><\/figure><\/div>\n\n<p><em>Peale Kard. Vikaari, Camillo Ruini, Paavst p\u00f6\u00f6rdus kohalolijate poole j\u00e4rgneva k\u00f5nega:<\/em><br \/><br \/>&#8220;<strong>Minge k\u00f5ike maailma, kuulutage Evangeeliumi kogu loodule<\/strong>&#8221; (Mk 16,15).<\/p>\n\n<p>1. Kallimad piiskopkondliku\u00a0<em>Redemptoris Mater<\/em> Seminari \u00dclemused ja tudengid, mul on r\u00f5\u00f5m teid vastu v\u00f5tta nende \u00fclest\u00f5usnud Jeesuse s\u00f5nadega, mida te kuulate ja mille \u00fcle m\u00f5tisklete P\u00fchade Kyrillos ja Methodiose p\u00e4eval, teie Seminari pastoraadi p\u00fcstitamise aastap\u00e4ev.<br \/><br \/>Tervitan eelk\u00f5ige Kardinal Vikaari ja t\u00e4nan teda s\u00f5nade eest, mida mulle \u00fctles. Tervitan armastusega teie Rektorit, Mons. Claudiano Strazzari, teisi \u00dclemusi ja \u00f5petlasi ja iga\u00fchte teist, kallimad tudengid.<\/p>\n\n<p>2. <em>Redemptoris Mater\u00a0<\/em>seminarid on esitlenud uut ja v\u00e4ga t\u00e4htsat kogemust, Uue Evangeliseerimise jaoks preestrite vormimise vaatepunktist. Sellest ajast on maailmas tekkinud mitmeid teisi <em>Redemptoris Mater\u00a0<\/em>Seminare, mis v\u00f5tavad eeskuju teie mudelist ja jagavad teie eesm\u00e4rke.<br \/><br \/><strong>Eriti rohked on headuse viljad, mis on teie Seminarist tulnud aastate jooksul.\u00a0<\/strong>Seep\u00e4rast t\u00e4nan Issandat teiega. Samade viljade eest tahan veel t\u00e4nada Neokatehhumeenilist Teed, milles on s\u00fcndinud ja kasvanud teie kutsumused. T\u00e4nan ka Rektorit ja teie teisi \u00dclemusi, kes, Kardinal Vikaari hooliva juhi all, juhatavad armastuse ja tarkusega teie valmistamist preesterlusele.<br \/><br \/>Tee Algatajatele, te olete saanud \u00f5nnelikku intuitsiooni luua <em>Redemptoris Mater\u00a0<\/em>Seminare, mis annavad endast parima, et julgustada Tees kutsumuste s\u00fcndi preesterlusele ja p\u00fchitsetud elule. Tahan teiega m\u00e4letada kaht Piiskoppi, Mons. Giulio Salimei ja Mons. Maximino Romero, kes \u2013 \u00fcks Rektorina, teine Vaimse Isana \u2013 on suuresti panustanud, oma valgustatud p\u00fchendumusega ja elu eeskujulikkusega, <em>Redemptoris Mater<\/em>&#8217;i algsele arengule ja \u00f5nnelikule seadistamisele.<br \/><br \/>Mulle on t\u00e4htis r\u00f5hutada \u2013 nagu Kardinal Vikaar juba meelde tuletas \u2013 et aastate jooksul on v\u00e4ljunud teie Seminaridest suur number innukaid preestreid, sobivalt p\u00fchendunud osaliselt Piiskopkondades pastoraalsele teenimisele ja osaliselt missioonile \u00fcle kogu maailmas, \u201c<em>fidei donum<\/em>\u201d preestritena.<\/p>\n\n<p>3. Et saada selliseid positiivseid tulemusi on t\u00e4htis, et oleks alati selge, teie vormimisel, ministeriaalse preesterluse loomus ja omadused, nagu need on illustreeritud Vatikani II kirikukogu poolt ja hiljem ka posts\u00fcnodaalses apostellikus \u00dcleskutses <em>Pastores dabo vobis<\/em>.<br \/><br \/><strong>Usklike \u00fchine preesterlus ja ministeriaalne preesterlus on \u00fcksteisele tellitud ja intiimselt \u00fchendatud,\u00a0<\/strong>osaledes m\u00f5lemad, omal viisil, Kristuse ainsale preesterlusele. Need aga erinevad olemuslikult ja mitte ainult tasemelt \u00a0(vrd <em>Lumen Gentium<\/em>, 10). Korra sakramendi t\u00f5ttu on preestrid erilisel viisil seadistatud Jeesus Kristusele oma rahva\u00a0 Peana ja Karjasena ning selle rahva teenistuses peavad \u2013 Kristusele sarnaselt \u2013 kulutama ja andma oma elu. Just selle t\u00f5ttu, et nad esindavad sakramentaalselt Jeesus Kristust pea ja Karjast, on nad kutsutud juhatama, Piiskopiga tihedas osaduses, neile usaldatud kogudusi, k\u00f5igi kolme m\u00f5\u00f5tme j\u00e4rgi \u2013 prohvetlik, preesterlik ja kuninglik \u2013milles on s\u00f5nastatud Kristuse ja Kiriku ainus missioon (vrd <em>Pastores dabo vobis<\/em>, 12-16).<\/p>\n\n<div class=\"wp-block-image\"><figure class=\"alignright size-large\"><img loading=\"lazy\" decoding=\"async\" width=\"768\" height=\"522\" src=\"https:\/\/neocatechumenaleiter.org\/wp-content\/uploads\/2020\/03\/Camino_Neocatecumenal_Juan_Pablo_II_exhortacion_seminaristas_redemptoris_mater_roma_2004_2.jpg\" alt=\"\" class=\"wp-image-2871\" srcset=\"https:\/\/neocatechumenaleiter.org\/wp-content\/uploads\/2020\/03\/Camino_Neocatecumenal_Juan_Pablo_II_exhortacion_seminaristas_redemptoris_mater_roma_2004_2.jpg 768w, https:\/\/neocatechumenaleiter.org\/wp-content\/uploads\/2020\/03\/Camino_Neocatecumenal_Juan_Pablo_II_exhortacion_seminaristas_redemptoris_mater_roma_2004_2-300x204.jpg 300w\" sizes=\"auto, (max-width: 768px) 100vw, 768px\" \/><\/figure><\/div>\n\n<p>Kallimad seminaristid, pidades kinni sellest kindlast doktriinist oma vormimisel ja siis igap\u00e4evases preesterliku ministeeriumi harjutuses, v\u00f5ite r\u00f5\u00f5msalt elada preesterluse armu ning kinnitada Rooma Piiskopkonnale ja Kirikutele, kuhu teid saadetakse, autentset ja viljakat teenistust. Palve, \u00f5ppimine, kogukondlik elu, h\u00e4sti harmoniseeritud vormimise projektis ning ustavuse ja lahkusega ellu viidud teie Seminari konkreetses eksistentsis, on teed, mille l\u00e4bi Issand loob teis, p\u00e4evast p\u00e4eva, Kristuse Hea Karjase kuju.<\/p>\n\n<p>4. Nendel alustel v\u00f5ite olla valmis elama, kui olete preestrid, rahulikul ja tulutooval viisil oma konstitutiivset ja tagavaradeta liikmelisust piiskopkonna preesterkonnas, mille oluliseks pidepunktiks on Piiskop ning, samas, s\u00fcgavat sidet, mis \u00fchendab teid Neokatehhumeenilise Tee kogemusele. Nagu on kirjas ka Tee Statuudi artiklis 18, piiskopkondlikes ja misjoneerivates Redemptoris Mater Seminarides, &#8220;preesterlusele kandideerijad leiavad Neokatehhumeenilises Tees osaledes spetsiifilist ja p\u00f5hilist vormimistee elementi ning, samal ajal, on valmis t\u00f5elisele preesterlikule valikule teenida kogu Jumala rahvast, preesterkonna vennalikus osaduses.&#8221;<\/p>\n\n<p>Samas, t\u00e4htis on v\u00e4ltida vale alternatiivi Piiskopkonna, millesse kuulute, pastoraalse teenistuse ja universaalse missiooni vahel, maailma viimsete otsadeni, mis on juurdunud Kristuse preesterlusele sakramentaalses osalemises (vrd Pastores dabo vobis, 17-18) ja millele teie olete eriliselt valmistatud l\u00e4bi Neokatehhumeenilise Tee kogemusele. Teie konkreetne sihtkoht teenib Piiskoppi, kellele on nii oma Piiskopkonna kui ka universaalse missiooni vajadused s\u00fcdamel\u00e4hedased. Kuuletudes ustavalt ja s\u00f5bralikult  tema otsustele, leiate oma sisemist rahu ning v\u00f5ite igal juhul v\u00e4ljendada oma misjoneerivat karismat, sest et siin Roomas pastoraal on, ja peab alati rohkem olema, iseloomustatud evangeliseerimise prioriteedist. <\/p>\n\n<p>5. Kallimad Rooma Redemptoris Mater Seminari \u00dclemused ja tudengid, vaadake alati ususilmadega oma elu, oma kutsumust ja oma missiooni. Selle kohtumise l\u00f5pul tahan taas n\u00e4idata teile armastust ja usaldust, mis mul teie vastu on, ja kinnitada oma pidevat palvet iga\u00fche teie eest, kogu Seminari eest, Neokatehhumeenilise Tee koguduste eest ja eriti preesterlusele kutsumuste eest, mis selles k\u00fcpsevad. <\/p>\n\n<p>Nende tunnetega annan k\u00f5igile teile ja teie l\u00e4hedastele apostellikku \u00f5nnistust. (*) Vrd L\u2019\u00abOsservatore Romano\u00bb (Rooma Vaatleja, P\u00fcha Tooli ametlik ajaleht), 19. m\u00e4rts 2004.<\/p>\n","protected":false},"excerpt":{"rendered":"<p>K\u00f5ne Rooma piiskopkonna \u201cRedemptoris Mater\u201d seminari \u00fclemustele ja tudengitele 18-III-2004 P\u00fcha Johannes Paulus II Vatikan, 18. m\u00e4rts 2004 P\u00fcha Isa Johannes Paulus II v\u00f5ttis eraaudientsil vastu, Vatikani Apostliku Palee Klementiini Saalis, Rooma Piiskopkondliku \u201cRedemptoris Mater\u201d\u00a0 Seminari Koguduse liikmeid. Audientsi alguses, Kardinal Camillo Ruini, Tema P\u00fchaduse Peavikaar Rooma Piiskopkonna jaoks, p\u00f6\u00f6rdus Johannes Paulus II poole j\u00e4rgneva austusega: P\u00fcha Isa, Rooma Redemptoris Mater Seminari \u00dclemused ja tudengid v\u00e4ljendavad Teile, l\u00e4bi minu, nende<\/p>\n<div class=\"read-more\"><a class=\"btn read-more-btn\" href=\"https:\/\/neocatechumenaleiter.org\/et\/paavstide-sonad\/puha-johannes-paulus-ii\/kone-rooma-piiskopkonna-redemptoris-mater-seminari-ulemustele-ja-tudengitele-18-iii-2004\/\">Loe edasi<\/a><\/div>\n","protected":false},"author":2,"featured_media":0,"parent":19903,"menu_order":100,"comment_status":"closed","ping_status":"closed","template":"","meta":{"footnotes":""},"class_list":["post-37043","page","type-page","status-publish","hentry"],"_links":{"self":[{"href":"https:\/\/neocatechumenaleiter.org\/et\/wp-json\/wp\/v2\/pages\/37043","targetHints":{"allow":["GET"]}}],"collection":[{"href":"https:\/\/neocatechumenaleiter.org\/et\/wp-json\/wp\/v2\/pages"}],"about":[{"href":"https:\/\/neocatechumenaleiter.org\/et\/wp-json\/wp\/v2\/types\/page"}],"author":[{"embeddable":true,"href":"https:\/\/neocatechumenaleiter.org\/et\/wp-json\/wp\/v2\/users\/2"}],"replies":[{"embeddable":true,"href":"https:\/\/neocatechumenaleiter.org\/et\/wp-json\/wp\/v2\/comments?post=37043"}],"version-history":[{"count":27,"href":"https:\/\/neocatechumenaleiter.org\/et\/wp-json\/wp\/v2\/pages\/37043\/revisions"}],"predecessor-version":[{"id":47787,"href":"https:\/\/neocatechumenaleiter.org\/et\/wp-json\/wp\/v2\/pages\/37043\/revisions\/47787"}],"up":[{"embeddable":true,"href":"https:\/\/neocatechumenaleiter.org\/et\/wp-json\/wp\/v2\/pages\/19903"}],"wp:attachment":[{"href":"https:\/\/neocatechumenaleiter.org\/et\/wp-json\/wp\/v2\/media?parent=37043"}],"curies":[{"name":"wp","href":"https:\/\/api.w.org\/{rel}","templated":true}]}}