{"id":37333,"date":"2020-03-21T22:45:34","date_gmt":"2020-03-21T21:45:34","guid":{"rendered":"https:\/\/neocatechumenaleiter.org\/paavstide-sonad\/puha-johannes-paulus-ii\/visiit-puha-basiliuse-kogudusele-10-iii-1979\/"},"modified":"2026-03-02T11:03:18","modified_gmt":"2026-03-02T10:03:18","slug":"visiit-puha-basiliuse-kogudusele-10-iii-1979","status":"publish","type":"page","link":"https:\/\/neocatechumenaleiter.org\/et\/paavstide-sonad\/puha-johannes-paulus-ii\/visiit-puha-basiliuse-kogudusele-10-iii-1979\/","title":{"rendered":"Visiit P\u00fcha Basiliuse kogudusele 10-III-1979"},"content":{"rendered":"\n<h1 class=\"has-text-align-center wp-block-heading\">Visiit P\u00fcha Basiliuse kogudusele 10-III-1979<\/h1>\n\n<div style=\"height:20px\" aria-hidden=\"true\" class=\"wp-block-spacer\"><\/div>\n\n<h4 class=\"has-text-align-center wp-block-heading\">P\u00fcha Johannes Paulus II<\/h4>\n\n<div style=\"height:20px\" aria-hidden=\"true\" class=\"wp-block-spacer\"><\/div>\n\n<p><strong>Rooma, 10. m\u00e4rts 1979<\/strong><\/p>\n\n<p><em>Kogudusepreestri isa Carmelo esitlus:<\/em><br \/><br \/>P\u00fcha Isa, siia on kogunenud neli Neokatehhumeenilise Tee kogudust. Kogudused p\u00f5hinevad kolmel sambal: Jumala S\u00f5na kuulamisele, mida tehakse kolmap\u00e4eval ja euharistia p\u00fchitsemisel laup\u00e4eval. S\u00f5na p\u00fchitsemine valmistatakse gruppides. Siis teisel sambal, milleks on Euharistia, peale s\u00fcvenenud katehheside euharistia m\u00fcsteeriumi kohta. Kolmas sammas on kogukondlik elu, konviventsidel; elada koguduses kogukondlikku elu, mitte ainult \u00fchist elu. Neist neljast kogudusest on esimene s\u00fcndinud neli aastat tagasi ja siis igal aastal s\u00fcndisid \u00fclej\u00e4\u00e4nud. Kohal on ka katehheet, kes tuli esimest korda, Gioacchino.<\/p>\n\n<p><em>P\u00fcha Isa poole p\u00f6\u00f6rdudes \u00fctles Gioacchino:<\/em><br \/><br \/>P\u00fcha Isa, meie k\u00f5ik, kes oleme siia kogunenud, oleme \u00f5nnelikud, et Te olete meie keskel, et saame Teid vastu v\u00f5tta &#8220;Issanda nimel&#8221;, nagu &#8220;see, kes tuleb Issanda nimel&#8221;. Tahame v\u00e4ljendada, mina k\u00f5ikide vendade nimel, suurt r\u00f5\u00f5mu avastada selles Neokatehhumeenilises Tees Kirikut meie emana, kes viib meid samm-sammult meie Ristimise taasavastamisele. Me tunneme suurt t\u00e4nulikkust Issanda ja Kiriku suhtes, sest see tee aitab meil v\u00e4ga palju tunda elavat ja meie elus kohalolevat Issandat Jeesust Kristust ning luua vennalikku osadust. Me t\u00e4name Kirikut &#8211; ja Te muudate selle t\u00e4na eriti elavaks meie hulgas olles &#8211; kes annab meile seda suurt andi taasavastada meie Ristimist. N\u00fc\u00fcd, nagu Te kutsute meid tegema, laulame Teiega&#8230;<\/p>\n\n<p><strong>Seep\u00e4rast me laulame: Surm on neelatud v\u00f5idu sisse!<\/strong><\/p>\n\n<p><em>Need on s\u00f5nad, mida Paavst lausus:<\/em><\/p>\n\n<div class=\"wp-block-image is-style-default\"><figure class=\"alignleft size-large\"><img loading=\"lazy\" decoding=\"async\" width=\"400\" height=\"321\" src=\"https:\/\/neocatechumenaleiter.org\/wp-content\/uploads\/2020\/03\/Camino_Neocatecumenal_Juan_Pablo_II_visita_parroquia_San_Basilio_1979.jpg\" alt=\"\" class=\"wp-image-1276\" srcset=\"https:\/\/neocatechumenaleiter.org\/wp-content\/uploads\/2020\/03\/Camino_Neocatecumenal_Juan_Pablo_II_visita_parroquia_San_Basilio_1979.jpg 400w, https:\/\/neocatechumenaleiter.org\/wp-content\/uploads\/2020\/03\/Camino_Neocatecumenal_Juan_Pablo_II_visita_parroquia_San_Basilio_1979-300x241.jpg 300w\" sizes=\"auto, (max-width: 400px) 100vw, 400px\" \/><\/figure><\/div>\n\n<p>K\u00f5ikidest s\u00f5nadest, mida Te laususite, k\u00f5ige t\u00e4htsam on taasavastamine. Paljud arvavad, et k\u00f5ik on teada: Kirik, Kristus, Evangeelium, Jumal; k\u00f5ik on teada, k\u00f5ik on teada, pole midagi veel avastada. Meid \u00f5petati koolis, koolist piisab; siis unustatud, aga k\u00f5ik on teada. Kuid tegelikult on k\u00f5ik veel avastada, k\u00f5ike peab taasavastama. Ainult usk, kes oskab ennast avastada, oma sisu, oma olulist k\u00e4itumist, on d\u00fcnaamiline usk, d\u00fcnaamiline usk. Ja Kiriku jaoks, Jumala rahva jaoks on vaja seda d\u00fcnaamilist usku, mis \u00fcritab avastada, kes oskab ennast avastada.<\/p>\n\n<p>\nNiisiis ma soovin teil edasi minna teed m\u00f6\u00f6da, mida olete alustanud, avastada aina rohkem Kiriku m\u00fcsteeriumit, Kristuse m\u00fcsteeriumit, Jumala m\u00fcsteeriumit. See avastus viib ka iseendile: kuna Kristuse m\u00fcsteerium, Kiriku m\u00fcsteerium l\u00f5puks seletab meid ennast. Ja ma ei saa elada Kirikuta, m\u00f5istmata, mis mina olen, ennast m\u00f5istmata. See on v\u00e4ga \u00f5nnelik pingutus, v\u00e4ga positiivne ning ma loodan, et te j\u00e4tkate.&#013;\n&#013;\n(*) Vrd. \u00abRooma Vaatleja\u00bb, 11.-12. m\u00e4rts 1979.<\/p>\n","protected":false},"excerpt":{"rendered":"<p>Visiit P\u00fcha Basiliuse kogudusele 10-III-1979 P\u00fcha Johannes Paulus II Rooma, 10. m\u00e4rts 1979 Kogudusepreestri isa Carmelo esitlus: P\u00fcha Isa, siia on kogunenud neli Neokatehhumeenilise Tee kogudust. Kogudused p\u00f5hinevad kolmel sambal: Jumala S\u00f5na kuulamisele, mida tehakse kolmap\u00e4eval ja euharistia p\u00fchitsemisel laup\u00e4eval. S\u00f5na p\u00fchitsemine valmistatakse gruppides. Siis teisel sambal, milleks on Euharistia, peale s\u00fcvenenud katehheside euharistia m\u00fcsteeriumi kohta. Kolmas sammas on kogukondlik elu, konviventsidel; elada koguduses kogukondlikku elu, mitte ainult \u00fchist elu.<\/p>\n<div class=\"read-more\"><a class=\"btn read-more-btn\" href=\"https:\/\/neocatechumenaleiter.org\/et\/paavstide-sonad\/puha-johannes-paulus-ii\/visiit-puha-basiliuse-kogudusele-10-iii-1979\/\">Loe edasi<\/a><\/div>\n","protected":false},"author":2,"featured_media":0,"parent":19903,"menu_order":0,"comment_status":"closed","ping_status":"closed","template":"","meta":{"footnotes":""},"class_list":["post-37333","page","type-page","status-publish","hentry"],"_links":{"self":[{"href":"https:\/\/neocatechumenaleiter.org\/et\/wp-json\/wp\/v2\/pages\/37333","targetHints":{"allow":["GET"]}}],"collection":[{"href":"https:\/\/neocatechumenaleiter.org\/et\/wp-json\/wp\/v2\/pages"}],"about":[{"href":"https:\/\/neocatechumenaleiter.org\/et\/wp-json\/wp\/v2\/types\/page"}],"author":[{"embeddable":true,"href":"https:\/\/neocatechumenaleiter.org\/et\/wp-json\/wp\/v2\/users\/2"}],"replies":[{"embeddable":true,"href":"https:\/\/neocatechumenaleiter.org\/et\/wp-json\/wp\/v2\/comments?post=37333"}],"version-history":[{"count":15,"href":"https:\/\/neocatechumenaleiter.org\/et\/wp-json\/wp\/v2\/pages\/37333\/revisions"}],"predecessor-version":[{"id":47781,"href":"https:\/\/neocatechumenaleiter.org\/et\/wp-json\/wp\/v2\/pages\/37333\/revisions\/47781"}],"up":[{"embeddable":true,"href":"https:\/\/neocatechumenaleiter.org\/et\/wp-json\/wp\/v2\/pages\/19903"}],"wp:attachment":[{"href":"https:\/\/neocatechumenaleiter.org\/et\/wp-json\/wp\/v2\/media?parent=37333"}],"curies":[{"name":"wp","href":"https:\/\/api.w.org\/{rel}","templated":true}]}}