{"id":37348,"date":"2020-03-21T22:58:31","date_gmt":"2020-03-21T21:58:31","guid":{"rendered":"https:\/\/neocatechumenaleiter.org\/paavstide-sonad\/puha-johannes-paulus-ii\/visiit-puha-antoniuse-kogudusele-piazza-astis-6-v-1979\/"},"modified":"2026-03-02T11:02:44","modified_gmt":"2026-03-02T10:02:44","slug":"visiit-puha-antoniuse-kogudusele-piazza-astis-6-v-1979","status":"publish","type":"page","link":"https:\/\/neocatechumenaleiter.org\/et\/paavstide-sonad\/puha-johannes-paulus-ii\/visiit-puha-antoniuse-kogudusele-piazza-astis-6-v-1979\/","title":{"rendered":"Visiit P\u00fcha Antoniuse kogudusele Piazza Astis 6-V-1979"},"content":{"rendered":"\n<h1 class=\"has-text-align-center wp-block-heading\">Visiit P\u00fcha Antoniuse kogudusele Piazza Astis 6-V-1979<\/h1>\n\n<div style=\"height:20px\" aria-hidden=\"true\" class=\"wp-block-spacer\"><\/div>\n\n<h4 class=\"has-text-align-center wp-block-heading\">P\u00fcha Johannes Paulus II<\/h4>\n\n<div style=\"height:20px\" aria-hidden=\"true\" class=\"wp-block-spacer\"><\/div>\n\n<p><strong>Rooma, 6. mai 1979\u00a0*<\/strong><\/p>\n\n<p><em>Paavst p\u00fchap\u00e4eval, 6. mail 1979, kutsumustele p\u00fchendatud p\u00e4eval, k\u00fclastas P\u00fcha Antoniuse kogudust Piazza Astis (Tuscolanos), kus, kella 17:30 P\u00fcha Missa p\u00fchitsemise j\u00e4rel, kohtus ta eraldi erinevate koguduse gruppidega ja kahe Neokatehhumeenilise Tee kogudusega, kes k\u00f5nnivad juba vastavalt kaks ja pool aastat ning kuus kuud, kohal olid nende katehheedid, kes on p\u00e4rit Rooma P\u00fcha Francesca Cabrini teisest Kogudusest.<\/em><br \/><br \/><em>Paavst, kellega olid Kardinal Poletti ja piirkonna Piiskopi Mons. Salimei, v\u00f5eti vastu lauluga &#8220;Jeruusalemm, Jeruusalemm, Jeruusalemm, taas \u00fclesehitatud&#8221; (Toobiti laulust); kui vennad laulsid, Johannes Paulus II, kiirel tervituste ringil, r\u00e4\u00e4kis iga\u00fchega, viivitades l\u00f5pus, et laulda Halleluujat lauljatega.\u00a0<\/em><br \/><br \/><em>Laulu l\u00f5ppedes esitles kogudusepreester Teed Paavstile nii:<\/em><\/p>\n\n<p>P\u00fchadus, need on kaks Kogudust, keda kutsutakse Neokatehhumeenilisteks ja selle nimega soovivad nad m\u00f5ista p\u00f6\u00f6rdumisteed, mida nad on alustanud Ristimisel saadud Usu taasavastamiseks: Usk, mis on j\u00e4\u00e4nud, v\u00f5ibolla, embr\u00fco staadiumisse ning selle Usutee kaudu, Jumala S\u00f5na kuulamise kaudu peab see Usk suureks, t\u00e4iskasvanuks muutuma. See on viis, \u00fctleme nii, et kutsuda k\u00f5ige kaugemaid, neid, kes on patused, kes pole kunagi kuulnud midagi p\u00f6\u00f6rdumisest, ning siis \u2013 m\u00f5istetavalt \u2013 j\u00f5uda tunnistuseni, milleks on armastus Issanda ja ligimehe vastu. Vaat, see on k\u00f5ik.<\/p>\n\n<p><em>Paavst \u00fctles kohe nii:<\/em><\/p>\n\n<p>Ja k\u00f5ike seda te seletate oma Kogudusega, oma vennaliku osadusega ja oma r\u00f5\u00f5muga, ka oma lauluga, kindlasti palvega: sest kui avastatakse Ristimise, Jumala Armu, meie Jumala lasteks olemise t\u00f5eline reaalsus, kui k\u00f5ike seda avastatakse, siis sisenetakse s\u00fcgavasse r\u00f5\u00f5mu ning ka suhtlevasse r\u00f5\u00f5mu; see t\u00e4hendab, et \u00fcritatakse seda avastust ja seda r\u00f5\u00f5mu teistele teada anda. Ma t\u00f5esti m\u00f5tlen, et see, mis oli \u00dcrgse Kiriku Katehhumeeniliste gruppide Vaim, on ka t\u00e4nap\u00e4eva Kiriku Neokatehhumeeniliste gruppide Vaim.<\/p>\n\n<p>Ma loodan, et j\u00e4tkate, ning palvetage m\u00f5nikord Paavsti eest.<\/p>\n\n<p><em>(*) Vrd. \u00abRooma Vaatleja\u00bb, 7.-8. mai 1979.<\/em><\/p>\n","protected":false},"excerpt":{"rendered":"<p>Visiit P\u00fcha Antoniuse kogudusele Piazza Astis 6-V-1979 P\u00fcha Johannes Paulus II Rooma, 6. mai 1979\u00a0* Paavst p\u00fchap\u00e4eval, 6. mail 1979, kutsumustele p\u00fchendatud p\u00e4eval, k\u00fclastas P\u00fcha Antoniuse kogudust Piazza Astis (Tuscolanos), kus, kella 17:30 P\u00fcha Missa p\u00fchitsemise j\u00e4rel, kohtus ta eraldi erinevate koguduse gruppidega ja kahe Neokatehhumeenilise Tee kogudusega, kes k\u00f5nnivad juba vastavalt kaks ja pool aastat ning kuus kuud, kohal olid nende katehheedid, kes on p\u00e4rit Rooma P\u00fcha Francesca Cabrini<\/p>\n<div class=\"read-more\"><a class=\"btn read-more-btn\" href=\"https:\/\/neocatechumenaleiter.org\/et\/paavstide-sonad\/puha-johannes-paulus-ii\/visiit-puha-antoniuse-kogudusele-piazza-astis-6-v-1979\/\">Loe edasi<\/a><\/div>\n","protected":false},"author":2,"featured_media":0,"parent":19903,"menu_order":1,"comment_status":"closed","ping_status":"closed","template":"","meta":{"footnotes":""},"class_list":["post-37348","page","type-page","status-publish","hentry"],"_links":{"self":[{"href":"https:\/\/neocatechumenaleiter.org\/et\/wp-json\/wp\/v2\/pages\/37348","targetHints":{"allow":["GET"]}}],"collection":[{"href":"https:\/\/neocatechumenaleiter.org\/et\/wp-json\/wp\/v2\/pages"}],"about":[{"href":"https:\/\/neocatechumenaleiter.org\/et\/wp-json\/wp\/v2\/types\/page"}],"author":[{"embeddable":true,"href":"https:\/\/neocatechumenaleiter.org\/et\/wp-json\/wp\/v2\/users\/2"}],"replies":[{"embeddable":true,"href":"https:\/\/neocatechumenaleiter.org\/et\/wp-json\/wp\/v2\/comments?post=37348"}],"version-history":[{"count":13,"href":"https:\/\/neocatechumenaleiter.org\/et\/wp-json\/wp\/v2\/pages\/37348\/revisions"}],"predecessor-version":[{"id":47779,"href":"https:\/\/neocatechumenaleiter.org\/et\/wp-json\/wp\/v2\/pages\/37348\/revisions\/47779"}],"up":[{"embeddable":true,"href":"https:\/\/neocatechumenaleiter.org\/et\/wp-json\/wp\/v2\/pages\/19903"}],"wp:attachment":[{"href":"https:\/\/neocatechumenaleiter.org\/et\/wp-json\/wp\/v2\/media?parent=37348"}],"curies":[{"name":"wp","href":"https:\/\/api.w.org\/{rel}","templated":true}]}}