{"id":37360,"date":"2020-03-21T23:09:47","date_gmt":"2020-03-21T22:09:47","guid":{"rendered":"https:\/\/neocatechumenaleiter.org\/paavstide-sonad\/puha-johannes-paulus-ii\/paavst-johannes-paulus-ii-neokatehhumeenilise-tee-randkatehhistidele-29-ix-1979\/"},"modified":"2026-03-02T11:02:08","modified_gmt":"2026-03-02T10:02:08","slug":"paavst-johannes-paulus-ii-neokatehhumeenilise-tee-randkatehhistidele-29-ix-1979","status":"publish","type":"page","link":"https:\/\/neocatechumenaleiter.org\/et\/paavstide-sonad\/puha-johannes-paulus-ii\/paavst-johannes-paulus-ii-neokatehhumeenilise-tee-randkatehhistidele-29-ix-1979\/","title":{"rendered":"Paavst Johannes Paulus II neokatehhumeenilise tee r\u00e4ndkatehheetidele 29-IX-1979"},"content":{"rendered":"\n<h1 class=\"has-text-align-center wp-block-heading\">Paavst Johannes Paulus II neokatehhumeenilise tee r\u00e4ndkatehheetidele 29-IX-1979<\/h1>\n\n<div style=\"height:20px\" aria-hidden=\"true\" class=\"wp-block-spacer\"><\/div>\n\n<h4 class=\"has-text-align-center wp-block-heading\">P\u00fcha Johannes Paulus II<\/h4>\n\n<div style=\"height:20px\" aria-hidden=\"true\" class=\"wp-block-spacer\"><\/div>\n\n<div class=\"wp-block-image is-style-default\"><figure class=\"alignright size-large\"><img loading=\"lazy\" decoding=\"async\" width=\"400\" height=\"295\" src=\"https:\/\/neocatechumenaleiter.org\/wp-content\/uploads\/2020\/03\/Camino_Neocatecumenal_Juan_Pablo_II_visita_audiencia_general_1979.jpg\" alt=\"\" class=\"wp-image-1289\" srcset=\"https:\/\/neocatechumenaleiter.org\/wp-content\/uploads\/2020\/03\/Camino_Neocatecumenal_Juan_Pablo_II_visita_audiencia_general_1979.jpg 400w, https:\/\/neocatechumenaleiter.org\/wp-content\/uploads\/2020\/03\/Camino_Neocatecumenal_Juan_Pablo_II_visita_audiencia_general_1979-300x221.jpg 300w\" sizes=\"auto, (max-width: 400px) 100vw, 400px\" \/><\/figure><\/div>\n\n<p><strong>Vatikan, \u00dcldaudients: 26. september 1979<\/strong><\/p>\n\n<p><em>Neokatehhumeenilistele Kogudustele kuuluvatele preestritele ja ilmikutele \u00fctles Johannes Paulus II nii:<\/em><\/p>\n\n<p>&#8230; Audientsis osaleb suur grupp inimesi, kes kuuluvad Liikumisse, mis pakub ennast, et <strong>aidata kristlastel taasavastada Ristimise reaalsust<\/strong> ja elada sellest, r\u00f5\u00f5mus, vabastav rikkus. Saagu teie tunnistus, antud t\u00e4ies koosk\u00f5las \u00f5igustatud karjastega, \u00e4ratada paljudes vendades soovi ja p\u00fchendumust elule, mis on Ristimise ja tema l\u00f5pmatu rikkuse n\u00f5uetega koosk\u00f5las.<br \/><br \/>Minu apostellik \u00f5nnistus saatku teid.<br \/><br \/><em>(*) Vrd. \u00abRooma Vaatleja\u00bb, 28. september 1979.<\/em><\/p>\n","protected":false},"excerpt":{"rendered":"<p>Paavst Johannes Paulus II neokatehhumeenilise tee r\u00e4ndkatehheetidele 29-IX-1979 P\u00fcha Johannes Paulus II Vatikan, \u00dcldaudients: 26. september 1979 Neokatehhumeenilistele Kogudustele kuuluvatele preestritele ja ilmikutele \u00fctles Johannes Paulus II nii: &#8230; Audientsis osaleb suur grupp inimesi, kes kuuluvad Liikumisse, mis pakub ennast, et aidata kristlastel taasavastada Ristimise reaalsust ja elada sellest, r\u00f5\u00f5mus, vabastav rikkus. Saagu teie tunnistus, antud t\u00e4ies koosk\u00f5las \u00f5igustatud karjastega, \u00e4ratada paljudes vendades soovi ja p\u00fchendumust elule, mis on Ristimise<\/p>\n<div class=\"read-more\"><a class=\"btn read-more-btn\" href=\"https:\/\/neocatechumenaleiter.org\/et\/paavstide-sonad\/puha-johannes-paulus-ii\/paavst-johannes-paulus-ii-neokatehhumeenilise-tee-randkatehhistidele-29-ix-1979\/\">Loe edasi<\/a><\/div>\n","protected":false},"author":2,"featured_media":0,"parent":19903,"menu_order":2,"comment_status":"closed","ping_status":"closed","template":"","meta":{"footnotes":""},"class_list":["post-37360","page","type-page","status-publish","hentry"],"_links":{"self":[{"href":"https:\/\/neocatechumenaleiter.org\/et\/wp-json\/wp\/v2\/pages\/37360","targetHints":{"allow":["GET"]}}],"collection":[{"href":"https:\/\/neocatechumenaleiter.org\/et\/wp-json\/wp\/v2\/pages"}],"about":[{"href":"https:\/\/neocatechumenaleiter.org\/et\/wp-json\/wp\/v2\/types\/page"}],"author":[{"embeddable":true,"href":"https:\/\/neocatechumenaleiter.org\/et\/wp-json\/wp\/v2\/users\/2"}],"replies":[{"embeddable":true,"href":"https:\/\/neocatechumenaleiter.org\/et\/wp-json\/wp\/v2\/comments?post=37360"}],"version-history":[{"count":5,"href":"https:\/\/neocatechumenaleiter.org\/et\/wp-json\/wp\/v2\/pages\/37360\/revisions"}],"predecessor-version":[{"id":47777,"href":"https:\/\/neocatechumenaleiter.org\/et\/wp-json\/wp\/v2\/pages\/37360\/revisions\/47777"}],"up":[{"embeddable":true,"href":"https:\/\/neocatechumenaleiter.org\/et\/wp-json\/wp\/v2\/pages\/19903"}],"wp:attachment":[{"href":"https:\/\/neocatechumenaleiter.org\/et\/wp-json\/wp\/v2\/media?parent=37360"}],"curies":[{"name":"wp","href":"https:\/\/api.w.org\/{rel}","templated":true}]}}