{"id":37580,"date":"2020-03-01T02:52:20","date_gmt":"2020-03-01T01:52:20","guid":{"rendered":"https:\/\/neocatechumenaleiter.org\/paavstide-sonad\/puha-johannes-paulus-ii\/paavsti-johannes-paulus-ii-visiit-puha-luuka-evangelisti-kogudusele-4-xi-1979\/"},"modified":"2026-03-02T11:01:39","modified_gmt":"2026-03-02T10:01:39","slug":"paavsti-johannes-paulus-ii-visiit-puha-luuka-evangelisti-kogudusele-4-xi-1979","status":"publish","type":"page","link":"https:\/\/neocatechumenaleiter.org\/et\/paavstide-sonad\/puha-johannes-paulus-ii\/paavsti-johannes-paulus-ii-visiit-puha-luuka-evangelisti-kogudusele-4-xi-1979\/","title":{"rendered":"Paavsti Johannes Paulus II visiit P\u00fcha Luuka Evangelisti Kogudusele 4-XI-1979"},"content":{"rendered":"\n<h1 class=\"has-text-align-center wp-block-heading\">Visiit P\u00fcha Luuka Evangelisti Kogudusele 4-XI-1979<\/h1>\n\n<div style=\"height:20px\" aria-hidden=\"true\" class=\"wp-block-spacer\"><\/div>\n\n<h4 class=\"has-text-align-center wp-block-heading\">P\u00fcha Johannes Paulus II<\/h4>\n\n<div style=\"height:20px\" aria-hidden=\"true\" class=\"wp-block-spacer\"><\/div>\n\n<p><strong>Rooma, 4. november 1979 *<\/strong><\/p>\n\n<p><em>Erilise t\u00e4hendusega oli kohtumine viie Neokatehhumeenilise Kogudusega, kes alustasid tegevust koguduses seitse aastat tagasi (1972. aastal).<\/em><br \/><br \/><em>P\u00fcha Isa kohtus nende koguduste esindajatega, kes p\u00f6\u00f6rdusid tema poole tervituss\u00f5nadega ja tutvustusega; sealhulgas katehheet Franco Voltaggio \u00fctles:<\/em><\/p>\n\n<p>Ka meie, selle koguduse katehheetidena, tahtsime midagi lisada. P\u00fcha Isa, meile oli r\u00f5\u00f5m ja ka imetlusv\u00e4\u00e4rne lugeda, me pole sellesse veel s\u00fcvenenud, seda imelist Tradend\u00e6 Katehheeside dokumenti. Meie jaoks oli t\u00f5esti suur r\u00f5\u00f5m n\u00e4ha, kuidas, samaaegselt nende Kiriku Magisteeriumist v\u00e4ljunud dokumentidega, on reaalsus. Selles dokumendis Te \u00fctlesite, et on vaja, et oleks kasv usus, selleks et oleksid inimesed, kes saaksid vastu v\u00f5tta eelk\u00f5ige kaugeid, eksinuid. Vaat siin, Issanda ime l\u00e4bi, on meil reaalsus, mis kasvab. Seep\u00e4rast oleme me v\u00e4ga r\u00f5\u00f5msad, ka nende k\u00fclastuste \u00fcle, mida Te teete! Meile meeldivad v\u00e4ga r\u00e4ndkatehheedid, Teie t\u00f5esti, P\u00fcha Isa, olete R\u00e4ndpaavst, kes viib Ker\u00fcgmat, seda surmast \u00dclest\u00f5usnud Jeesuse Kristuse kuulutust, mis kiskus meid \u00e4ra meie surmast.<\/p>\n\n<p><em>P\u00fcha Isa s\u00f5nas seepeale j\u00e4rgmist:<\/em><\/p>\n\n<p>Niisiis on nad r\u00e4\u00e4kinud v\u00e4ga, v\u00e4ga h\u00e4sti, teie abistaja preester, kellel on habe, Isa Giancarlo ja ka Franco (Franco on \u00fcks teist, mulle tundub, teie esindaja), ta seletas meile suurep\u00e4raselt Vaimu, atmosf\u00e4\u00e4ri, k\u00f5ike seda, mis moodustab teie gruppi; sest grupp pole ainult number: see on Vaim. Grupp, v\u00f5i pigem Kogudus, moodustatakse alati seest, sisemiselt, ja ka sisemiselt puudutab meid P\u00fcha Vaim, puudutab iga\u00fcht meist, seda, mida iga\u00fcks meist on, tema isiklikku intiimsust, tema vaimset intiimsust, aga ei puuduta kedagi meist eraldi, individuaalselt, sest <strong>ta on loonud meid, et olla kogudus<\/strong>, et elada osaduses, puudutab iga\u00fcht meist, et taastada meid osaduses, ja nii saab seletada k\u00f5iki neid Kogudusi kristlikus osaduses, nagu teie oma, nagu k\u00f5iki teie omasid, sest need on viis Kogudust.<\/p>\n\n<p>Ma arvan, et on \u00fcks reegel, \u00fcks lihtne reegel: et anda, peab ka midagi olema. Mitte materiaalses m\u00f5ttes kindlasti, peab andma midagi, aga vaimses m\u00f5ttes; et anda, peab olema midagi enda sees, mis pole materiaalne, see on vaimne, ja seda n\u00e4htamatut asja peab avastama.<\/p>\n\n<div class=\"wp-block-image is-style-default\"><figure class=\"alignright size-large\"><img loading=\"lazy\" decoding=\"async\" width=\"400\" height=\"322\" src=\"https:\/\/neocatechumenaleiter.org\/wp-content\/uploads\/2020\/03\/Camino_Neocatecumenal_Juan_Pablo_II_visita_parroquia_Luca_Evangelista_1979.jpg\" alt=\"\" class=\"wp-image-1299\" srcset=\"https:\/\/neocatechumenaleiter.org\/wp-content\/uploads\/2020\/03\/Camino_Neocatecumenal_Juan_Pablo_II_visita_parroquia_Luca_Evangelista_1979.jpg 400w, https:\/\/neocatechumenaleiter.org\/wp-content\/uploads\/2020\/03\/Camino_Neocatecumenal_Juan_Pablo_II_visita_parroquia_Luca_Evangelista_1979-300x242.jpg 300w\" sizes=\"auto, (max-width: 400px) 100vw, 400px\" \/><\/figure><\/div>\n\n<p>Niisiis, ma arvan, et see on teie Neokatehhumeenilise Liikumise reegel: peab avastama, taasavastama seda, mis on sees. Paljud on ristitud kristlased, aga nad v\u00f5ib olla pole avastanud oma Ristimist, nad on peaaegu unustanud oma Ristimist. Nad on ristitud, nende Ristimine on tegudes, leidub registrites, on registreeritud kirikus, registreeritud ka nende s\u00fcdames, aga see sisemine register j\u00e4\u00e4b peaaegu surnuks, peaaegu \u00fcles\u00e4ratamata. Seda peab avastama! Kui avastatakse, siis on midagi, siis peab seda andma. Kui seda on avastatud, seda ei saa mitte anda, sest see, mida avastatakse, innustab meid andma. Nii on s\u00fcndinud k\u00f5ik J\u00fcngrid, k\u00f5ik J\u00fcngrid on niimoodi s\u00fcndinud. Ma arvan, et kui n\u00fc\u00fcd on r\u00e4ndkatehheete, kui Paavst ka on r\u00e4ndkatehheediks saanud, on ka see vili, mida Ta on avastanud. Kui \u00fcks kord on avastatud seda rikkust, seda m\u00fcsteeriumit, seda Kristuse m\u00fcsteeriumit, seda m\u00fcsteeriumit, mis moodustab meie isiklikku, vaimset, kristlikku identiteeti, ei saa mitte \u00fcritada teistele anda. Ma arvan, et me oleme enam v\u00e4hem r\u00e4\u00e4kinud \u00fcks, kaks, kolm, oleme natuke selgitanud k\u00f5ike.<\/p>\n\n<p>Olen v\u00e4ga \u00f5nnelik selle kohtumise \u00fcle, ma julgustan teid j\u00e4tkama. J\u00e4tkama t\u00e4hendab j\u00e4rgida P\u00fchat Vaimu ja j\u00e4rgida ka teie kutsumust, sest avastades meie sees elava Kristuse m\u00fcsteeriumit, avastame ka enda kutsumuse. Ja n\u00fc\u00fcd annan teile k\u00f5igile oma \u00f5nnistuse. Ja olen v\u00e4ga t\u00e4nulik selle kohtumise eest eriti sellep\u00e4rast, et te tulite ka lastega ning olen v\u00e4ga \u00f5nnelik, et need lapsed kasvavad keskkonnas, atmosf\u00e4\u00e4ris Kristuses.<\/p>\n\n<p><em> (*) Vrd. \u00abRooma Vaatleja\u00bb, 5.-6. november 1979.<\/em><\/p>\n","protected":false},"excerpt":{"rendered":"<p>Visiit P\u00fcha Luuka Evangelisti Kogudusele 4-XI-1979 P\u00fcha Johannes Paulus II Rooma, 4. november 1979 * Erilise t\u00e4hendusega oli kohtumine viie Neokatehhumeenilise Kogudusega, kes alustasid tegevust koguduses seitse aastat tagasi (1972. aastal). P\u00fcha Isa kohtus nende koguduste esindajatega, kes p\u00f6\u00f6rdusid tema poole tervituss\u00f5nadega ja tutvustusega; sealhulgas katehheet Franco Voltaggio \u00fctles: Ka meie, selle koguduse katehheetidena, tahtsime midagi lisada. P\u00fcha Isa, meile oli r\u00f5\u00f5m ja ka imetlusv\u00e4\u00e4rne lugeda, me pole sellesse veel<\/p>\n<div class=\"read-more\"><a class=\"btn read-more-btn\" href=\"https:\/\/neocatechumenaleiter.org\/et\/paavstide-sonad\/puha-johannes-paulus-ii\/paavsti-johannes-paulus-ii-visiit-puha-luuka-evangelisti-kogudusele-4-xi-1979\/\">Loe edasi<\/a><\/div>\n","protected":false},"author":2,"featured_media":0,"parent":19903,"menu_order":3,"comment_status":"closed","ping_status":"closed","template":"","meta":{"footnotes":""},"class_list":["post-37580","page","type-page","status-publish","hentry"],"_links":{"self":[{"href":"https:\/\/neocatechumenaleiter.org\/et\/wp-json\/wp\/v2\/pages\/37580","targetHints":{"allow":["GET"]}}],"collection":[{"href":"https:\/\/neocatechumenaleiter.org\/et\/wp-json\/wp\/v2\/pages"}],"about":[{"href":"https:\/\/neocatechumenaleiter.org\/et\/wp-json\/wp\/v2\/types\/page"}],"author":[{"embeddable":true,"href":"https:\/\/neocatechumenaleiter.org\/et\/wp-json\/wp\/v2\/users\/2"}],"replies":[{"embeddable":true,"href":"https:\/\/neocatechumenaleiter.org\/et\/wp-json\/wp\/v2\/comments?post=37580"}],"version-history":[{"count":15,"href":"https:\/\/neocatechumenaleiter.org\/et\/wp-json\/wp\/v2\/pages\/37580\/revisions"}],"predecessor-version":[{"id":47775,"href":"https:\/\/neocatechumenaleiter.org\/et\/wp-json\/wp\/v2\/pages\/37580\/revisions\/47775"}],"up":[{"embeddable":true,"href":"https:\/\/neocatechumenaleiter.org\/et\/wp-json\/wp\/v2\/pages\/19903"}],"wp:attachment":[{"href":"https:\/\/neocatechumenaleiter.org\/et\/wp-json\/wp\/v2\/media?parent=37580"}],"curies":[{"name":"wp","href":"https:\/\/api.w.org\/{rel}","templated":true}]}}