{"id":37657,"date":"2020-03-22T01:01:52","date_gmt":"2020-03-22T00:01:52","guid":{"rendered":"https:\/\/neocatechumenaleiter.org\/paavstide-sonad\/benedictus-xvi\/eraaudients-tee-algatajatega-19-xi-2005\/"},"modified":"2026-03-02T10:59:58","modified_gmt":"2026-03-02T09:59:58","slug":"eraaudients-tee-algatajatega-19-xi-2005","status":"publish","type":"page","link":"https:\/\/neocatechumenaleiter.org\/et\/paavstide-sonad\/benedictus-xvi\/eraaudients-tee-algatajatega-19-xi-2005\/","title":{"rendered":"Eraaudients Tee algatajatega 19-XI-2005"},"content":{"rendered":"\n<h1 class=\"has-text-align-center wp-block-heading\">Eraaudients Tee algatajatega 19-XI-2005<\/h1>\n\n<div style=\"height:20px\" aria-hidden=\"true\" class=\"wp-block-spacer\"><\/div>\n\n<h4 class=\"has-text-align-center wp-block-heading\">Benedictus XVI<\/h4>\n\n<div style=\"height:20px\" aria-hidden=\"true\" class=\"wp-block-spacer\"><\/div>\n\n<p><strong>Vatikan, 19. november 2005<\/strong><\/p>\n\n<p><em>19. novembril 2005 P\u00fcha Isa, Benedictus XVI, v\u00f5ttis vastu eraaudientsil, esimest korda Neokatehhumeenilise Tee algatajaid.<\/em><\/p>\n\n<p>\u00abSee oli imeline kohtumine. Me palusime audientsi Paavstiga, teades, et see on \u00fcliraske, ja see lubati meile. Eelmisel mail tegime konviventsi perekondadega ning saatsime neist 200. Palusime Paavstilt Benedictus XVI, kas ta sai, nagu oli teinud Johannes Paulus II saates \u00fcle 400 perekonna kogu maailma, anda risti nendele uutele perekondadele ja teha nendega pilti, et n\u00e4idata, kuhu nad l\u00e4hevad, et nad on katoliiklased, sest nad l\u00e4hevad v\u00e4ga rasketesse Ameerika ja P\u00f5hja-Euroopa keskkondadesse. Meile teatati, et 12. jaanuaril on Paavst v\u00e4ga \u00f5nnelik saata neid 200 perekonda kogu maailma. See on v\u00e4ga t\u00e4htis kohtumine! See on esimene kord, kui Paavst Benedictus XVI \u00fctleb midagi Neokatehhumeenilise Tee kohta kogu Kiriku ees. K\u00f5ik ootavad seda.<\/p>\n\n<p>Eraaudients, mis meil oli 19. novembril, oli v\u00e4ga ilus: ma r\u00e4\u00e4kisin natukene evangeliseerimisplaanist, mida me olime Johannes Paulus II esitlenud, implantatio Ecclesiae&#8217;ga missiooniperekondadega, nagu tegi P\u00fcha Benedictus; n\u00e4itasin Paavstile kaardi, kus on n\u00e4ha 27 Euroopa seminari ning kus on missiooniperekonnad&#8230; H\u00e4sti, kui oli veel 5 minutit alles j\u00e4\u00e4nud audientsi l\u00f5puni, \u00fctles Paavst: &#8220;H\u00e4sti, n\u00fc\u00fcd r\u00e4\u00e4gime liturgiast. Eile r\u00e4\u00e4kisin Kardinal Arinzega ning n\u00f5ustusime paaris asjas&#8221;. Ta \u00fctles meile, et me saame lugemistele teha l\u00fchikesi sissejuhatusi, ka S\u00f5nale vastata: 3 v\u00f5i 4 inimest, mis ei tohi jutlust asendada. Rahu j\u00e4\u00e4b sinna, kus me seda teeme; ning armulaua kohta v\u00f5ime j\u00e4tkata selle tegemist nagu oleme seda seni teinud, siis n\u00e4eme&#8230;\u00bb.<\/p>\n\n<div class=\"wp-block-image is-style-default\"><figure class=\"aligncenter size-large\"><img loading=\"lazy\" decoding=\"async\" width=\"614\" height=\"406\" src=\"https:\/\/neocatechumenaleiter.org\/wp-content\/uploads\/2020\/02\/Camino_Neocatecumenal_Benedicto_XVI_Kiko_Carmen_Mario_audiencia.jpg\" alt=\"\" class=\"wp-image-1096\" srcset=\"https:\/\/neocatechumenaleiter.org\/wp-content\/uploads\/2020\/02\/Camino_Neocatecumenal_Benedicto_XVI_Kiko_Carmen_Mario_audiencia.jpg 614w, https:\/\/neocatechumenaleiter.org\/wp-content\/uploads\/2020\/02\/Camino_Neocatecumenal_Benedicto_XVI_Kiko_Carmen_Mario_audiencia-300x198.jpg 300w\" sizes=\"auto, (max-width: 614px) 100vw, 614px\" \/><\/figure><\/div>\n","protected":false},"excerpt":{"rendered":"<p>Eraaudients Tee algatajatega 19-XI-2005 Benedictus XVI Vatikan, 19. november 2005 19. novembril 2005 P\u00fcha Isa, Benedictus XVI, v\u00f5ttis vastu eraaudientsil, esimest korda Neokatehhumeenilise Tee algatajaid. \u00abSee oli imeline kohtumine. Me palusime audientsi Paavstiga, teades, et see on \u00fcliraske, ja see lubati meile. Eelmisel mail tegime konviventsi perekondadega ning saatsime neist 200. Palusime Paavstilt Benedictus XVI, kas ta sai, nagu oli teinud Johannes Paulus II saates \u00fcle 400 perekonna kogu maailma,<\/p>\n<div class=\"read-more\"><a class=\"btn read-more-btn\" href=\"https:\/\/neocatechumenaleiter.org\/et\/paavstide-sonad\/benedictus-xvi\/eraaudients-tee-algatajatega-19-xi-2005\/\">Loe edasi<\/a><\/div>\n","protected":false},"author":2,"featured_media":0,"parent":19905,"menu_order":0,"comment_status":"closed","ping_status":"closed","template":"","meta":{"footnotes":""},"class_list":["post-37657","page","type-page","status-publish","hentry"],"_links":{"self":[{"href":"https:\/\/neocatechumenaleiter.org\/et\/wp-json\/wp\/v2\/pages\/37657","targetHints":{"allow":["GET"]}}],"collection":[{"href":"https:\/\/neocatechumenaleiter.org\/et\/wp-json\/wp\/v2\/pages"}],"about":[{"href":"https:\/\/neocatechumenaleiter.org\/et\/wp-json\/wp\/v2\/types\/page"}],"author":[{"embeddable":true,"href":"https:\/\/neocatechumenaleiter.org\/et\/wp-json\/wp\/v2\/users\/2"}],"replies":[{"embeddable":true,"href":"https:\/\/neocatechumenaleiter.org\/et\/wp-json\/wp\/v2\/comments?post=37657"}],"version-history":[{"count":11,"href":"https:\/\/neocatechumenaleiter.org\/et\/wp-json\/wp\/v2\/pages\/37657\/revisions"}],"predecessor-version":[{"id":47771,"href":"https:\/\/neocatechumenaleiter.org\/et\/wp-json\/wp\/v2\/pages\/37657\/revisions\/47771"}],"up":[{"embeddable":true,"href":"https:\/\/neocatechumenaleiter.org\/et\/wp-json\/wp\/v2\/pages\/19905"}],"wp:attachment":[{"href":"https:\/\/neocatechumenaleiter.org\/et\/wp-json\/wp\/v2\/media?parent=37657"}],"curies":[{"name":"wp","href":"https:\/\/api.w.org\/{rel}","templated":true}]}}