{"id":37670,"date":"2020-03-02T02:02:53","date_gmt":"2020-03-02T01:02:53","guid":{"rendered":"https:\/\/neocatechumenaleiter.org\/paavstide-sonad\/puha-johannes-paulus-ii\/paavsti-johannes-paulus-ii-kulastus-puha-timoteose-kogudusele-10-ii-1980\/"},"modified":"2026-03-02T10:59:33","modified_gmt":"2026-03-02T09:59:33","slug":"paavsti-johannes-paulus-ii-kulastus-puha-timoteose-kogudusele-10-ii-1980","status":"publish","type":"page","link":"https:\/\/neocatechumenaleiter.org\/et\/paavstide-sonad\/puha-johannes-paulus-ii\/paavsti-johannes-paulus-ii-kulastus-puha-timoteose-kogudusele-10-ii-1980\/","title":{"rendered":"Paavsti Johannes Paulus II k\u00fclastus P\u00fcha Timoteose kogudusele 10-II-1980"},"content":{"rendered":"\n<h1 class=\"has-text-align-center wp-block-heading\">Paavsti Johannes Paulus II k\u00fclastus P\u00fcha Timoteose kogudusele 10-II-1980<\/h1>\n\n<div style=\"height:20px\" aria-hidden=\"true\" class=\"wp-block-spacer\"><\/div>\n\n<h4 class=\"has-text-align-center wp-block-heading\">P\u00fcha Johannes Paulus II<\/h4>\n\n<div style=\"height:20px\" aria-hidden=\"true\" class=\"wp-block-spacer\"><\/div>\n\n<p><strong>Rooma, 10. veebruar 1980 *<\/strong><\/p>\n\n<p><em>Kohalolijate lauluga vastuv\u00f5etuna, P\u00fcha Isa sisenes saali, kuhu olid kogunenud kiriku kogudusest t\u00e4rkanud Neokatehhumeenilised Kogudused. Sissejuhatatud koguduse preestri s\u00f5nadest, mis r\u00f5hutasid, kuidas tema ise nende vendade abiga alustas uut p\u00f6\u00f6rdumise teekonda, kuulati m\u00f5ndade katehhumeenide tunnistusi.<\/em><br \/><br \/><em>Domenico, keskealine mees, tuletas meelde, kuidas neokatehhumeeniline kogemus lubas tal avastada kristluse t\u00f5elist dimensiooni, mis on elatud elu ja mitte ainult intellektuaalne liikmelisus, saades sellega \u00fcletada t\u00f5siseid perekondlikke raskusi. Elisabetta, 21-aastane, jutustas oma kogemust vatur\u00e4\u00e4kijana, k\u00fcpseks saanud Jumala avastamisega. Abielus naine ja nelja lapse ema tunnistas, kuidas \u00fcks lause &#8211; \u00abon tee meeleheidetutel\u00bb &#8211; kuulatud \u00fches kirikus, kuhu ta oli juhuslikult sisenenud, p\u00e4\u00e4stis ta \u00e4ngistusest ja enesetapust. Francesco jutustas, kuidas Jumala armastuse tasuta kingitus lubas tal avastada elu rikkust. Seej\u00e4rel r\u00e4\u00e4kis katehheet, Giampiero Donnini, kes t\u00f5stis esile nende Neokatehhumeeniliste Koguduste, mis pakuvad ennast p\u00fcsivate struktuuridena, kuhu sisestada k\u00f5iki neid, kes tahavad alustada teekonda k\u00fcpsema ja t\u00e4iskasvanuma usu poole, t\u00e4htsust koguduse elus.<\/em><\/p>\n\n<div class=\"wp-block-image\"><figure class=\"alignright size-medium\"><img loading=\"lazy\" decoding=\"async\" width=\"300\" height=\"241\" src=\"https:\/\/neocatechumenaleiter.org\/wp-content\/uploads\/2020\/03\/Camino_Neocatecumenal_Juan_Pablo_II_visita_parroquia_San_Timoteo-300x241.jpg\" alt=\"\" class=\"wp-image-1460\" srcset=\"https:\/\/neocatechumenaleiter.org\/wp-content\/uploads\/2020\/03\/Camino_Neocatecumenal_Juan_Pablo_II_visita_parroquia_San_Timoteo-300x241.jpg 300w, https:\/\/neocatechumenaleiter.org\/wp-content\/uploads\/2020\/03\/Camino_Neocatecumenal_Juan_Pablo_II_visita_parroquia_San_Timoteo.jpg 697w\" sizes=\"auto, (max-width: 300px) 100vw, 300px\" \/><\/figure><\/div>\n\n<p><em>Paavst t\u00e4nas nende s\u00fcgavate ja lihtsate tunnistuste eest, tuletades meelde, nagu me k\u00f5ik h\u00e4sti teame, mida t\u00e4hendab s\u00f5na katehhumeen:<\/em><\/p>\n\n<p>Me peame \u00fctlema, et s\u00f5na katehhumeen on peaaegu kadunud. Katehhumeenid, eriti traditsiooniliselt katoliiklikes rahvastes, on v\u00e4ikesed lapse, vasts\u00fcndinud. Aga need pole Katehhumeenid, sest nad ei ole v\u00f5imelised Ristimiseks valmis olla. Esimeste sajandite Katehhumeenid moodustasid Kirikus palju suurema reaalsuse: ma arvan, et seda, mida nemad tegid usu jaoks sel ajastu, teevad n\u00fc\u00fcd Neokatehhumeenilised Kogudused.&#013;\nAga nad teevad seda, sest nad on olnud ristitud teiste poolt elu alguses. Katehhumenaadi m\u00f5te on valmistuda Ristimisele; valmistuda, s\u00f5na t\u00e4ielikus t\u00e4henduses, t\u00e4hendab olla esitletud elava Jumala m\u00fcsteeriumisse, sest Ristimises saadakse mitte ainult kristlik nimi, vaid osalemist Kristusesse endasse, elava Jumala m\u00fcsteeriumisse inimese jaoks. Tunnistused, mida te t\u00f5ite mulle, t\u00f5endavad k\u00f5ik, et on olemas armu hetk, valgustamise hetk, hetk, kus kohtutakse elava Jumalaga, kes \u00fcritab elada meie elus, elada elu. See on v\u00e4ga v\u00e4\u00e4rtuslik teie isikliku kristliku kogemuse jaoks, aga see on eelk\u00f5ige v\u00e4\u00e4rtuslik apostellikule kujunemisele. Igasuguse apostelliku kujunemise &#8211; \u00fctleme katehheetiline &#8211; aluseks peab olema see kogemus: me ei pea ainult teadma usu- ja teoloogia valemeid, vaid peame astuma kokkupuudesse jumaliku elu m\u00fcsteeriumiga, mis on avatud meile k\u00f5igile Jeesuse Kristusega.<\/p>\n\n<p>Ainult peale isiklikku kogemust saab anda tunnistust.&#013;\nMa soovin Teile, et te saaksite s\u00fcvendada veelgi rohkem oma usku ja et teil oleks endaga alati kaasas r\u00f5\u00f5m.<\/p>\n\n<p><em>(*) Vrd \u00abL&#8217;Osservatore Romano\u00bb, 11.-12. veebruar 1980.<\/em><\/p>\n","protected":false},"excerpt":{"rendered":"<p>Paavsti Johannes Paulus II k\u00fclastus P\u00fcha Timoteose kogudusele 10-II-1980 P\u00fcha Johannes Paulus II Rooma, 10. veebruar 1980 * Kohalolijate lauluga vastuv\u00f5etuna, P\u00fcha Isa sisenes saali, kuhu olid kogunenud kiriku kogudusest t\u00e4rkanud Neokatehhumeenilised Kogudused. Sissejuhatatud koguduse preestri s\u00f5nadest, mis r\u00f5hutasid, kuidas tema ise nende vendade abiga alustas uut p\u00f6\u00f6rdumise teekonda, kuulati m\u00f5ndade katehhumeenide tunnistusi. Domenico, keskealine mees, tuletas meelde, kuidas neokatehhumeeniline kogemus lubas tal avastada kristluse t\u00f5elist dimensiooni, mis on elatud<\/p>\n<div class=\"read-more\"><a class=\"btn read-more-btn\" href=\"https:\/\/neocatechumenaleiter.org\/et\/paavstide-sonad\/puha-johannes-paulus-ii\/paavsti-johannes-paulus-ii-kulastus-puha-timoteose-kogudusele-10-ii-1980\/\">Loe edasi<\/a><\/div>\n","protected":false},"author":2,"featured_media":0,"parent":19903,"menu_order":5,"comment_status":"closed","ping_status":"closed","template":"","meta":{"footnotes":""},"class_list":["post-37670","page","type-page","status-publish","hentry"],"_links":{"self":[{"href":"https:\/\/neocatechumenaleiter.org\/et\/wp-json\/wp\/v2\/pages\/37670","targetHints":{"allow":["GET"]}}],"collection":[{"href":"https:\/\/neocatechumenaleiter.org\/et\/wp-json\/wp\/v2\/pages"}],"about":[{"href":"https:\/\/neocatechumenaleiter.org\/et\/wp-json\/wp\/v2\/types\/page"}],"author":[{"embeddable":true,"href":"https:\/\/neocatechumenaleiter.org\/et\/wp-json\/wp\/v2\/users\/2"}],"replies":[{"embeddable":true,"href":"https:\/\/neocatechumenaleiter.org\/et\/wp-json\/wp\/v2\/comments?post=37670"}],"version-history":[{"count":5,"href":"https:\/\/neocatechumenaleiter.org\/et\/wp-json\/wp\/v2\/pages\/37670\/revisions"}],"predecessor-version":[{"id":47769,"href":"https:\/\/neocatechumenaleiter.org\/et\/wp-json\/wp\/v2\/pages\/37670\/revisions\/47769"}],"up":[{"embeddable":true,"href":"https:\/\/neocatechumenaleiter.org\/et\/wp-json\/wp\/v2\/pages\/19903"}],"wp:attachment":[{"href":"https:\/\/neocatechumenaleiter.org\/et\/wp-json\/wp\/v2\/media?parent=37670"}],"curies":[{"name":"wp","href":"https:\/\/api.w.org\/{rel}","templated":true}]}}