{"id":37675,"date":"2020-03-02T02:08:50","date_gmt":"2020-03-02T01:08:50","guid":{"rendered":"https:\/\/neocatechumenaleiter.org\/paavstide-sonad\/puha-johannes-paulus-ii\/paavst-johannes-paulus-ii-neokatehhumeeniliste-koguduste-psalmistidele-16-iii-1980\/"},"modified":"2026-03-02T10:58:45","modified_gmt":"2026-03-02T09:58:45","slug":"paavst-johannes-paulus-ii-neokatehhumeeniliste-koguduste-psalmistidele-16-iii-1980","status":"publish","type":"page","link":"https:\/\/neocatechumenaleiter.org\/et\/paavstide-sonad\/puha-johannes-paulus-ii\/paavst-johannes-paulus-ii-neokatehhumeeniliste-koguduste-psalmistidele-16-iii-1980\/","title":{"rendered":"Paavst Johannes Paulus II Neokatehhumeeniliste Koguduste psalmistidele 16-III-1980"},"content":{"rendered":"\n<h1 class=\"has-text-align-center wp-block-heading\">Paavst Johannes Paulus II Neokatehhumeeniliste Koguduste psalmistidele 16-III-1980<\/h1>\n\n<div style=\"height:20px\" aria-hidden=\"true\" class=\"wp-block-spacer\"><\/div>\n\n<h4 class=\"has-text-align-center wp-block-heading\">P\u00fcha Johannes Paulus II<\/h4>\n\n<div style=\"height:20px\" aria-hidden=\"true\" class=\"wp-block-spacer\"><\/div>\n\n<p><strong>P\u00fcha Peetruse v\u00e4ljak, 16. m\u00e4rts 1980<\/strong><\/p>\n\n<p><em>P\u00fcha Isa, olles palvetanud p\u00fchap\u00e4eva \u00abAngelus\u00bb&#8217;t, p\u00f6\u00f6rdus eriliste tervitustega kohalolevate gruppidele.<\/em><br \/><br \/><em>K\u00f5ige arvukam grupp oli\u00a0<\/em><em>umbes kahetuhande\u00a0<\/em><em>Neokatehhumeeniliste Koguduste lauljate ja psalmistidest moodustatud, j\u00f5udnud Roomasse <\/em><em>erinevatest <\/em><em>Itaalia kohtadest kohtumisele, valmistumaks Paasap\u00fchaks, juhitud Kiko Arg\u00fcello poolt, et psalmistid viiksid k\u00f5ige paremal viisil l\u00e4bi Paasap\u00fcha Vigiili, mida erinevad Neokatehhumeenilised Kogudused elavad Paasap\u00fcha \u00f6\u00f6l.<\/em><br \/><br \/><em>Need olid Paavsti s\u00f5nad:<\/em><\/p>\n\n<div class=\"wp-block-image\"><figure class=\"aligncenter size-full\"><img loading=\"lazy\" decoding=\"async\" width=\"720\" height=\"557\" src=\"https:\/\/neocatechumenaleiter.org\/wp-content\/uploads\/2020\/03\/Camino_Neocatecumenal_Juan_Pablo_II_encuentro_salmistas_1980.jpg\" alt=\"\" class=\"wp-image-1471\" srcset=\"https:\/\/neocatechumenaleiter.org\/wp-content\/uploads\/2020\/03\/Camino_Neocatecumenal_Juan_Pablo_II_encuentro_salmistas_1980.jpg 720w, https:\/\/neocatechumenaleiter.org\/wp-content\/uploads\/2020\/03\/Camino_Neocatecumenal_Juan_Pablo_II_encuentro_salmistas_1980-300x232.jpg 300w\" sizes=\"auto, (max-width: 720px) 100vw, 720px\" \/><\/figure><\/div>\n\n<p>Eriline tervitus arvukatele Neokatehhumeeniliste Koguduste liikmetele, kes pakuvad ennast aitamaks ristimist saavatele m\u00f5ista, hinnata ja anduda Ristimise hindamatut \u00f5nne, l\u00e4bi evangeliseerimise, katehheesi ja liturgilisele elule osalemise rada, j\u00e4rkj\u00e4rguline ja intensiivne, mis mingil viisil sarnaneb muistsele Katehhumenaadile.<\/p>\n\n<p>Kallimad ma kutsun teid p\u00fchenduma alati suurema suuremeelsusega\u00a0<strong>teie pingutuses osaleda Kristuse m\u00fcstilise Keha ehitamisel ja Kiriku apostolaadi tegevuses<\/strong>, kuulates alati Issanda k\u00e4sku: \u00abMinge siis, tehke j\u00fcngriteks k\u00f5ik rahvad,\u00a0<span class=\"lbreak\">&#013;\n<\/span>ristides neid Isa ja Poja ja P\u00fcha Vaimu nimesse\u00bb (Mt 28,19). Toetagu ja juhtigu teid pidev ustavus Magisteeriumi \u00f5petusele ja s\u00f5nakuulelikkus Kiriku Karjastele.<\/p>\n\n<p>Ma soovin teile s\u00fcdamest, et elaksite p\u00fchendumusega ja entusiasmiga oma eesm\u00e4rke, Apostelliku \u00dcleskutse <em>Evangelii Nuntiandi<\/em>, minu austatud eelk\u00e4ija Paulus VI poolt tehtud, ja <em>Tradendae Katehheesi <\/em>valguses, minu poolt tehtud Piiskopite Sinodi katehheesi juhiste p\u00f5hjal.<br \/><br \/>Saatku teid minu \u00f5nnistus, mida ma heameelega pikendan teie kallitele.<br \/><br \/><em>(*) Vrd \u00abL&#8217;Osservatore Romano\u00bb, 17.-18. m\u00e4rts 1980.<\/em><\/p>\n","protected":false},"excerpt":{"rendered":"<p>Paavst Johannes Paulus II Neokatehhumeeniliste Koguduste psalmistidele 16-III-1980 P\u00fcha Johannes Paulus II P\u00fcha Peetruse v\u00e4ljak, 16. m\u00e4rts 1980 P\u00fcha Isa, olles palvetanud p\u00fchap\u00e4eva \u00abAngelus\u00bb&#8217;t, p\u00f6\u00f6rdus eriliste tervitustega kohalolevate gruppidele. K\u00f5ige arvukam grupp oli\u00a0umbes kahetuhande\u00a0Neokatehhumeeniliste Koguduste lauljate ja psalmistidest moodustatud, j\u00f5udnud Roomasse erinevatest Itaalia kohtadest kohtumisele, valmistumaks Paasap\u00fchaks, juhitud Kiko Arg\u00fcello poolt, et psalmistid viiksid k\u00f5ige paremal viisil l\u00e4bi Paasap\u00fcha Vigiili, mida erinevad Neokatehhumeenilised Kogudused elavad Paasap\u00fcha \u00f6\u00f6l. Need olid Paavsti<\/p>\n<div class=\"read-more\"><a class=\"btn read-more-btn\" href=\"https:\/\/neocatechumenaleiter.org\/et\/paavstide-sonad\/puha-johannes-paulus-ii\/paavst-johannes-paulus-ii-neokatehhumeeniliste-koguduste-psalmistidele-16-iii-1980\/\">Loe edasi<\/a><\/div>\n","protected":false},"author":2,"featured_media":0,"parent":19903,"menu_order":6,"comment_status":"closed","ping_status":"closed","template":"","meta":{"footnotes":""},"class_list":["post-37675","page","type-page","status-publish","hentry"],"_links":{"self":[{"href":"https:\/\/neocatechumenaleiter.org\/et\/wp-json\/wp\/v2\/pages\/37675","targetHints":{"allow":["GET"]}}],"collection":[{"href":"https:\/\/neocatechumenaleiter.org\/et\/wp-json\/wp\/v2\/pages"}],"about":[{"href":"https:\/\/neocatechumenaleiter.org\/et\/wp-json\/wp\/v2\/types\/page"}],"author":[{"embeddable":true,"href":"https:\/\/neocatechumenaleiter.org\/et\/wp-json\/wp\/v2\/users\/2"}],"replies":[{"embeddable":true,"href":"https:\/\/neocatechumenaleiter.org\/et\/wp-json\/wp\/v2\/comments?post=37675"}],"version-history":[{"count":7,"href":"https:\/\/neocatechumenaleiter.org\/et\/wp-json\/wp\/v2\/pages\/37675\/revisions"}],"predecessor-version":[{"id":47767,"href":"https:\/\/neocatechumenaleiter.org\/et\/wp-json\/wp\/v2\/pages\/37675\/revisions\/47767"}],"up":[{"embeddable":true,"href":"https:\/\/neocatechumenaleiter.org\/et\/wp-json\/wp\/v2\/pages\/19903"}],"wp:attachment":[{"href":"https:\/\/neocatechumenaleiter.org\/et\/wp-json\/wp\/v2\/media?parent=37675"}],"curies":[{"name":"wp","href":"https:\/\/api.w.org\/{rel}","templated":true}]}}