{"id":37682,"date":"2020-03-02T02:12:50","date_gmt":"2020-03-02T01:12:50","guid":{"rendered":"https:\/\/neocatechumenaleiter.org\/paavstide-sonad\/puha-johannes-paulus-ii\/paavst-johannes-paulus-ii-terivtab-kesk-ameerika-neokatehhumeeniliste-koguduste-katehhiste-ja-abielupaare-16-x-1980\/"},"modified":"2026-03-02T10:57:35","modified_gmt":"2026-03-02T09:57:35","slug":"paavst-johannes-paulus-ii-terivtab-kesk-ameerika-neokatehhumeeniliste-koguduste-katehhiste-ja-abielupaare-16-x-1980","status":"publish","type":"page","link":"https:\/\/neocatechumenaleiter.org\/et\/paavstide-sonad\/puha-johannes-paulus-ii\/paavst-johannes-paulus-ii-terivtab-kesk-ameerika-neokatehhumeeniliste-koguduste-katehhiste-ja-abielupaare-16-x-1980\/","title":{"rendered":"Paavst Johannes Paulus II terivtab Kesk-Ameerika Neokatehhumeeniliste Koguduste katehheete ja abielupaare 16-X-1980"},"content":{"rendered":"\n<h1 class=\"has-text-align-center wp-block-heading\">Paavst Johannes Paulus II terivtab Kesk-Ameerika Neokatehhumeeniliste Koguduste katehheete ja abielupaare 16-X-1980<\/h1>\n\n<div style=\"height:20px\" aria-hidden=\"true\" class=\"wp-block-spacer\"><\/div>\n\n<h4 class=\"has-text-align-center wp-block-heading\">P\u00fcha Johannes Paulus II<\/h4>\n\n<div style=\"height:20px\" aria-hidden=\"true\" class=\"wp-block-spacer\"><\/div>\n\n<p><strong>P\u00fcha Peetrus, 16. oktoober 1980<\/strong><\/p>\n\n<p><em>Johannes Paulus II, olles lausunud oma tavap\u00e4rast k\u00f5ne ustavatele kolmap\u00e4evasel \u00fcldaudientsil, tervitas \u00fcksikuid kohalolevaid gruppe. Erinevatele Ladina-Ameerika Riikide Neokatehhumeeniliste Liikumiste liikmetele, kes olid Roomas rahvusvahelise Konverentsi jaoks j\u00e4rgmise perekonna Sinodi teemal, Paavst \u00fctles:<\/em><\/p>\n\n<div class=\"wp-block-image\"><figure class=\"alignright size-large\"><img loading=\"lazy\" decoding=\"async\" width=\"400\" height=\"320\" src=\"https:\/\/neocatechumenaleiter.org\/wp-content\/uploads\/2020\/03\/Camino_Neocatecumenal_Juan_Pablo_II_audiencia_general_1980.jpg\" alt=\"\" class=\"wp-image-1483\" srcset=\"https:\/\/neocatechumenaleiter.org\/wp-content\/uploads\/2020\/03\/Camino_Neocatecumenal_Juan_Pablo_II_audiencia_general_1980.jpg 400w, https:\/\/neocatechumenaleiter.org\/wp-content\/uploads\/2020\/03\/Camino_Neocatecumenal_Juan_Pablo_II_audiencia_general_1980-300x240.jpg 300w\" sizes=\"auto, (max-width: 400px) 100vw, 400px\" \/><\/figure><\/div>\n\n<p>Sellel audientsil on kohal grupp erinevate Kesk-Ameerika Neokatehhumeeniliste Liikumiste preestreid, abielupaare ja katehheete. Tervitan teid suure kiindumusega, armastatud vennad ja \u00f5ed, kes te p\u00fchendate ennast \u00fclesandele, mida Kirik k\u00f5rgelt hindab: <strong>kirikliku koguduse ehitamine usus l\u00e4bi s\u00fcstemaatilise, kindla, progressiivse katehheesi<\/strong>. P\u00fchenduge suuremeelselt sellele vajalikule t\u00f6\u00f6le; olge ustavad kristliku s\u00f5numi isiklikule kogemusele ja teiste tunnistusele.<\/p>\n\n<p>Ma \u00f5nnistan teie eesm\u00e4rki olla intiimses osaduses oma Karjastega, oma t\u00f6\u00f6ga, inimestega, perekondadega ja kiriklike kogudustega.&#013;\n&#013;\n(*) Vrd \u00abL&#8217;Osservatore Romano\u00bb, 17. oktoober 1980.<\/p>\n","protected":false},"excerpt":{"rendered":"<p>Paavst Johannes Paulus II terivtab Kesk-Ameerika Neokatehhumeeniliste Koguduste katehheete ja abielupaare 16-X-1980 P\u00fcha Johannes Paulus II P\u00fcha Peetrus, 16. oktoober 1980 Johannes Paulus II, olles lausunud oma tavap\u00e4rast k\u00f5ne ustavatele kolmap\u00e4evasel \u00fcldaudientsil, tervitas \u00fcksikuid kohalolevaid gruppe. Erinevatele Ladina-Ameerika Riikide Neokatehhumeeniliste Liikumiste liikmetele, kes olid Roomas rahvusvahelise Konverentsi jaoks j\u00e4rgmise perekonna Sinodi teemal, Paavst \u00fctles: Sellel audientsil on kohal grupp erinevate Kesk-Ameerika Neokatehhumeeniliste Liikumiste preestreid, abielupaare ja katehheete. Tervitan teid suure<\/p>\n<div class=\"read-more\"><a class=\"btn read-more-btn\" href=\"https:\/\/neocatechumenaleiter.org\/et\/paavstide-sonad\/puha-johannes-paulus-ii\/paavst-johannes-paulus-ii-terivtab-kesk-ameerika-neokatehhumeeniliste-koguduste-katehhiste-ja-abielupaare-16-x-1980\/\">Loe edasi<\/a><\/div>\n","protected":false},"author":2,"featured_media":0,"parent":19903,"menu_order":0,"comment_status":"closed","ping_status":"closed","template":"","meta":{"footnotes":""},"class_list":["post-37682","page","type-page","status-publish","hentry"],"_links":{"self":[{"href":"https:\/\/neocatechumenaleiter.org\/et\/wp-json\/wp\/v2\/pages\/37682","targetHints":{"allow":["GET"]}}],"collection":[{"href":"https:\/\/neocatechumenaleiter.org\/et\/wp-json\/wp\/v2\/pages"}],"about":[{"href":"https:\/\/neocatechumenaleiter.org\/et\/wp-json\/wp\/v2\/types\/page"}],"author":[{"embeddable":true,"href":"https:\/\/neocatechumenaleiter.org\/et\/wp-json\/wp\/v2\/users\/2"}],"replies":[{"embeddable":true,"href":"https:\/\/neocatechumenaleiter.org\/et\/wp-json\/wp\/v2\/comments?post=37682"}],"version-history":[{"count":7,"href":"https:\/\/neocatechumenaleiter.org\/et\/wp-json\/wp\/v2\/pages\/37682\/revisions"}],"predecessor-version":[{"id":47765,"href":"https:\/\/neocatechumenaleiter.org\/et\/wp-json\/wp\/v2\/pages\/37682\/revisions\/47765"}],"up":[{"embeddable":true,"href":"https:\/\/neocatechumenaleiter.org\/et\/wp-json\/wp\/v2\/pages\/19903"}],"wp:attachment":[{"href":"https:\/\/neocatechumenaleiter.org\/et\/wp-json\/wp\/v2\/media?parent=37682"}],"curies":[{"name":"wp","href":"https:\/\/api.w.org\/{rel}","templated":true}]}}