{"id":38075,"date":"2020-03-02T02:22:10","date_gmt":"2020-03-02T01:22:10","guid":{"rendered":"https:\/\/neocatechumenaleiter.org\/paavstide-sonad\/puha-johannes-paulus-ii\/paavsti-johannes-paulus-ii-kulastus-meie-issanda-jeesus-kristuse-sunni-kogudusele-14-12-1980\/"},"modified":"2026-03-02T11:04:29","modified_gmt":"2026-03-02T10:04:29","slug":"paavsti-johannes-paulus-ii-kulastus-meie-issanda-jeesus-kristuse-sunni-kogudusele-14-12-1980","status":"publish","type":"page","link":"https:\/\/neocatechumenaleiter.org\/et\/paavstide-sonad\/puha-johannes-paulus-ii\/paavsti-johannes-paulus-ii-kulastus-meie-issanda-jeesus-kristuse-sunni-kogudusele-14-12-1980\/","title":{"rendered":"Paavsti Johannes Paulus II k\u00fclastus Meie Issanda Jeesus Kristuse S\u00fcnni kogudusele 14-12-1980"},"content":{"rendered":"\n<h1 class=\"has-text-align-center wp-block-heading\">Paavsti Johannes Paulus II k\u00fclastus Meie Issanda Jeesus Kristuse S\u00fcnni kogudusele 14-12-1980<\/h1>\n\n<div style=\"height:20px\" aria-hidden=\"true\" class=\"wp-block-spacer\"><\/div>\n\n<h4 class=\"has-text-align-center wp-block-heading\">P\u00fcha Johannes Paulus II<\/h4>\n\n<div style=\"height:20px\" aria-hidden=\"true\" class=\"wp-block-spacer\"><\/div>\n\n<p><strong>Rooma, 14. detsember 1980<\/strong><\/p>\n\n<p><em>V\u00e4ljunud saalist, kus olid kogunud katehheedid, P\u00fcha Isa l\u00e4ks j\u00e4rsust trepist alla, mis oli maa-aluses valgeks v\u00e4rvitud kabelis ja millel oli suur\u00a0 tumedast rauast rist. See on nelja Neokatehhumeenilise Koguduse kohtumispaik, kes l\u00e4bivad seda, mida nad kutsuvad \u00abTeeks\u00bb, S\u00fcnni koguduses. Nad v\u00f5tsid Paavsti vastu lauldes ja r\u00fctmiliselt k\u00e4si plaksutades. Kiko (nende koguduste inspireerija) tervitas Paavsti k\u00f5ikide eest.<\/em><br \/><br \/><em>Kui laulud l\u00f5ppesid, tahtis P\u00fcha Isa meelde tuletada mitmeid teisi kohtumisi nende kogudustega, toimunud pea k\u00f5ikides kihelkondades, mida ta on k\u00fclastanud. Need olid Paavsti s\u00f5nad:<\/em><\/p>\n\n<div class=\"wp-block-image\"><figure class=\"alignright size-large\"><img loading=\"lazy\" decoding=\"async\" width=\"273\" height=\"404\" src=\"https:\/\/neocatechumenaleiter.org\/wp-content\/uploads\/2020\/03\/Camino_Neocatecumenal_Juan_Pablo_II_visita_parroquia_Natividad_1980.jpg\" alt=\"\" class=\"wp-image-1503\" srcset=\"https:\/\/neocatechumenaleiter.org\/wp-content\/uploads\/2020\/03\/Camino_Neocatecumenal_Juan_Pablo_II_visita_parroquia_Natividad_1980.jpg 273w, https:\/\/neocatechumenaleiter.org\/wp-content\/uploads\/2020\/03\/Camino_Neocatecumenal_Juan_Pablo_II_visita_parroquia_Natividad_1980-203x300.jpg 203w\" sizes=\"auto, (max-width: 273px) 100vw, 273px\" \/><\/figure><\/div>\n\n<p>Mitmeid kordi oleme me kohtunud erinevates Rooma kihelkondades, viimane kord oli Kanada M\u00e4rtrite koguduses. Siia tulles kohtusin ma paljude lastega ja kallistasin neid ning see pani mind kohe m\u00f5tlema Issanda s\u00f5nade peale, kes kord \u00fctles, et me peame k\u00f5ik muutuma lasteks; isegi kui oleme viisk\u00fcmmend v\u00f5i kuusk\u00fcmmend aastat vana, nagu mina, v\u00f5i rohkem, peame olema nagu lapsed. Tegu on just \u00fcleloomuliku lapseks olemisega, see, mis radikaliseeritakse, alustatakse meis Ristimise hetkel. <strong>Teie, kes te olete, neokatehhumeenidena, keskendatud teie vaimsuses Ristimise m\u00fcsteeriumisse, peate elama s\u00fcgavalt Jumala lasteks olemise m\u00fcsteeriumit<\/strong> ja k\u00f5ik see, mis tuleneb sellest reaalsusest, mis moodustab t\u00f5elist jumalikku lapseks olemise d\u00fcnaamilisust.<\/p>\n\n<p>Seda tahtsingi ma teile sisuliselt \u00f6elda; aga \u00fctlen teile seda erilisel viisi, sest olete Jeesuse S\u00fcnni koguduse liikmed, kus Jumala Poja inimeseks saamise m\u00fcsteerium on kogukondliku elu keskpunktiks ja ka sellep\u00e4rast, et\u00a0 J\u00f5ulud on l\u00e4henemas. Ma loodan, et te k\u00f5nnite alati ja edenete alati selles sisemises ja \u00fcleloomulikkus reaalsuses, mis on Armu reaalsus, Jumala lapsendatud laste Arm, loodud sarnaselt tema ainus\u00fcndinud Pojale, kes sai inimeseks, et me l\u00e4heneksime ja oleksime sarnased Temale.<br \/><br \/>\u00a0<br \/><br \/><em>Kiko siis tutvustas Paavstile m\u00f5nesid r\u00e4ndkatehheete, kes, kasvanud Jeesuse S\u00fcnni koguduses, viivad n\u00fc\u00fcd oma tunnistust erinevatesse maailma Riikidesse. Nende vahel \u00fcks noor preester, kes naasis just Ladina-Ameerikast, tahtis Paavstile jutustada olukorra dramaatilisust, millega misjon\u00e4rid ja katehheedid peavad silmitsi seisma eriti Kesk- ja L\u00f5una-Ameerikas.<\/em><br \/><br \/>\u00a0<br \/><br \/>Meil on vaja &#8211;\u00a0<em>preester \u00fctles &#8211;\u00a0<\/em>olla julgustatud, P\u00fcha Isa, sest olukord, mida elab Kesk-Ameerika on v\u00e4ga raske. Oleme siia tagasi tulnud, nagu P\u00fcha Paulus, k\u00fcsides endalt, kas me jookseme asjata, sest me leiame end olukorras, kus me ei tea, kas Kirik on revolutsiooniline, nagu \u00fctlevad paljud seal, v\u00f5i see on Jeesuse Kristuse kuulutamine.<\/p>\n\n<p><em>P\u00fcha Isa andis preestrile, tugeva ja selge h\u00e4\u00e4lega, j\u00e4rgmise vastuse:<\/em><\/p>\n\n<p><strong><\/strong><\/p>\n\n<p>Ma annan sulle kohe vastuse:\u00a0<strong>kuulutage Kristust! Ja ainult Kristust<\/strong>. (K\u00f5lav aplaus r\u00f5hutas Paavsti s\u00f5nu). V\u00f5in lisada &#8211; \u00fctles P\u00fcha Isa &#8211; et \u00fckski p\u00e4ev ei m\u00f6\u00f6du ilma, et ma oleksin palvetanud nende Riikide eest, eelk\u00f5ige r\u00f5hutumate eest, ja, mida ma j\u00e4rgin armastuse ja ustavusega. Te peate teadma &#8211; l\u00f5petas Paavst l\u00fchikese pausi j\u00e4rel &#8211; et seal on ka v\u00e4ga tugev Ema!<br \/><br \/>\u00a0<br \/><br \/><em>(*) Vrd. \u00abL&#8217;Osservatore Romano\u00bb, 15.-16. detsember 1980.<\/em><\/p>\n","protected":false},"excerpt":{"rendered":"<p>Paavsti Johannes Paulus II k\u00fclastus Meie Issanda Jeesus Kristuse S\u00fcnni kogudusele 14-12-1980 P\u00fcha Johannes Paulus II Rooma, 14. detsember 1980 V\u00e4ljunud saalist, kus olid kogunud katehheedid, P\u00fcha Isa l\u00e4ks j\u00e4rsust trepist alla, mis oli maa-aluses valgeks v\u00e4rvitud kabelis ja millel oli suur\u00a0 tumedast rauast rist. See on nelja Neokatehhumeenilise Koguduse kohtumispaik, kes l\u00e4bivad seda, mida nad kutsuvad \u00abTeeks\u00bb, S\u00fcnni koguduses. Nad v\u00f5tsid Paavsti vastu lauldes ja r\u00fctmiliselt k\u00e4si plaksutades. Kiko<\/p>\n<div class=\"read-more\"><a class=\"btn read-more-btn\" href=\"https:\/\/neocatechumenaleiter.org\/et\/paavstide-sonad\/puha-johannes-paulus-ii\/paavsti-johannes-paulus-ii-kulastus-meie-issanda-jeesus-kristuse-sunni-kogudusele-14-12-1980\/\">Loe edasi<\/a><\/div>\n","protected":false},"author":2,"featured_media":0,"parent":19903,"menu_order":8,"comment_status":"closed","ping_status":"closed","template":"","meta":{"footnotes":""},"class_list":["post-38075","page","type-page","status-publish","hentry"],"_links":{"self":[{"href":"https:\/\/neocatechumenaleiter.org\/et\/wp-json\/wp\/v2\/pages\/38075","targetHints":{"allow":["GET"]}}],"collection":[{"href":"https:\/\/neocatechumenaleiter.org\/et\/wp-json\/wp\/v2\/pages"}],"about":[{"href":"https:\/\/neocatechumenaleiter.org\/et\/wp-json\/wp\/v2\/types\/page"}],"author":[{"embeddable":true,"href":"https:\/\/neocatechumenaleiter.org\/et\/wp-json\/wp\/v2\/users\/2"}],"replies":[{"embeddable":true,"href":"https:\/\/neocatechumenaleiter.org\/et\/wp-json\/wp\/v2\/comments?post=38075"}],"version-history":[{"count":3,"href":"https:\/\/neocatechumenaleiter.org\/et\/wp-json\/wp\/v2\/pages\/38075\/revisions"}],"predecessor-version":[{"id":47783,"href":"https:\/\/neocatechumenaleiter.org\/et\/wp-json\/wp\/v2\/pages\/38075\/revisions\/47783"}],"up":[{"embeddable":true,"href":"https:\/\/neocatechumenaleiter.org\/et\/wp-json\/wp\/v2\/pages\/19903"}],"wp:attachment":[{"href":"https:\/\/neocatechumenaleiter.org\/et\/wp-json\/wp\/v2\/media?parent=38075"}],"curies":[{"name":"wp","href":"https:\/\/api.w.org\/{rel}","templated":true}]}}