{"id":38078,"date":"2020-03-02T03:25:54","date_gmt":"2020-03-02T02:25:54","guid":{"rendered":"https:\/\/neocatechumenaleiter.org\/paavstide-sonad\/puha-johannes-paulus-ii\/kulastus-meie-coromoto-emanda-kogudusele-15-iii-1981\/"},"modified":"2026-03-02T10:51:31","modified_gmt":"2026-03-02T09:51:31","slug":"kulastus-meie-coromoto-emanda-kogudusele-15-iii-1981","status":"publish","type":"page","link":"https:\/\/neocatechumenaleiter.org\/et\/paavstide-sonad\/puha-johannes-paulus-ii\/kulastus-meie-coromoto-emanda-kogudusele-15-iii-1981\/","title":{"rendered":"K\u00fclastus Meie Coromoto Emanda kogudusele 15-III-1981"},"content":{"rendered":"\n<h1 class=\"has-text-align-center wp-block-heading\">K\u00fclastus Meie Coromoto Emanda kogudusele 15-III-1981<\/h1>\n\n<div style=\"height:20px\" aria-hidden=\"true\" class=\"wp-block-spacer\"><\/div>\n\n<h4 class=\"has-text-align-center wp-block-heading\">P\u00fcha Johannes Paulus II<\/h4>\n\n<div style=\"height:20px\" aria-hidden=\"true\" class=\"wp-block-spacer\"><\/div>\n\n<p><strong>Rooma, 15. m\u00e4rts 1981 *<\/strong><\/p>\n\n<p><em>Johannes Paulus II j\u00f5udis kirikuni, kus koguduse preester tutvustas talle Neokatehhumeenilisi Kogudusi, mis n\u00fc\u00fcd juba m\u00f5nda aega on sisestanud ennast kihelkonna elusse.<\/em><\/p>\n\n<div class=\"wp-block-image\"><figure class=\"alignleft size-large\"><img loading=\"lazy\" decoding=\"async\" width=\"694\" height=\"558\" src=\"https:\/\/neocatechumenaleiter.org\/wp-content\/uploads\/2020\/03\/Camino_Neocatecumenal_Juan_Pablo_II_visita_parroquia_Coromoto_1981.jpg\" alt=\"\" class=\"wp-image-1514\" srcset=\"https:\/\/neocatechumenaleiter.org\/wp-content\/uploads\/2020\/03\/Camino_Neocatecumenal_Juan_Pablo_II_visita_parroquia_Coromoto_1981.jpg 694w, https:\/\/neocatechumenaleiter.org\/wp-content\/uploads\/2020\/03\/Camino_Neocatecumenal_Juan_Pablo_II_visita_parroquia_Coromoto_1981-300x241.jpg 300w\" sizes=\"auto, (max-width: 694px) 100vw, 694px\" \/><\/figure><\/div>\n\n<p>See on Neokatehhumeenilise Tee vendade grupp &#8211; \u00fctles Mons. Gulizia. Nendega koos on katehheetide grupp, p\u00e4rit Kanada M\u00e4rtrite kogudusest, kes 1970. aasta jaanuaris tulid meie kihelkonda, et alustada Neokatehhumeenilise Tee jaoks katehheese. M\u00f6\u00f6dunud on \u00fcksteist aastat, P\u00fcha Isa, ja v\u00f5ime \u00f6elda, et peale mitmeid tegevusi, kannatusi ja r\u00f5\u00f5me, see Tee konkretiseerub, nende k\u00fcpseks saamine usuteel, teenides ka kihelkonna vajadusi. Kohal on r\u00e4ndpreestrid ja ka suur grupp katehheete, kes valmistavad noori Kinnitamisele, sest see ala koos Ristimisele valmistamisega ning kihlatud paaride katehheesidega on usaldatud nendele vendadele. P\u00fcha Isa see on meie kihelkonna koguduse reaalsus, see on \u00fcks kirikliku osaduse s\u00fcmbol, et ehitada Jumala Riiki meie kihelkonnas.<\/p>\n\n<p><em>R\u00f5\u00f5m ja \u00e4ratundmine kohtuda veel \u00fche korra Paavstiga, kellel juba teiste k\u00fclastuste ajal oli v\u00f5imalus kohtuda Neokatehhumeeniliste Kogudustega, v\u00e4ljendati k\u00f5ikide kohalolijate nimel Giampiero Donnini poolt, Meie Coromoto Emanda koguduse katehheet, kes v\u00e4ljendas ennast nii:<\/em><\/p>\n\n<p>Meie jaoks on suur r\u00f5\u00f5m n\u00e4ha Teid siin, eelk\u00f5ige peale jutlust, mida t\u00e4na pidasite. Te l\u00f5petasite \u00fche k\u00fcsimusega: kus on Piiskopi koost\u00f6\u00f6partnerid evangeliseerimiseks? Vot, me oleme siin, et \u00f6elda Teile, et me oleme valmis vastama Teie kutsumisele. Eriti soovime tutvustada Teile esimest kogudust, kes varsti hakkab minema majast majja kahekesi, et kuulutada lihtsusega ja alandlikkusega Jumala Riiki: Jeesust Kristust k\u00f5ikidele naabruskonna elanikele.<\/p>\n\n<p>Oluline on kuulutada t\u00e4nap\u00e4eva inimesele Evangeeliumi head uudist, Jumala armastust, mis ilmutab end Jeesuse Kristuse Ristil, n\u00e4idates ennast sellena, kes armastab patuseid. T\u00e4nap\u00e4eva maailm ei usu enam, et Jumal on see, kes v\u00f5tab initsiatiivi nagu Aabrahamiga. T\u00e4nap\u00e4eva inimene ei usu seda enam, m\u00f5tleb, et tema astub esimese sammu. Seep\u00e4rast &#8211;\u00a0<em>\u00fctles katehheet l\u00f5petades <\/em>&#8211; peame taaskuulutama sellele maailmale Jumala armastust. Seda on h\u00e4davajalik kuulutada, muidu kogu Evangeelium kaotab, kui loobutakse kuulutamast armastust patustele. Aga kuidas saab seda kuulutada? Kuidas v\u00f5idakse olla tunnistajad, kui ei olda saadetud, kuidas v\u00f5idakse olla saadetud, kui enne pole t\u00e4itunud Jeesuse Kristuse kogemus? Siis on t\u00e4htis kihelkonna siseselt avada teed, kus iga\u00fcks saaks olla viidud j\u00e4rk-j\u00e4rgult usule ja tema usk saaks l\u00f5puks muutuda misjoneerivaks, tunnistuseks maailma silmis.<br \/><br \/><em>Peale Giampierot, veel kaks katehheeti jutustasid Paavstile oma apostolaadi kogemust perekondadele, osutades raskustele, mis j\u00e4\u00e4vad kristliku s\u00f5numi kuulutamisele ette selles uues vormis, kuid n\u00e4idates ka entusiasmi, mis neid \u00f5hutab.<\/em><\/p>\n\n<p><em>P\u00fcha Isa \u00fctles vastates:<\/em><\/p>\n\n<p>Teie tunnistused on alati v\u00e4ga huvitavad, sest need tulenevad elatud kogemusest, sisemiselt elatud, isiklikult, puhtalt religioossest, evangeelsest kogemusest. Tahan \u00f5nnistada teie gruppe ja teie Neokatehhumeenilist Teed, mis on teie tee, kuid ka tee teiste poole. \u00d5nnistades k\u00f5iki teid kohalolijaid tahan \u00f5nnistada ka k\u00f5iki neid, kelle ustel otsite k\u00fclalislahkust; k\u00fclalislahkust teie s\u00f5na jaoks, teie katehheetliku missiooni jaoks. Ma \u00f5nnistan teid s\u00fcdamest ning soovin, et kasvate selles usus, selles teie Ristimises elatud kogemuses. Meie, nagu \u00fctleb ka P\u00fcha Peetrus, peame k\u00e4ituma natuke nagu vasts\u00fcndinud, lapsed, ning peame niimoodi k\u00e4ituma kogu elu jooksul, sest Ristimine m\u00e4\u00e4rab kogu meie elu anniga, m\u00f5istmatu and: jumalikku lapseks olemise and, and sarnaneda Jumala Lapsele, Jumala lapsed, lapsed Lapses. See on hea uudis, Evangeelium. <strong>Elada seda ja lasta teistel seda elada on levitada Evangeelium<\/strong>.<\/p>\n\n<p><em>(*) Vrd. \u00abL\u2019Osservatore Romano\u00bb, 16.-17. m\u00e4rts 1981.<\/em><\/p>\n","protected":false},"excerpt":{"rendered":"<p>K\u00fclastus Meie Coromoto Emanda kogudusele 15-III-1981 P\u00fcha Johannes Paulus II Rooma, 15. m\u00e4rts 1981 * Johannes Paulus II j\u00f5udis kirikuni, kus koguduse preester tutvustas talle Neokatehhumeenilisi Kogudusi, mis n\u00fc\u00fcd juba m\u00f5nda aega on sisestanud ennast kihelkonna elusse. See on Neokatehhumeenilise Tee vendade grupp &#8211; \u00fctles Mons. Gulizia. Nendega koos on katehheetide grupp, p\u00e4rit Kanada M\u00e4rtrite kogudusest, kes 1970. aasta jaanuaris tulid meie kihelkonda, et alustada Neokatehhumeenilise Tee jaoks katehheese. M\u00f6\u00f6dunud<\/p>\n<div class=\"read-more\"><a class=\"btn read-more-btn\" href=\"https:\/\/neocatechumenaleiter.org\/et\/paavstide-sonad\/puha-johannes-paulus-ii\/kulastus-meie-coromoto-emanda-kogudusele-15-iii-1981\/\">Loe edasi<\/a><\/div>\n","protected":false},"author":2,"featured_media":0,"parent":19903,"menu_order":8,"comment_status":"closed","ping_status":"closed","template":"","meta":{"footnotes":""},"class_list":["post-38078","page","type-page","status-publish","hentry"],"_links":{"self":[{"href":"https:\/\/neocatechumenaleiter.org\/et\/wp-json\/wp\/v2\/pages\/38078","targetHints":{"allow":["GET"]}}],"collection":[{"href":"https:\/\/neocatechumenaleiter.org\/et\/wp-json\/wp\/v2\/pages"}],"about":[{"href":"https:\/\/neocatechumenaleiter.org\/et\/wp-json\/wp\/v2\/types\/page"}],"author":[{"embeddable":true,"href":"https:\/\/neocatechumenaleiter.org\/et\/wp-json\/wp\/v2\/users\/2"}],"replies":[{"embeddable":true,"href":"https:\/\/neocatechumenaleiter.org\/et\/wp-json\/wp\/v2\/comments?post=38078"}],"version-history":[{"count":7,"href":"https:\/\/neocatechumenaleiter.org\/et\/wp-json\/wp\/v2\/pages\/38078\/revisions"}],"predecessor-version":[{"id":47753,"href":"https:\/\/neocatechumenaleiter.org\/et\/wp-json\/wp\/v2\/pages\/38078\/revisions\/47753"}],"up":[{"embeddable":true,"href":"https:\/\/neocatechumenaleiter.org\/et\/wp-json\/wp\/v2\/pages\/19903"}],"wp:attachment":[{"href":"https:\/\/neocatechumenaleiter.org\/et\/wp-json\/wp\/v2\/media?parent=38078"}],"curies":[{"name":"wp","href":"https:\/\/api.w.org\/{rel}","templated":true}]}}