{"id":38096,"date":"2020-03-02T03:30:33","date_gmt":"2020-03-02T02:30:33","guid":{"rendered":"https:\/\/neocatechumenaleiter.org\/paavstide-sonad\/puha-johannes-paulus-ii\/paavst-johannes-paulus-ii-puha-damasuse-neokatehhumeeniliste-koguduste-psalmistidele-1981\/"},"modified":"2026-03-02T10:54:19","modified_gmt":"2026-03-02T09:54:19","slug":"paavst-johannes-paulus-ii-puha-damasuse-neokatehhumeeniliste-koguduste-psalmistidele-1981","status":"publish","type":"page","link":"https:\/\/neocatechumenaleiter.org\/et\/paavstide-sonad\/puha-johannes-paulus-ii\/paavst-johannes-paulus-ii-puha-damasuse-neokatehhumeeniliste-koguduste-psalmistidele-1981\/","title":{"rendered":"Paavst Johannes Paulus II P\u00fcha Damasuse Neokatehhumeeniliste Koguduste psalmistidele 1981"},"content":{"rendered":"\n<h1 class=\"has-text-align-center wp-block-heading\">Paavst Johannes Paulus II P\u00fcha Damasuse Neokatehhumeeniliste Koguduste psalmistidele 1981<\/h1>\n\n<div style=\"height:20px\" aria-hidden=\"true\" class=\"wp-block-spacer\"><\/div>\n\n<h4 class=\"has-text-align-center wp-block-heading\">P\u00fcha Johannes Paulus II<\/h4>\n\n<div style=\"height:20px\" aria-hidden=\"true\" class=\"wp-block-spacer\"><\/div>\n\n<p><strong>Vatikan \u2013 P\u00fcha Damasuse sisehoov, 31. m\u00e4rts 1981<\/strong><\/p>\n\n<p><em>\u00dcle kolme tuhande kantor-psalmisti mitmetest itaalia Neokatehhumeenilistest kogudustest l\u00f5petasid eile \u00f5htul, P\u00fcha Damasuse sisehoovis P\u00fcha Isa kohalolekul, riigilise koosoleku Paasavigiili laulude valmistamiseks.<\/em><\/p>\n\n<div class=\"wp-block-image\"><figure class=\"alignright size-large\"><img loading=\"lazy\" decoding=\"async\" width=\"690\" height=\"553\" src=\"https:\/\/neocatechumenaleiter.org\/wp-content\/uploads\/2020\/03\/Camino_Neocatecumenal_Juan_Pablo_II_encuentro_salmistas_1981.jpg\" alt=\"\" class=\"wp-image-1525\" srcset=\"https:\/\/neocatechumenaleiter.org\/wp-content\/uploads\/2020\/03\/Camino_Neocatecumenal_Juan_Pablo_II_encuentro_salmistas_1981.jpg 690w, https:\/\/neocatechumenaleiter.org\/wp-content\/uploads\/2020\/03\/Camino_Neocatecumenal_Juan_Pablo_II_encuentro_salmistas_1981-300x240.jpg 300w\" sizes=\"auto, (max-width: 690px) 100vw, 690px\" \/><\/figure><\/div>\n\n<p>Kantorid-psalmistid, kogu eilse p\u00e4eva rooma teatri-telgis kogunenud, soovisid kohtumist Paavstiga, et pakkuda talle, l\u00e4bi laulu, kristliku tunnistuse m\u00e4rki ja nende pingutuse m\u00f5tet. Neokatehhumeenilistes Kogudustes, \u00fcle kahe tuhande kogu Itaalias, kantor-psalmist on see, kes, isegi ilma suurep\u00e4raste kantori omadusteta v\u00f5i m\u00e4rgatava muusikalise tundlikkuseta, suudab siiski t\u00f5lgendada laulu palvena ning edastada teistele laulu-palve m\u00f5tet. Eile \u00f5htul, juhitud Kiko Arg\u00fcello poolt, Neokatehhumeeniliste Koguduste animaator, pakkusid P\u00fcha Isale oma intensiivse valmistamist\u00f6\u00f6 vilja esinedes m\u00f5ndasid kohandatud psalme modernsemas stiilis ning t\u00e4henduslikumaid laule, mille esinemisega tehti ettepanek lasta elada, Paasavigiilil, oma vendadel \u00dclest\u00f5usmise t\u00f5elist ootust. Eriti t\u00e4henduslik sel p\u00f5hjusel oli laul, mida esitasid eile \u00f5htul Paavstile laste grupp, kes kuuluvad neljale Rooma Neokatehhumeenilisele Kogudusele.<\/p>\n\n<p>\u00abMiks &#8211; k\u00fcsisid endalt need lapsed, kelle vanus j\u00e4i nelja ja kuue aasta vahele &#8211; see \u00f6\u00f6 on erinev?\u00bb. \u00abMiks me iga \u00f6\u00f6 l\u00e4hme vara magama, peale \u00f5htus\u00f6\u00f6ki, kuid t\u00e4na \u00f5htul oleme \u00e4rkvel hilis\u00f5htuni ning pole isegi \u00f5htus\u00f6\u00f6ki s\u00f6\u00f6nud?\u00bb. \u00abMiks me k\u00f5ik teised \u00f6\u00f6d ei oota kedagi, aga t\u00e4na \u00f5htul ootame kedagi?\u00bb. \u00abMilles on see \u00f6\u00f6 erinev teistest?\u00bb. Nende jaoks kogu kogudus vastab lauldes \u00dclest\u00f5usmise r\u00f5\u00f5mu.<\/p>\n\n<p>\u00abNiimoodi &#8211; seletas Kiko P\u00fcha Isale &#8211; elame oma Paasap\u00fcha oma vendade ja laste k\u00f5rval\u00bb. <\/p>\n\n<p><em>P\u00fcha Isa, kui laulud olid l\u00f5ppenud, tahtis t\u00e4nada kohtumise eest, mida v\u00e4ga sooviti, ning tunnistuse eest, mida nad olid tulnud talle andma oma lauludega.<\/em><\/p>\n\n<p>Kirik &#8211;\u00a0<em>\u00fctles siis P\u00fcha Isa muuhulgas<\/em> &#8211; valmistab end Issanda paasa\u00f6\u00f6 t\u00e4histamiseks, tema \u00dclest\u00f5usmise t\u00e4histamiseks, kogu selle Paastuaja jooksul. Seda tehakse, et Issand leiaks meie s\u00fcdameid valmis, k\u00fcpsena, k\u00fcpsed tema m\u00fcsteeriumile, k\u00fcpsed tema armastusele. Ning kindlasti <strong>Jumala S\u00f5na tunnistusega ja armastuse m\u00e4rkidega, mida peame kasvatama selleks \u00f6\u00f6ks ning selleks l\u00f5plikuks armastuseks, mis ilmutas end paasa\u00f6\u00f6l<\/strong>. Nii soovin ma teile, et te valmistuks h\u00e4sti selleks suureks m\u00fcsteeriumiks, mis on meie usu keskel ning ka inimese ja kosmose keskel.<br \/><br \/>Mina olen teiega kohtunud juba mitu korda erinevates rooma kogudustes ning loodan, et nendes kogudustes t\u00f6\u00f6tate te koos preestritega ning ka Rooma piiskopkonna piiskoppidega, Vikaarkardinaliga, sest nii kinnitate te ka oma paasavaimustust. <strong>Paasap\u00fcha on Kiriku p\u00e4ev<\/strong>. Kirikus, oma tervikus, oma elus peame me otsima ruumi, mis oleks autentne meie religioosse vaimustuse jaoks ja meie apostolaadi jaoks.<br \/><br \/>Sooviksin t\u00e4nada teid k\u00fclastuse eest, k\u00f5ikide ilusate religioossete laulude eest, mida laulsite j\u00f5uga, suure vaimustusega. Ma t\u00e4nan teid selle k\u00fclastuse eest ning \u00f5nnistan teid k\u00f5iki, \u00f5nnistan teie perekondi ja lapsi, kellel oli t\u00e4na \u00f5htul ka eriline ja v\u00e4ga ilus osa.<\/p>\n\n<p>Tahaksin \u00f6elda veel erilist asja k\u00f5ikide kannatajatele, kes on teie l\u00e4hedal: edastage seda s\u00f5na ja seda m\u00e4lestust, seda Paavsti m\u00e4lestust k\u00f5ikidele nendele, sest vaimselt on nad alati minule v\u00e4ga l\u00e4hedal, kuna nemad osalevad erilisel viisil meie Issanda Jeesuse Kristuse kannatuses, ning osaledes tema kannatuse m\u00fcsteeriumis, valmistavad meid Paasap\u00fchaks.<br \/><br \/>Tahan \u00f5nnistada teid l\u00f5puks \u00f5nnistades ka k\u00f5iki teie l\u00e4hedasi, Roomat ning k\u00f5iki linnasid Itaalias ja v\u00e4ljaspoolt Itaaliat.<br \/><br \/><em>(*) Vrd. \u00abL&#8217;Osservatore Romano\u00bb, 2. aprill 1981.<\/em><\/p>\n","protected":false},"excerpt":{"rendered":"<p>Paavst Johannes Paulus II P\u00fcha Damasuse Neokatehhumeeniliste Koguduste psalmistidele 1981 P\u00fcha Johannes Paulus II Vatikan \u2013 P\u00fcha Damasuse sisehoov, 31. m\u00e4rts 1981 \u00dcle kolme tuhande kantor-psalmisti mitmetest itaalia Neokatehhumeenilistest kogudustest l\u00f5petasid eile \u00f5htul, P\u00fcha Damasuse sisehoovis P\u00fcha Isa kohalolekul, riigilise koosoleku Paasavigiili laulude valmistamiseks. Kantorid-psalmistid, kogu eilse p\u00e4eva rooma teatri-telgis kogunenud, soovisid kohtumist Paavstiga, et pakkuda talle, l\u00e4bi laulu, kristliku tunnistuse m\u00e4rki ja nende pingutuse m\u00f5tet. Neokatehhumeenilistes Kogudustes, \u00fcle kahe<\/p>\n<div class=\"read-more\"><a class=\"btn read-more-btn\" href=\"https:\/\/neocatechumenaleiter.org\/et\/paavstide-sonad\/puha-johannes-paulus-ii\/paavst-johannes-paulus-ii-puha-damasuse-neokatehhumeeniliste-koguduste-psalmistidele-1981\/\">Loe edasi<\/a><\/div>\n","protected":false},"author":2,"featured_media":0,"parent":19903,"menu_order":9,"comment_status":"closed","ping_status":"closed","template":"","meta":{"footnotes":""},"class_list":["post-38096","page","type-page","status-publish","hentry"],"_links":{"self":[{"href":"https:\/\/neocatechumenaleiter.org\/et\/wp-json\/wp\/v2\/pages\/38096","targetHints":{"allow":["GET"]}}],"collection":[{"href":"https:\/\/neocatechumenaleiter.org\/et\/wp-json\/wp\/v2\/pages"}],"about":[{"href":"https:\/\/neocatechumenaleiter.org\/et\/wp-json\/wp\/v2\/types\/page"}],"author":[{"embeddable":true,"href":"https:\/\/neocatechumenaleiter.org\/et\/wp-json\/wp\/v2\/users\/2"}],"replies":[{"embeddable":true,"href":"https:\/\/neocatechumenaleiter.org\/et\/wp-json\/wp\/v2\/comments?post=38096"}],"version-history":[{"count":9,"href":"https:\/\/neocatechumenaleiter.org\/et\/wp-json\/wp\/v2\/pages\/38096\/revisions"}],"predecessor-version":[{"id":47761,"href":"https:\/\/neocatechumenaleiter.org\/et\/wp-json\/wp\/v2\/pages\/38096\/revisions\/47761"}],"up":[{"embeddable":true,"href":"https:\/\/neocatechumenaleiter.org\/et\/wp-json\/wp\/v2\/pages\/19903"}],"wp:attachment":[{"href":"https:\/\/neocatechumenaleiter.org\/et\/wp-json\/wp\/v2\/media?parent=38096"}],"curies":[{"name":"wp","href":"https:\/\/api.w.org\/{rel}","templated":true}]}}