{"id":38104,"date":"2020-03-02T03:32:17","date_gmt":"2020-03-02T02:32:17","guid":{"rendered":"https:\/\/neocatechumenaleiter.org\/paavstide-sonad\/puha-johannes-paulus-ii\/kulastus-rooma-puha-francisca-kogudusele-28-xi-1981\/"},"modified":"2026-03-02T10:53:42","modified_gmt":"2026-03-02T09:53:42","slug":"kulastus-rooma-puha-francisca-kogudusele-28-xi-1981","status":"publish","type":"page","link":"https:\/\/neocatechumenaleiter.org\/et\/paavstide-sonad\/puha-johannes-paulus-ii\/kulastus-rooma-puha-francisca-kogudusele-28-xi-1981\/","title":{"rendered":"K\u00fclastus Rooma P\u00fcha Francisca kogudusele 28-XI-1981"},"content":{"rendered":"\n<h1 class=\"has-text-align-center wp-block-heading\">K\u00fclastus Rooma P\u00fcha Francisca kogudusele 28-XI-1981<\/h1>\n\n<div style=\"height:20px\" aria-hidden=\"true\" class=\"wp-block-spacer\"><\/div>\n\n<h4 class=\"has-text-align-center wp-block-heading\">P\u00fcha Johannes Paulus II<\/h4>\n\n<div style=\"height:20px\" aria-hidden=\"true\" class=\"wp-block-spacer\"><\/div>\n\n<p><strong>Rooma, 28. november 1981<\/strong><\/p>\n\n<p><em>Saali olid kogunenud k\u00f5ik kihelkonnas tegutsevate t\u00e4iskasvanud gruppide esindajad: Kolmas Frantsiskaani Ordu, Palve Apostolaat, Vincenti grupp, heategevuslik grupp, Neokatehhumeeniline grupp. Ka nende poole p\u00f6\u00f6rdus P\u00fcha Isa l\u00fchida vaimse m\u00f5tisklusega:<\/em><\/p>\n\n<p>Erinevad vaimsed grupid vastavad erinevatele karismadele. Frantsiskaani karisma, Kolmanda Ordu karisma; Vincenti karisma heategevuslikule grupile ning siis\u00a0<strong>Neokatehhumeeniline karisma<\/strong>. Nagu \u00f5petas P\u00fcha Paulus\u00a0<strong>need karismad moodustavad vaimset keha<\/strong>. Erinevad karismad on vaimse keha osad ning saavad oma erip\u00e4ra Vaimult.<br \/><br \/>Karismad on erinevad nagu f\u00fc\u00fcsilise keha rakud, kuid ainus Vaim laseb neil elada sama elu. Ma loodan, et P\u00fcha Pauluse s\u00f5na oleks teile \u00f5petuseks, teie eesm\u00e4rk selles kihelkonnas ning oleks teie jaoks rahu ja vaimse arengu allikaks.<br \/><br \/><em>(*) Vrd. \u00abL&#8217;Osservatore Romano\u00bb, 30. november &#8211; 1. detsember 1981.<\/em><\/p>\n","protected":false},"excerpt":{"rendered":"<p>K\u00fclastus Rooma P\u00fcha Francisca kogudusele 28-XI-1981 P\u00fcha Johannes Paulus II Rooma, 28. november 1981 Saali olid kogunenud k\u00f5ik kihelkonnas tegutsevate t\u00e4iskasvanud gruppide esindajad: Kolmas Frantsiskaani Ordu, Palve Apostolaat, Vincenti grupp, heategevuslik grupp, Neokatehhumeeniline grupp. Ka nende poole p\u00f6\u00f6rdus P\u00fcha Isa l\u00fchida vaimse m\u00f5tisklusega: Erinevad vaimsed grupid vastavad erinevatele karismadele. Frantsiskaani karisma, Kolmanda Ordu karisma; Vincenti karisma heategevuslikule grupile ning siis\u00a0Neokatehhumeeniline karisma. Nagu \u00f5petas P\u00fcha Paulus\u00a0need karismad moodustavad vaimset keha. Erinevad<\/p>\n<div class=\"read-more\"><a class=\"btn read-more-btn\" href=\"https:\/\/neocatechumenaleiter.org\/et\/paavstide-sonad\/puha-johannes-paulus-ii\/kulastus-rooma-puha-francisca-kogudusele-28-xi-1981\/\">Loe edasi<\/a><\/div>\n","protected":false},"author":2,"featured_media":0,"parent":19903,"menu_order":10,"comment_status":"closed","ping_status":"closed","template":"","meta":{"footnotes":""},"class_list":["post-38104","page","type-page","status-publish","hentry"],"_links":{"self":[{"href":"https:\/\/neocatechumenaleiter.org\/et\/wp-json\/wp\/v2\/pages\/38104","targetHints":{"allow":["GET"]}}],"collection":[{"href":"https:\/\/neocatechumenaleiter.org\/et\/wp-json\/wp\/v2\/pages"}],"about":[{"href":"https:\/\/neocatechumenaleiter.org\/et\/wp-json\/wp\/v2\/types\/page"}],"author":[{"embeddable":true,"href":"https:\/\/neocatechumenaleiter.org\/et\/wp-json\/wp\/v2\/users\/2"}],"replies":[{"embeddable":true,"href":"https:\/\/neocatechumenaleiter.org\/et\/wp-json\/wp\/v2\/comments?post=38104"}],"version-history":[{"count":5,"href":"https:\/\/neocatechumenaleiter.org\/et\/wp-json\/wp\/v2\/pages\/38104\/revisions"}],"predecessor-version":[{"id":47759,"href":"https:\/\/neocatechumenaleiter.org\/et\/wp-json\/wp\/v2\/pages\/38104\/revisions\/47759"}],"up":[{"embeddable":true,"href":"https:\/\/neocatechumenaleiter.org\/et\/wp-json\/wp\/v2\/pages\/19903"}],"wp:attachment":[{"href":"https:\/\/neocatechumenaleiter.org\/et\/wp-json\/wp\/v2\/media?parent=38104"}],"curies":[{"name":"wp","href":"https:\/\/api.w.org\/{rel}","templated":true}]}}