{"id":38108,"date":"2020-03-02T19:43:56","date_gmt":"2020-03-02T18:43:56","guid":{"rendered":"https:\/\/neocatechumenaleiter.org\/paavstide-sonad\/puha-johannes-paulus-ii\/eraaudients-neokatehhumeeniliste-koguduste-randkatehhistidega-7-i-1982\/"},"modified":"2026-03-02T10:53:15","modified_gmt":"2026-03-02T09:53:15","slug":"eraaudients-neokatehhumeeniliste-koguduste-randkatehhistidega-7-i-1982","status":"publish","type":"page","link":"https:\/\/neocatechumenaleiter.org\/et\/paavstide-sonad\/puha-johannes-paulus-ii\/eraaudients-neokatehhumeeniliste-koguduste-randkatehhistidega-7-i-1982\/","title":{"rendered":"Eraaudients Neokatehhumeeniliste Koguduste r\u00e4ndkatehheetidega 7-I-1982"},"content":{"rendered":"\n<h1 class=\"has-text-align-center wp-block-heading\">Eraaudients Neokatehhumeeniliste Koguduste r\u00e4ndkatehheetidega 7-I-1982<\/h1>\n\n<div style=\"height:20px\" aria-hidden=\"true\" class=\"wp-block-spacer\"><\/div>\n\n<h4 class=\"has-text-align-center wp-block-heading\">P\u00fcha Johannes Paulus II<\/h4>\n\n<div style=\"height:20px\" aria-hidden=\"true\" class=\"wp-block-spacer\"><\/div>\n\n<p><strong>Rooma, 7. jaanuar 1982 *<\/strong><\/p>\n\n<p><em>P\u00fcha Isa audientsil oli \u00fcle kolmesaja Neokatehhumeeniliste Koguduste r\u00e4ndkatehheeti, kes tulid seitsmek\u00fcmnest riigist.<\/em><\/p>\n\n<p>Kallis Isa, siin on kohal kolmsada Neokatehhumeeniliste Koguduste katehheeti, kes on rajanud Neokatehhumeenilist Teed seitsmek\u00fcmnes riigis; nad moodustavad v\u00e4ikeseid evangeelimisgruppe, mille moodustavad preester ja kaks ilmikut, nagu v\u00e4ike kogudus, Naatsareti P\u00fcha Perekonna kujuna, kes aitavad koguduses edasi viia Vatikani II Kirikukogu uuendust.<br \/><br \/>Mina, Isa, sooviksin l\u00fchidalt tutvustada r\u00e4ndpreestreid, kes on tulnud k\u00f5ikidest riikidest, Austraaliast, Aafrikast jne&#8230; T\u00f5uske preestrid, et P\u00fcha Isa n\u00e4eks teid. (<em>Preestrid t\u00f5usevad p\u00fcsti<\/em>).<br \/><br \/>Abielupaarid, perekonnad, kes on m\u00fc\u00fcnud kogu oma vara ning l\u00e4hevad oma lastega kuulutama Evangeeliumit, et aidata misjone kogu maailmas. T\u00f5uske perekonnad ja lapsed. (<em>Perekonnad oma lastega t\u00f5usevad p\u00fcsti<\/em>).<br \/><br \/>Kohal on ka vallalised neiud, kes on ohverdanud oma elu Evangeeliumi kuulutamisele. (<em>T\u00f5uske p\u00fcsti t\u00fcdrukud<\/em>).<br \/><br \/>L\u00f5petusena noormehed, noored, kes on ka ohverdanud oma elu, et kuulutada Evangeeliumit: neist viis on viimati otsustanud minna Seminari.<\/p>\n\n<p>Oleme olnud koos 20 p\u00e4eva Loreto P\u00fchamu l\u00e4hedal, m\u00f5eldes selle \u00fcle, mida Jumal teeb erinevates riikides, kus viime edasi oma evangeliseerimise m\u00fcsteeriumit. Me l\u00e4ksime Neitsi Maarja jalgade ette, et usaldada Talle oma misjoni ja paluda Temalt, Loreto v\u00e4ikeses kodus, et, olles meie \u00fclesanne rajada kogudusse v\u00e4ikesi kogudusi nagu Naatsareti P\u00fcha Perekond, kes elaksid alandlikkuses, lihtsuses ja kiituses, Tema aitaks meil seda edasi viia.<br \/><br \/>Meie suurim soov, mida palusime Neitsilt saladusena, on alati olnud, et \u00fcks p\u00e4ev saaksime tuua neid vendi siia, kus on Peetrus, \u00abkalju\u00bb, millele Kristus ehitas oma Kiriku.<br \/><br \/>Kuna need vennad peavad r\u00e4\u00e4kima paljude Piiskoppidega mitmetes riikides, mis on Jumala evangeliseerimise <em>Merkab\u00e0&#8217;<\/em>s, me tahame n\u00e4idata oma s\u00fcgavat kuuletumist tehes Teiega <em>j\u00e4rgnemise s\u00fcmbolit<\/em>. Ma k\u00fcsisin neilt enne: \u00abKas te tunnustate, et Rooma Piiskop, Peetrus, on kalju, mille peale Kristus ehitas oma Kirikut?\u00bb, ning k\u00f5ik vastasid, et nad tunnustavad seda.<\/p>\n\n<p>Siis ma k\u00fcsisin neilt: \u00abKas te lubate s\u00f5nakuulelikkust ja ustavust Peetrusele ning k\u00f5ikidele Kiriku piiskoppidele, kes on temaga osaduses?\u00bb ning nad lubasid. Seej\u00e4rel k\u00fcsisin, kas nad on valmis ohverdama oma elu, et teenida Kirikut aidates edasi viia Vatikani II Kirikukogu uuendust l\u00e4bi selle Neokatehhumeenilise Tee, mis soovib uuendada kristlastes Ristimist. Ning k\u00f5ik \u00fctlesid jah. Seep\u00e4rast, Isa, tahaksin ma nende k\u00f5ikide nimel &#8211; kui te lubate &#8211; p\u00f5lvitada Teie ees, ja k\u00f5ik need vennad minuga, v\u00e4ikese t\u00e4ieliku Peetrusele j\u00e4rgimise s\u00fcmbolina. Sest mina, Isa, \u00fctlesin neile \u00fcht: l\u00e4bi oma kogemuse paljudes riikides ja kannatuste, mis mul on olnud, olen m\u00f5istnud, et Jumal on oma piiskoppidele s\u00f5nakuulelik, Jumal ise kuuletub neile. See avaldas mulle v\u00e4ga muljet, et ma m\u00f5tlesin: Kui Jumal ise kuulab nende s\u00f5na, kuidas ei tee seda ka mina ning meie k\u00f5ik?<\/p>\n\n<p>Niisiis, Isa, ma sooviksin p\u00f5lvitada Teie ees&#8230;<\/p>\n\n<p><em>(Kiko l\u00e4heneb Paavsti troonile ning p\u00f5lvitab, samal ajal p\u00f5lvitavad ka k\u00f5ik r\u00e4ndkatehheedid; Paavst annab talle oma k\u00e4si, et ta suudleks seda ning t\u00f5ustes paneb teise k\u00e4e tema \u00f5lale; siis kutsub ta k\u00f5iki t\u00f5usma).<\/em><br \/><br \/><em>J\u00e4rgnevates lehtedes toome v\u00e4lja Paavsti k\u00f5ne:<\/em><\/p>\n\n<div class=\"wp-block-image\"><figure class=\"alignleft size-medium\"><img loading=\"lazy\" decoding=\"async\" width=\"300\" height=\"242\" src=\"https:\/\/neocatechumenaleiter.org\/wp-content\/uploads\/2020\/03\/Camino_Neocatecumenal_Juan_Pablo_II_audiencia_catequistas_itinerantes_1982-300x242.jpg\" alt=\"\" class=\"wp-image-1634\" srcset=\"https:\/\/neocatechumenaleiter.org\/wp-content\/uploads\/2020\/03\/Camino_Neocatecumenal_Juan_Pablo_II_audiencia_catequistas_itinerantes_1982-300x242.jpg 300w, https:\/\/neocatechumenaleiter.org\/wp-content\/uploads\/2020\/03\/Camino_Neocatecumenal_Juan_Pablo_II_audiencia_catequistas_itinerantes_1982.jpg 695w\" sizes=\"auto, (max-width: 300px) 100vw, 300px\" \/><\/figure><\/div>\n\n<p>Kallimad!<br \/><br \/>\u00a0<br \/><br \/>1. Olen t\u00f5esti r\u00f5\u00f5mus, et saan t\u00e4na teiega kohtuda, r\u00e4ndkatehheedid, kes tulevad mitmetest Neokatehhumeenilistest Kogudustest ning soovin v\u00e4ljendada oma rahulolu julgustava s\u00f5naga teie katehheetlikule \u00fclesandele, nii v\u00e4\u00e4rtuslik kiriklikule kogudusele.<br \/><br \/>Teie plaanite elada t\u00e4ielikult\u00a0<strong>usu p\u00f5hilist kuulutust<\/strong>, head uudist, et Jeesus Kristus Naatsaretist on Jumala igavene Poeg, lihaks saadud ja \u00fclest\u00f5usnud teie p\u00e4\u00e4steks; soovite s\u00fcgavalt vastu v\u00f5tta lahutamatut sidet, mis on olemas selle elu kuulutuse j\u00e4rgimise ja\u00a0<strong>pideva sisemise p\u00f6\u00f6rdumisega\u00a0<\/strong>\u00fclest\u00f5usmise vahel, mis toob kaasa muutust m\u00f5tlemisviisis, suhtumises, egoistlikes, suletud, isemajandamise k\u00e4itumistes, saades nii uut vaatepunkti ning uut n\u00e4gemust &#8211; sellise, mis on rajatud t\u00e4pselt Jeesuse Kristuse s\u00f5numil &#8211; mis n\u00f5uab alandlikku avatust Jumala ja k\u00f5ikide vendade suhtes.<br \/><br \/>Selles\u00a0<strong>usuteekonnas<\/strong>, mis kindlasti esitleb oma raskeid etappe ning v\u00e4ltimatuid raskusi, on teile toetuseks, lohutuseks, valgustuseks ning juhiks\u00a0<strong>Jumala S\u00f5na<\/strong>, P\u00fchakiri, mida peab s\u00fcvendama, lugema, mediteerima, \u00f5ppima, teadmisega. et see pole lihtsalt raamat, vaid Jumal ise r\u00e4\u00e4gib, tegutseb, k\u00fcsitleb, kaasab, kutsub t\u00e4helepanelikule kuulamisele, mis viiks Tema Tahtmise t\u00e4ielikule j\u00e4rgimisele. Ja Jumala S\u00f5na, nii Vanas kui ka Uues Testamendis, toob teid kokku Temaga, keda P\u00fchakiri on t\u00e4is, ehk Jeesus Kristusega, kes lihaks saades \u00abon \u00fchinenud teatud viisil iga inimesega\u00bb (vrd\u00a0<em>Gaudium et Spes, 22<\/em>).<\/p>\n\n<div class=\"wp-block-image\"><figure class=\"alignright size-medium\"><img loading=\"lazy\" decoding=\"async\" width=\"300\" height=\"242\" src=\"https:\/\/neocatechumenaleiter.org\/wp-content\/uploads\/2020\/03\/Camino_Neocatecumenal_Juan_Pablo_II_audiencia_catequistas_itinerantes_19822-300x242.jpg\" alt=\"\" class=\"wp-image-1641\" srcset=\"https:\/\/neocatechumenaleiter.org\/wp-content\/uploads\/2020\/03\/Camino_Neocatecumenal_Juan_Pablo_II_audiencia_catequistas_itinerantes_19822-300x242.jpg 300w, https:\/\/neocatechumenaleiter.org\/wp-content\/uploads\/2020\/03\/Camino_Neocatecumenal_Juan_Pablo_II_audiencia_catequistas_itinerantes_19822.jpg 694w\" sizes=\"auto, (max-width: 300px) 100vw, 300px\" \/><\/figure><\/div>\n\n<p>2. Teie kogukondlikes m\u00f5tisklemistes olete tahtnud mediteerida\u00a0<strong>Ristimise sakramendi\u00a0<\/strong>p\u00f5hiv\u00e4\u00e4rtusel kristlikus vaimses teekonnas, ning soovite taaselada, oma kristlikus elus, kompleksset ja rikka kogemust, mida Kirik esimestel sajanditel lasi oma uutel lastel k\u00e4ia. Kukkumata lihtsasse maneerlikusse arheoloogiasse, olge teadlikud, et t\u00e4ita\u00a0<strong>ristimise dimensiooni<\/strong> t\u00e4hendab, eelk\u00f5ige, \u00fcritada haarata selle allikast\u00a0<strong>kristlaseks olemise autentset identiteeti<\/strong>; ehk elada s\u00fcgavat muteerumist, mis on toimunud meie inimreaalsusega jumaliku armu sissetungiga &#8211; olles saanud P\u00fchima Kolmainsuse elavateks templiteks, v\u00f5rsed viinapuust, kes on Kristus, M\u00fcstilise Keha, t\u00e4ieliku Kristuse, ehk Kiriku liikmed. Piiskop p\u00fcha Chartres Fulbert v\u00e4ljendab ennast selliselt kirjutades Ristimise imelistest \u00fcleloomulikest efektidest: \u00abTeame kindlalt, et, patused esimeses s\u00fcnnis, oleme puhastatud teises; orjad esimeses, oleme vabad teiseks; ilmalikud esimeses, oleme vaimulikud teiseks; lihalikud esimese s\u00fcnni s\u00fc\u00fcl, muutume vaimseteks teise armuks; selle t\u00f5ttu viha lapsed, siis armu lapsed. Kes solvab Ristimise v\u00e4\u00e4rikust teadku, et solvab Jumalat ise&#8230; See on p\u00e4\u00e4stedoktriini arm tunda Ristimise m\u00fcsteeriumi s\u00fcgavust\u00bb (<em>Ep.\u00a0<\/em>5: PL 141, 198 s.).<br \/><br \/>T\u00e4ide viia ristimisdimensiooni t\u00e4hendab \u00fchineda intiimselt Kristusele\u00a0<strong>Euharistias<\/strong>, kristliku elu ja kogu evangeliseerimise allikas ja kulminatsioon (cfr.\u00a0<em>Lumen Gentium<\/em>, 11;\u00a0<em>Presbyterorum Ordinis<\/em>, 5). See t\u00e4hendab armastada heldelt, konkreetselt, t\u00f5husalt k\u00f5iki inimesi, eriti neid, kes on vaimselt v\u00f5i materiaalselt vaesed ja abivajajad; see t\u00e4hendab \u00fcmber ehitada kogu oma\u00a0<strong>moraalset elu<\/strong> <strong>ristimislubadustega <\/strong>j\u00e4rjekindluses ja koosk\u00f5las.<br \/><br \/>\u00abSee tee, usutee, taasavastatud Ristimise tee, &#8211; \u00fctlesin teie s\u00f5pradele Rooma P\u00fcha Kanada M\u00e4rtrite kogudusest &#8211; peab olema uue inimese tee; too n\u00e4eb, milline on t\u00f5eline proportsionaalsus, v\u00f5i pigem, tema loodud \u00fcksuse ebaproportsionaalsus, tema olendlikkus Looja, Tema l\u00f5pmatu majesteedi, lunastaja Jumala, p\u00fcha ja p\u00fchitseva Jumala suhtes, ning \u00fcritab ennast realiseerida selles v\u00e4ljavaates\u00bb (<em>Johannes Paulus II \u00f5petused, <\/em>III\/2 [1980], p. 1044).<\/p>\n\n<p>3. Sel J\u00f5ulude liturgilisel perioodil Matteuse ja Luuka evangeeliumid esitlevad meile m\u00f5ndasid tegelasi, kelle k\u00e4itumine vasts\u00fcndinud Jeesuse suhtes on olnud eriti eeskujulik meile: salap\u00e4rased Kuningad, oma kultuuri rikkusega, t\u00e4helepanelik ja tundlik Transtsendentsuse m\u00e4rkidele; vaesed karjased, karja valvates, valmis ja s\u00f5nakuulelikud Inglite kutsumisele; Joosep, \u00f5iglane mees, kes ekstaatilises unes on Igavese tahtmise pidevas kuulamises; ning, eriti Maarja, Neitsi Maarja, kes usaldab end t\u00e4ielikult Jumalale, lausub \u00abfiat\u00bb ning eostab endas K\u00f5rgeima Last, et esitleda ja anda ta inimestele.<br \/><br \/>Temale erilisel viisil, kallid vennad ja \u00f5ed, usaldan teid, teie heldet p\u00fchendumust, et t\u00e4iuslikus ja \u00fcksmeelses Kiriku j\u00e4rgimises ning alati Piiskoppide pastoraalse juhtimise all, v\u00f5iksite anda isiklikku panust katehheesi t\u00e4htsale teole, et te ei edastaks oma doktriini v\u00f5i muu \u00f5petaja doktriini, vaid, \u00abJeesus Kristuse \u00f5petus, t\u00f5de, mida ta edastab; t\u00e4psemalt, t\u00f5de, mida ta on\u00bb (Apostellik \u00dcleskutse <em>Katehhees Tradendae<\/em>, 6).<\/p>\n\n<p>Nende t\u00f5otustega ning oma kiindumuse m\u00e4rgina annan teile s\u00fcdamest apostellikku \u00f5nnistust.<\/p>\n\n<p><em>(*) Vrd. \u00abL&#8217;Osservatore Romano\u00bb, 7.-8. jaanuar 1982, helisalvestise t\u00e4iendustega.<\/em><\/p>\n","protected":false},"excerpt":{"rendered":"<p>Eraaudients Neokatehhumeeniliste Koguduste r\u00e4ndkatehheetidega 7-I-1982 P\u00fcha Johannes Paulus II Rooma, 7. jaanuar 1982 * P\u00fcha Isa audientsil oli \u00fcle kolmesaja Neokatehhumeeniliste Koguduste r\u00e4ndkatehheeti, kes tulid seitsmek\u00fcmnest riigist. Kallis Isa, siin on kohal kolmsada Neokatehhumeeniliste Koguduste katehheeti, kes on rajanud Neokatehhumeenilist Teed seitsmek\u00fcmnes riigis; nad moodustavad v\u00e4ikeseid evangeelimisgruppe, mille moodustavad preester ja kaks ilmikut, nagu v\u00e4ike kogudus, Naatsareti P\u00fcha Perekonna kujuna, kes aitavad koguduses edasi viia Vatikani II Kirikukogu uuendust. Mina,<\/p>\n<div class=\"read-more\"><a class=\"btn read-more-btn\" href=\"https:\/\/neocatechumenaleiter.org\/et\/paavstide-sonad\/puha-johannes-paulus-ii\/eraaudients-neokatehhumeeniliste-koguduste-randkatehhistidega-7-i-1982\/\">Loe edasi<\/a><\/div>\n","protected":false},"author":2,"featured_media":0,"parent":19903,"menu_order":12,"comment_status":"closed","ping_status":"closed","template":"","meta":{"footnotes":""},"class_list":["post-38108","page","type-page","status-publish","hentry"],"_links":{"self":[{"href":"https:\/\/neocatechumenaleiter.org\/et\/wp-json\/wp\/v2\/pages\/38108","targetHints":{"allow":["GET"]}}],"collection":[{"href":"https:\/\/neocatechumenaleiter.org\/et\/wp-json\/wp\/v2\/pages"}],"about":[{"href":"https:\/\/neocatechumenaleiter.org\/et\/wp-json\/wp\/v2\/types\/page"}],"author":[{"embeddable":true,"href":"https:\/\/neocatechumenaleiter.org\/et\/wp-json\/wp\/v2\/users\/2"}],"replies":[{"embeddable":true,"href":"https:\/\/neocatechumenaleiter.org\/et\/wp-json\/wp\/v2\/comments?post=38108"}],"version-history":[{"count":25,"href":"https:\/\/neocatechumenaleiter.org\/et\/wp-json\/wp\/v2\/pages\/38108\/revisions"}],"predecessor-version":[{"id":47757,"href":"https:\/\/neocatechumenaleiter.org\/et\/wp-json\/wp\/v2\/pages\/38108\/revisions\/47757"}],"up":[{"embeddable":true,"href":"https:\/\/neocatechumenaleiter.org\/et\/wp-json\/wp\/v2\/pages\/19903"}],"wp:attachment":[{"href":"https:\/\/neocatechumenaleiter.org\/et\/wp-json\/wp\/v2\/media?parent=38108"}],"curies":[{"name":"wp","href":"https:\/\/api.w.org\/{rel}","templated":true}]}}