{"id":38132,"date":"2020-03-27T00:10:35","date_gmt":"2020-03-26T23:10:35","guid":{"rendered":"https:\/\/neocatechumenaleiter.org\/paavstide-sonad\/puha-johannes-paulus-ii\/tervitus-meeleparanduse-ja-leppimise-konverentsi-osalejatele-puhapaeva-angeluse-ajal-13-ii-1983\/"},"modified":"2026-03-02T10:47:38","modified_gmt":"2026-03-02T09:47:38","slug":"tervitus-meeleparanduse-ja-leppimise-konverentsi-osalejatele-puhapaeva-angeluse-ajal-13-ii-1983","status":"publish","type":"page","link":"https:\/\/neocatechumenaleiter.org\/et\/paavstide-sonad\/puha-johannes-paulus-ii\/tervitus-meeleparanduse-ja-leppimise-konverentsi-osalejatele-puhapaeva-angeluse-ajal-13-ii-1983\/","title":{"rendered":"Tervitus \u00abMeeleparanduse ja Leppimise\u00bb konverentsi osalejatele p\u00fchap\u00e4eva Angelus&#8217;e ajal 13-II-1983"},"content":{"rendered":"\n<h1 class=\"has-text-align-center wp-block-heading\">Tervitus \u00abMeeleparanduse ja Leppimise\u00bb konverentsi osalejatele p\u00fchap\u00e4eva Angelus&#8217;e ajal 13-II-1983<\/h1>\n\n<div style=\"height:20px\" aria-hidden=\"true\" class=\"wp-block-spacer\"><\/div>\n\n<h4 class=\"has-text-align-center wp-block-heading\">P\u00fcha Johannes Paulus II<\/h4>\n\n<div style=\"height:20px\" aria-hidden=\"true\" class=\"wp-block-spacer\"><\/div>\n\n<p><strong>P\u00fcha Peetruse v\u00e4ljak, 13. veebruar 1983 *<\/strong><\/p>\n\n<p><em>P\u00fcha Isa, olles ette lugenud nagu alati \u00abAngelus Dominit\u00bb tervitas eriliselt kohalolevaid gruppe ning \u00fctles:<\/em><\/p>\n\n<p>Soovin tervitada s\u00fcdamest suurt gruppi siin, kes osales viimastel p\u00e4evadel Roomas \u00abMeeleparanduse ja Leppimise\u00bb Konverentsil, edutatud Neokatehhumeeniliste Koguduste poolt. Soovin v\u00e4ljendada veelkord, kallid vennad, oma rahulolu selle teie Kongressi \u00fcle, kuhu tulid kokku umbes kuusk\u00fcmmend Piiskoppi ning kaks tuhat preestrit, p\u00e4rit viiest Kontinendist, et m\u00f5tiskleda j\u00e4rgmise Piiskoppide Sinodi teema \u00fcle. Kohtumisel, mis mul teiega eelmisel neljap\u00e4eval oli, sain ma veelkord hinnata entusiasmi, mis teid eristab. J\u00e4tkake v\u00e4simatu ja alati uuendatud heldusega teie apostolaadi p\u00fchendumuses ja kristlikus tunnistuses, eriti katehheesides, kus olete toonud paljusid headuse vilju viimastel aastatel. Minu apostellik \u00f5nnistus saatku teid ning k\u00f5iki maailma Neokatehhumeenilisi Kogudusi. &#013;\n&#013;\n<em>(*) Vrd. \u00abL&#8217;Osservatore Romano\u00bb, 14.-15. veebruar 1983.<\/em><\/p>\n","protected":false},"excerpt":{"rendered":"<p>Tervitus \u00abMeeleparanduse ja Leppimise\u00bb konverentsi osalejatele p\u00fchap\u00e4eva Angelus&#8217;e ajal 13-II-1983 P\u00fcha Johannes Paulus II P\u00fcha Peetruse v\u00e4ljak, 13. veebruar 1983 * P\u00fcha Isa, olles ette lugenud nagu alati \u00abAngelus Dominit\u00bb tervitas eriliselt kohalolevaid gruppe ning \u00fctles: Soovin tervitada s\u00fcdamest suurt gruppi siin, kes osales viimastel p\u00e4evadel Roomas \u00abMeeleparanduse ja Leppimise\u00bb Konverentsil, edutatud Neokatehhumeeniliste Koguduste poolt. Soovin v\u00e4ljendada veelkord, kallid vennad, oma rahulolu selle teie Kongressi \u00fcle, kuhu tulid kokku umbes<\/p>\n<div class=\"read-more\"><a class=\"btn read-more-btn\" href=\"https:\/\/neocatechumenaleiter.org\/et\/paavstide-sonad\/puha-johannes-paulus-ii\/tervitus-meeleparanduse-ja-leppimise-konverentsi-osalejatele-puhapaeva-angeluse-ajal-13-ii-1983\/\">Loe edasi<\/a><\/div>\n","protected":false},"author":2,"featured_media":0,"parent":19903,"menu_order":17,"comment_status":"closed","ping_status":"closed","template":"","meta":{"footnotes":""},"class_list":["post-38132","page","type-page","status-publish","hentry"],"_links":{"self":[{"href":"https:\/\/neocatechumenaleiter.org\/et\/wp-json\/wp\/v2\/pages\/38132","targetHints":{"allow":["GET"]}}],"collection":[{"href":"https:\/\/neocatechumenaleiter.org\/et\/wp-json\/wp\/v2\/pages"}],"about":[{"href":"https:\/\/neocatechumenaleiter.org\/et\/wp-json\/wp\/v2\/types\/page"}],"author":[{"embeddable":true,"href":"https:\/\/neocatechumenaleiter.org\/et\/wp-json\/wp\/v2\/users\/2"}],"replies":[{"embeddable":true,"href":"https:\/\/neocatechumenaleiter.org\/et\/wp-json\/wp\/v2\/comments?post=38132"}],"version-history":[{"count":7,"href":"https:\/\/neocatechumenaleiter.org\/et\/wp-json\/wp\/v2\/pages\/38132\/revisions"}],"predecessor-version":[{"id":47745,"href":"https:\/\/neocatechumenaleiter.org\/et\/wp-json\/wp\/v2\/pages\/38132\/revisions\/47745"}],"up":[{"embeddable":true,"href":"https:\/\/neocatechumenaleiter.org\/et\/wp-json\/wp\/v2\/pages\/19903"}],"wp:attachment":[{"href":"https:\/\/neocatechumenaleiter.org\/et\/wp-json\/wp\/v2\/media?parent=38132"}],"curies":[{"name":"wp","href":"https:\/\/api.w.org\/{rel}","templated":true}]}}