{"id":38138,"date":"2020-03-02T19:53:13","date_gmt":"2020-03-02T18:53:13","guid":{"rendered":"https:\/\/neocatechumenaleiter.org\/paavstide-sonad\/puha-johannes-paulus-ii\/visiit-puha-mauro-abti-kogudusele-9-v-1982\/"},"modified":"2026-03-02T10:49:32","modified_gmt":"2026-03-02T09:49:32","slug":"visiit-puha-mauro-abti-kogudusele-9-v-1982","status":"publish","type":"page","link":"https:\/\/neocatechumenaleiter.org\/et\/paavstide-sonad\/puha-johannes-paulus-ii\/visiit-puha-mauro-abti-kogudusele-9-v-1982\/","title":{"rendered":"Visiit P\u00fcha Mauro Abti kogudusele 9-V-1982"},"content":{"rendered":"\n<h1 class=\"has-text-align-center wp-block-heading\">Visiit P\u00fcha Mauro Abti kogudusele 9-V-1982<\/h1>\n\n<div style=\"height:20px\" aria-hidden=\"true\" class=\"wp-block-spacer\"><\/div>\n\n<h4 class=\"has-text-align-center wp-block-heading\">P\u00fcha Johannes Paulus II<\/h4>\n\n<div style=\"height:20px\" aria-hidden=\"true\" class=\"wp-block-spacer\"><\/div>\n\n<p><strong>Rooma, 9. mai 1982<\/strong><\/p>\n\n<p><em>Missa l\u00f5pus P\u00fcha Isa alustas kohtumisi erinevate koguduse gruppidega: k\u00f5ik m\u00e4rgatavalt noored ning oma teekonna alguses. Koos noorusega Paavst sai n\u00e4ha ka suurt entusiasmi, mis liigutab k\u00f5iki neid ustavaid, kes on j\u00e4rjekindlad koguduse preestri ja temaga koos t\u00f6\u00f6tavate inimeste abistamises koguduse elavdamiseks.<\/em><br \/><br \/><em>Kabelis kohtus Paavst ennek\u00f5ike katehheetidega ja Neokatehhumeenilise Kogudusega, keda koguduse preester esitles nende s\u00f5nadega:<\/em><\/p>\n\n<p>P\u00fchadus, mul on r\u00f5\u00f5m tutvustada Teile selle koguduse gruppe: esimese Armulaua, Armulauaj\u00e4rgsed, Kinnitamise ja noorte katehheetide grupid. Detsembris moodustus Neokatehhumeeniline Kogudus. Katehheedid on abielupaarid, kes on tulnud Casal Palocco P\u00fcha Timoteuse kogudusest, alati l\u00f5una sektorist. Tegemist on heterogeense kogudusega, kus on erinevatest kohtadest p\u00e4rit perekonnad, erinevast kultuurilisest keskkonnast kui ka klassist: rikkad ja vaesed; kuid m\u00f5lemad rikkad Issandas. Koguduse vastutaja on Daniele, kes on ka koguduse laulja, abikaasaga Anna ning teiste kaasvastutajatega, kes on koos olnud teerajajad selles koguduses. Teised katehheedid tulid peale kutse, mida ma tegin: nad on emad, vaimulikud, noored ning ka isad ja m\u00f5ned nunnad. Nad on Etten\u00e4gelikkuse nunnad ning \u00fcks on Pallottinuse nunn, kes teeb koost\u00f6\u00f6d katehheesis. Paljud neist vendadest tulevad kaugelt, selles m\u00f5ttes, et nad ei olnud Kirikus. Need on inimesed, kes olid t\u00e4iesti h\u00fcljanud oma suhet Issanda Jeesusega.<\/p>\n\n<p><em>Siis r\u00e4\u00e4kis Domenico, Neokatehhumeenilise Koguduse katehheet, kes jutustas, kuidas tema ja ta s\u00f5ber Carlo j\u00f5udsid P\u00fcha Maurosse lootusega korrata kogemust, mida nad juba seitse aastat elasid P\u00fcha Timoteusel: usukogemust, mis muutis radikaalselt nende elusid ning paljude Tee kaaslaste elusid.<\/em><\/p>\n\n<p><em>Paavst vastas seej\u00e4rel:<\/em><\/p>\n\n<p>Ait\u00e4h oma tunnistuste eest. Selline tunnistus v\u00f5ib illustreerida v\u00e4ga h\u00e4sti seda, mida oleme t\u00e4na elu ja v\u00f5rsete \u00fcle mediteerinud ning kuidas Kristus toob elu iga\u00fchele, inims\u00fcdamele, sisemisele minale ja siis ka meie elu sotsiaalsele dimensioonile. Me oleme kabelis, mis moodustab koguduslikku kirikut. Kogudust k\u00fclastades on loomulik m\u00f5elda kiriku vajadustele. Kirikut pole veel olemas, kirikut ehitisena. Kuid Kirik juba moodustub. Moodustub vaimne Kirik, moodustub l\u00e4bi Jumala S\u00f5na ja Sakramentide. See moodustub l\u00e4bi Jumala S\u00f5na, mille ministrid, teenijad, apostlid olete teie katehheedid.<\/p>\n\n<p>See moodustub ka Sakramentidest, alustades Ristimisega ning teie, Neokatehhumeeniline grupp, olete Sakramendi j\u00f5u tunnistajad, sest tegu pole ideega, vaid inimesega, kes elab ja annab elu: see on Sakrament. Sakrament toob meile elu, Jumala S\u00f5na toob meile valgust ja Sakrament toob meile jumalikku elu: jumalik valgus, jumalik elu. Nii moodustub Kirik t\u00e4nu teie apostolaadile. Ma soovin teile, et te oleksite selle P\u00fcha Mauro elava Kiriku ehitamise p\u00e4rm ning \u00f5nnistan teid s\u00fcdamest.&#013;\n&#013;\n(*) Vrd. \u00abL&#8217;Osservatore Romano\u00bb, 10.-11. mai 1982.<\/p>\n","protected":false},"excerpt":{"rendered":"<p>Visiit P\u00fcha Mauro Abti kogudusele 9-V-1982 P\u00fcha Johannes Paulus II Rooma, 9. mai 1982 Missa l\u00f5pus P\u00fcha Isa alustas kohtumisi erinevate koguduse gruppidega: k\u00f5ik m\u00e4rgatavalt noored ning oma teekonna alguses. Koos noorusega Paavst sai n\u00e4ha ka suurt entusiasmi, mis liigutab k\u00f5iki neid ustavaid, kes on j\u00e4rjekindlad koguduse preestri ja temaga koos t\u00f6\u00f6tavate inimeste abistamises koguduse elavdamiseks. Kabelis kohtus Paavst ennek\u00f5ike katehheetidega ja Neokatehhumeenilise Kogudusega, keda koguduse preester esitles nende s\u00f5nadega:<\/p>\n<div class=\"read-more\"><a class=\"btn read-more-btn\" href=\"https:\/\/neocatechumenaleiter.org\/et\/paavstide-sonad\/puha-johannes-paulus-ii\/visiit-puha-mauro-abti-kogudusele-9-v-1982\/\">Loe edasi<\/a><\/div>\n","protected":false},"author":2,"featured_media":0,"parent":19903,"menu_order":16,"comment_status":"closed","ping_status":"closed","template":"","meta":{"footnotes":""},"class_list":["post-38138","page","type-page","status-publish","hentry"],"_links":{"self":[{"href":"https:\/\/neocatechumenaleiter.org\/et\/wp-json\/wp\/v2\/pages\/38138","targetHints":{"allow":["GET"]}}],"collection":[{"href":"https:\/\/neocatechumenaleiter.org\/et\/wp-json\/wp\/v2\/pages"}],"about":[{"href":"https:\/\/neocatechumenaleiter.org\/et\/wp-json\/wp\/v2\/types\/page"}],"author":[{"embeddable":true,"href":"https:\/\/neocatechumenaleiter.org\/et\/wp-json\/wp\/v2\/users\/2"}],"replies":[{"embeddable":true,"href":"https:\/\/neocatechumenaleiter.org\/et\/wp-json\/wp\/v2\/comments?post=38138"}],"version-history":[{"count":7,"href":"https:\/\/neocatechumenaleiter.org\/et\/wp-json\/wp\/v2\/pages\/38138\/revisions"}],"predecessor-version":[{"id":47749,"href":"https:\/\/neocatechumenaleiter.org\/et\/wp-json\/wp\/v2\/pages\/38138\/revisions\/47749"}],"up":[{"embeddable":true,"href":"https:\/\/neocatechumenaleiter.org\/et\/wp-json\/wp\/v2\/pages\/19903"}],"wp:attachment":[{"href":"https:\/\/neocatechumenaleiter.org\/et\/wp-json\/wp\/v2\/media?parent=38138"}],"curies":[{"name":"wp","href":"https:\/\/api.w.org\/{rel}","templated":true}]}}