{"id":38144,"date":"2020-03-02T19:51:15","date_gmt":"2020-03-02T18:51:15","guid":{"rendered":"https:\/\/neocatechumenaleiter.org\/paavstide-sonad\/puha-johannes-paulus-ii\/paavst-johannes-paulus-ii-neokatehhumeeniliste-koguduste-psalmistidele-puhapaeva-angeluse-ajal-21-iii-1982\/"},"modified":"2026-03-02T10:50:15","modified_gmt":"2026-03-02T09:50:15","slug":"paavst-johannes-paulus-ii-neokatehhumeeniliste-koguduste-psalmistidele-puhapaeva-angeluse-ajal-21-iii-1982","status":"publish","type":"page","link":"https:\/\/neocatechumenaleiter.org\/et\/paavstide-sonad\/puha-johannes-paulus-ii\/paavst-johannes-paulus-ii-neokatehhumeeniliste-koguduste-psalmistidele-puhapaeva-angeluse-ajal-21-iii-1982\/","title":{"rendered":"Paavst Johannes Paulus II Neokatehhumeeniliste Koguduste psalmistidele p\u00fchap\u00e4eva \u00abAngelus&#8217;e\u00bb ajal 21-III-1982"},"content":{"rendered":"\n<h1 class=\"has-text-align-center wp-block-heading\">Paavst Johannes Paulus II Neokatehhumeeniliste Koguduste psalmistidele p\u00fchap\u00e4eva \u00abAngelus&#8217;e\u00bb ajal <\/h1>\n\n<div style=\"height:20px\" aria-hidden=\"true\" class=\"wp-block-spacer\"><\/div>\n\n<h4 class=\"has-text-align-center wp-block-heading\">P\u00fcha Johannes Paulus II<\/h4>\n\n<div style=\"height:20px\" aria-hidden=\"true\" class=\"wp-block-spacer\"><\/div>\n\n<p><strong>Rooma, 21. m\u00e4rts 1982<\/strong><\/p>\n\n<p><em>Toome v\u00e4lja osa k\u00f5nest, mida P\u00fcha Isa pidas enne p\u00fchap\u00e4evast \u00abAngelus Dominit\u00bb:<\/em><\/p>\n\n<p>Tahan veel kord tagasi minna teemale\u00a0<em>Leppimine ja Meeleparandus Kiriku misjonis<\/em>, teema, mis saadab meid kogu Paastuaja jooksul arvestades Piiskoppide Sinodi, mida valmistatakse.<br \/><br \/>Esimene t\u00e4htis leppimine Jumalaga Jeesus Kristuses ja esimene p\u00f6\u00f6rdumine (ehk meeleparandus) t\u00e4ituvad Ristimise Sakramendis.<br \/><br \/>T\u00e4iskasvanute Ristimise puhul esimene p\u00f6\u00f6rdumine Jumalale ning esmat\u00e4htis leppimine Temaga Kristuses on pika valmistuse viljad: s\u00fcgava algatuse viljad. Seda valmistamist nimetatakse &#8211; Kiriku esimestest sajanditest alates &#8211; katehhumenaadiks.<br \/><br \/><strong>Katehhumenaat<\/strong> on alati olnud eriti intensiivne Paastuajal. See traditsioon on ikka veel elus meie ajal, kus Ristimise sakramenti saavad enamjaolt vasts\u00fcndinud kristlikes perekonnades. Kuid ka meie ajal\u00a0<strong>Paastuaeg peab olema vajalik <\/strong>&#8211; kui mitte esimese p\u00f6\u00f6rdumise valmistamisele l\u00e4bi <strong>Ristimise<\/strong> &#8211;\u00a0<strong>v\u00e4hemalt selle s\u00fcvendamisele ja uuendamisele.\u00a0<\/strong>See peab olema tihti vajalik uuele p\u00f6\u00f6rdumisele ja leppimisele Jumalaga Pihisakramendis!<\/p>\n\n<div class=\"wp-block-image\"><figure class=\"alignleft size-medium\"><img loading=\"lazy\" decoding=\"async\" width=\"245\" height=\"300\" src=\"https:\/\/neocatechumenaleiter.org\/wp-content\/uploads\/2020\/03\/Camino_Neocatecumenal_Juan_Pablo_II_encuentro_salmistas_1982-245x300.jpg\" alt=\"\" class=\"wp-image-1668\" srcset=\"https:\/\/neocatechumenaleiter.org\/wp-content\/uploads\/2020\/03\/Camino_Neocatecumenal_Juan_Pablo_II_encuentro_salmistas_1982-245x300.jpg 245w, https:\/\/neocatechumenaleiter.org\/wp-content\/uploads\/2020\/03\/Camino_Neocatecumenal_Juan_Pablo_II_encuentro_salmistas_1982.jpg 563w\" sizes=\"auto, (max-width: 245px) 100vw, 245px\" \/><\/figure><\/div>\n\n<p>Seep\u00e4rast eriti Paastuajal intensiivistub Kiriku katehhees erinevatel viisidel (n\u00e4iteks: kogudustes, gruppides v\u00f5i individuaalsetes vaimsetes harjutustes, nn retriidid).<\/p>\n\n<p>Katehhees on ka parim viis, et m\u00f5tiskleda leppimise ja meeleparanduse probleemile Kiriku misjonis, nagu ootab seda meilt Piiskoppide Sinod.<br \/><br \/>Usaldan Jumalale seda Kiriku paastuaja t\u00f6\u00f6d l\u00e4bi Lihaks saanud S\u00f5na Ema eestkoste.<br \/><br \/>Tervitan k\u00f5iki Neokatehhumeeniliste Koguduste kantor-psalmiste, tulnud Rooma koosolekule, et valmistada paasap\u00fcha triduumi liturgiat.<\/p>\n\n<p>Kallimad, \u00fclest\u00f5usnud Kristuse m\u00fcsteerium, mida te elevusega t\u00e4histate oma lauludega, olgu tunnistatud ka teie eluga, et s\u00f5nade ja tegude harmoonilisest koosk\u00f5last oleks \u00fclendatud maailma ees Tema, kes &#8220;surres on h\u00e4vitanud surma ja \u00fclest\u00f5ustes on meile tagasi andnud elu&#8221;.<\/p>\n\n<p>Teile k\u00f5igile ning teie kallitele minu apostellik \u00f5nnistus.<br \/><br \/><em>(*) Vrd. \u00abL&#8217;Osservatore Romano\u00bb, 22.-23. m\u00e4rts 1982.<\/em><\/p>\n","protected":false},"excerpt":{"rendered":"<p>Paavst Johannes Paulus II Neokatehhumeeniliste Koguduste psalmistidele p\u00fchap\u00e4eva \u00abAngelus&#8217;e\u00bb ajal P\u00fcha Johannes Paulus II Rooma, 21. m\u00e4rts 1982 Toome v\u00e4lja osa k\u00f5nest, mida P\u00fcha Isa pidas enne p\u00fchap\u00e4evast \u00abAngelus Dominit\u00bb: Tahan veel kord tagasi minna teemale\u00a0Leppimine ja Meeleparandus Kiriku misjonis, teema, mis saadab meid kogu Paastuaja jooksul arvestades Piiskoppide Sinodi, mida valmistatakse. Esimene t\u00e4htis leppimine Jumalaga Jeesus Kristuses ja esimene p\u00f6\u00f6rdumine (ehk meeleparandus) t\u00e4ituvad Ristimise Sakramendis. T\u00e4iskasvanute Ristimise puhul esimene<\/p>\n<div class=\"read-more\"><a class=\"btn read-more-btn\" href=\"https:\/\/neocatechumenaleiter.org\/et\/paavstide-sonad\/puha-johannes-paulus-ii\/paavst-johannes-paulus-ii-neokatehhumeeniliste-koguduste-psalmistidele-puhapaeva-angeluse-ajal-21-iii-1982\/\">Loe edasi<\/a><\/div>\n","protected":false},"author":2,"featured_media":0,"parent":19903,"menu_order":15,"comment_status":"closed","ping_status":"closed","template":"","meta":{"footnotes":""},"class_list":["post-38144","page","type-page","status-publish","hentry"],"_links":{"self":[{"href":"https:\/\/neocatechumenaleiter.org\/et\/wp-json\/wp\/v2\/pages\/38144","targetHints":{"allow":["GET"]}}],"collection":[{"href":"https:\/\/neocatechumenaleiter.org\/et\/wp-json\/wp\/v2\/pages"}],"about":[{"href":"https:\/\/neocatechumenaleiter.org\/et\/wp-json\/wp\/v2\/types\/page"}],"author":[{"embeddable":true,"href":"https:\/\/neocatechumenaleiter.org\/et\/wp-json\/wp\/v2\/users\/2"}],"replies":[{"embeddable":true,"href":"https:\/\/neocatechumenaleiter.org\/et\/wp-json\/wp\/v2\/comments?post=38144"}],"version-history":[{"count":3,"href":"https:\/\/neocatechumenaleiter.org\/et\/wp-json\/wp\/v2\/pages\/38144\/revisions"}],"predecessor-version":[{"id":47751,"href":"https:\/\/neocatechumenaleiter.org\/et\/wp-json\/wp\/v2\/pages\/38144\/revisions\/47751"}],"up":[{"embeddable":true,"href":"https:\/\/neocatechumenaleiter.org\/et\/wp-json\/wp\/v2\/pages\/19903"}],"wp:attachment":[{"href":"https:\/\/neocatechumenaleiter.org\/et\/wp-json\/wp\/v2\/media?parent=38144"}],"curies":[{"name":"wp","href":"https:\/\/api.w.org\/{rel}","templated":true}]}}