{"id":38161,"date":"2020-03-27T00:24:16","date_gmt":"2020-03-26T23:24:16","guid":{"rendered":"https:\/\/neocatechumenaleiter.org\/paavstide-sonad\/puha-johannes-paulus-ii\/paasavigiil-puha-peetruse-basiilikas-esimese-kanada-martrite-koguduse-ristimislubaduste-puhalik-uuendamine-neokatehhumeenilise-teekonna-lopus-3-iv-1983\/"},"modified":"2026-03-02T10:45:40","modified_gmt":"2026-03-02T09:45:40","slug":"paasavigiil-puha-peetruse-basiilikas-esimese-kanada-martrite-koguduse-ristimislubaduste-puhalik-uuendamine-neokatehhumeenilise-teekonna-lopus-3-iv-1983","status":"publish","type":"page","link":"https:\/\/neocatechumenaleiter.org\/et\/paavstide-sonad\/puha-johannes-paulus-ii\/paasavigiil-puha-peetruse-basiilikas-esimese-kanada-martrite-koguduse-ristimislubaduste-puhalik-uuendamine-neokatehhumeenilise-teekonna-lopus-3-iv-1983\/","title":{"rendered":"Paasavigiil P\u00fcha Peetruse Basiilikas: esimese Kanada M\u00e4rtrite koguduse Ristimislubaduste P\u00fchalik Uuendamine Neokatehhumeenilise teekonna l\u00f5pus 3-IV-1983"},"content":{"rendered":"\n<h1 class=\"has-text-align-center wp-block-heading\">Paasavigiil P\u00fcha Peetruse Basiilikas: esimese Kanada M\u00e4rtrite koguduse Ristimislubaduste P\u00fchalik Uuendamine Neokatehhumeenilise teekonna l\u00f5pus 3-IV-1983<\/h1>\n\n<div style=\"height:20px\" aria-hidden=\"true\" class=\"wp-block-spacer\"><\/div>\n\n<h4 class=\"has-text-align-center wp-block-heading\">P\u00fcha Johannes Paulus II<\/h4>\n\n<div style=\"height:20px\" aria-hidden=\"true\" class=\"wp-block-spacer\"><\/div>\n\n<p><strong>Vatikan, 3. aprill 1983<\/strong><\/p>\n\n<p><em>Laup\u00e4eva \u00f6\u00f6sel uuendati Vatikani Basiilikas v\u00f5luvat \u00f5hkkonda, mis tavaliselt saadab selle \u00abuue fakti\u00bb kordumise ootust, mida Kristuse \u00dclest\u00f5usmine toob endaga iga ustava elus&#8230;<\/em><br \/><br \/><em>S\u00f5naliturgiale j\u00e4rgnes Ristimise riitus 22 erineva kodakondsusega <\/em><em>katehhumeenile<\/em><em>&#8230;<\/em><br \/><br \/><em>Kogu kohalolevate ustavate kogudus kutsuti uuendama ja taaskinnitama oma usku hetkel, kui see saadab teisi vendi, kes on teel altari poole, et saada kristliku algatuse Sakramente.<\/em><\/p>\n\n<figure class=\"wp-block-gallery aligncenter columns-2 is-cropped wp-block-gallery-1 is-layout-flex wp-block-gallery-is-layout-flex\"><ul class=\"blocks-gallery-grid\"><li class=\"blocks-gallery-item\"><figure><img loading=\"lazy\" decoding=\"async\" width=\"366\" height=\"312\" src=\"https:\/\/neocatechumenaleiter.org\/wp-content\/uploads\/2020\/03\/Camino_Neocatecumenal_Juan_Pablo_II_vigilia_pascual_hermanos_vestidura_blanca2.jpg\" alt=\"\" data-id=\"1734\" data-full-url=\"https:\/\/neocatechumenaleiter.org\/wp-content\/uploads\/2020\/03\/Camino_Neocatecumenal_Juan_Pablo_II_vigilia_pascual_hermanos_vestidura_blanca2.jpg\" data-link=\"https:\/\/neocatechumenaleiter.org\/?attachment_id=1734\" class=\"wp-image-1734\" srcset=\"https:\/\/neocatechumenaleiter.org\/wp-content\/uploads\/2020\/03\/Camino_Neocatecumenal_Juan_Pablo_II_vigilia_pascual_hermanos_vestidura_blanca2.jpg 366w, https:\/\/neocatechumenaleiter.org\/wp-content\/uploads\/2020\/03\/Camino_Neocatecumenal_Juan_Pablo_II_vigilia_pascual_hermanos_vestidura_blanca2-300x256.jpg 300w\" sizes=\"auto, (max-width: 366px) 100vw, 366px\" \/><\/figure><\/li><li class=\"blocks-gallery-item\"><figure><img loading=\"lazy\" decoding=\"async\" width=\"363\" height=\"330\" src=\"https:\/\/neocatechumenaleiter.org\/wp-content\/uploads\/2020\/03\/Camino_Neocatecumenal_Juan_Pablo_II_vigilia_pascual_hermanos_vestidura_blanca.jpg\" alt=\"\" data-id=\"1741\" data-full-url=\"https:\/\/neocatechumenaleiter.org\/wp-content\/uploads\/2020\/03\/Camino_Neocatecumenal_Juan_Pablo_II_vigilia_pascual_hermanos_vestidura_blanca.jpg\" data-link=\"https:\/\/neocatechumenaleiter.org\/?attachment_id=1741\" class=\"wp-image-1741\" srcset=\"https:\/\/neocatechumenaleiter.org\/wp-content\/uploads\/2020\/03\/Camino_Neocatecumenal_Juan_Pablo_II_vigilia_pascual_hermanos_vestidura_blanca.jpg 363w, https:\/\/neocatechumenaleiter.org\/wp-content\/uploads\/2020\/03\/Camino_Neocatecumenal_Juan_Pablo_II_vigilia_pascual_hermanos_vestidura_blanca-300x273.jpg 300w\" sizes=\"auto, (max-width: 363px) 100vw, 363px\" \/><\/figure><\/li><\/ul><\/figure>","protected":false},"excerpt":{"rendered":"<p>Paasavigiil P\u00fcha Peetruse Basiilikas: esimese Kanada M\u00e4rtrite koguduse Ristimislubaduste P\u00fchalik Uuendamine Neokatehhumeenilise teekonna l\u00f5pus 3-IV-1983 P\u00fcha Johannes Paulus II Vatikan, 3. aprill 1983 Laup\u00e4eva \u00f6\u00f6sel uuendati Vatikani Basiilikas v\u00f5luvat \u00f5hkkonda, mis tavaliselt saadab selle \u00abuue fakti\u00bb kordumise ootust, mida Kristuse \u00dclest\u00f5usmine toob endaga iga ustava elus&#8230; S\u00f5naliturgiale j\u00e4rgnes Ristimise riitus 22 erineva kodakondsusega katehhumeenile&#8230; Kogu kohalolevate ustavate kogudus kutsuti uuendama ja taaskinnitama oma usku hetkel, kui see saadab teisi vendi,<\/p>\n<div class=\"read-more\"><a class=\"btn read-more-btn\" href=\"https:\/\/neocatechumenaleiter.org\/et\/paavstide-sonad\/puha-johannes-paulus-ii\/paasavigiil-puha-peetruse-basiilikas-esimese-kanada-martrite-koguduse-ristimislubaduste-puhalik-uuendamine-neokatehhumeenilise-teekonna-lopus-3-iv-1983\/\">Loe edasi<\/a><\/div>\n","protected":false},"author":2,"featured_media":0,"parent":19903,"menu_order":20,"comment_status":"closed","ping_status":"closed","template":"","meta":{"footnotes":""},"class_list":["post-38161","page","type-page","status-publish","hentry"],"_links":{"self":[{"href":"https:\/\/neocatechumenaleiter.org\/et\/wp-json\/wp\/v2\/pages\/38161","targetHints":{"allow":["GET"]}}],"collection":[{"href":"https:\/\/neocatechumenaleiter.org\/et\/wp-json\/wp\/v2\/pages"}],"about":[{"href":"https:\/\/neocatechumenaleiter.org\/et\/wp-json\/wp\/v2\/types\/page"}],"author":[{"embeddable":true,"href":"https:\/\/neocatechumenaleiter.org\/et\/wp-json\/wp\/v2\/users\/2"}],"replies":[{"embeddable":true,"href":"https:\/\/neocatechumenaleiter.org\/et\/wp-json\/wp\/v2\/comments?post=38161"}],"version-history":[{"count":5,"href":"https:\/\/neocatechumenaleiter.org\/et\/wp-json\/wp\/v2\/pages\/38161\/revisions"}],"predecessor-version":[{"id":47741,"href":"https:\/\/neocatechumenaleiter.org\/et\/wp-json\/wp\/v2\/pages\/38161\/revisions\/47741"}],"up":[{"embeddable":true,"href":"https:\/\/neocatechumenaleiter.org\/et\/wp-json\/wp\/v2\/pages\/19903"}],"wp:attachment":[{"href":"https:\/\/neocatechumenaleiter.org\/et\/wp-json\/wp\/v2\/media?parent=38161"}],"curies":[{"name":"wp","href":"https:\/\/api.w.org\/{rel}","templated":true}]}}