{"id":39874,"date":"2020-03-27T00:19:39","date_gmt":"2020-03-26T23:19:39","guid":{"rendered":"https:\/\/neocatechumenaleiter.org\/paavstide-sonad\/puha-johannes-paulus-ii\/kulastus-meie-lourdesi-emanda-kogudusele-tor-marancias-13-ii-1983\/"},"modified":"2026-03-02T10:46:40","modified_gmt":"2026-03-02T09:46:40","slug":"kulastus-meie-lourdesi-emanda-kogudusele-tor-marancias-13-ii-1983","status":"publish","type":"page","link":"https:\/\/neocatechumenaleiter.org\/et\/paavstide-sonad\/puha-johannes-paulus-ii\/kulastus-meie-lourdesi-emanda-kogudusele-tor-marancias-13-ii-1983\/","title":{"rendered":"K\u00fclastus Meie Lourdes&#8217;i Emanda kogudusele Tor Marancias 13-II-1983"},"content":{"rendered":"\n<h1 class=\"has-text-align-center wp-block-heading\">K\u00fclastus Meie Lourdes&#8217;i Emanda kogudusele Tor Marancias 13-II-1983<\/h1>\n\n<div style=\"height:20px\" aria-hidden=\"true\" class=\"wp-block-spacer\"><\/div>\n\n<h4 class=\"has-text-align-center wp-block-heading\">P\u00fcha Johannes Paulus II<\/h4>\n\n<div style=\"height:20px\" aria-hidden=\"true\" class=\"wp-block-spacer\"><\/div>\n\n<p><strong>Rooma, 13. veebruar 1983<\/strong><\/p>\n\n<p><em>Olles veetnud veel m\u00f5ned hetked noortega, P\u00fcha Isa naasis kirikusse, kus ootasid teda nelja Neokatehhumeenilise Koguduse liikmed, kes teevad oma teed piiskopkonna koguduses. Preester tutvustas neid; Giampiero Donnini, koguduse katehheet, kes hiljem seletas Paavstile, kuidas need kogudused s\u00fcndisid Meie Lourdes&#8217;i Emanda juures ning tutvustas talle m\u00f5ned r\u00e4ndpreestrid, kes lahkunud kogudusest , on viinud Issanda <\/em><em>S\u00f5na erinevatesse maailma riikidesse.<\/em><br \/><br \/><em>J\u00e4rgnevalt iga\u00fcks neist preestreist tahtis jutustada l\u00fchidalt oma lugu Paavstile, alustades oma sisenemisest Neokatehhumeenilistesse Kogudustesse, et tunnistada oma r\u00e4ndpreestriks olemise r\u00f5\u00f5mu.<\/em><br \/><br \/><em>P\u00fcha Isa, vastates tervituss\u00f5nadele, mida talle suunati, ja soovides j\u00e4tta neokatehhumeenilistele oma s\u00f5na, olles meelde tuletanud kohtumist, mis oli toimunud paar p\u00e4eva enne Neokatehhumeeniliste Koguduste preestritega, \u00fctles:<\/em><\/p>\n\n<div class=\"wp-block-image\"><figure class=\"alignleft size-large\"><img loading=\"lazy\" decoding=\"async\" width=\"708\" height=\"558\" src=\"https:\/\/neocatechumenaleiter.org\/wp-content\/uploads\/2020\/03\/Camino_Neocatecumenal_Juan_Pablo_II_visita_parroquia_Lourdes_1983.jpg\" alt=\"\" class=\"wp-image-1721\" srcset=\"https:\/\/neocatechumenaleiter.org\/wp-content\/uploads\/2020\/03\/Camino_Neocatecumenal_Juan_Pablo_II_visita_parroquia_Lourdes_1983.jpg 708w, https:\/\/neocatechumenaleiter.org\/wp-content\/uploads\/2020\/03\/Camino_Neocatecumenal_Juan_Pablo_II_visita_parroquia_Lourdes_1983-300x236.jpg 300w\" sizes=\"auto, (max-width: 708px) 100vw, 708px\" \/><\/figure><\/div>\n\n<p>Hetkel soovin ma teie t\u00e4helepanu p\u00f6\u00f6rata laulus\u00f5nadele, mida te laulsite, kui ma sisse tulin. Tegemist on liigutavate s\u00f5nadega  \u00ab&#8230; Maarja, sa uskusid Jumala S\u00f5nasse!\u00bb. Need on kesksed s\u00f5nad, milles v\u00e4ljendub kogu Maarja m\u00fcsteerium; Maarja M\u00fcsteerium, nii nendes s\u00f5nades, lausutud tema n\u00f5o Eliisabeti poolt. Nendes s\u00f5nades on t\u00f5esti Maarja. See, kes uskus Issanda S\u00f5nadesse ainulaadse usuga. M\u00fcsteerium, mida talle teada anti oli ainus: oli vaja v\u00e4ga suurt usku, maarjalikku usku, et aktsepteerida neid s\u00f5nu ja nende sisu. Ma arvan, et Maarja, see, kes uskus Issanda s\u00f5nadesse, on see, kes annab eeskuju, n\u00e4itab teed meile k\u00f5igile, eelk\u00f5ige teile k\u00f5igile; sest: mida t\u00e4hendab Neokatehhumeenilise Koguduse liige, mida t\u00e4hendab katehheet? See t\u00e4hendab seda, kes uskus Issanda S\u00f5nasse; kes tegi sellest s\u00f5nast sisu, v\u00f5ime \u00f6elda oma elu liha, tema elu aine ja nii s\u00fcgavalt on ta seda Issanda S\u00f5na endasse v\u00f5tnud; v\u00f5ime \u00f6elda, et S\u00f5na t\u00f6\u00f6tab temas ja tahab olla v\u00e4ljendatud nagu ta oleks laps, kes tahab s\u00fcndida; nii see S\u00f5na tahab olla v\u00e4ljendatud, antud, edasi kantud. Niisiis, nagu tegid J\u00fcngrid, ka need R\u00e4ndkatehheedid ja teised meie aja j\u00fcngrid j\u00e4tavad oma kodu, oma riigid, oma isamaa, oma kogudusi ja l\u00e4hevad otsima teisi maailmaid, teisi Riike, teisi rahvaid, \u00f5pivad teisi keeli, et l\u00e4hendada teisi inimesi, teisi kogudusi Issanda S\u00f5nale, ehk sellele, mida nad isiklikult uskusid. Ma loodan, kallid, et te k\u00e4iksite h\u00e4sti sellel teel, et te k\u00e4iksite h\u00e4sti sellel teel koguduses, ka Meie Lourdes&#8217;i Emanda koguduses ning nagu tegin noortega nii soovin teile korrata Kristuse Ema ja Kiriku hoole alla andmist.<\/p>\n\n<p>Tema hoolde annan eriti teie inimesi, teie perekondi, teie kogudusi ja siis teie katehheedi misjonit, teie katehheetlikku p\u00fchendumust. Ma anna teid Maarja hoole alla, Tema, kes uskus Issanda S\u00f5nasse: et ta tooks oma usku teie usku, oma k\u00fclluslike vilju. (*) Vrd \u00abL&#8217;Osservatore Romano\u00bb, 14.-15. veebruar 1983.<\/p>\n","protected":false},"excerpt":{"rendered":"<p>K\u00fclastus Meie Lourdes&#8217;i Emanda kogudusele Tor Marancias 13-II-1983 P\u00fcha Johannes Paulus II Rooma, 13. veebruar 1983 Olles veetnud veel m\u00f5ned hetked noortega, P\u00fcha Isa naasis kirikusse, kus ootasid teda nelja Neokatehhumeenilise Koguduse liikmed, kes teevad oma teed piiskopkonna koguduses. Preester tutvustas neid; Giampiero Donnini, koguduse katehheet, kes hiljem seletas Paavstile, kuidas need kogudused s\u00fcndisid Meie Lourdes&#8217;i Emanda juures ning tutvustas talle m\u00f5ned r\u00e4ndpreestrid, kes lahkunud kogudusest , on viinud Issanda<\/p>\n<div class=\"read-more\"><a class=\"btn read-more-btn\" href=\"https:\/\/neocatechumenaleiter.org\/et\/paavstide-sonad\/puha-johannes-paulus-ii\/kulastus-meie-lourdesi-emanda-kogudusele-tor-marancias-13-ii-1983\/\">Loe edasi<\/a><\/div>\n","protected":false},"author":2,"featured_media":0,"parent":19903,"menu_order":18,"comment_status":"closed","ping_status":"closed","template":"","meta":{"footnotes":""},"class_list":["post-39874","page","type-page","status-publish","hentry"],"_links":{"self":[{"href":"https:\/\/neocatechumenaleiter.org\/et\/wp-json\/wp\/v2\/pages\/39874","targetHints":{"allow":["GET"]}}],"collection":[{"href":"https:\/\/neocatechumenaleiter.org\/et\/wp-json\/wp\/v2\/pages"}],"about":[{"href":"https:\/\/neocatechumenaleiter.org\/et\/wp-json\/wp\/v2\/types\/page"}],"author":[{"embeddable":true,"href":"https:\/\/neocatechumenaleiter.org\/et\/wp-json\/wp\/v2\/users\/2"}],"replies":[{"embeddable":true,"href":"https:\/\/neocatechumenaleiter.org\/et\/wp-json\/wp\/v2\/comments?post=39874"}],"version-history":[{"count":5,"href":"https:\/\/neocatechumenaleiter.org\/et\/wp-json\/wp\/v2\/pages\/39874\/revisions"}],"predecessor-version":[{"id":47743,"href":"https:\/\/neocatechumenaleiter.org\/et\/wp-json\/wp\/v2\/pages\/39874\/revisions\/47743"}],"up":[{"embeddable":true,"href":"https:\/\/neocatechumenaleiter.org\/et\/wp-json\/wp\/v2\/pages\/19903"}],"wp:attachment":[{"href":"https:\/\/neocatechumenaleiter.org\/et\/wp-json\/wp\/v2\/media?parent=39874"}],"curies":[{"name":"wp","href":"https:\/\/api.w.org\/{rel}","templated":true}]}}