{"id":39881,"date":"2020-03-27T02:45:40","date_gmt":"2020-03-27T01:45:40","guid":{"rendered":"https:\/\/neocatechumenaleiter.org\/paavstide-sonad\/puha-johannes-paulus-ii\/kulastus-puha-francesca-cabrini-kogudusele-4-xii-1983\/"},"modified":"2026-03-02T10:43:12","modified_gmt":"2026-03-02T09:43:12","slug":"kulastus-puha-francesca-cabrini-kogudusele-4-xii-1983","status":"publish","type":"page","link":"https:\/\/neocatechumenaleiter.org\/et\/paavstide-sonad\/puha-johannes-paulus-ii\/kulastus-puha-francesca-cabrini-kogudusele-4-xii-1983\/","title":{"rendered":"K\u00fclastus P\u00fcha Francesca Cabrini Kogudusele 4-XII-1983"},"content":{"rendered":"\n<h1 class=\"has-text-align-center wp-block-heading\">K\u00fclastus P\u00fcha Francesca Cabrini Kogudusele 4-XII-1983<\/h1>\n\n<div style=\"height:20px\" aria-hidden=\"true\" class=\"wp-block-spacer\"><\/div>\n\n<h4 class=\"has-text-align-center wp-block-heading\">P\u00fcha Johannes Paulus II<\/h4>\n\n<div style=\"height:20px\" aria-hidden=\"true\" class=\"wp-block-spacer\"><\/div>\n\n<p><strong>Rooma, 4. detsember 1983 *<\/strong><\/p>\n\n<p><em>Seitsesada, t\u00e4iskasvanud ja lapsedi, istudes maas, kiriku sees. Jaotatud viiek\u00fcmnetesse gruppidesse, lapsed keskel, iga \u00abkogudus\u00bb oma Preestriga, laulavad saadetud erinevate pillidega. Ootavad kohtumist Kristuse Vikaariga.\u00a0<\/em><br \/><br \/><em>\u00abRistimislubaduste uuendamine P\u00fcha Isaga\u00bb oli kirjas suurel sildil, mis oli \u00fcles pandud kiriku sees natuke enne Neokatehhumeeniliste Koguduste kohtumist P\u00fcha Isaga, kokku v\u00f5ttes m\u00f5tet, t\u00e4hendust; seej\u00e4rel, skeemitades \u00abTee\u00bb faase: Ker\u00fcgma (kuulutus), prekatehhumenaat, samm katehhumenaadile, katehhumenaat, jne. Oodates P\u00fcha Isa, palju laule, palju r\u00f5\u00f5mu. P\u00f5hjused? \u00abMeie kogemus on seeme, mis on visatud kuivale maale, millel oli vaja palju vett &#8211; selgitab \u00fcks nendest -. See on <\/em><em>neokatehhumeeniline<\/em><em> tunnistus, mis p\u00f5hineb kuulutaja isiklikul kogemusel. Ning siin me pole ainult grupp, tahame esindada k\u00f5ndivat kogudust\u00bb.<\/em><br \/><br \/><em>Paavst siseneb, r\u00f5\u00f5muh\u00f5isete saatel. Ta m\u00f6\u00f6dub esimestest ridadest, paitab m\u00f5ned lapsed, keda vanemad tema poole t\u00f5stavad. Seej\u00e4rel v\u00f5tab s\u00f5na:<\/em><\/p>\n\n<p>Ma n\u00e4en suure r\u00f5\u00f5muga teid ja teie peresid, teie lapsi. Me k\u00f5ik oleme Jumala lapsed,\u00a0<strong>saame Jumala lasteks l\u00e4bi Ristimise<\/strong>, suur Sakrament ja, ma \u00fctleks, tohutu; see ei tundu, kuna see on v\u00e4ga magus Sakrament, mida tehakse veega, \u00f5liga, P\u00fcha Krismaga (t\u00e4na hommikul ristisin ma v\u00e4ikest t\u00fcdrukut). Siis see Sakrament, Ristimine, mis on nii magus ja mida me oleme harjunud andma vasts\u00fcndinutele, sellel Sakramendil on tohutu s\u00fcgavus, imeline, sest\u00a0<strong>laseb meil sisse minna Kristuse lunastava surmasse<\/strong>, siseneda sellesse surma,\u00a0<strong>et saaksime \u00fcles t\u00f5usta Kristusega ja nii osaleda tema teos<\/strong>. See on ainus tee, et olla Jumala lapsed, ainus sakramentaalne tee, et olla lapsed, osa saada elust, mida Kristus meile on toonud, ilmutades seda oma \u00dclest\u00f5usmisega.<br \/><br \/>Mida mina \u00fctlen teile, puudutab teie neokatehhumeenilise liikumise spetsiifilisust. Katehhumenaat oli Kiriku v\u00e4ga muistne institutsioon. Palju katehhumeene on m\u00f6\u00f6dunud sellest roomlasest, paganast Roomast! Ja need, kes on valmistunud Katehhumenaadiga ja Ristimisega t\u00e4iskasvanutena! Aga t\u00e4na Ristimine, seesama Sakrament, on muutunud v\u00e4ikeste, vasts\u00fcndinud laste Sakramendiks ja see katehhumeeniline tee l\u00fckatakse peale Ristimist:\u00a0<strong>Katehhumenaat muutub nii kogu eluks<\/strong>; jah, kogu elu oleme me katehhumeenid!<\/p>\n\n<p>Puudub\u00a0<strong>institutsiooniline Katehhumenaat<\/strong>, esimese kristliku ajastu oma, aga nii Katehhumenaat on muutunud meie kristliku elu, meie usuelu \u00fclesandeks. Niisiis, teie liikumine, mille rajajat ma siinkohal tervitan (tunnen teda h\u00e4sti!), teie liikumine\u00a0<strong>on keskendunud sellele protsessile saada Jumala lasteks, saada krsitlasteks.<\/strong> See on v\u00e4ga t\u00e4htis!<br \/><br \/>Paljud m\u00f5tlevad: \u00abAga meie oleme kristlased\u00bb; \u00fctlevad \u00abme oleme kristlased\u00bb teadmata seda, sest ei piisa kristlasest olemisest, peame saama kristlasteks, saama iga p\u00e4ev kristlasteks, iga p\u00e4ev avastada, mida t\u00e4hendab <em>christianus, Christus adscriptus<\/em>. Esimene kord Antiookia linnas hakati Jeesuse j\u00fcngreid kutsuma \u00abkristlasteks\u00bb, kristlasteks j\u00e4rgijateks. Seda peab avastama,\u00a0<strong>avastama iga p\u00e4ev<\/strong>, avastada aina rohkem, sest Ristimise m\u00fcsteerium on v\u00e4ga s\u00fcgav, see on jumalik ja samal ajal inimlik m\u00fcsteeriunm, jumalik reaalsus puudutab inimolendit, sedasama inimolendit, inimene muutub Jumala lapsendatud pojaks&#8230; K\u00f5ik!<\/p>\n\n<p>Teie konkreetselt peegeldate palju, mediteerite palju nende t\u00f5dede \u00fcle, nende t\u00f5dede \u00fcle. Ma pean siinkohal \u00fctlema, P\u00fcha Francesca Cabrini koguduses, et teie kogudus siin moodustab p\u00e4rmi, p\u00e4rm, mis peab kergitama massi ja maailma kristlastega: mitte k\u00f5ik pole teadlikud, mitte k\u00f5ik ei vii seda t\u00e4ide; te olete siin p\u00e4rm, peate kergitama seda kogudust, umbes kaksk\u00fcmmend tuhat inimest, kergitama uue teadlikkusega inimv\u00e4\u00e4rikusest, mis on haaratud jumaliku lasteks olemise reaalsusega. Tehke h\u00e4sti, v\u00e4ga h\u00e4sti! Laulge, laulge! Sest laul n\u00e4itab alati r\u00f5\u00f5mu, seda jumaliku ja inimliku reaalsuse avastamist. Ristimine toob endaga kaasa suurt r\u00f5\u00f5mu, mida peab v\u00e4ljendama lauludega. Ma olen kohtumise k\u00e4igus m\u00e4rkanud, et kogudus laulab suure j\u00f5uga, suure entusiasmiga! On vaja laulda.<\/p>\n\n<p>On vaja laulda, sest see laul toob endaga kaasa vaimset sisu, meie hinge sisemist sisu; pigem me ei suuda leida piisavaid viise, et v\u00e4ljendada seda, seda sisu, seda m\u00fcsteeriumit, seda reaalsust, mis on meie Ristimise vili.<br \/><br \/>Kallid, ait\u00e4h teie kohalolu p\u00e4rast, selle koguduse elu animeerimise p\u00e4rast. \u00d5nnistan s\u00fcdamest teid k\u00f5iki, teie peresid, erinevaid gruppe (sest olen kuulnud, et olete erinevad grupid: kaksteist kogudust nagu kaksteist j\u00fcngrit). Teie preestrid on teie seas; olen juba kohtunud teie r\u00e4ndkatehheetidega; \u00f5nnistan Teid s\u00fcdamest.<\/p>\n\n<p>Koguduse preester, Isa Michelangelo, peab meeles r\u00e4ndkatehheete, eriti Kesk-Ameerika omi:<\/p>\n\n<div class=\"wp-block-image\"><figure class=\"aligncenter size-large\"><img loading=\"lazy\" decoding=\"async\" width=\"768\" height=\"193\" src=\"https:\/\/neocatechumenaleiter.org\/wp-content\/uploads\/2020\/03\/Camino_Neocatecumenal_Juan_Pablo_II_visita_parroquia_francesca_cabrini_1983.jpg\" alt=\"\" class=\"wp-image-1773\" srcset=\"https:\/\/neocatechumenaleiter.org\/wp-content\/uploads\/2020\/03\/Camino_Neocatecumenal_Juan_Pablo_II_visita_parroquia_francesca_cabrini_1983.jpg 768w, https:\/\/neocatechumenaleiter.org\/wp-content\/uploads\/2020\/03\/Camino_Neocatecumenal_Juan_Pablo_II_visita_parroquia_francesca_cabrini_1983-300x75.jpg 300w\" sizes=\"auto, (max-width: 768px) 100vw, 768px\" \/><\/figure><\/div>\n\n<p>\u00d5nnistan neid, kes on l\u00e4inud Kesk-Ameerikasse, kus ka mina k\u00e4isin hiljuti, mitte v\u00e4ga r\u00e4ndkatehheedina, vaid \u00ablendavana\u00bb. Niisiis, anname \u00f5nnistust koos Kardinali ja Piiskoppidega.<\/p>\n\n<p><em>(*) Vrd. \u00abL\u2019Osservatore Romano\u00bb, 5.-6. detsember 1983, helisalvestuse t\u00e4iendustega.<\/em><\/p>\n","protected":false},"excerpt":{"rendered":"<p>K\u00fclastus P\u00fcha Francesca Cabrini Kogudusele 4-XII-1983 P\u00fcha Johannes Paulus II Rooma, 4. detsember 1983 * Seitsesada, t\u00e4iskasvanud ja lapsedi, istudes maas, kiriku sees. Jaotatud viiek\u00fcmnetesse gruppidesse, lapsed keskel, iga \u00abkogudus\u00bb oma Preestriga, laulavad saadetud erinevate pillidega. Ootavad kohtumist Kristuse Vikaariga.\u00a0 \u00abRistimislubaduste uuendamine P\u00fcha Isaga\u00bb oli kirjas suurel sildil, mis oli \u00fcles pandud kiriku sees natuke enne Neokatehhumeeniliste Koguduste kohtumist P\u00fcha Isaga, kokku v\u00f5ttes m\u00f5tet, t\u00e4hendust; seej\u00e4rel, skeemitades \u00abTee\u00bb faase: Ker\u00fcgma<\/p>\n<div class=\"read-more\"><a class=\"btn read-more-btn\" href=\"https:\/\/neocatechumenaleiter.org\/et\/paavstide-sonad\/puha-johannes-paulus-ii\/kulastus-puha-francesca-cabrini-kogudusele-4-xii-1983\/\">Loe edasi<\/a><\/div>\n","protected":false},"author":2,"featured_media":0,"parent":19903,"menu_order":23,"comment_status":"closed","ping_status":"closed","template":"","meta":{"footnotes":""},"class_list":["post-39881","page","type-page","status-publish","hentry"],"_links":{"self":[{"href":"https:\/\/neocatechumenaleiter.org\/et\/wp-json\/wp\/v2\/pages\/39881","targetHints":{"allow":["GET"]}}],"collection":[{"href":"https:\/\/neocatechumenaleiter.org\/et\/wp-json\/wp\/v2\/pages"}],"about":[{"href":"https:\/\/neocatechumenaleiter.org\/et\/wp-json\/wp\/v2\/types\/page"}],"author":[{"embeddable":true,"href":"https:\/\/neocatechumenaleiter.org\/et\/wp-json\/wp\/v2\/users\/2"}],"replies":[{"embeddable":true,"href":"https:\/\/neocatechumenaleiter.org\/et\/wp-json\/wp\/v2\/comments?post=39881"}],"version-history":[{"count":7,"href":"https:\/\/neocatechumenaleiter.org\/et\/wp-json\/wp\/v2\/pages\/39881\/revisions"}],"predecessor-version":[{"id":47735,"href":"https:\/\/neocatechumenaleiter.org\/et\/wp-json\/wp\/v2\/pages\/39881\/revisions\/47735"}],"up":[{"embeddable":true,"href":"https:\/\/neocatechumenaleiter.org\/et\/wp-json\/wp\/v2\/pages\/19903"}],"wp:attachment":[{"href":"https:\/\/neocatechumenaleiter.org\/et\/wp-json\/wp\/v2\/media?parent=39881"}],"curies":[{"name":"wp","href":"https:\/\/api.w.org\/{rel}","templated":true}]}}