{"id":39890,"date":"2020-03-27T04:47:27","date_gmt":"2020-03-27T03:47:27","guid":{"rendered":"https:\/\/neocatechumenaleiter.org\/paavstide-sonad\/puha-johannes-paulus-ii\/visiit-puha-rita-kogudusele-tor-bella-monacas-22-i-1984\/"},"modified":"2026-03-02T10:42:31","modified_gmt":"2026-03-02T09:42:31","slug":"visiit-puha-rita-kogudusele-tor-bella-monacas-22-i-1984","status":"publish","type":"page","link":"https:\/\/neocatechumenaleiter.org\/et\/paavstide-sonad\/puha-johannes-paulus-ii\/visiit-puha-rita-kogudusele-tor-bella-monacas-22-i-1984\/","title":{"rendered":"Visiit P\u00fcha Rita kogudusele Tor Bella Monacas 22-I-1984"},"content":{"rendered":"\n<h1 class=\"has-text-align-center wp-block-heading\">Visiit P\u00fcha Rita kogudusele Tor Bella Monacas 22-I-1984<\/h1>\n\n<div style=\"height:20px\" aria-hidden=\"true\" class=\"wp-block-spacer\"><\/div>\n\n<h4 class=\"has-text-align-center wp-block-heading\">P\u00fcha Johannes Paulus II<\/h4>\n\n<div style=\"height:20px\" aria-hidden=\"true\" class=\"wp-block-spacer\"><\/div>\n\n<div class=\"wp-block-image\"><figure class=\"alignleft size-large\"><img loading=\"lazy\" decoding=\"async\" width=\"700\" height=\"558\" src=\"https:\/\/neocatechumenaleiter.org\/wp-content\/uploads\/2020\/03\/Camino_Neocatecumenal_Juan_Pablo_II_visita_parroquia_Santa_Rita_1984.jpg\" alt=\"\" class=\"wp-image-1783\" srcset=\"https:\/\/neocatechumenaleiter.org\/wp-content\/uploads\/2020\/03\/Camino_Neocatecumenal_Juan_Pablo_II_visita_parroquia_Santa_Rita_1984.jpg 700w, https:\/\/neocatechumenaleiter.org\/wp-content\/uploads\/2020\/03\/Camino_Neocatecumenal_Juan_Pablo_II_visita_parroquia_Santa_Rita_1984-300x239.jpg 300w\" sizes=\"auto, (max-width: 700px) 100vw, 700px\" \/><\/figure><\/div>\n\n<p><strong>Rooma, 22. jaanuar 1984<\/strong><\/p>\n\n<p><em>Isa Giuseppe tutvustas P\u00fcha Isale Koguduse lugu: palve, katehheesi, P\u00fchakirja \u00f5ppimise elu m\u00f5eldud t\u00e4psemaks evangeliseerimise misjoniks.<\/em><br \/><br \/><em>Neokatehhumeenilise Koguduse noor esindaja, abielus ja kolme lapsega, tahtis tunnistada, kuidas tema endale ema-Kiriku avastamine langes kokku tema isikliku p\u00f6\u00f6rdumisega: \u00abMa enne elasin &#8211; ta \u00fctles &#8211; tugevas religioosses \u00fcksk\u00f5iksuses ja moraalses relativismis. Siis Jumal halstas minu peale\u00bb.<\/em><br \/><br \/><em>Johannes Paulus II tahtis r\u00f5hutada oma k\u00f5nes, kuidas:\u00a0<\/em><\/p>\n\n<p>&#8230; usutee ei saa kunagi peatuda. See ei saa seisma j\u00e4\u00e4da Ristimisega, ega Esimese Armulauaga, ei saa peatuda Kinnitamisega, isegi mitte Abielu Sakramendiga. Usk peab alati olema teekond. Peab alati olema taasavastamine. L\u00e4bi selle ja selle imesid meie, teatud m\u00f5ttes, l\u00e4heme Jumala reaalsusesse. Neokatehhumeenid on juhitud sellest m\u00f5ttest ja pingutavad k\u00f5ndima, ausamalt, isiklikus usus, koguduslikus usus, Kiriku usus. &#013;\n&#013;\n(*) Vrd \u00abL&#8217;Osservatore Romano\u00bb, 23.-24. jaanuar 1984.<\/p>\n","protected":false},"excerpt":{"rendered":"<p>Visiit P\u00fcha Rita kogudusele Tor Bella Monacas 22-I-1984 P\u00fcha Johannes Paulus II Rooma, 22. jaanuar 1984 Isa Giuseppe tutvustas P\u00fcha Isale Koguduse lugu: palve, katehheesi, P\u00fchakirja \u00f5ppimise elu m\u00f5eldud t\u00e4psemaks evangeliseerimise misjoniks. Neokatehhumeenilise Koguduse noor esindaja, abielus ja kolme lapsega, tahtis tunnistada, kuidas tema endale ema-Kiriku avastamine langes kokku tema isikliku p\u00f6\u00f6rdumisega: \u00abMa enne elasin &#8211; ta \u00fctles &#8211; tugevas religioosses \u00fcksk\u00f5iksuses ja moraalses relativismis. Siis Jumal halstas minu peale\u00bb.<\/p>\n<div class=\"read-more\"><a class=\"btn read-more-btn\" href=\"https:\/\/neocatechumenaleiter.org\/et\/paavstide-sonad\/puha-johannes-paulus-ii\/visiit-puha-rita-kogudusele-tor-bella-monacas-22-i-1984\/\">Loe edasi<\/a><\/div>\n","protected":false},"author":2,"featured_media":0,"parent":19903,"menu_order":24,"comment_status":"closed","ping_status":"closed","template":"","meta":{"footnotes":""},"class_list":["post-39890","page","type-page","status-publish","hentry"],"_links":{"self":[{"href":"https:\/\/neocatechumenaleiter.org\/et\/wp-json\/wp\/v2\/pages\/39890","targetHints":{"allow":["GET"]}}],"collection":[{"href":"https:\/\/neocatechumenaleiter.org\/et\/wp-json\/wp\/v2\/pages"}],"about":[{"href":"https:\/\/neocatechumenaleiter.org\/et\/wp-json\/wp\/v2\/types\/page"}],"author":[{"embeddable":true,"href":"https:\/\/neocatechumenaleiter.org\/et\/wp-json\/wp\/v2\/users\/2"}],"replies":[{"embeddable":true,"href":"https:\/\/neocatechumenaleiter.org\/et\/wp-json\/wp\/v2\/comments?post=39890"}],"version-history":[{"count":5,"href":"https:\/\/neocatechumenaleiter.org\/et\/wp-json\/wp\/v2\/pages\/39890\/revisions"}],"predecessor-version":[{"id":47733,"href":"https:\/\/neocatechumenaleiter.org\/et\/wp-json\/wp\/v2\/pages\/39890\/revisions\/47733"}],"up":[{"embeddable":true,"href":"https:\/\/neocatechumenaleiter.org\/et\/wp-json\/wp\/v2\/pages\/19903"}],"wp:attachment":[{"href":"https:\/\/neocatechumenaleiter.org\/et\/wp-json\/wp\/v2\/media?parent=39890"}],"curies":[{"name":"wp","href":"https:\/\/api.w.org\/{rel}","templated":true}]}}