{"id":39897,"date":"2020-03-27T05:05:06","date_gmt":"2020-03-27T04:05:06","guid":{"rendered":"https:\/\/neocatechumenaleiter.org\/paavstide-sonad\/puha-johannes-paulus-ii\/paasavigiil-puha-peetruse-valjakul-esimese-puha-francesca-cabrini-koguduse-ristimislubaduste-puhalik-uuendamine-neokatehhumeenilise-teekonna-lopus-3-iv-1983\/"},"modified":"2026-03-02T10:40:44","modified_gmt":"2026-03-02T09:40:44","slug":"paasavigiil-puha-peetruse-valjakul-esimese-puha-francesca-cabrini-koguduse-ristimislubaduste-puhalik-uuendamine-neokatehhumeenilise-teekonna-lopus-3-iv-1983","status":"publish","type":"page","link":"https:\/\/neocatechumenaleiter.org\/et\/paavstide-sonad\/puha-johannes-paulus-ii\/paasavigiil-puha-peetruse-valjakul-esimese-puha-francesca-cabrini-koguduse-ristimislubaduste-puhalik-uuendamine-neokatehhumeenilise-teekonna-lopus-3-iv-1983\/","title":{"rendered":"Paasavigiil P\u00fcha Peetruse v\u00e4ljakul: esimese P\u00fcha Francesca Cabrini koguduse Ristimislubaduste P\u00fchalik Uuendamine Neokatehhumeenilise Teekonna l\u00f5pus 21-IV-1984"},"content":{"rendered":"\n<h1 class=\"has-text-align-center wp-block-heading\">Paasavigiil P\u00fcha Peetruse v\u00e4ljakul: esimese P\u00fcha Francesca Cabrini koguduse Ristimislubaduste P\u00fchalik Uuendamine Neokatehhumeenilise Teekonna l\u00f5pus 21-IV-1984<\/h1>\n\n<div style=\"height:20px\" aria-hidden=\"true\" class=\"wp-block-spacer\"><\/div>\n\n<h4 class=\"has-text-align-center wp-block-heading\">P\u00fcha Johannes Paulus II<\/h4>\n\n<div style=\"height:20px\" aria-hidden=\"true\" class=\"wp-block-spacer\"><\/div>\n\n<p><strong>P\u00fcha Peetruse v\u00e4ljak, 21. aprill 1984<\/strong><\/p>\n\n<p><em>Kohe peale lugemisi ja Paavsti lausutud jutluse toimus ristimisvee \u00f5nnistamise ja ristimise riitus 29 katehhumeeni jaoks, kes olid p\u00e4rit mitmetest erinevatest Riikidest. Ja ka kogu ustavate kogudus kutsuti uuendama ja taaskinnitama oma usku hetkel, kui uued vennad l\u00e4henesid altarile, et saada kristliku algatuse sakramente.<\/em><br \/><br \/><em>Kiriku ees esimeses reas, et uuendada oma ristimislubadusi, olid ka 100 P\u00fcha Francesca Cabrini kihelkonna Neokatehhumeeniliste Koguduste liiget, valgeis r\u00f5ivais, ning neid saatsid <\/em><em>Kiko Arg\u00fcello ja Carmen Hern\u00e1ndez.<\/em><br \/><br \/><em>(*) Vrd \u00abL&#8217;Osservatore Romano\u00bb, 24.-25. aprill 1984.<\/em><\/p>\n\n<figure class=\"wp-block-gallery aligncenter columns-2 is-cropped wp-block-gallery-1 is-layout-flex wp-block-gallery-is-layout-flex\"><ul class=\"blocks-gallery-grid\"><li class=\"blocks-gallery-item\"><figure><img loading=\"lazy\" decoding=\"async\" width=\"366\" height=\"157\" src=\"https:\/\/neocatechumenaleiter.org\/wp-content\/uploads\/2020\/03\/Camino_Neocatecumenal_Juan_Pablo_II_vigilia_pascual_hermanos_vestidura_blanca_19842.jpg\" alt=\"\" data-id=\"1815\" data-full-url=\"https:\/\/neocatechumenaleiter.org\/wp-content\/uploads\/2020\/03\/Camino_Neocatecumenal_Juan_Pablo_II_vigilia_pascual_hermanos_vestidura_blanca_19842.jpg\" data-link=\"https:\/\/neocatechumenaleiter.org\/?attachment_id=1815\" class=\"wp-image-1815\" srcset=\"https:\/\/neocatechumenaleiter.org\/wp-content\/uploads\/2020\/03\/Camino_Neocatecumenal_Juan_Pablo_II_vigilia_pascual_hermanos_vestidura_blanca_19842.jpg 366w, https:\/\/neocatechumenaleiter.org\/wp-content\/uploads\/2020\/03\/Camino_Neocatecumenal_Juan_Pablo_II_vigilia_pascual_hermanos_vestidura_blanca_19842-300x129.jpg 300w\" sizes=\"auto, (max-width: 366px) 100vw, 366px\" \/><\/figure><\/li><li class=\"blocks-gallery-item\"><figure><img loading=\"lazy\" decoding=\"async\" width=\"362\" height=\"158\" src=\"https:\/\/neocatechumenaleiter.org\/wp-content\/uploads\/2020\/03\/Camino_Neocatecumenal_Juan_Pablo_II_vigilia_pascual_hermanos_vestidura_blanca_1984.jpg\" alt=\"\" data-id=\"1822\" data-full-url=\"https:\/\/neocatechumenaleiter.org\/wp-content\/uploads\/2020\/03\/Camino_Neocatecumenal_Juan_Pablo_II_vigilia_pascual_hermanos_vestidura_blanca_1984.jpg\" data-link=\"https:\/\/neocatechumenaleiter.org\/?attachment_id=1822\" class=\"wp-image-1822\" srcset=\"https:\/\/neocatechumenaleiter.org\/wp-content\/uploads\/2020\/03\/Camino_Neocatecumenal_Juan_Pablo_II_vigilia_pascual_hermanos_vestidura_blanca_1984.jpg 362w, https:\/\/neocatechumenaleiter.org\/wp-content\/uploads\/2020\/03\/Camino_Neocatecumenal_Juan_Pablo_II_vigilia_pascual_hermanos_vestidura_blanca_1984-300x131.jpg 300w\" sizes=\"auto, (max-width: 362px) 100vw, 362px\" \/><\/figure><\/li><\/ul><\/figure>","protected":false},"excerpt":{"rendered":"<p>Paasavigiil P\u00fcha Peetruse v\u00e4ljakul: esimese P\u00fcha Francesca Cabrini koguduse Ristimislubaduste P\u00fchalik Uuendamine Neokatehhumeenilise Teekonna l\u00f5pus 21-IV-1984 P\u00fcha Johannes Paulus II P\u00fcha Peetruse v\u00e4ljak, 21. aprill 1984 Kohe peale lugemisi ja Paavsti lausutud jutluse toimus ristimisvee \u00f5nnistamise ja ristimise riitus 29 katehhumeeni jaoks, kes olid p\u00e4rit mitmetest erinevatest Riikidest. Ja ka kogu ustavate kogudus kutsuti uuendama ja taaskinnitama oma usku hetkel, kui uued vennad l\u00e4henesid altarile, et saada kristliku algatuse sakramente.<\/p>\n<div class=\"read-more\"><a class=\"btn read-more-btn\" href=\"https:\/\/neocatechumenaleiter.org\/et\/paavstide-sonad\/puha-johannes-paulus-ii\/paasavigiil-puha-peetruse-valjakul-esimese-puha-francesca-cabrini-koguduse-ristimislubaduste-puhalik-uuendamine-neokatehhumeenilise-teekonna-lopus-3-iv-1983\/\">Loe edasi<\/a><\/div>\n","protected":false},"author":2,"featured_media":0,"parent":19903,"menu_order":27,"comment_status":"closed","ping_status":"closed","template":"","meta":{"footnotes":""},"class_list":["post-39897","page","type-page","status-publish","hentry"],"_links":{"self":[{"href":"https:\/\/neocatechumenaleiter.org\/et\/wp-json\/wp\/v2\/pages\/39897","targetHints":{"allow":["GET"]}}],"collection":[{"href":"https:\/\/neocatechumenaleiter.org\/et\/wp-json\/wp\/v2\/pages"}],"about":[{"href":"https:\/\/neocatechumenaleiter.org\/et\/wp-json\/wp\/v2\/types\/page"}],"author":[{"embeddable":true,"href":"https:\/\/neocatechumenaleiter.org\/et\/wp-json\/wp\/v2\/users\/2"}],"replies":[{"embeddable":true,"href":"https:\/\/neocatechumenaleiter.org\/et\/wp-json\/wp\/v2\/comments?post=39897"}],"version-history":[{"count":5,"href":"https:\/\/neocatechumenaleiter.org\/et\/wp-json\/wp\/v2\/pages\/39897\/revisions"}],"predecessor-version":[{"id":47727,"href":"https:\/\/neocatechumenaleiter.org\/et\/wp-json\/wp\/v2\/pages\/39897\/revisions\/47727"}],"up":[{"embeddable":true,"href":"https:\/\/neocatechumenaleiter.org\/et\/wp-json\/wp\/v2\/pages\/19903"}],"wp:attachment":[{"href":"https:\/\/neocatechumenaleiter.org\/et\/wp-json\/wp\/v2\/media?parent=39897"}],"curies":[{"name":"wp","href":"https:\/\/api.w.org\/{rel}","templated":true}]}}