{"id":39914,"date":"2020-03-27T00:33:33","date_gmt":"2020-03-26T23:33:33","guid":{"rendered":"https:\/\/neocatechumenaleiter.org\/paavstide-sonad\/puha-johannes-paulus-ii\/kulastus-puha-halastuse-maarja-kogudusele-1-v-1983\/"},"modified":"2026-03-02T10:45:02","modified_gmt":"2026-03-02T09:45:02","slug":"kulastus-puha-halastuse-maarja-kogudusele-1-v-1983","status":"publish","type":"page","link":"https:\/\/neocatechumenaleiter.org\/et\/paavstide-sonad\/puha-johannes-paulus-ii\/kulastus-puha-halastuse-maarja-kogudusele-1-v-1983\/","title":{"rendered":"K\u00fclastus P\u00fcha Halastuse Maarja kogudusele 1-V-1983"},"content":{"rendered":"\n<h1 class=\"has-text-align-center wp-block-heading\">K\u00fclastus P\u00fcha Halastuse Maarja kogudusele 1-V-1983<\/h1>\n\n<div style=\"height:20px\" aria-hidden=\"true\" class=\"wp-block-spacer\"><\/div>\n\n<h4 class=\"has-text-align-center wp-block-heading\">P\u00fcha Johannes Paulus II<\/h4>\n\n<div style=\"height:20px\" aria-hidden=\"true\" class=\"wp-block-spacer\"><\/div>\n\n<p><strong>Rooma, 1. mai 1983<\/strong><\/p>\n\n<p><em>Lahkunud pastoraalse n\u00f5upidamise ruumi, P\u00fcha Isa, m\u00f6\u00f6dudes kirikust ja l\u00e4bides sisehoovi, kus oleks pidanud t\u00e4histamine toimuma, kui ilm oleks lubanud, j\u00f5udis v\u00e4ikese koguduse lasteaia juurde, mille s\u00f6\u00f6klas ootasid teda Neokatehhumeeniliste Koguduste lapsed. Laul hosianna Maarjale, kes esimesena uskus Issandasse, Neokatehhumeeniliste Koguduste t\u00fc\u00fcpiline kiituslaul, tervitas Johannes Paulus II-st lasteaeda ilmumisel.<\/em><br \/><br \/><em>Peale l\u00fchida \u00abisikliku\u00bb tutvustuse, mis k\u00f5igil oli P\u00fcha Isaga, \u00fcks koguduse vanematest p\u00f6\u00f6rdus Paavsti poole j\u00e4rgmise k\u00f5nega:<\/em><br \/><br \/>\u00a0<\/p>\n\n<p>P\u00fchadus, umbes neli aastat tagasi algas selles koguduses Neokatehhumeenilise Koguduse usutee, et taasavastada rikkust, mis peitub Ristimises, mida oleme lastena saanud. Issand saatis meile meiesarnaseid inimesi, meie katehheedid, tooma \u00dclest\u00f5usnud Jeesus Kristuse kuulutust, mis pani meid teele ja veel hoiab meid \u00fchendatuna: vaesed ja rikkad, t\u00f6\u00f6lised ja professionaalid, naised ja mehed, noored ja vanurid, abielus ja mitte abielus, terved perekonnad, ning oleme n\u00e4inud, kuidas on v\u00f5imalik elada koos, osaduses ja r\u00f5\u00f5mus, toitudes Jumala S\u00f5naga ja Euharistiaga. Me n\u00e4eme ka, kuidas Issand muudab meie elu ning annab rahu ja r\u00f5\u00f5mu iga p\u00e4ev igas olukorras ning t\u00e4idab meie kogudust andidega, esiteks Teie k\u00fclastus meie juurde t\u00e4na, mis lubab meil t\u00e4histada, siis uue 40-vennalise kogudusega, mis tekkis kuu aega tagasi ja mis lubas meil n\u00e4ha, kuidas P\u00fcha Vaim v\u00f5ib tegutseda l\u00e4bi meiesuguste vaeste inimeste. Need vennad alustavad kogemust, mida meie alustasime 4 aastat tagasi. Mina isiklikult, peale 15 aastat kaugenemist Kirikust, olin taas l\u00e4henenud otsides oma elum\u00f5tet. Selles tees ma avastasin, et seda m\u00f5tet saab mulle anda ainult Jeesus Kristus.<\/p>\n\n<p><em>Seej\u00e4rel oli katehheetide esindaja kord p\u00f6\u00f6rduda Paavsti poole:<\/em><br \/><br \/>\u00d5nnis Isa, tohutu r\u00f5\u00f5muga tutvustan Teile selle koguduse katehheetide gruppi.<br \/><br \/>Juba mitu aastat, kuuletudes CEI \u00f5petustele ja j\u00e4rgides selle p\u00f6\u00f6rdumisi, viime edasi\u00a0 p\u00fcsivat katehheeside teed, mis on liigendatud sakramentaalsete Armulaua ja Kinnitamise ning nende vahele j\u00e4\u00e4vate <em>post <\/em>Armulaua ja\u00a0<em>post<\/em> Kinnitamise katehheesides.<br \/><br \/>Raskused, mis tulenevad perekondade laste v\u00e4hesest osalemisest koosm\u00f5jus v\u00e4ikese katehheesidesse kaasatud ilmikute arvuga, tihti heidutavad meid, aga just selles me kogeme, kui suur on Jumala armastus meie vastu ja kuidas see ikka veel aitab meil k\u00f5ndida oma noortega.<br \/><br \/>Meie r\u00f5\u00f5m on v\u00e4ga suur, et Te t\u00e4na meie seas olete, ja veel rohkem, kuna me oleme kindlad, et saame s\u00f5na, mis aitab meil kindlasti j\u00e4tkata oma teenimist noorte suhtes.<\/p>\n\n<p>\n<em>Olles kuulanud oma k\u00fclaliste s\u00f5nu, P\u00fcha Isa lausus kohalolijatele j\u00e4rgmised m\u00f5tted:<\/em><\/p>\n\n<p>Ma t\u00e4nan teid teie s\u00f5nade eest. Katehhumeeniline ja neokatehhumeeniline reaalsus ning katehheesid k\u00e4ivad koos. Enne peab saama katehheese, peab saama katehhumeeniks, et valmistuda Ristimisele, ja siis, olles Ristitud, juba kinnitatud, saadakse P\u00fcha Vaimu j\u00f5udu, et edasi anda usku, millesse on olnud ristitud. See t\u00e4hendab teha katehheesi. Aga \u00f5igesti r\u00f5hutas esimene r\u00e4\u00e4kija grupi neokatehhumeenilist iseloomu, sest traditsiooniline katehhumeeniline reaalsus, Kiriku esmasel ajal, asendati siis laste Ristimisega; ja need lapsed ei saa teha Neoaktehhumeenilist Teed, nad on liiga v\u00e4ikesed, neil pole teadlikkust, tarkust, tundmist. P\u00e4rast, olles juba t\u00e4iskasvanud, juba noored, v\u00f5ivad nad alustada teed, et avastada oma Ristimise aaret. Seda teete teie Neokatehhumeenilised. Teete seda suure p\u00fchendumusega, suure entusiasmiga ja teete seda erinevates Rooma kogudustes, aga mitte ainult Roomas, vaid ka k\u00f5ikides maailma kogudustes. Ma soovin teile selle tee j\u00e4tkamist, olla P\u00fcha Vaimule ustavad, olla tema andide ja tema valguste viijad teistele. Katehheetidele tahan \u00f6elda, et nad on v\u00f5tnud kohustuse, mis tuleneb meie Ristimisest ja meie Kinnitamisest. Kui me saame t\u00e4iskasvanud kristlasteks, peame viima neid vilju ja neid usuvilju viiakse andes usku teistele, valgustades teiste usku. See \u00fclesanne, m\u00f5istetavalt, on vanemate, perekonna peamine \u00fclesanne. Usu edasi andmine perekonnas on alati h\u00e4davajalik. \u00d6eldakse, et perekond on kodune kirik, sest seal antakse usk edasi vanematelt lastele, noortele. Muidugi peavad seda tegema ka katehheedid Kirikus ning mitte ainult vanemad ja perekond. Kogudusel peavad olema oma katehheedid. Katehheetideks on koguduses preestrid, nunnad, kui neid on ettevalmistatud selleks \u00fclesandeks, aga nendeks on ka paljud ilmikud, kes enne valmistuvad ja siis p\u00fchenduvad sellele apostolaadi teekonnale; Jumala S\u00f5na apostolaadile. Te laulsite palju usust, mis on Maarjal, kes uskus Issanda S\u00f5nasse. Maarja, tegelikult, on usu k\u00f5ige t\u00e4ielikum n\u00e4ide; ta on usu t\u00e4ielikkus ning Maarja on ka esimene katehheet. Kui me vaatame tema katehheetlikule tegevusele, mida ta t\u00e4na maailmas l\u00e4bi viib, mida ta on k\u00f5ikides ajastutes l\u00e4bi viinud, me m\u00e4rkame, et see on tohutu. Ma soovitan teil vaadata Kristuse Ema, esimest katehheeti, et teda j\u00e4ljendada oma katehheedi t\u00f6\u00f6s.  (*) Vrd \u00abL&#8217;Osservatore Romano\u00bb, 2.-3. mai 1983.<\/p>\n","protected":false},"excerpt":{"rendered":"<p>K\u00fclastus P\u00fcha Halastuse Maarja kogudusele 1-V-1983 P\u00fcha Johannes Paulus II Rooma, 1. mai 1983 Lahkunud pastoraalse n\u00f5upidamise ruumi, P\u00fcha Isa, m\u00f6\u00f6dudes kirikust ja l\u00e4bides sisehoovi, kus oleks pidanud t\u00e4histamine toimuma, kui ilm oleks lubanud, j\u00f5udis v\u00e4ikese koguduse lasteaia juurde, mille s\u00f6\u00f6klas ootasid teda Neokatehhumeeniliste Koguduste lapsed. Laul hosianna Maarjale, kes esimesena uskus Issandasse, Neokatehhumeeniliste Koguduste t\u00fc\u00fcpiline kiituslaul, tervitas Johannes Paulus II-st lasteaeda ilmumisel. Peale l\u00fchida \u00abisikliku\u00bb tutvustuse, mis k\u00f5igil oli<\/p>\n<div class=\"read-more\"><a class=\"btn read-more-btn\" href=\"https:\/\/neocatechumenaleiter.org\/et\/paavstide-sonad\/puha-johannes-paulus-ii\/kulastus-puha-halastuse-maarja-kogudusele-1-v-1983\/\">Loe edasi<\/a><\/div>\n","protected":false},"author":2,"featured_media":0,"parent":19903,"menu_order":21,"comment_status":"closed","ping_status":"closed","template":"","meta":{"footnotes":""},"class_list":["post-39914","page","type-page","status-publish","hentry"],"_links":{"self":[{"href":"https:\/\/neocatechumenaleiter.org\/et\/wp-json\/wp\/v2\/pages\/39914","targetHints":{"allow":["GET"]}}],"collection":[{"href":"https:\/\/neocatechumenaleiter.org\/et\/wp-json\/wp\/v2\/pages"}],"about":[{"href":"https:\/\/neocatechumenaleiter.org\/et\/wp-json\/wp\/v2\/types\/page"}],"author":[{"embeddable":true,"href":"https:\/\/neocatechumenaleiter.org\/et\/wp-json\/wp\/v2\/users\/2"}],"replies":[{"embeddable":true,"href":"https:\/\/neocatechumenaleiter.org\/et\/wp-json\/wp\/v2\/comments?post=39914"}],"version-history":[{"count":5,"href":"https:\/\/neocatechumenaleiter.org\/et\/wp-json\/wp\/v2\/pages\/39914\/revisions"}],"predecessor-version":[{"id":47739,"href":"https:\/\/neocatechumenaleiter.org\/et\/wp-json\/wp\/v2\/pages\/39914\/revisions\/47739"}],"up":[{"embeddable":true,"href":"https:\/\/neocatechumenaleiter.org\/et\/wp-json\/wp\/v2\/pages\/19903"}],"wp:attachment":[{"href":"https:\/\/neocatechumenaleiter.org\/et\/wp-json\/wp\/v2\/media?parent=39914"}],"curies":[{"name":"wp","href":"https:\/\/api.w.org\/{rel}","templated":true}]}}