{"id":39918,"date":"2020-03-27T00:46:09","date_gmt":"2020-03-26T23:46:09","guid":{"rendered":"https:\/\/neocatechumenaleiter.org\/paavstide-sonad\/puha-johannes-paulus-ii\/euharistia-neokatehhumeeniliste-koguduste-noorte-grupile-kes-valmistub-seminarisse-minekuks-3-vii-1983\/"},"modified":"2026-03-02T10:43:40","modified_gmt":"2026-03-02T09:43:40","slug":"euharistia-neokatehhumeeniliste-koguduste-noorte-grupile-kes-valmistub-seminarisse-minekuks-3-vii-1983","status":"publish","type":"page","link":"https:\/\/neocatechumenaleiter.org\/et\/paavstide-sonad\/puha-johannes-paulus-ii\/euharistia-neokatehhumeeniliste-koguduste-noorte-grupile-kes-valmistub-seminarisse-minekuks-3-vii-1983\/","title":{"rendered":"Euharistia Neokatehhumeeniliste Koguduste noorte grupile, kes valmistub seminarisse minekuks 3-VII-1983"},"content":{"rendered":"\n<h1 class=\"has-text-align-center wp-block-heading\">Euharistia Neokatehhumeeniliste Koguduste noorte grupile, kes valmistub seminarisse minekuks 3-VII-1983<\/h1>\n\n<div style=\"height:20px\" aria-hidden=\"true\" class=\"wp-block-spacer\"><\/div>\n\n<h4 class=\"has-text-align-center wp-block-heading\">P\u00fcha Johannes Paulus II<\/h4>\n\n<div style=\"height:20px\" aria-hidden=\"true\" class=\"wp-block-spacer\"><\/div>\n\n<p><strong>Vatikani Aiad, 3. juuli 1983<\/strong><\/p>\n\n<p><em>\u00abL\u00f5ikust on palju, t\u00f6\u00f6tegijaid aga v\u00e4he. Paluge siis l\u00f5ikuse Issandat, et ta saadaks t\u00f6\u00f6tegijaid v\u00e4lja oma l\u00f5ikusele\u00bb. See kuulus Luuka Evangeeliumi salm, mida pakub p\u00e4evaliturgia, oli eilse, p\u00fchap\u00e4eva 3. juuli, mediteerimise ja palve keskpunktiks P\u00fcha Isa juures koos umbes neljasaja noorega, kes Porto S. Giorgios (Ascoli Picenos) elasid eelmisel n\u00e4dalal kolmep\u00e4evast vaimset retriiti kutsumuse teemal. Euharistia, millega Paavst tahtis n\u00e4idata nendele noortele, kes olid p\u00fchendunud t\u00f5sisele ja vastutustundlikule kutsumuse teekonnale, oma isalikku s\u00fcmpaatiat ja oma julgustust, toimus hommikul Lourdes&#8217;i Neitsi koopa altari ees, Vatikani Aedades. Noorte seas &#8211; k\u00f5ik suundusid kutsumusele m\u00f5tisklema Neokatehhumeenilise Tee poolt saadetuna<\/em><br \/><br \/><em>&#8211; oli juba viisk\u00fcmmend seminaristi sajaviiek\u00fcmnest, keda Neokatehhumeenilised Kogudused on siiamaani andnud Itaalia Kirikule. Aga nende noorte seas, kes eile palvetasid Paavstiga, paljud teised, juba \u00fcle kuuek\u00fcmne, on valmis vastama kutsumusele, mida ka \u00e4sja l\u00f5ppenud vaimne retriit aitas selgeks teha.<\/em><br \/><br \/><em>Suure kaetud laua \u00fcmber, mis oli rahva keskel, umbes kolmk\u00fcmmend preestrit t\u00e4histasid Paavstiga. Kiko Arg\u00fcello \u2013 kes Carmen Hern\u00e1ndeziga, kes oli ka kohal, on Neokatehhumeenilise Tee edendaja ja eestvedaja \u2013 juhtis rahva laulmist.<\/em><\/p>\n\n<div class=\"wp-block-image\"><figure class=\"alignright size-medium\"><img loading=\"lazy\" decoding=\"async\" width=\"300\" height=\"242\" src=\"https:\/\/neocatechumenaleiter.org\/wp-content\/uploads\/2020\/03\/Camino_Neocatecumenal_Juan_Pablo_II_eucaristia_jardines_vaticano_1983-300x242.jpg\" alt=\"\" class=\"wp-image-1763\" srcset=\"https:\/\/neocatechumenaleiter.org\/wp-content\/uploads\/2020\/03\/Camino_Neocatecumenal_Juan_Pablo_II_eucaristia_jardines_vaticano_1983-300x242.jpg 300w, https:\/\/neocatechumenaleiter.org\/wp-content\/uploads\/2020\/03\/Camino_Neocatecumenal_Juan_Pablo_II_eucaristia_jardines_vaticano_1983.jpg 701w\" sizes=\"auto, (max-width: 300px) 100vw, 300px\" \/><\/figure><\/div>\n\n<p><em>Jutluse ajal p\u00f6\u00f6rdus P\u00fcha Isa rahva poole nii:<\/em><\/p>\n\n<p>1. \u00abL\u00f5ikust on palju, t\u00f6\u00f6tegijaid aga v\u00e4he. Paluge siis l\u00f5ikuse Issandat, et ta saadaks t\u00f6\u00f6tegijaid v\u00e4lja oma l\u00f5ikusele\u00bb (Lk 10,2). See lause, t\u00e4is ehmatust ja avatud lootusele, kallid seminaristid ja kallid noored, k\u00f5lab t\u00e4na meie jaoks, kes oleme siia kogunenud Lourdes&#8217;i Koopa ette, Euharistia alguses, mis viiakse l\u00e4bi nii t\u00e4henduslikus raamis.<br \/><br \/><strong>T\u00f6\u00f6tegijaid on v\u00e4he<\/strong>: probleem tekkis Jeesusele, kui ta pidi j\u00e4tma oma j\u00fcngritele \u00fclesande kuulutada Evangeeliumit rahvale; seesama probleem esineb ka meie p\u00e4evil, v\u00e4ga aktuaalne ja alati pealesuruvana. Lugematud rahvad, \u00fcle kogu maailma, ootavad lootuse s\u00f5na. Eilne, t\u00e4nane, alatine probleem. <strong>Maailma rahvad kasvavad pidevalt arvuliselt ning janunevad enam-v\u00e4hem teadlikult avastada t\u00e4htsaid v\u00e4\u00e4rtusi, mis annavad inimelule m\u00f5tet.<\/strong> Kes on juba vastu v\u00f5tnud Evangeeliumit, riskivad seda unustada, surutud, nagu nad on, igalt poolt meelitavatest plaanidest, mis on aga tihti t\u00fchjad; neil on seep\u00e4rast vaja kedagi, kes aitaks neil taaselada Jeesuse s\u00f5na. Pealegi, t\u00f5de, mida peab kuulutama, on nii rikas ja lai, et see vajab pidevat s\u00fcvenemist, et m\u00f5ista kogu selle v\u00e4\u00e4rtuslikkust ja maitsta kogu magusust. Need l\u00fchikesed m\u00e4rgid, t\u00e4nase Evangeeliumi poolt inspireeritud, on piisavad, et me saaksime hakata n\u00e4gema, kui vajalik on lakkamatult h\u00fc\u00fcda appi \u00ab l\u00f5ikuse Issandat, et ta saadaks t\u00f6\u00f6tegijaid v\u00e4lja oma l\u00f5ikusele\u00bb (Lk 10,2).<\/p>\n\n<p>2. S\u00f5num, mida tuleb kuulutada, on ennek\u00f5ike inimese p\u00e4\u00e4stmise s\u00f5num: \u00a0\u00ab<strong>\u00f6elge neile: Jumala riik on teie l\u00e4hedal<\/strong>\u00bb (Lk 10,9). Jumala Riik, mis on tema armastuse v\u00f5it iga inimliku patu ja viletsuse \u00fcle, see on juba meie keskel. Ja veel, see on lootuse ja lohutuse s\u00f5num, nagu oli ette kuulutanud Prohvet Jesaja: \u00abR\u00f5\u00f5mustage koos Jeruusalemmaga&#8230; <span class=\"q qb\">Otsekui tr\u00f6\u00f6stiks teid ema, <\/span><span class=\"q\">n\u00f5nda tr\u00f6\u00f6stin ma teid&#8230; Teie n\u00e4ete seda ja teie s\u00fcda r\u00f5\u00f5mustab\u00bb (Js 66,10-14). Inimese saatuseks ongi realiseerida Kristus Lunastajas oma jumaliku kutsumuse t\u00e4iust. See on lisaks ka rahu ja armastuse s\u00f5num: \u00ab\u00dctelge esmalt: \u201eRahu olgu\u00a0<span class=\"lbreak\">&#013;\n<\/span>sellele kojale!\u201d&#8230; ja tehke terveks sealsed haiged\u00bb (Lk 10,5-9). Jumala Riik ehitatakse ajalooga, pakkudes juba siin ilmas oma p\u00f6\u00f6rdumise, \u00fchendamise, inimestevahelise armastuse vilju.<\/span><\/p>\n\n<div class=\"wp-block-image\"><figure class=\"alignleft size-large\"><img loading=\"lazy\" decoding=\"async\" width=\"701\" height=\"569\" src=\"https:\/\/neocatechumenaleiter.org\/wp-content\/uploads\/2020\/03\/Camino_Neocatecumenal_Juan_Pablo_II_eucaristia_jardines_vaticano_19832.jpg\" alt=\"\" class=\"wp-image-1756\" srcset=\"https:\/\/neocatechumenaleiter.org\/wp-content\/uploads\/2020\/03\/Camino_Neocatecumenal_Juan_Pablo_II_eucaristia_jardines_vaticano_19832.jpg 701w, https:\/\/neocatechumenaleiter.org\/wp-content\/uploads\/2020\/03\/Camino_Neocatecumenal_Juan_Pablo_II_eucaristia_jardines_vaticano_19832-300x244.jpg 300w\" sizes=\"auto, (max-width: 701px) 100vw, 701px\" \/><\/figure><\/div>\n\n<p>3. Milline peab olema\u00a0<strong>j\u00fcnger<\/strong>, millise vaimuga peab ta l\u00e4bi viima oma misjonit? Ta peab ennek\u00f5ike olema teadlik raskest ja vahel vaenulikust reaalsusest, mis teda ootab:\u00a0\u00abMa l\u00e4kitan teid kui lambaid huntide sekka\u00bb (Lk 10,3); seda reaalsust on muudetud vanulikuks kurja tegudest.<br \/><br \/>Seep\u00e4rast \u00fcritab j\u00fcnger olla vaba igasugustest inimlikest m\u00f5jutamistest: \u00ab\u00c4rge kandke kukrut ega pauna ega jalatseid\u00bb (Lk 10,4), et toetuda ainult\u00a0<strong>Kristuse Ristile<\/strong>, millest tuleb meie lunastus, nagu \u00fctleb P\u00fcha Paulus teises lugemises.\u00a0<strong>Leida au Ristis\u00a0<\/strong>t\u00e4hendab h\u00fcljata igasugust isikliku uhkustamise p\u00f5hjust, et elada ainult usust ja t\u00e4nu andmises p\u00e4\u00e4stest, mis tuleneb meile Jeesuse ohverdusest. See, mis l\u00f6\u00f6dakse risti on isikliku egoismi, enesepiisavuse, oma v\u00e4\u00e4rilisuse kindluse maailm.<\/p>\n\n<p>Kallid seminaristid ja kallid noored, j\u00fcngri misjon on\u00a0<strong>\u00fclimuslik\u00a0misjon<\/strong>, p\u00f5nev ja suunatud kogu maailma headusele; see n\u00f5uab palju lahkust, mis \u00fcletab suuresti inimese oskuseid. Seep\u00e4rast on vaja p\u00f6\u00f6rata oma vaim k\u00f5rgele, h\u00fc\u00fcdes appi jumalikku abi, mida teie t\u00f5lgendate usaldusega l\u00e4bi Jeesuse Ema ja meie Ema eestkoste. Ma soovin teile olla rahulolevad j\u00fcngrid oma misjonit teostades, sest teadlikud, sest usaldavad, sest vaimselt vabad.<br \/><br \/>Jeesuse poolt saadetud j\u00fcngrid \u00abp\u00f6\u00f6rdusid r\u00f5\u00f5muga tagasi\u00bb (Lk 10,17). Ka teie, nende Preesterlusele valmistamise aastatel, \u00f5pite\u00a0<strong>r\u00f5\u00f5msad olemise\u00a0<\/strong>kunsti, mitte inimlike p\u00f5hjuste p\u00e4rast, vaid p\u00f5hinedes kindlusele, et \u00ab<strong>et teie nimed on taevasse kirja pandud<\/strong>\u00bb (Lk 10,20), st et te olete Kristus Jeesuse armatuse ette m\u00e4\u00e4ratud. Tema kutsus teid teie perekondadest, teie kiriklike koguduste ihust, et teha teist oma koost\u00f6\u00f6tegijad, oma preestrid, oma jumalike m\u00fcsteeriumite jagajad.<\/p>\n\n<p><strong>R\u00f5\u00f5m on P\u00fcha Vaimu tegu meis\u00a0<\/strong>(vrd Gl 5,22). Tema sisemisele juhtimisele, tema j\u00f5ulisele ja veatule toetusele usaldage oma kutsumus, et see saaks k\u00fcpseda \u00abin pace et gaudio\u00bb ja nii anda igavese elu k\u00fclluslikke vilju.<\/p>\n","protected":false},"excerpt":{"rendered":"<p>Euharistia Neokatehhumeeniliste Koguduste noorte grupile, kes valmistub seminarisse minekuks 3-VII-1983 P\u00fcha Johannes Paulus II Vatikani Aiad, 3. juuli 1983 \u00abL\u00f5ikust on palju, t\u00f6\u00f6tegijaid aga v\u00e4he. Paluge siis l\u00f5ikuse Issandat, et ta saadaks t\u00f6\u00f6tegijaid v\u00e4lja oma l\u00f5ikusele\u00bb. See kuulus Luuka Evangeeliumi salm, mida pakub p\u00e4evaliturgia, oli eilse, p\u00fchap\u00e4eva 3. juuli, mediteerimise ja palve keskpunktiks P\u00fcha Isa juures koos umbes neljasaja noorega, kes Porto S. Giorgios (Ascoli Picenos) elasid eelmisel n\u00e4dalal kolmep\u00e4evast<\/p>\n<div class=\"read-more\"><a class=\"btn read-more-btn\" href=\"https:\/\/neocatechumenaleiter.org\/et\/paavstide-sonad\/puha-johannes-paulus-ii\/euharistia-neokatehhumeeniliste-koguduste-noorte-grupile-kes-valmistub-seminarisse-minekuks-3-vii-1983\/\">Loe edasi<\/a><\/div>\n","protected":false},"author":2,"featured_media":0,"parent":19903,"menu_order":22,"comment_status":"closed","ping_status":"closed","template":"","meta":{"footnotes":""},"class_list":["post-39918","page","type-page","status-publish","hentry"],"_links":{"self":[{"href":"https:\/\/neocatechumenaleiter.org\/et\/wp-json\/wp\/v2\/pages\/39918","targetHints":{"allow":["GET"]}}],"collection":[{"href":"https:\/\/neocatechumenaleiter.org\/et\/wp-json\/wp\/v2\/pages"}],"about":[{"href":"https:\/\/neocatechumenaleiter.org\/et\/wp-json\/wp\/v2\/types\/page"}],"author":[{"embeddable":true,"href":"https:\/\/neocatechumenaleiter.org\/et\/wp-json\/wp\/v2\/users\/2"}],"replies":[{"embeddable":true,"href":"https:\/\/neocatechumenaleiter.org\/et\/wp-json\/wp\/v2\/comments?post=39918"}],"version-history":[{"count":11,"href":"https:\/\/neocatechumenaleiter.org\/et\/wp-json\/wp\/v2\/pages\/39918\/revisions"}],"predecessor-version":[{"id":47737,"href":"https:\/\/neocatechumenaleiter.org\/et\/wp-json\/wp\/v2\/pages\/39918\/revisions\/47737"}],"up":[{"embeddable":true,"href":"https:\/\/neocatechumenaleiter.org\/et\/wp-json\/wp\/v2\/pages\/19903"}],"wp:attachment":[{"href":"https:\/\/neocatechumenaleiter.org\/et\/wp-json\/wp\/v2\/media?parent=39918"}],"curies":[{"name":"wp","href":"https:\/\/api.w.org\/{rel}","templated":true}]}}