{"id":39934,"date":"2020-03-27T05:21:29","date_gmt":"2020-03-27T04:21:29","guid":{"rendered":"https:\/\/neocatechumenaleiter.org\/paavstide-sonad\/puha-johannes-paulus-ii\/kulastus-suure-jumalaema-kogudusele-11-xi-1984\/"},"modified":"2026-03-02T10:39:41","modified_gmt":"2026-03-02T09:39:41","slug":"kulastus-suure-jumalaema-kogudusele-11-xi-1984","status":"publish","type":"page","link":"https:\/\/neocatechumenaleiter.org\/et\/paavstide-sonad\/puha-johannes-paulus-ii\/kulastus-suure-jumalaema-kogudusele-11-xi-1984\/","title":{"rendered":"K\u00fclastus Suure Jumalaema kogudusele 11-XI-1984"},"content":{"rendered":"\n<h1 class=\"has-text-align-center wp-block-heading\">K\u00fclastus Suure Jumalaema kogudusele 11-XI-1984<\/h1>\n\n<div style=\"height:20px\" aria-hidden=\"true\" class=\"wp-block-spacer\"><\/div>\n\n<h4 class=\"has-text-align-center wp-block-heading\">P\u00fcha Johannes Paulus II<\/h4>\n\n<div style=\"height:20px\" aria-hidden=\"true\" class=\"wp-block-spacer\"><\/div>\n\n<p><strong>Rooma, 11. november 1984<\/strong><\/p>\n\n<p><em>Koguduse kirikus kohtus P\u00fcha Isa nelja Neokatehhumeenilise Koguduse liikmetega &#8211; kokku umbes sadakolmk\u00fcmmend inimest &#8211; kes tegutsevad koguduses. Nendele, kes olid kohal terve perekonnaga, Johannes Paulus II lausus j\u00e4rgmised s\u00f5nad:<\/em><\/p>\n\n<p>Teie, oma usuteekonnas, olete teinud kaks avastust: esimene on Ristimine, kuna juba nimi \u00abNeokatehhumeeniline\u00bb viitab sellele sakramendile, milles peitub Jumala poolt Kristusega P\u00fchas Vaimus pakutud jumaliku elu suurus; teine avastus on elujulguse avastus. Usku peab tunnistama, ilmutama, seda peab teistele viima, maailmale viima. Teil on see usujulgus, mis puudub tihti kristlastel, ka ristitutel. See on eelk\u00f5ige kristlase igap\u00e4evaelu puudus. Teil on see usu ilmutamise julguse karisma. Ma soovin teile, et te teeksite head t\u00f6\u00f6d selle krisma s\u00fcvendamisel ja head apostellikku t\u00f6\u00f6d Suure Jumalaema koguduses. Ma soovin teile, et te leiaksite palju r\u00f5\u00f5mu selles kutsumuses, palju r\u00f5\u00f5mu oma perekondades, palju r\u00f5\u00f5mu oma lastes, keda te eriti armastate ja kellele annate kogu elu. Saagu te nendest lastest suurt rahulolu. Nad on eelneva p\u00f5lvkonna lootus. Selle sooviga \u00f5nnistan s\u00fcdamest teid ja k\u00f5iki inimesi, kes on teie l\u00e4hedal ning kelle juurde te l\u00e4hete oma r\u00e4ndapostolaadis. &#013;\n&#013;\n(*) Vrd \u00abL&#8217;Osservatore Romano\u00bb, 12.-13. november1984.<\/p>\n","protected":false},"excerpt":{"rendered":"<p>K\u00fclastus Suure Jumalaema kogudusele 11-XI-1984 P\u00fcha Johannes Paulus II Rooma, 11. november 1984 Koguduse kirikus kohtus P\u00fcha Isa nelja Neokatehhumeenilise Koguduse liikmetega &#8211; kokku umbes sadakolmk\u00fcmmend inimest &#8211; kes tegutsevad koguduses. Nendele, kes olid kohal terve perekonnaga, Johannes Paulus II lausus j\u00e4rgmised s\u00f5nad: Teie, oma usuteekonnas, olete teinud kaks avastust: esimene on Ristimine, kuna juba nimi \u00abNeokatehhumeeniline\u00bb viitab sellele sakramendile, milles peitub Jumala poolt Kristusega P\u00fchas Vaimus pakutud jumaliku elu<\/p>\n<div class=\"read-more\"><a class=\"btn read-more-btn\" href=\"https:\/\/neocatechumenaleiter.org\/et\/paavstide-sonad\/puha-johannes-paulus-ii\/kulastus-suure-jumalaema-kogudusele-11-xi-1984\/\">Loe edasi<\/a><\/div>\n","protected":false},"author":2,"featured_media":0,"parent":19903,"menu_order":29,"comment_status":"closed","ping_status":"closed","template":"","meta":{"footnotes":""},"class_list":["post-39934","page","type-page","status-publish","hentry"],"_links":{"self":[{"href":"https:\/\/neocatechumenaleiter.org\/et\/wp-json\/wp\/v2\/pages\/39934","targetHints":{"allow":["GET"]}}],"collection":[{"href":"https:\/\/neocatechumenaleiter.org\/et\/wp-json\/wp\/v2\/pages"}],"about":[{"href":"https:\/\/neocatechumenaleiter.org\/et\/wp-json\/wp\/v2\/types\/page"}],"author":[{"embeddable":true,"href":"https:\/\/neocatechumenaleiter.org\/et\/wp-json\/wp\/v2\/users\/2"}],"replies":[{"embeddable":true,"href":"https:\/\/neocatechumenaleiter.org\/et\/wp-json\/wp\/v2\/comments?post=39934"}],"version-history":[{"count":5,"href":"https:\/\/neocatechumenaleiter.org\/et\/wp-json\/wp\/v2\/pages\/39934\/revisions"}],"predecessor-version":[{"id":47723,"href":"https:\/\/neocatechumenaleiter.org\/et\/wp-json\/wp\/v2\/pages\/39934\/revisions\/47723"}],"up":[{"embeddable":true,"href":"https:\/\/neocatechumenaleiter.org\/et\/wp-json\/wp\/v2\/pages\/19903"}],"wp:attachment":[{"href":"https:\/\/neocatechumenaleiter.org\/et\/wp-json\/wp\/v2\/media?parent=39934"}],"curies":[{"name":"wp","href":"https:\/\/api.w.org\/{rel}","templated":true}]}}