{"id":39938,"date":"2020-03-27T05:28:04","date_gmt":"2020-03-27T04:28:04","guid":{"rendered":"https:\/\/neocatechumenaleiter.org\/paavstide-sonad\/puha-johannes-paulus-ii\/kulastus-casal-morena-puha-anna-kogudusele-2-xii-1984\/"},"modified":"2026-03-02T10:39:12","modified_gmt":"2026-03-02T09:39:12","slug":"kulastus-casal-morena-puha-anna-kogudusele-2-xii-1984","status":"publish","type":"page","link":"https:\/\/neocatechumenaleiter.org\/et\/paavstide-sonad\/puha-johannes-paulus-ii\/kulastus-casal-morena-puha-anna-kogudusele-2-xii-1984\/","title":{"rendered":"K\u00fclastus Casal Morena P\u00fcha Anna kogudusele 2-XII-1984"},"content":{"rendered":"\n<h1 class=\"has-text-align-center wp-block-heading\">K\u00fclastus Casal Morena P\u00fcha Anna kogudusele 2-XII-1984<\/h1>\n\n<div style=\"height:20px\" aria-hidden=\"true\" class=\"wp-block-spacer\"><\/div>\n\n<h4 class=\"has-text-align-center wp-block-heading\">P\u00fcha Johannes Paulus II<\/h4>\n\n<div style=\"height:20px\" aria-hidden=\"true\" class=\"wp-block-spacer\"><\/div>\n\n<p><strong>Rooma, 2. detsember 1984<\/strong><\/p>\n\n<p><em>Neokatehhumeenilised, kes olid sadak\u00fcmme, kuid kes olid kohal k\u00f5ikide perekondadega, olid esimesed, kes kohtusid Johannes Paulus II-ga. Nad v\u00f5tsid ta vastu saalis, mida nad tavaliselt kasutavad Missa p\u00fchitsemiseks, nendele iseloomuliku stiiliga, lauldes ja r\u00fctmistades h\u00e4\u00e4lt k\u00e4te plaksutamisega.<\/em><br \/><br \/><em>T\u00f5eline arm meie koguduse jaoks, \u00fctles nende isa Amedeo ning kordas seda Paavstile tutvustades talle neid, kes, olles koguduse k\u00f5rval esimesest hetkest alates, kui veel polnud muud kui v\u00e4ike kabeli ruum, kuhu ei mahtunud peaaegu sada inimestki, oskasid edasi anda, eelk\u00f5ige noortele, kes valmistusid kristliku algatuse sakramente saama, oma kuulamise ja Jumala S\u00f5naga silmitsi seismise vaimu.<\/em><br \/><br \/><em>Nendega, nagu \u00fctles isa Amedeo, oleme elanud esimest vaesust: kui meil polnud isegi ruumi, et koos olla; nendega me elasime teist vaesust: et meie s\u00fcda oli nii v\u00e4he toidetud Kristuse vaimust nagu me avastasime seda seistes silmitsi tema S\u00f5naga; nendega me elame seda kolmandat vaesust: milliseks on muutunud meie k\u00e4itumine Armu ees, mida iga p\u00e4ev antakse meile ja mida me tahame s\u00e4ilitada t\u00f5elise s\u00fcdame rikkusena.<\/em><br \/><br \/><em>Paavst, selle j\u00e4rel kui \u00fcks kolme koguduse esindaja oli talle l\u00fchidalt jutustanud juba tehtud Tee samme, lausus kohale tulnutele j\u00e4rgmised s\u00f5nad:<\/em><\/p>\n\n<div class=\"wp-block-image\"><figure class=\"alignleft size-medium\"><img loading=\"lazy\" decoding=\"async\" width=\"300\" height=\"242\" src=\"https:\/\/neocatechumenaleiter.org\/wp-content\/uploads\/2020\/03\/Camino_Neocatecumenal_Juan_Pablo_II_visita_parroquia_Santa_Ana_1984-300x242.jpg\" alt=\"\" class=\"wp-image-1852\" srcset=\"https:\/\/neocatechumenaleiter.org\/wp-content\/uploads\/2020\/03\/Camino_Neocatecumenal_Juan_Pablo_II_visita_parroquia_Santa_Ana_1984-300x242.jpg 300w, https:\/\/neocatechumenaleiter.org\/wp-content\/uploads\/2020\/03\/Camino_Neocatecumenal_Juan_Pablo_II_visita_parroquia_Santa_Ana_1984.jpg 697w\" sizes=\"auto, (max-width: 300px) 100vw, 300px\" \/><\/figure><\/div>\n\n<p>Te juhatasite mind v\u00e4ga h\u00e4sti sisse sellesse, mis on teie kogudus selles kihelkonnas. Seda tegi koguduse preester enne ja siis teie oma esindaja kaudu. Ma n\u00e4en, et see kogudus ehitatakse ka hoonena, materiaalselt, aga me teame h\u00e4sti, et kogudus ehitatakse eelk\u00f5ige usule, Ristimisele, mis valmistab meid Euharistiale: see ongi vaimne ehitus. Ristimine t\u00e4hendab ka Katehhumenaat ja Neokatehhumenaat t\u00e4hendab, et peab alati naasma sellele Teele, mis \u00fckskord valmistas meie esmaseid, esimesi kristlasi, Ristimisele, et saada Jumala lasteks, et saada Kristuse kaasp\u00e4rijateks. Vaat, neokatehhumeeniline, ajalise reaalsusena, t\u00e4hendab kogudust, kes leiab taas kihelkonnas kristliku elu uudsust, selle v\u00e4rskust, selle originaalsust, sest see ongi elu oma tervklikus t\u00e4henduses, jumalik elu. See on elu, mis ootab meid kogu igavikuks, mitte ainult need eluaastad maa peal. Elu Jumalaga, elu Jumala lastena, hingestatud Jumala ainus\u00fcndinud Pojast, kes on S\u00f5na, lihaks saanud ja s\u00fcndinud Neitsis Maarjast: Jeesus Kristus. Ma soovin teile, et te oleksite kristliku elu uudsuse hea p\u00e4rm selles P\u00fcha Anna koguduses.<\/p>\n\n<p>\u00d5nnistan teid s\u00fcdamest.<br \/><br \/>\u00a0<br \/><br \/><em>(*) Vrd \u00abL&#8217;Osservatore Romano\u00bb, 3.-4. detsember 1984.<\/em><\/p>\n","protected":false},"excerpt":{"rendered":"<p>K\u00fclastus Casal Morena P\u00fcha Anna kogudusele 2-XII-1984 P\u00fcha Johannes Paulus II Rooma, 2. detsember 1984 Neokatehhumeenilised, kes olid sadak\u00fcmme, kuid kes olid kohal k\u00f5ikide perekondadega, olid esimesed, kes kohtusid Johannes Paulus II-ga. Nad v\u00f5tsid ta vastu saalis, mida nad tavaliselt kasutavad Missa p\u00fchitsemiseks, nendele iseloomuliku stiiliga, lauldes ja r\u00fctmistades h\u00e4\u00e4lt k\u00e4te plaksutamisega. T\u00f5eline arm meie koguduse jaoks, \u00fctles nende isa Amedeo ning kordas seda Paavstile tutvustades talle neid, kes, olles<\/p>\n<div class=\"read-more\"><a class=\"btn read-more-btn\" href=\"https:\/\/neocatechumenaleiter.org\/et\/paavstide-sonad\/puha-johannes-paulus-ii\/kulastus-casal-morena-puha-anna-kogudusele-2-xii-1984\/\">Loe edasi<\/a><\/div>\n","protected":false},"author":2,"featured_media":0,"parent":19903,"menu_order":30,"comment_status":"closed","ping_status":"closed","template":"","meta":{"footnotes":""},"class_list":["post-39938","page","type-page","status-publish","hentry"],"_links":{"self":[{"href":"https:\/\/neocatechumenaleiter.org\/et\/wp-json\/wp\/v2\/pages\/39938","targetHints":{"allow":["GET"]}}],"collection":[{"href":"https:\/\/neocatechumenaleiter.org\/et\/wp-json\/wp\/v2\/pages"}],"about":[{"href":"https:\/\/neocatechumenaleiter.org\/et\/wp-json\/wp\/v2\/types\/page"}],"author":[{"embeddable":true,"href":"https:\/\/neocatechumenaleiter.org\/et\/wp-json\/wp\/v2\/users\/2"}],"replies":[{"embeddable":true,"href":"https:\/\/neocatechumenaleiter.org\/et\/wp-json\/wp\/v2\/comments?post=39938"}],"version-history":[{"count":3,"href":"https:\/\/neocatechumenaleiter.org\/et\/wp-json\/wp\/v2\/pages\/39938\/revisions"}],"predecessor-version":[{"id":47721,"href":"https:\/\/neocatechumenaleiter.org\/et\/wp-json\/wp\/v2\/pages\/39938\/revisions\/47721"}],"up":[{"embeddable":true,"href":"https:\/\/neocatechumenaleiter.org\/et\/wp-json\/wp\/v2\/pages\/19903"}],"wp:attachment":[{"href":"https:\/\/neocatechumenaleiter.org\/et\/wp-json\/wp\/v2\/media?parent=39938"}],"curies":[{"name":"wp","href":"https:\/\/api.w.org\/{rel}","templated":true}]}}