{"id":39985,"date":"2020-03-27T04:53:47","date_gmt":"2020-03-27T03:53:47","guid":{"rendered":"https:\/\/neocatechumenaleiter.org\/paavstide-sonad\/puha-johannes-paulus-ii\/visiit-puha-hippolytuse-kogudusele-12-ii-1984\/"},"modified":"2026-03-02T10:42:07","modified_gmt":"2026-03-02T09:42:07","slug":"visiit-puha-hippolytuse-kogudusele-12-ii-1984","status":"publish","type":"page","link":"https:\/\/neocatechumenaleiter.org\/et\/paavstide-sonad\/puha-johannes-paulus-ii\/visiit-puha-hippolytuse-kogudusele-12-ii-1984\/","title":{"rendered":"Visiit P\u00fcha Hippolytuse kogudusele 12-II-1984"},"content":{"rendered":"\n<h1 class=\"has-text-align-center wp-block-heading\">Visiit P\u00fcha Hippolytuse kogudusele 12-II-1984<\/h1>\n\n<div style=\"height:20px\" aria-hidden=\"true\" class=\"wp-block-spacer\"><\/div>\n\n<h4 class=\"has-text-align-center wp-block-heading\">P\u00fcha Johannes Paulus II<\/h4>\n\n<div style=\"height:20px\" aria-hidden=\"true\" class=\"wp-block-spacer\"><\/div>\n\n<div class=\"wp-block-image\"><figure class=\"alignleft size-medium\"><img loading=\"lazy\" decoding=\"async\" width=\"243\" height=\"300\" src=\"https:\/\/neocatechumenaleiter.org\/wp-content\/uploads\/2020\/03\/Camino_Neocatecumenal_Juan_Pablo_II_visita_parroquia_San_Hipolito_2984-243x300.jpg\" alt=\"\" class=\"wp-image-1794\" srcset=\"https:\/\/neocatechumenaleiter.org\/wp-content\/uploads\/2020\/03\/Camino_Neocatecumenal_Juan_Pablo_II_visita_parroquia_San_Hipolito_2984-243x300.jpg 243w, https:\/\/neocatechumenaleiter.org\/wp-content\/uploads\/2020\/03\/Camino_Neocatecumenal_Juan_Pablo_II_visita_parroquia_San_Hipolito_2984.jpg 573w\" sizes=\"auto, (max-width: 243px) 100vw, 243px\" \/><\/figure><\/div>\n\n<p><strong>Rooma, 12. veebruar 1984<\/strong><\/p>\n\n<p><em>T\u00e4henduslik oli l\u00f5pu kohtumine Neokatehhumeeniliste Kogudustega, kes palusid Paavstil \u00f5nnistada kolme r\u00e4ndkatehheeti, kes olid lahkumas T\u00fcrki&#8230; Isa Maurilio Beltramo tutvustas Paavstile t\u00e4iskasvanute gruppe, kes on p\u00fchendunud koguduse elule, r\u00f5hutades iga grupi omadustele, r\u00e4\u00e4kides pikemalt just skautide gruppidest&#8230; ja Neokatehhumeenilistest Kogudustest, kes 1973. aastast esindavad kindlat p\u00fcsivat katehhiseerimise ettepanekut t\u00e4iskasvanutele ning kellel oli privileeg saada oma kolmele T\u00fcrgisse minevatele r\u00e4ndkatehheetidele (preester ja abielupaar) Paavsti \u00f5nnistus.<\/em><br \/><br \/><em>Just pidades silmas katehheetide \u00fclesannet, mida nad enda peale v\u00f5tavad tahtes olla p\u00e4rm, mis kergitab kogudust, \u00fctles Paavst:<\/em><\/p>\n\n<p>Ma tahan teid t\u00e4nada selle kohtumise eest, mis l\u00f5petab k\u00fclastuse teie P\u00fcha Hippolytuse kogudusse. Tervitan k\u00f5iki gruppe, nii nagu koguduse preester teid tutvustas. Ma tervitan ning soovin iga\u00fchele, et leiaksite alati rohkem on kristlikku identiteeti, oma karismat. Sest nagu religioossetel perekondadel on oma karisma, n\u00e4iteks Frantsiskaani perekond, Frantsiskaani Perekonna Kaputsiinid, nii ka erinevatel Ilmikute Apostolaadi gruppidel on oma spetsiifiline karisma. Ma soovin teile, et leiaksite alati rohkem seda oma identiteeti ja seda apostellike ilmikute gruppide karismat. See P\u00fcha Hippolytuse kogudus on suur, arvukas. Hulk inimesi, aga ka hulk kristlasi, sest ma arvan, et suur osa selle elanikest on ristitud.&#013;\nJeesus \u00fctles meile, et Kirik, Jumala riik sarnaned leivale: et leiba valmistada on vaja taigna mass, aga on vaja ka p\u00e4rmi.<\/p>\n\n<p>Niisiis, ma olen kindel, et k\u00f5ik need grupid, Karismaatiline, Neokatehhumeeniline, on p\u00e4rm, mis peavad kasvama panema, inimlikult ja kristlikult, koguduse massi. P\u00e4rm peab tungima aina rohkem l\u00e4bi, selleks et mass oleks aina kristlikum; oleks aina teadlikum, et on kristlik, vastutustundlikum oma kristlikust iseloomust, vastutustundlikum oma kristlikust identiteedist. &#013;\nTeie Patroon, P\u00fcha Hippolytus, oli m\u00e4rter. M\u00e4rter t\u00e4hendab tunnistaja. Ja kristlased peavad olema Kristuse, tema Risti, tema \u00dclest\u00f5usmise, tema usu, tema lootuse, tema armastuse tunnistajad.&#013;\nVaat see on p\u00e4rm. Ja see on ilus asi, et see p\u00e4rm tahab suuremaks minna, \u00fcle oma koguduse piiride kuni T\u00fcrgini, nagu te \u00fctlesite, et viia Evangeeliumi kergitus ka mitte kristlastele, natuke j\u00e4releandmatutes kohtades, mis sulgevad ennast evangeelse s\u00f5numi ees. M\u00f5ned teie vennad tahavad sinna minna, et olla nende masside p\u00e4rm, et evangeelne p\u00e4rm j\u00f5uaks kogu inimkonnale, et saada Jumala riigiks. <\/p>\n\n<p>Soovin teile k\u00f5igile, eriti teile Neokatehhumeenilistele, et k\u00e4iksite sellel teel suure r\u00f5\u00f5muga ja suure vastutusega, \u00fcritades alati suurendada ja laiendada Kristuse Meie Issanda ja Lunastaja armastuse ala; laiendada Jumala riigi ala, millel on oma juured selles maailmas, igaviku poole, Isa koja poole; ning soovin teile k\u00f5igile kasvada Jumala riigis, mis samal ajal on meie sees, meie iga\u00fche ja Kristuse s\u00fcdames, ja millel on oma v\u00e4line m\u00f5\u00f5t perekonna m\u00f5\u00f5dus. Teie olete osa Jumala riigist, seej\u00e4rel P\u00fcha Hippolytuse kogudus. Ma soovin teil elada kristlikku r\u00f5\u00f5mu, kristlikku vastutust, usku, lootust, armastust, mis selles maailmas lasevad aimata jumalikku elu.&#013;\n&#013;\n(*) Vrd \u00abL&#8217;Osservatore Romano\u00bb, 13.-14. veebruar 1984.<\/p>\n","protected":false},"excerpt":{"rendered":"<p>Visiit P\u00fcha Hippolytuse kogudusele 12-II-1984 P\u00fcha Johannes Paulus II Rooma, 12. veebruar 1984 T\u00e4henduslik oli l\u00f5pu kohtumine Neokatehhumeeniliste Kogudustega, kes palusid Paavstil \u00f5nnistada kolme r\u00e4ndkatehheeti, kes olid lahkumas T\u00fcrki&#8230; Isa Maurilio Beltramo tutvustas Paavstile t\u00e4iskasvanute gruppe, kes on p\u00fchendunud koguduse elule, r\u00f5hutades iga grupi omadustele, r\u00e4\u00e4kides pikemalt just skautide gruppidest&#8230; ja Neokatehhumeenilistest Kogudustest, kes 1973. aastast esindavad kindlat p\u00fcsivat katehhiseerimise ettepanekut t\u00e4iskasvanutele ning kellel oli privileeg saada oma kolmele T\u00fcrgisse<\/p>\n<div class=\"read-more\"><a class=\"btn read-more-btn\" href=\"https:\/\/neocatechumenaleiter.org\/et\/paavstide-sonad\/puha-johannes-paulus-ii\/visiit-puha-hippolytuse-kogudusele-12-ii-1984\/\">Loe edasi<\/a><\/div>\n","protected":false},"author":2,"featured_media":0,"parent":19903,"menu_order":25,"comment_status":"closed","ping_status":"closed","template":"","meta":{"footnotes":""},"class_list":["post-39985","page","type-page","status-publish","hentry"],"_links":{"self":[{"href":"https:\/\/neocatechumenaleiter.org\/et\/wp-json\/wp\/v2\/pages\/39985","targetHints":{"allow":["GET"]}}],"collection":[{"href":"https:\/\/neocatechumenaleiter.org\/et\/wp-json\/wp\/v2\/pages"}],"about":[{"href":"https:\/\/neocatechumenaleiter.org\/et\/wp-json\/wp\/v2\/types\/page"}],"author":[{"embeddable":true,"href":"https:\/\/neocatechumenaleiter.org\/et\/wp-json\/wp\/v2\/users\/2"}],"replies":[{"embeddable":true,"href":"https:\/\/neocatechumenaleiter.org\/et\/wp-json\/wp\/v2\/comments?post=39985"}],"version-history":[{"count":5,"href":"https:\/\/neocatechumenaleiter.org\/et\/wp-json\/wp\/v2\/pages\/39985\/revisions"}],"predecessor-version":[{"id":47731,"href":"https:\/\/neocatechumenaleiter.org\/et\/wp-json\/wp\/v2\/pages\/39985\/revisions\/47731"}],"up":[{"embeddable":true,"href":"https:\/\/neocatechumenaleiter.org\/et\/wp-json\/wp\/v2\/pages\/19903"}],"wp:attachment":[{"href":"https:\/\/neocatechumenaleiter.org\/et\/wp-json\/wp\/v2\/media?parent=39985"}],"curies":[{"name":"wp","href":"https:\/\/api.w.org\/{rel}","templated":true}]}}