{"id":39992,"date":"2020-03-27T05:00:08","date_gmt":"2020-03-27T04:00:08","guid":{"rendered":"https:\/\/neocatechumenaleiter.org\/paavstide-sonad\/puha-johannes-paulus-ii\/audients-madridi-neoaktehhumeenidele-23-iii-1984\/"},"modified":"2026-03-02T10:41:15","modified_gmt":"2026-03-02T09:41:15","slug":"audients-madridi-neoaktehhumeenidele-23-iii-1984","status":"publish","type":"page","link":"https:\/\/neocatechumenaleiter.org\/et\/paavstide-sonad\/puha-johannes-paulus-ii\/audients-madridi-neoaktehhumeenidele-23-iii-1984\/","title":{"rendered":"Audients Madridi Neoaktehhumeenidele 23-III-1984"},"content":{"rendered":"\n<h1 class=\"has-text-align-center wp-block-heading\">Audients Madridi Neoaktehhumeenidele 23-III-1984<\/h1>\n\n<div style=\"height:20px\" aria-hidden=\"true\" class=\"wp-block-spacer\"><\/div>\n\n<h4 class=\"has-text-align-center wp-block-heading\">P\u00fcha Johannes Paulus II<\/h4>\n\n<div style=\"height:20px\" aria-hidden=\"true\" class=\"wp-block-spacer\"><\/div>\n\n<p><strong>Vatikan &#8211; Konsistooriumi Saal, 23. m\u00e4rts 1984<\/strong><strong>\u00a0*<\/strong><\/p>\n\n<p><em>Paavst v\u00f5ttis t\u00e4na hommikul audientsil vastu nelja Madridi kihelkonna Neokatehhumeeniliste Koguduste liikmeid. Lausunud l\u00fchikese tervitusk\u00f5ne, Paavst, olles t\u00e4nanud hispaania neokatehhumeene k\u00fclastuse eest, \u00abs\u00fcmbol &#8211; ta \u00fctles &#8211; Peetruse j\u00e4rglasele kuuletumisest, kirikliku ustavuse pandina\u00bb, kutsus nad \u00fcles juurutama oma elu J\u00fcngrite poolt saadud ja Kirikuisade poolt \u00f5petatud ususse, et see oleks \u00abvalgus, mis valgustab iga teie sammu teel Isa juurde\u00bb.<\/em><br \/><br \/><em>See on P\u00fcha Isa poolt peetud k\u00f5ne:<\/em><\/p>\n\n<p>Kallid vennad ja \u00f5ed, ma r\u00f5\u00f5mustan, et saan sel hommikul vastu v\u00f5tta teie arvukat gruppi, moodustatud Madridi P\u00fcha Joosepi, P\u00fcha Sebastiani, P\u00fcha Rocco ja Paloma Neitsi Neokatehhumeenilistest Kogudustest.<br \/><br \/>Tervitades teid, tahan seda laiendada ka teie kogudustele, eriti koguduse preestritele, kes on siin kohal, kes on teid palju aidanud elulises kohtumises Jeesus Kristusega.<br \/><br \/>Ma olen t\u00e4nulik selle k\u00fclastuse eest, mida teete esimese Apostli hauale, kuuletumise m\u00e4rk Peetruse J\u00e4rglasele, kirikliku ustavuse pandina, ja mis sisestab ennast usuteel, mida teie l\u00e4bite.<br \/><br \/>Ma tean, et viimasel ajal olete p\u00f6\u00f6ranud erilist t\u00e4helepanu Usu artiklite \u00f5ppimisele, oma vormimise jaoks ning, et aidata teisi kristlasi ja perekondi.<br \/><br \/>Omalt poolt ma julgustan teid <strong>kindlalt <\/strong><strong>juurutama oma elu J\u00fcngritelt saadud ja Kirikuisade poolt \u00f5petatud ususse <\/strong>ning mis peab olema valgus, mis valgustab teie igat sammu teel Isa poole.<\/p>\n\n<div class=\"wp-block-image\"><figure class=\"alignright size-large\"><img loading=\"lazy\" decoding=\"async\" width=\"702\" height=\"558\" src=\"https:\/\/neocatechumenaleiter.org\/wp-content\/uploads\/2020\/03\/Camino_Neocatecumenal_Juan_Pablo_II_audiencia_catecumenos_Madrid_1984.jpg\" alt=\"\" class=\"wp-image-1804\" srcset=\"https:\/\/neocatechumenaleiter.org\/wp-content\/uploads\/2020\/03\/Camino_Neocatecumenal_Juan_Pablo_II_audiencia_catecumenos_Madrid_1984.jpg 702w, https:\/\/neocatechumenaleiter.org\/wp-content\/uploads\/2020\/03\/Camino_Neocatecumenal_Juan_Pablo_II_audiencia_catecumenos_Madrid_1984-300x238.jpg 300w\" sizes=\"auto, (max-width: 702px) 100vw, 702px\" \/><\/figure><\/div>\n\n<p>Ma r\u00f5\u00f5mustan ka, et teie Rooma palver\u00e4nnaku programmis olete plaaninud visiidi ka maarjalikku p\u00fchamusse nagu seda on Loreto, et panna oma olemine Neitsi Maarja, Kristuse ja Kiriku Ema emaliku kaitse alla.<br \/><br \/>Tema, kes olles meie usu Kristuse Ema, oli oma Poja esimene ja parim j\u00e4ljendaja, ta on valgustatud tee, mis viib Kristuse m\u00fcsteeriumi keskpunktini (vrd <em>Marialis cultus<\/em>, 25). Tema oma eeskujuga \u00f5petab meid andma ennast Kirikule, et moodustuks pidevalt inimestes, n\u00fc\u00fcdse maailma vendades, tema Poja kuju. Tema, kes oma elu ja ohverdusega oli kaasatud armastusega Jeesuse teos (vrd <em>Lumen Gentium<\/em>, 60 ss.) tahab j\u00e4tkata \u00f5petades meile iga inimese v\u00e4\u00e4rtust ja s\u00fcgavaid p\u00f5hjuseid, miks neid armastada, eristamata ja tagasi hoidmata. Seep\u00e4rast v\u00f5tke ta vastu t\u00f5elise Emana, \u00d5petlasena, kogu oma elu juhi ja eeskujuna. Et teist j\u00e4\u00e4ks kaugele vajaliku kristoloogilise suuna h\u00e4guseks j\u00e4\u00e4mine teie elus, vaid lihtsustab seda.<br \/><br \/>Nende soovidega julgustan teid teie teekonnal, et \u00fchenduses teie piiskopite ja preestritega, vennalikus osaduses teiste vaimsete ja apostolaadi \u00e4ra tuntud liikumistega, annaksite oma lahket panust Kirikule meie praeguses hetkes.<br \/><br \/>Nii ma palun teie jaoks Issandat ning samal ajal annan teile oma p\u00fcha Apostellikku \u00f5nnistust.<\/p>\n\n<p><em>(*) Vrd \u00abL\u2019Osservatore Romano\u00bb, 24. m\u00e4rts 1984.<\/em><\/p>\n","protected":false},"excerpt":{"rendered":"<p>Audients Madridi Neoaktehhumeenidele 23-III-1984 P\u00fcha Johannes Paulus II Vatikan &#8211; Konsistooriumi Saal, 23. m\u00e4rts 1984\u00a0* Paavst v\u00f5ttis t\u00e4na hommikul audientsil vastu nelja Madridi kihelkonna Neokatehhumeeniliste Koguduste liikmeid. Lausunud l\u00fchikese tervitusk\u00f5ne, Paavst, olles t\u00e4nanud hispaania neokatehhumeene k\u00fclastuse eest, \u00abs\u00fcmbol &#8211; ta \u00fctles &#8211; Peetruse j\u00e4rglasele kuuletumisest, kirikliku ustavuse pandina\u00bb, kutsus nad \u00fcles juurutama oma elu J\u00fcngrite poolt saadud ja Kirikuisade poolt \u00f5petatud ususse, et see oleks \u00abvalgus, mis valgustab iga teie<\/p>\n<div class=\"read-more\"><a class=\"btn read-more-btn\" href=\"https:\/\/neocatechumenaleiter.org\/et\/paavstide-sonad\/puha-johannes-paulus-ii\/audients-madridi-neoaktehhumeenidele-23-iii-1984\/\">Loe edasi<\/a><\/div>\n","protected":false},"author":2,"featured_media":0,"parent":19903,"menu_order":26,"comment_status":"closed","ping_status":"closed","template":"","meta":{"footnotes":""},"class_list":["post-39992","page","type-page","status-publish","hentry"],"_links":{"self":[{"href":"https:\/\/neocatechumenaleiter.org\/et\/wp-json\/wp\/v2\/pages\/39992","targetHints":{"allow":["GET"]}}],"collection":[{"href":"https:\/\/neocatechumenaleiter.org\/et\/wp-json\/wp\/v2\/pages"}],"about":[{"href":"https:\/\/neocatechumenaleiter.org\/et\/wp-json\/wp\/v2\/types\/page"}],"author":[{"embeddable":true,"href":"https:\/\/neocatechumenaleiter.org\/et\/wp-json\/wp\/v2\/users\/2"}],"replies":[{"embeddable":true,"href":"https:\/\/neocatechumenaleiter.org\/et\/wp-json\/wp\/v2\/comments?post=39992"}],"version-history":[{"count":7,"href":"https:\/\/neocatechumenaleiter.org\/et\/wp-json\/wp\/v2\/pages\/39992\/revisions"}],"predecessor-version":[{"id":47729,"href":"https:\/\/neocatechumenaleiter.org\/et\/wp-json\/wp\/v2\/pages\/39992\/revisions\/47729"}],"up":[{"embeddable":true,"href":"https:\/\/neocatechumenaleiter.org\/et\/wp-json\/wp\/v2\/pages\/19903"}],"wp:attachment":[{"href":"https:\/\/neocatechumenaleiter.org\/et\/wp-json\/wp\/v2\/media?parent=39992"}],"curies":[{"name":"wp","href":"https:\/\/api.w.org\/{rel}","templated":true}]}}