{"id":40001,"date":"2020-03-27T05:19:03","date_gmt":"2020-03-27T04:19:03","guid":{"rendered":"https:\/\/neocatechumenaleiter.org\/paavstide-sonad\/puha-johannes-paulus-ii\/audients-randkatehhistidele-peale-kahekaupa-evangeliseerimist-kogu-maailmas-25-ix-1984\/"},"modified":"2026-03-02T10:40:16","modified_gmt":"2026-03-02T09:40:16","slug":"audients-randkatehhistidele-peale-kahekaupa-evangeliseerimist-kogu-maailmas-25-ix-1984","status":"publish","type":"page","link":"https:\/\/neocatechumenaleiter.org\/et\/paavstide-sonad\/puha-johannes-paulus-ii\/audients-randkatehhistidele-peale-kahekaupa-evangeliseerimist-kogu-maailmas-25-ix-1984\/","title":{"rendered":"Audients R\u00e4ndkatehheetidele peale kahekaupa Evangeliseerimist kogu maailmas 25-IX-1984"},"content":{"rendered":"\n<h1 class=\"has-text-align-center wp-block-heading\">Audients R\u00e4ndkatehheetidele peale kahekaupa Evangeliseerimist kogu maailmas 25-IX-1984<\/h1>\n\n<div style=\"height:20px\" aria-hidden=\"true\" class=\"wp-block-spacer\"><\/div>\n\n<h4 class=\"has-text-align-center wp-block-heading\">P\u00fcha Johannes Paulus II<\/h4>\n\n<div style=\"height:20px\" aria-hidden=\"true\" class=\"wp-block-spacer\"><\/div>\n\n<div class=\"wp-block-image\"><figure class=\"alignleft size-large\"><img loading=\"lazy\" decoding=\"async\" width=\"277\" height=\"420\" src=\"https:\/\/neocatechumenaleiter.org\/wp-content\/uploads\/2020\/03\/Camino_Neocatecumenal_Juan_Pablo_II_audiencia_itinerantes_1984.jpg\" alt=\"\" class=\"wp-image-1832\" srcset=\"https:\/\/neocatechumenaleiter.org\/wp-content\/uploads\/2020\/03\/Camino_Neocatecumenal_Juan_Pablo_II_audiencia_itinerantes_1984.jpg 277w, https:\/\/neocatechumenaleiter.org\/wp-content\/uploads\/2020\/03\/Camino_Neocatecumenal_Juan_Pablo_II_audiencia_itinerantes_1984-198x300.jpg 198w\" sizes=\"auto, (max-width: 277px) 100vw, 277px\" \/><\/figure><\/div>\n\n<p><strong>Castel Gandolfo, 25. september 1984<\/strong><\/p>\n\n<p>\u00abJEESUS KRISTUS ON R\u00c4NDAJA \u00dcHES TEIEGA, ET MINNA TEISTE POOLE\u00bb<br \/><br \/><em>Castel Gandolfo Paavstipalee \u00f5u muutus eile \u00f5htul, Paavsti kohtumise ajal Neokatehhumeeniliste Koguduste r\u00e4ndkatehheetidega, presb\u00fcteeriumiks. Seal oli tool, ristim\u00e4rk rippumas v\u00e4rskelt v\u00e4rvitud seinal, k\u00f5nepult Evangeeliumite raamatuga, Rist, Neitsi ikoon. Ning siis vaibad ja lilled: erinevaid v\u00e4rve gladioole, mis andsid kohale sakraalsuse palvete, laulude ja vaikuse vahel.<\/em><br \/><br \/><em>Eilse \u00f5htu kohtumine oli viimane P\u00fcha Isaga, enne t\u00e4nast tagasitulekut Vatikani, see oli veel kord palve, S\u00f5na kuulutamise, kuulamise, m\u00f5tisklemise, ettepaneku kohtumine.<\/em><br \/><br \/><em>Kiko Arg\u00fcello, Neokatehhumeenilise Tee algataja koos Carmen Hern\u00e1ndeziga, tutvustas rahulikel ja m\u00f5nikord tulistel toonidel, viimast kohtumisel osalejate r\u00e4ndamise kogemust. Kaks n\u00e4dalat kahekaupa, need \u00abviimased\u00bb, need \u00abRiigi lapsed\u00bb &#8211; ta \u00fctles P\u00fcha Isa poole p\u00f6\u00f6rdudes &#8211; l\u00e4ksid k\u00fclastama maailma Riike &#8211; mitte milletagi, kui mitte vaese ja risti l\u00f6\u00f6dud Kristusega &#8211; peatudes kuulutama \u00abhead uudist\u00bb vaestele, k\u00f5rvale j\u00e4etutele, suurte metropolide nagu Aafrika ja Aasia kaugemate maade koguduse preestritele, et kuulutada usuga, et Jeesus Kristus on Issand ja inimese Lunastaja.<\/em><\/p>\n\n<p><em>Kiko jutustas Paavstile seda koguduslikku r\u00e4ndamise kogemust, sarnane j\u00fcngrite Evangeeliumi omale, kes olles kuulutanud Riigi tulekut, naasid rahus koju ja kogesid Issanda kohaloleku tugevust. Erinevates Euroopa, P\u00f5hja-, Kesk- ja L\u00f5una-Ameerika, Aafrika, Aasia ja Okeaania Riikides (Neokatehhumeeniliste Koguduste algataja andis P\u00fcha Isale ka detailse ettekujutuse sellest evangeliseerimisest l\u00e4bi r\u00e4ndamise kogemuse) need uued hea uudise s\u00f5numitoojad kannatasid ja r\u00f5\u00f5mustasid Evangeeliumi p\u00e4rast.<\/em><\/p>\n\n<p><em>Rooma paar, noor seminarist Barcelonast, itaallanna, poolakas, hispaanlane ja noor itaalia preester, jutustasid\u00a0 kohalolijate osav\u00f5tmise ja liigutamisega, oma \u00abr\u00e4ndamise kogemust\u00bb. See oli l\u00f5puks avalik \u00fclestunnistus imedest, mida Jumal teeb oma \u00abustavate\u00bb kaudu, kes sukelduvad maailmasse, et raputada teda religioossest uinumisest ja \u00fcksk\u00f5iksusest.<\/em><\/p>\n\n<div class=\"wp-block-image\"><figure class=\"alignright size-large\"><img loading=\"lazy\" decoding=\"async\" width=\"710\" height=\"564\" src=\"https:\/\/neocatechumenaleiter.org\/wp-content\/uploads\/2020\/03\/Camino_Neocatecumenal_Juan_Pablo_II_audiencia_itinerantes_19842.jpg\" alt=\"\" class=\"wp-image-1839\" srcset=\"https:\/\/neocatechumenaleiter.org\/wp-content\/uploads\/2020\/03\/Camino_Neocatecumenal_Juan_Pablo_II_audiencia_itinerantes_19842.jpg 710w, https:\/\/neocatechumenaleiter.org\/wp-content\/uploads\/2020\/03\/Camino_Neocatecumenal_Juan_Pablo_II_audiencia_itinerantes_19842-300x238.jpg 300w\" sizes=\"auto, (max-width: 710px) 100vw, 710px\" \/><\/figure><\/div>\n\n<p><em>Suurest New Yorgi metropolist Brasiilia <\/em>Favela<em>&#8217;deni, Kuuba saarest Hiinani, Itaaliast Skandinaaviani: need oli meie aja evangeelse jutustuse sihtkohad, elatud ja tunnistatud usu ja armastuse j\u00f5uga. \u00abNad pidasid meid ka narkomaanideks &#8211;<\/em> kinnitas noor poolakas oma kogemust jutustades &#8211; <em>aga, siis nad said aru, et meil oli kristlik s\u00f5num, mida k\u00f5ikidele anda, austuse ja armastusega<\/em>\u00bb.\u00a0<em>Jutustus-tunnistus laskus ka\u00a0 m\u00f5ndadesse detailidesse, mis ilmutasid Jumala j\u00f5udu, mis juhib neid, kes ennast tema hoolde annavad siira s\u00fcdamega.<\/em><\/p>\n\n<p><em>J\u00e4rgnevalt toome v\u00e4lja, mida Paavst \u00fctles:<\/em><\/p>\n\n<p>&#8230;Nii, ma \u00fctlen teile \u00fchte v\u00f5i kahte v\u00f5i \u00e4kki kolm j\u00e4reldust&#8230; vaatame. Esimene on see, et teie j\u00e4reldustes, teie jutustustes, ma kuulsin Kristuse j\u00fcngrite, kes annavad ennast t\u00e4ielikult Issanda hoolde, autentilist vaimu. \u00d5eldakse \u00abr\u00e4ndajad\u00bb ja Teie olete r\u00e4ndajad, aga see r\u00e4ndamine t\u00e4hendab, et Jeesus teeb oma teed teie sees eelk\u00f5ige ja siis teeb oma teed teiega teiste poole. Et te olete r\u00e4ndajad on juba teisej\u00e4rguline. Peamine asi on, et Tema on r\u00e4ndaja. Ta tahab olla r\u00e4ndav. Ta tahab olla kohal mitte ainult Kirikus, vaid ka r\u00e4ndavas Kirikus. Kirik peab olema r\u00e4ndav ning alati k\u00f5ndima; see pole ainult juba korda pandud, organiseeritud, struktureeritud Kirik, vaid Kirik, mis on teel inimeste poole, koguduste poole, rahvaste poole, usklike poole, mitte usklike poole; need jaotamised, need eristamised on Kristuse jaoks olemas erinevalt kui meil; see on esimene j\u00e4reldus.<\/p>\n\n<p>Siis see t\u00f5esti evangeelne usaldus iseloomustab teie r\u00e4ndamist: \u00e4ra v\u00f5ta midagi kaasa, \u00e4ra oma midagi, \u00e4ra usalda iseennast, vaid panna oma t\u00e4ielik usaldus Ettehooldusesse ning k\u00f5igesse, mida Issand teeb. Ja veel, teine omadus on alandlikkus: <em>\u00ab<\/em>Issand on mind p\u00e4\u00e4stnud, on mind toonud v\u00e4lja minu pattudest, minu uskmatusest ning siis sain ma elada suurt armu, ma sain Issandalt j\u00f5udu. Ma elasin isiklikult seda Issanda j\u00f5udu ja tema v\u00f5imu ning n\u00fc\u00fcd ma pean k\u00f5ndima kuulutades seda v\u00f5imu, veelgi enam, edasi andes seda tema v\u00f5imu teistele<em>\u00bb.\u00a0<\/em>Issand on v\u00f5imas &#8211; kinnitas k\u00f5val h\u00e4\u00e4lel P\u00fcha Isa -. Ja teie usaldate Issanda v\u00f5imu ning tahate kogeda seda v\u00f5imu iseendas ja ka teistes. Issand on v\u00f5imas oma surmas ja oma \u00fclest\u00f5usmises, v\u00f5imas oma armus, v\u00f5imas P\u00fchas Vaimus.<\/p>\n\n<p><em>Seej\u00e4rel viimane j\u00e4reldus oleks see, et mina, saades Rooma piiskopiks ja Paavstiks, selles r\u00e4ndajate ajastul, pidin ise ka muutuma natuke r\u00e4ndavaks. Seal on paralleelsus, kokkusattumus. Aga, pean \u00fctlema, et need teed, mida mina k\u00e4in on palju leebemad. Jah, on t\u00f5si, et meilt palutakse palju ning \u00fche p\u00e4eva programm on juba piisavalt n\u00f5udlik, aga peale selle ei minda jalgsi, vaid minnakse \u201cAlitalia\u201d v\u00f5i \u201cAir Canadaga\u201d, siis paavsti autoga, niisiis, ma ei tea, ma arvan, et sellist r\u00e4ndamist teie ei saa aktsepteerida.<\/em><br \/><br \/>&#8230; <em>Nii, ma k\u00fcsin endalt: kas ma ei saa muud teha? Kogu alandlikkusega tunnistan seda teie ees, et ma ei saa muud teha. Nii ma \u00fctlen teile, et te lubaksite Paavstil olla r\u00e4ndav nagu ta on ning teie olge r\u00e4ndavad nagu teiec olete.<\/em><br \/><br \/>&#8230; <em>Niisiis laulame! &#8230;Peate midagi laulma: seda, mida te k\u00f5ikjal laulate ning mille l\u00e4bi tunnetakse \u00e4ra, et olete Neokatehhumeenilised &#8220;\u00d5nnistatud Maarja, kes sa uskusid&#8221;.<\/em><br \/><br \/>\u00a0<br \/><br \/><em>(*) Vrd \u00abL&#8217;Osservatore Romano\u00bb, 27. september 1984.<\/em><\/p>\n","protected":false},"excerpt":{"rendered":"<p>Audients R\u00e4ndkatehheetidele peale kahekaupa Evangeliseerimist kogu maailmas 25-IX-1984 P\u00fcha Johannes Paulus II Castel Gandolfo, 25. september 1984 \u00abJEESUS KRISTUS ON R\u00c4NDAJA \u00dcHES TEIEGA, ET MINNA TEISTE POOLE\u00bb Castel Gandolfo Paavstipalee \u00f5u muutus eile \u00f5htul, Paavsti kohtumise ajal Neokatehhumeeniliste Koguduste r\u00e4ndkatehheetidega, presb\u00fcteeriumiks. Seal oli tool, ristim\u00e4rk rippumas v\u00e4rskelt v\u00e4rvitud seinal, k\u00f5nepult Evangeeliumite raamatuga, Rist, Neitsi ikoon. Ning siis vaibad ja lilled: erinevaid v\u00e4rve gladioole, mis andsid kohale sakraalsuse palvete, laulude ja<\/p>\n<div class=\"read-more\"><a class=\"btn read-more-btn\" href=\"https:\/\/neocatechumenaleiter.org\/et\/paavstide-sonad\/puha-johannes-paulus-ii\/audients-randkatehhistidele-peale-kahekaupa-evangeliseerimist-kogu-maailmas-25-ix-1984\/\">Loe edasi<\/a><\/div>\n","protected":false},"author":2,"featured_media":0,"parent":19903,"menu_order":28,"comment_status":"closed","ping_status":"closed","template":"","meta":{"footnotes":""},"class_list":["post-40001","page","type-page","status-publish","hentry"],"_links":{"self":[{"href":"https:\/\/neocatechumenaleiter.org\/et\/wp-json\/wp\/v2\/pages\/40001","targetHints":{"allow":["GET"]}}],"collection":[{"href":"https:\/\/neocatechumenaleiter.org\/et\/wp-json\/wp\/v2\/pages"}],"about":[{"href":"https:\/\/neocatechumenaleiter.org\/et\/wp-json\/wp\/v2\/types\/page"}],"author":[{"embeddable":true,"href":"https:\/\/neocatechumenaleiter.org\/et\/wp-json\/wp\/v2\/users\/2"}],"replies":[{"embeddable":true,"href":"https:\/\/neocatechumenaleiter.org\/et\/wp-json\/wp\/v2\/comments?post=40001"}],"version-history":[{"count":9,"href":"https:\/\/neocatechumenaleiter.org\/et\/wp-json\/wp\/v2\/pages\/40001\/revisions"}],"predecessor-version":[{"id":47725,"href":"https:\/\/neocatechumenaleiter.org\/et\/wp-json\/wp\/v2\/pages\/40001\/revisions\/47725"}],"up":[{"embeddable":true,"href":"https:\/\/neocatechumenaleiter.org\/et\/wp-json\/wp\/v2\/pages\/19903"}],"wp:attachment":[{"href":"https:\/\/neocatechumenaleiter.org\/et\/wp-json\/wp\/v2\/media?parent=40001"}],"curies":[{"name":"wp","href":"https:\/\/api.w.org\/{rel}","templated":true}]}}